{"id":671,"date":"2025-06-29T17:43:42","date_gmt":"2025-06-29T17:43:42","guid":{"rendered":"http:\/\/alessandrofois.com\/mio-account\/"},"modified":"2025-07-11T08:41:25","modified_gmt":"2025-07-11T08:41:25","slug":"mon-compte-2","status":"publish","type":"page","link":"http:\/\/alessandrofois.com\/fr\/mio-account\/","title":{"rendered":"Mon compte"},"content":{"rendered":"<h1>Mon compte \u2013 Tableau de bord<\/h1>\n<p><strong>\u00c0 partir de cette page, vous pouvez vous connecter et vous d\u00e9connecter, r\u00e9initialiser votre mot de passe, v\u00e9rifier les d\u00e9tails de votre compte, consulter vos commandes et t\u00e9l\u00e9charger tous les produits virtuels que vous avez achet\u00e9s.<\/strong><\/p>\n<hr \/>\n<div class=\"woocommerce\"><\/div>","protected":false},"excerpt":{"rendered":"","protected":false},"author":1,"featured_media":0,"parent":0,"menu_order":0,"comment_status":"closed","ping_status":"closed","template":"","meta":{"footnotes":""},"class_list":["post-671","page","type-page","status-publish","hentry"],"post_mailing_queue_ids":[],"_links":{"self":[{"href":"http:\/\/alessandrofois.com\/fr\/wp-json\/wp\/v2\/pages\/671","targetHints":{"allow":["GET"]}}],"collection":[{"href":"http:\/\/alessandrofois.com\/fr\/wp-json\/wp\/v2\/pages"}],"about":[{"href":"http:\/\/alessandrofois.com\/fr\/wp-json\/wp\/v2\/types\/page"}],"author":[{"embeddable":true,"href":"http:\/\/alessandrofois.com\/fr\/wp-json\/wp\/v2\/users\/1"}],"replies":[{"embeddable":true,"href":"http:\/\/alessandrofois.com\/fr\/wp-json\/wp\/v2\/comments?post=671"}],"version-history":[{"count":0,"href":"http:\/\/alessandrofois.com\/fr\/wp-json\/wp\/v2\/pages\/671\/revisions"}],"wp:attachment":[{"href":"http:\/\/alessandrofois.com\/fr\/wp-json\/wp\/v2\/media?parent=671"}],"curies":[{"name":"wp","href":"https:\/\/api.w.org\/{rel}","templated":true}]}}