{"id":1214,"date":"2019-09-23T09:24:56","date_gmt":"2019-09-23T09:24:56","guid":{"rendered":"http:\/\/alessandrofois.com\/prodotto\/manuale-di-audio-mastering-digitale\/"},"modified":"2025-12-11T10:07:35","modified_gmt":"2025-12-11T10:07:35","slug":"manuale-di-audio-mastering-digitale","status":"publish","type":"product","link":"https:\/\/alessandrofois.com\/de\/prodotto\/manuale-di-audio-mastering-digitale\/","title":{"rendered":"Manuale di Audio Mastering"},"content":{"rendered":"<div class=\"flex_column av_two_third flex_column_div av-zero-column-padding avia-builder-el-3 el_after_av_one_third el_before_av_one_third\">\n<section class=\"av_textblock_section\">\n<div>\n<p><strong> <br class=\"avia-permanent-lb\" \/>Collana \u201cAudio Engineering \u2013 Manuali Audio per il Fonico\u201d<br \/>\nVolume 4<\/strong><\/p>\n<ul>\n<li>n. 178 pagine totali (Formato circa A4 &#8211; Font Avenir Book 11 &#8211; Interlinea 1)<\/li>\n<li>n. 3 pagine di indice articolato su 3 livelli (per trovare ogni argomento rapidamente)<\/li>\n<li>n. 13 capitoli<\/li>\n<li>n. 65 immagini<\/li>\n<\/ul>\n<\/div>\n<div>\n<p><strong>NOTE ALLA 4\u00b0 EDIZIONE 2022<\/strong><\/p>\n<ul>\n<li>modernizzazione dei processi, anche in conseguenza delle nuove risorse software a disposizione<\/li>\n<li>migliorata l\u2019intera sezione facente capo alla dinamica e alla finalizzazione<\/li>\n<li>migliorata la logica espositiva, distinguendo meglio le parti preliminari e teoriche da quelle pi\u00f9 strettamente operative<\/li>\n<li>appianate alcune tortuosit\u00e0 espressive<\/li>\n<li>inserimento di un maggior numero di immagini e schemi esplicativi<\/li>\n<li>revisioni della veste grafica e della copertina<\/li>\n<li>perfezionata la corrige<\/li>\n<\/ul>\n<h3><i>Prefazione<\/i><\/h3>\n<p><em>Contrariamente al mixing, che richiede di essere un po\u2019 tecnici e un po\u2019 artisti, nel mastering gli ambiti tecnici prevalgono, ma tuttavia la sapienza \u201cartigiana\u201d del fonico avr\u00e0 un grande peso sul risultato finale.<\/em><\/p>\n<p><em>Per far ci\u00f2, il fonico di mastering dovr\u00e0 valorizzare il lavoro del mix-maker, affinch\u00e9 il prodotto sonoro suoni perfettamente, limpidamente, energicamente e grandiosamente.<\/em><\/p>\n<p><em>Pertanto dovr\u00e0 affinare le sue armi, al fine di eliminare ogni patina tonale confusa e valorizzare le dinamiche, facendo emergere la luminosit\u00e0 e la profondit\u00e0 del suono, a beneficio della migliore fruizione della musica.<\/em><\/p>\n<p><em>Congiuntamente, il suo scopo sar\u00e0 quello di rilasciare dei prodotti ben calibrati, precisi e conformi agli standard, offrendo le versioni di massima fruibilit\u00e0 per l\u2019industria discografica, lo spettacolo, il broadcasting e il cinema.<\/em><\/p>\n<p><strong><i>L\u2019 Autore<\/i><\/strong><\/p>\n<h2>Indice del Manuale<\/h2>\n<p><strong>PRELIMINARI DEL MASTERING 9<\/strong><br \/>\nItb e Otb 9<br \/>\nFinalit\u00e0 del Mastering 9<br \/>\nChe cosa occorre 11<br \/>\nAnalogico e Digitale 13<br \/>\nAnalisi del mix 13<br \/>\nDiario di Bordo 13<br \/>\nAnalisi dinamica 15<br \/>\nImpressioni in ascolto 17<br \/>\nCompatibilit\u00e0 stereo-mono 17<br \/>\nVerifica tonale 18<br \/>\nVerifica dinamica 20<br \/>\nRevisione del mix 21<br \/>\nCreazione e parametri di una sessione 21<br \/>\nLe risorse del computer 24<br \/>\nAltre specifiche 25<br \/>\nComparazioni 27<br \/>\nMastering \u201con board\u201d 27<br \/>\nSound levels 29<br \/>\n<strong>EDITING 31<\/strong><br \/>\nCutting, silencing, fading 32<br \/>\nStart Cutting 32<br \/>\nStart Silencing 32<br \/>\nStart Fading 33<br \/>\nEnd cutting, silence, fading 33<br \/>\nMiddle cutting, insert 34<br \/>\n<strong>STEMS 36<\/strong><br \/>\nStem Mastering 37<br \/>\nAddizione e sottrazione 37<br \/>\nQuali stems 38<br \/>\nCome esportare correttamente gli stems 40<br \/>\n<strong>DINAMICA E LOUDNESS 42<\/strong><br \/>\nDinamica 42<br \/>\nL\u2019ascolto 44<br \/>\nDinamica naturale 46<br \/>\nDinamica in registrazione 47<br \/>\nLoudness war 48<br \/>\nConseguenze sull\u2019audio 50<br \/>\nLufs 53<br \/>\nLa rivoluzione dello streaming 54<br \/>\nLoudness di riferimento 56<br \/>\nTrue Peak level 57<br \/>\nI nuovi standards 58<br \/>\n<strong>LA SESSIONE DI LAVORO NEL MASTERING 61<\/strong><br \/>\nImportare mix e stems 61<br \/>\nLa catena audio 64<br \/>\nProcessori di controllo 65<br \/>\nCostruire un template 71<br \/>\n<strong>MS MASTERING 72<\/strong><br \/>\nLa catena MS 72<br \/>\nL-R to M\/S encoding 72<br \/>\nM\/S Processing 73<br \/>\nM\/S to L\/R decoding 74<br \/>\nCome impostare la matrice \u00a0M\/S sulla Daw 74<br \/>\nOperazioni di mastering con la matrice M\/S 77<br \/>\nConclusione 78<br \/>\n<strong>FASATURA E IMMAGINE STEREO 80<\/strong><br \/>\nCorrelazione di fase 80<br \/>\nRisoluzione dei problemi di fase del mix 82<br \/>\nImmagine stereo 84<br \/>\nSimmetria 85<br \/>\nAmpiezza 85<br \/>\nCenter leveling 86<br \/>\n<strong>NOISE REDUCTION 88<\/strong><br \/>\nClick 89<br \/>\nCrackle 90<br \/>\nHiss 90<br \/>\nHum 92<br \/>\nTraffic noise, wind noise e feedback 95<br \/>\nConclusione 95<br \/>\n<strong>CORREZIONE TONALE 96<\/strong><br \/>\nPercezione acustica 96<br \/>\nHPF e LPF 98<br \/>\nChe cosa occorre 99<br \/>\nSquilibri generali 99<br \/>\nOperiamo con l\u2019eq 100<br \/>\nEqualizzazione statica 100<br \/>\nEqualizzazione dinamica 104<br \/>\nEquilibrare i bassi 105<br \/>\nAnalizzatore di spettro 106<br \/>\nTest del mix medioso 110<br \/>\nSquilibri tonali in singole sorgenti 112<br \/>\nEqualizzatori colorati 113<br \/>\nAutomazioni 114<br \/>\nQualit\u00e0 114<br \/>\n<strong>CORREZIONE DINAMICA 115<\/strong><br \/>\nTrattamento dei picchi anomali 116<br \/>\nRegolazione dei transienti 120<br \/>\nDe-essing 124<br \/>\nCompressione levigante 126<br \/>\nCompressione livellante 129<br \/>\nEffetti del limiting 129<br \/>\nEffetti della compressione livellante 130<br \/>\nRischi del processo dinamico 132<br \/>\nMix troppo compresso 132<br \/>\nComparazione e correzioni 134<br \/>\n<strong>CORREZIONE AMBIENTALE 136<\/strong><br \/>\nAmbientare il suono 136<br \/>\nAumentare la corposit\u00e0 137<br \/>\nBassi aguzzi 137<br \/>\nMix schiacciato 138<br \/>\nAmpiezza e profondit\u00e0 138<br \/>\nInstallazione degli effetti 139<br \/>\nMix troppo riverberato 139<br \/>\n<strong>ALTRI PROCESSI 140<\/strong><br \/>\nEnhancement 140<br \/>\nExciter 140<br \/>\nAnalog Tape Saturator 141<br \/>\nInflator 142<br \/>\n<strong>FINALIZZAZIONE 145<\/strong><br \/>\nOttimizzazione dei bassi 145<br \/>\nMassimizzazione dei bassi per i piccoli diffusori audio 146<br \/>\nCompressione selettiva dei bassi 150<br \/>\nEqualizzazione cosmetica 152<br \/>\nVerifica del loudness 152<br \/>\nLimiter finalizzatore 152<br \/>\nOversampling 154<br \/>\nAlgorithm selector 154<br \/>\nLookahead 156<br \/>\nAttack e Release 156<br \/>\nChannel link 159<br \/>\nCeiling &#8211; Output 160<br \/>\nTrue Peak 160<br \/>\nLUFS Meters 162<br \/>\nGain 164<br \/>\nAscolto e comparazione 166<br \/>\nDithering e Noise Shaping 167<br \/>\nMastering per il vinile 168<br \/>\nEsportazione 170<br \/>\nDuplicazione su Audio Cd 172<br \/>\nCodifica del CD 174<br \/>\nMastering automatico 174<br \/>\nAvvertenza sul Monitoring 176<\/p>\n<p>&nbsp;<\/p>\n<\/div>\n<\/section>\n<\/div>","protected":false},"excerpt":{"rendered":"<p><strong>Manuale cartaceo completo dedicato al Mastering Audio. <\/strong><br \/>\n<strong>Disponibile direttamente dal sito dell\u2019autore con un prezzo vantaggioso rispetto ad altre piattaforme. <\/strong><br \/>\n<strong>All\u2019interno troverai anche un buono omaggio per ricevere il Glossario del Tecnico del Suono.<\/strong><\/p>","protected":false},"featured_media":1215,"comment_status":"open","ping_status":"closed","template":"","meta":[],"product_brand":[],"product_cat":[69,70],"product_tag":[],"class_list":{"0":"post-1214","1":"product","2":"type-product","3":"status-publish","4":"has-post-thumbnail","6":"product_cat-libri","7":"product_cat-libri-e-manuali-di-audio","9":"first","10":"instock","11":"sale","12":"purchasable","13":"product-type-simple"},"post_mailing_queue_ids":[],"_links":{"self":[{"href":"https:\/\/alessandrofois.com\/de\/wp-json\/wp\/v2\/product\/1214","targetHints":{"allow":["GET"]}}],"collection":[{"href":"https:\/\/alessandrofois.com\/de\/wp-json\/wp\/v2\/product"}],"about":[{"href":"https:\/\/alessandrofois.com\/de\/wp-json\/wp\/v2\/types\/product"}],"replies":[{"embeddable":true,"href":"https:\/\/alessandrofois.com\/de\/wp-json\/wp\/v2\/comments?post=1214"}],"wp:featuredmedia":[{"embeddable":true,"href":"https:\/\/alessandrofois.com\/de\/wp-json\/wp\/v2\/media\/1215"}],"wp:attachment":[{"href":"https:\/\/alessandrofois.com\/de\/wp-json\/wp\/v2\/media?parent=1214"}],"wp:term":[{"taxonomy":"product_brand","embeddable":true,"href":"https:\/\/alessandrofois.com\/de\/wp-json\/wp\/v2\/product_brand?post=1214"},{"taxonomy":"product_cat","embeddable":true,"href":"https:\/\/alessandrofois.com\/de\/wp-json\/wp\/v2\/product_cat?post=1214"},{"taxonomy":"product_tag","embeddable":true,"href":"https:\/\/alessandrofois.com\/de\/wp-json\/wp\/v2\/product_tag?post=1214"}],"curies":[{"name":"wp","href":"https:\/\/api.w.org\/{rel}","templated":true}]}}