{"id":7646,"date":"2024-07-14T14:58:24","date_gmt":"2024-07-14T14:58:24","guid":{"rendered":"http:\/\/alessandrofois.com\/prodotto\/guida-ai-capolavori-della-musica-classica-dal-medioevo-ai-giorni-nostri-le-100-opere-da-ascoltare-assolutamente\/"},"modified":"2025-12-11T10:14:18","modified_gmt":"2025-12-11T10:14:18","slug":"guida-ai-capolavori-della-musica-classica-dal-medioevo-ai-giorni-nostri-le-100-opere-da-ascoltare-assolutamente","status":"publish","type":"product","link":"https:\/\/alessandrofois.com\/de\/prodotto\/guida-ai-capolavori-della-musica-classica-dal-medioevo-ai-giorni-nostri-le-100-opere-da-ascoltare-assolutamente\/","title":{"rendered":"Guida ai Capolavori della Musica Classica dal Medioevo ai giorni nostri"},"content":{"rendered":"<p>&nbsp;<\/p>\n<h3><b>Alessandro Fois<\/b><\/h3>\n<h2><b>Guida ai Capolavori della Musica Classica <\/b>Dal Medioevo ai giorni nostri<\/h2>\n<h2><span style=\"color: #999999;\"><b>Le 100 opere da ascoltare assolutamente<\/b><\/span><\/h2>\n<p>***<\/p>\n<p><strong>Scopri le 100 opere imprescindibili che hanno segnato la storia della musica classica. Questa guida ti accompagner\u00e0 in un viaggio emozionante dal Medioevo ai giorni nostri, offrendoti:<\/strong><\/p>\n<h3>CONSIGLI DISCOGRAFICI<\/h3>\n<p>Trova le migliori registrazioni disponibili, con dettagliate raccomandazioni per un&#8217;esperienza di ascolto ottimale.<\/p>\n<h3>NOTE TECNICHE E STILISTICHE<\/h3>\n<p>Scopri le peculiarit\u00e0 tecniche e artistiche che rendono ogni opera un capolavoro unico.<\/p>\n<h3>ANALISI STORICHE<\/h3>\n<p>Approfondisci il contesto in cui sono nate le grandi opere, comprendendo meglio le influenze e le innovazioni di ogni periodo.<\/p>\n<h3>BIOGRAFIE DEI COMPOSITORI<\/h3>\n<p>Conosci le biografie e le opere dei geni della musica classica, dalle loro ispirazioni alle loro eredit\u00e0 immortali.<\/p>\n<p><strong>Con questo manuale, avrai a disposizione una risorsa indispensabile per esplorare, comprendere e apprezzare la musica classica in tutte le sue forme. Che tu sia un appassionato esperto o un neofita curioso, troverai in queste pagine un compagno prezioso per il tuo viaggio musicale.<\/strong><\/p>\n<h2>***<\/h2>\n<h2>Piano dell&#8217;Opera &#8211; Indice<\/h2>\n<p style=\"padding-left: 80px;\"><em>Prefazione<\/em><br \/>\n<em>Messaggio dell\u2019Autore<\/em><br \/>\n<em>Note introduttive<\/em><br \/>\n<em>Indice<\/em><\/p>\n<h3>Medioevo<\/h3>\n<p>01 Messe de Nostre Dame (Guillaume de Machaut)<br \/>\n02 Ordo Virtutum (Hildegard von Bingen)<br \/>\n03 Carmina Burana (Anonimo)<br \/>\n04 Cantigas de Santa Maria (Alfonso X)<br \/>\n05 Llibre Vermell de Montserrat Libro Rosso di Montserrat (Anonimo)<\/p>\n<h3>Rinascimento<\/h3>\n<p>06 L\u2019Orfeo (Claudio Monteverdi)<br \/>\n07 Missa Papae Marcelli Messa di Papa Marcello (Giovanni Pierluigi da Palestrina)<br \/>\n08 Chansons (Josquin des Prez)<br \/>\n09 Missa Hercules Dux Ferrariae (Josquin des Prez)<br \/>\n10 In ecclesiis (Giovanni Gabrieli)<br \/>\n11 Il quinto libro di madrigali (Claudio Monteverdi)<br \/>\n12 Madrigali (Carlo Gesualdo)<br \/>\n13 Canzoni da sonare (Giovanni Gabrieli)<br \/>\n14 Messe de Haulte Taupe (Josquin des Prez)<br \/>\n15 Toccata e Fuga (Girolamo Frescobaldi)<\/p>\n<h3>Barocco<\/h3>\n<p>16 Brandenburg Concertos Concerti brandeburghesi (Johann Sebastian Bach)<br \/>\n17 Le quattro stagioni (Antonio Vivaldi)<br \/>\n18 Messiah Il Messia (George Frideric Handel)<br \/>\n19 Musikalisches Opfer L\u2019offerta musicale (Johann Sebastian Bach)<br \/>\n20 L\u2019arte della fuga (Johann Sebastian Bach)<br \/>\n21 Cello Suites Suite per violoncello (Johann Sebastian Bach)<br \/>\n22 Orfeo ed Euridice (Christoph Willibald Gluck)<br \/>\n23 Dido and Aeneas (Henry Purcell)<br \/>\n24 Stabat Mater (Giovanni Battista Pergolesi)<br \/>\n25 Tafelmusik (Georg Philipp Telemann)<br \/>\n26 Sonate da chiesa (Arcangelo Corelli)<br \/>\n27 Les Indes galantes (Jean-Philippe Rameau)<\/p>\n<h3>Classico<\/h3>\n<p>28 Sinfonia No. 6 in Fa maggiore Pastorale (Ludwig van Beethoven)<br \/>\n29 Sinfonia No. 5 in Do minore (Ludwig van Beethoven)<br \/>\n30 Sinfonia No. 40 in Sol minore (Wolfgang Amadeus Mozart)<br \/>\n31 Sinfonia No. 41 in Do maggiore Jupiter (Wolfgang Amadeus Mozart)<br \/>\n32 Sinfonia No. 94 in Sol maggiore Sorpresa (Joseph Haydn)<br \/>\n33 Eine kleine Nachtmusik Piccola serenata notturna (Wolfgang Amadeus Mozart)<br \/>\n34 Concerto per pianoforte No. 5 in Mi bemolle magg. Imperatore (Ludwig van Beethoven)<br \/>\n35 Concerto per pianoforte No. 20 in Re minore (Wolfgang Amadeus Mozart)<br \/>\n36 Sinfonia No. 104 in Re maggiore Londra (Joseph Haydn)<br \/>\n37 Don Giovanni (Wolfgang Amadeus Mozart)<br \/>\n38 Il flauto magico (Wolfgang Amadeus Mozart)<br \/>\n39 Concerto per violino in Re maggiore (Ludwig van Beethoven)<br \/>\n40 Concerto per clarinetto in La maggiore (Wolfgang Amadeus Mozart)<br \/>\n41 Concerto per pianoforte No. 24 in Do minore (Wolfgang Amadeus Mozart)<br \/>\n42 Quintetto per archi in Do maggiore (Franz Schubert)<br \/>\n43 Fidelio (Ludwig van Beethoven)<br \/>\n44 Sonata per pianoforte No. 14 in Do diesis minore Chiaro di luna (Ludwig van Beethoven)<br \/>\n45 Le Nozze di Figaro (Wolfgang Amadeus Mozart)<br \/>\n46 Concerto per pianoforte No. 21 in Do maggiore (Wolfgang Amadeus Mozart)<\/p>\n<h3>Romantico<\/h3>\n<p>47 Tristano e Isotta (Richard Wagner)<br \/>\n48 Sinfonia No. 9 in Re minore (Ludwig van Beethoven)<br \/>\n49 Sinfonia Fantastica (Hector Berlioz)<br \/>\n50 Carmen (Georges Bizet)<br \/>\n51 Sinfonia No. 3 in Fa maggiore (Johannes Brahms)<br \/>\n52 Sinfonia No. 4 in Mi minore (Johannes Brahms)<br \/>\n53 La Traviata (Giuseppe Verdi)<br \/>\n54 Sinfonia No. 8 in Si minore Incompiuta (Franz Schubert)<br \/>\n55 Aida (Giuseppe Verdi)<br \/>\n56 G\u00f6tterd\u00e4mmerung Il crepuscolo degli dei (Richard Wagner)<br \/>\n57 Piano Concerto No. 1 in Si bemolle minore (Pyotr Ilyich Tchaikovsky)<br \/>\n58 Capricci per violino (Niccol\u00f2 Paganini)<br \/>\n59 Madama Butterfly (Giacomo Puccini)<br \/>\n60 Concerto per violino in Mi minore (Felix Mendelssohn Bartholdy)<br \/>\n61 Concerto per pianoforte No. 2 in Do minore (Sergei Rachmaninoff)<br \/>\n62 Peer Gynt (Edvard Grieg)<br \/>\n63 Swan Lake Il lago dei cigni (Pyotr Ilyich Tchaikovsky)<br \/>\n64 La Boh\u00e8me (Giacomo Puccini)<br \/>\n65 Sinfonia No. 6 in Si minore Patetica (Pyotr Ilyich Tchaikovsky)<br \/>\n66 Concerto per pianoforte No. 1 in Mi minore (Fr\u00e9d\u00e9ric Chopin)<br \/>\n67 Piano Concerto No. 1 in E-flat major (Franz Liszt)<br \/>\n68 Il Barbiere di Siviglia (Gioachino Rossini)<br \/>\n69 Kinderszenen Scene infantili (Robert Schumann)<br \/>\n70 Sinfonia No. 1 in Do minore (Johannes Brahms)<br \/>\n71 Norma (Vincenzo Bellini)<br \/>\n72 An der sch\u00f6nen blauen Donau Sul bel Danubio blu (Johann Strauss II)<\/p>\n<h3>Post-Romantico e Impressionismo<\/h3>\n<p>73 Pr\u00e9lude \u00e0 l&#8217;apr\u00e8s-midi d&#8217;un faune Preludio al pomeriggio di un fauno (Claude Debussy)<br \/>\n74 La Mer (Claude Debussy)<br \/>\n75 Pelleas et Melisande (Claude Debussy)<br \/>\n76 Nocturnes (Claude Debussy)<br \/>\n77 Das Lied von der Erde (Gustav Mahler)<br \/>\n78 Sinfonia n. 1 in Re maggiore Titano (Gustav Mahler)<br \/>\n79 Gymnop\u00e9dies (Erik Satie)<br \/>\n80 Bol\u00e9ro (Maurice Ravel)<br \/>\n81 Pavane pour une infante d\u00e9funte di Maurice (Maurice Ravel)<br \/>\n82 Also sprach Zarathustra Cos\u00ec parl\u00f2 Zarathustra (Richard Strauss)<\/p>\n<h3>Moderno<\/h3>\n<p>83 Le Sacre du printemps La Sagra della Primavera (Igor Stravinsky)<br \/>\n84 Pierrot Lunaire (Arnold Schoenberg)<br \/>\n85 Wozzeck (Alban Berg)<br \/>\n86 Turangal\u00eela-Symphonie (Olivier Messiaen)<br \/>\n87 Music for 18 Musicians (Steve Reich)<br \/>\n88 Quartetto per archi n. 4 (B\u00e9la Bart\u00f3k)<br \/>\n89 Adagio for Strings Adagio per archi (Samuel Barber)<br \/>\n90 Peter Grimes (Benjamin Britten)<br \/>\n91 Sonatas and Interludes for Prepared Piano (John Cage)<br \/>\n92 Rhapsody in Blue (George Gershwin)<br \/>\n93 Gesang der J\u00fcnglinge Canto della Giovent\u00f9 (Karlheinz Stockhausen)<br \/>\n94 West Side Story (Leonard Bernstein)<\/p>\n<h3>Contemporaneo<\/h3>\n<p>95 Il buono, il brutto, il cattivo (Ennio Morricone)<br \/>\n96 Symphony No. 1 (John Adams)<br \/>\n97 Different Trains (Steve Reich)<br \/>\n98 Asyla (Thomas Ad\u00e8s)<br \/>\n99 G\u00f3recki&#8217;s Symphony No. 3 Symphony of Sorrowful Songs (Henryk G\u00f3recki)<br \/>\n100 Dead Man Walking (Jake Heggie)<\/p>\n<h3><em>Appendice<\/em><\/h3>\n<h4 style=\"padding-left: 40px;\">Biografie dei compositori citati<\/h4>\n<p style=\"padding-left: 40px;\">John Adams<br \/>\nThomas Ad\u00e8s<br \/>\nAlfonso X<br \/>\nJohann Sebastian Bach<br \/>\nSamuel Barber<br \/>\nB\u00e9la Bart\u00f3k<br \/>\nLudwig van Beethoven<br \/>\nVincenzo Bellini<br \/>\nAlban Berg<br \/>\nHector Berlioz<br \/>\nLeonard Bernstein<br \/>\nHildegard von Bingen<br \/>\nGeorges Bizet<br \/>\nJohannes Brahms<br \/>\nBenjamin Britten<br \/>\nJohn Cage<br \/>\nFr\u00e9d\u00e9ric Chopin<br \/>\nArcangelo Corelli<br \/>\nClaude Debussy<br \/>\nGirolamo Frescobaldi<br \/>\nGiovanni Gabrieli<br \/>\nCarlo Gesualdo<br \/>\nChristoph Willibald Gluck<br \/>\nEdvard Grieg<br \/>\nHenryk G\u00f3recki<br \/>\nGeorge Frideric Handel<br \/>\nJoseph Haydn<br \/>\nJake Heggie<br \/>\nFranz Liszt<br \/>\nGuillaume de Machaut<br \/>\nGustav Mahler<br \/>\nFelix Mendelssohn Bartholdy<br \/>\nOlivier Messiaen<br \/>\nClaudio Monteverdi<br \/>\nEnnio Morricone<br \/>\nWolfgang Amadeus Mozart<br \/>\nNiccol\u00f2 Paganini<br \/>\nGiovanni Pierluigi da Palestrina<br \/>\nGiovanni Battista Pergolesi<br \/>\nJosquin des Prez<br \/>\nGiacomo Puccini<br \/>\nHenry Purcell<br \/>\nSergei Rachmaninoff<br \/>\nJean-Philippe Rameau<br \/>\nMaurice Ravel<br \/>\nSteve Reich<br \/>\nGioachino Rossini<br \/>\nErik Satie<br \/>\nArnold Schoenberg<br \/>\nFranz Schubert<br \/>\nRobert Schumann<br \/>\nKarlheinz Stockhausen<br \/>\nJohann Strauss II<br \/>\nRichard Strauss<br \/>\nIgor Stravinsky<br \/>\nPyotr Ilyich Tchaikovsky<br \/>\nGeorg Philipp Telemann<br \/>\nGiuseppe Verdi<br \/>\nAntonio Vivaldi<br \/>\nRichard Wagner<\/p>\n<p style=\"padding-left: 80px;\"><em>Messaggio conclusivo<\/em><br \/>\n<em>Biografia dell\u2019Autore<\/em><br \/>\n<em>Contatti<\/em><\/p>","protected":false},"excerpt":{"rendered":"<p><strong>Consigli discografici, note tecniche e stilistiche, analisi storica, biografie dei compositori<\/strong><\/p>\n<p><i>Prefazione del M\u00b0 Mariano Garau<\/i><\/p>\n<p>Edizione Lycnos (in self-publishing &#8211; n. 01 del Luglio 2024<\/p>\n<p>N. 196 Pagine in formato cm. 21 x 28 circa &#8211; Corpo del testo: Font Avenir Roman da 10 punti, interlinea 0,9<\/p>\n<p>Acquista la versione cartacea qui sul sito dell&#8217;Autore con un prezzo ridotto rispetto ad Amazon<\/p>","protected":false},"featured_media":7647,"comment_status":"open","ping_status":"closed","template":"","meta":[],"product_brand":[],"product_cat":[69,71],"product_tag":[],"class_list":{"0":"post-7646","1":"product","2":"type-product","3":"status-publish","4":"has-post-thumbnail","6":"product_cat-libri","7":"product_cat-libri-e-manuali-di-musica","9":"first","10":"instock","11":"sale","12":"shipping-taxable","13":"purchasable","14":"product-type-simple"},"post_mailing_queue_ids":[],"_links":{"self":[{"href":"https:\/\/alessandrofois.com\/de\/wp-json\/wp\/v2\/product\/7646","targetHints":{"allow":["GET"]}}],"collection":[{"href":"https:\/\/alessandrofois.com\/de\/wp-json\/wp\/v2\/product"}],"about":[{"href":"https:\/\/alessandrofois.com\/de\/wp-json\/wp\/v2\/types\/product"}],"replies":[{"embeddable":true,"href":"https:\/\/alessandrofois.com\/de\/wp-json\/wp\/v2\/comments?post=7646"}],"wp:featuredmedia":[{"embeddable":true,"href":"https:\/\/alessandrofois.com\/de\/wp-json\/wp\/v2\/media\/7647"}],"wp:attachment":[{"href":"https:\/\/alessandrofois.com\/de\/wp-json\/wp\/v2\/media?parent=7646"}],"wp:term":[{"taxonomy":"product_brand","embeddable":true,"href":"https:\/\/alessandrofois.com\/de\/wp-json\/wp\/v2\/product_brand?post=7646"},{"taxonomy":"product_cat","embeddable":true,"href":"https:\/\/alessandrofois.com\/de\/wp-json\/wp\/v2\/product_cat?post=7646"},{"taxonomy":"product_tag","embeddable":true,"href":"https:\/\/alessandrofois.com\/de\/wp-json\/wp\/v2\/product_tag?post=7646"}],"curies":[{"name":"wp","href":"https:\/\/api.w.org\/{rel}","templated":true}]}}