{"id":7880,"date":"2024-12-21T22:12:43","date_gmt":"2024-12-21T22:12:43","guid":{"rendered":"http:\/\/alessandrofois.com\/prodotto\/consulenza-tramite-email-domande-tecniche-su-audio-e-musica\/"},"modified":"2025-08-25T10:10:57","modified_gmt":"2025-08-25T10:10:57","slug":"consulenza-tramite-email-domande-tecniche-su-audio-e-musica","status":"publish","type":"product","link":"https:\/\/alessandrofois.com\/de\/prodotto\/consulenza-tramite-email-domande-tecniche-su-audio-e-musica\/","title":{"rendered":"Consulenza tramite email: domande tecniche su audio e musica"},"content":{"rendered":"<hr \/>\n<h3>Questo servizio prevede la formulazione di domande scritte ad Alessandro Fois, che risponder\u00e0 sempre per iscritto sui seguenti argomenti <br class=\"avia-permanent-lb\" \/><br class=\"avia-permanent-lb\" \/><\/h3>\n<h3>Audio<\/h3>\n<p>Acustica, recording, editing, mixing, mastering, post produzione audio per il video.<\/p>\n<h3>Musica<\/h3>\n<p>Composizione melodica, armonia e armonizzazione, ritmo, arrangiamento musicale e orchestrazione, tecniche di stile e di esecuzione pianistica.<\/p>\n<h3><strong>In quanti si pu\u00f2 partecipare<\/strong><\/h3>\n<p>Alla videoconferenza possono partecipare \u00a0anche pi\u00f9 allievi, senza limiti, a condizione che si trovino tutti nella medesima stanza fisica.<\/p>\n<h3><strong>Come funziona<\/strong><\/h3>\n<p>Una volta acquistato il servizio per la durata preferita, l&#8217;acquirente sar\u00e0 contattato \u00a0via Email e il consultante potr\u00e0 rispondere rivolgendo la quantit\u00e0 di domande concordata, alle quali ricever\u00e0 una risposta completa ed esauriente sempre tramite email.<\/p>\n<h3><strong>Quante domande?<\/strong><\/h3>\n<p>\u00c8 possibile acquistare vari pacchetti di risposte al seguente numero di domande:<\/p>\n<ul>\n<li>1 domanda<\/li>\n<li>2 domande<\/li>\n<li>3 domande<\/li>\n<li>5 domande<\/li>\n<li>10 domande<\/li>\n<\/ul>\n<p>&nbsp;<\/p>\n<p>&nbsp;<\/p>","protected":false},"excerpt":{"rendered":"<hr \/>\n<h3>Scegli \u00a0la quantit\u00e0 di domande e risposte che preferisci, selezionandola dal menu a tendina che vedi qui sotto.<\/h3>\n<hr \/>\n<h3><\/h3>","protected":false},"featured_media":7881,"comment_status":"open","ping_status":"closed","template":"","meta":[],"product_brand":[],"product_cat":[76],"product_tag":[],"class_list":{"0":"post-7880","1":"product","2":"type-product","3":"status-publish","4":"has-post-thumbnail","6":"product_cat-corsi-e-consulenze-online-di-audio-e-musica","8":"first","9":"instock","10":"shipping-taxable","11":"purchasable","12":"product-type-variable"},"post_mailing_queue_ids":[],"_links":{"self":[{"href":"https:\/\/alessandrofois.com\/de\/wp-json\/wp\/v2\/product\/7880","targetHints":{"allow":["GET"]}}],"collection":[{"href":"https:\/\/alessandrofois.com\/de\/wp-json\/wp\/v2\/product"}],"about":[{"href":"https:\/\/alessandrofois.com\/de\/wp-json\/wp\/v2\/types\/product"}],"replies":[{"embeddable":true,"href":"https:\/\/alessandrofois.com\/de\/wp-json\/wp\/v2\/comments?post=7880"}],"wp:featuredmedia":[{"embeddable":true,"href":"https:\/\/alessandrofois.com\/de\/wp-json\/wp\/v2\/media\/7881"}],"wp:attachment":[{"href":"https:\/\/alessandrofois.com\/de\/wp-json\/wp\/v2\/media?parent=7880"}],"wp:term":[{"taxonomy":"product_brand","embeddable":true,"href":"https:\/\/alessandrofois.com\/de\/wp-json\/wp\/v2\/product_brand?post=7880"},{"taxonomy":"product_cat","embeddable":true,"href":"https:\/\/alessandrofois.com\/de\/wp-json\/wp\/v2\/product_cat?post=7880"},{"taxonomy":"product_tag","embeddable":true,"href":"https:\/\/alessandrofois.com\/de\/wp-json\/wp\/v2\/product_tag?post=7880"}],"curies":[{"name":"wp","href":"https:\/\/api.w.org\/{rel}","templated":true}]}}