{"id":8036,"date":"2020-12-23T19:19:52","date_gmt":"2020-12-23T19:19:52","guid":{"rendered":"http:\/\/alessandrofois.com\/prodotto\/dialogue\/"},"modified":"2025-08-25T10:10:57","modified_gmt":"2025-08-25T10:10:57","slug":"dialogue","status":"publish","type":"product","link":"https:\/\/alessandrofois.com\/de\/prodotto\/dialogue\/","title":{"rendered":"Dialogue"},"content":{"rendered":"<h1>Dialogue<\/h1>\n<hr \/>\n<p>Il contenuto musicale dell&#8217;album &#8220;Dialogue&#8221; corrisponde alla visione compositiva dell&#8217;autore, che intende esprime desiderio di equilibrio, armonia e consapevolezza. In esso possiamo trovare influenze di vario tipo, tra cui &#8220;fusion&#8221;, &#8220;classic&#8221;, &#8220;newage&#8221; e altro ancora. Il compositore ama spesso utilizzare la tipica forma musicale del jazz, con i temi musicali e le loro variazioni improvvisate. Da qui il termine &#8220;New Generation Jazz&#8221;, che vuole contraddistinguere la forma musicale dell&#8217;album.<\/p>\n<hr \/>\n<h2>Spotify<\/h2>\n<p><iframe loading=\"lazy\" style=\"border-radius: 12px;\" src=\"https:\/\/open.spotify.com\/embed\/album\/1zog1iXoLYeoX0zX5YPAZx?utm_source=generator\" width=\"1920%\" height=\"750 \" frameborder=\"0\" allowfullscreen=\"allowfullscreen\" data-mce-fragment=\"1\"><span data-mce-type=\"bookmark\" style=\"display: inline-block; width: 0px; overflow: hidden; line-height: 0;\" class=\"mce_SELRES_start\"><\/span><\/iframe><\/p>\n<hr \/>\n<h2>Interpreti<\/h2>\n<p>&nbsp;<\/p>\n<h3>Alessandro Fois | Compositore | Pianoforte<\/h3>\n<p><a href=\"https:\/\/alessandrofois.com\/de\/staging-a2\/\">Alessandro Fois<\/a> \u00e8 compositore e pianista. nel corso della sua esperienza ha suonato vari generi musicali, musica classica, jazz, blues, newage, world music, progressive, musical, colonne sonore, pop \u00a0e altro. Ha creato un buon numero di composizioni per molti artisti, esibendosi spesso anche come pianista. Dialogue \u00e8 il primo album in cui \u00e8 autore e performer.<\/p>\n<h3>Paolo Cocco | Basso Elettrico<\/h3>\n<p><a href=\"https:\/\/www.facebook.com\/paolo.cocco.946\">Paolo Cocco<\/a>, bassista. Preferenze musicali: blues, funky, jazz. Musicista autodidatta con 40 anni di esperienza, ha tessuto numerose collaborazioni in studi di registrazione, concerti e importanti eventi musicali con artisti di fama nazionale e internazionale. \u00c8 costantemente impegnato nel tentativo di migliorare e caratterizzare il &#8220;suono&#8221; dello strumento, in particolare quelli del basso fretless, che ama profondamente perch\u00e9 con esso pu\u00f2 esprimere meglio l&#8217;essenza della sua arte.<\/p>\n<h3>Massimo Tore | Double Bass<\/h3>\n<p><a href=\"http:\/\/www.massimotore.it\/home.php\">Massimo Tore<\/a>, contrabbassista. I suoi interessi spaziano dalla musica classica al jazz, con particolare predilezione per musica improvvisata. Musicista autodidatta, ha poi completato i suoi studi al Conservatorio di Musica di Cagliari. Come bassista classico, ha suonato con alcune orchestre sinfoniche e da camera, come l&#8217;Orchestre degli Champs Elys\u00e9es, Les Arts florissants, Anima Eterna. E&#8217; sulla scena del jazz da 30 anni, collaborando in numerose registrazioni e festival internazionali.<\/p>\n<h3>Alessandro Garau | Drums<\/h3>\n<p>Alessandro Garau, batterista. Inizia a suonare la batteria e le percussioni a Cagliari con varie formazioni, nei primi anni &#8217;80. Sotto la guida di Ettore Fioravanti, ha studiato alla scuola di Saint Louis Jazz a Roma, all&#8217;Universit\u00e0 Jazz di Terni, ai seminari di Nuoro Jazz e ai corsi di Siena Jazz. Ha inoltre partecipato a numerose masterclass con alcuni dei pi\u00f9 importanti musicisti jazz: Dave Liebman, Peter Erskine, Jon Christensen, Pierre Favre e Steve Lacy. In circa 30 anni di attivit\u00e0, ha suonato in alcuni dei pi\u00f9 importanti festival internazionali, collaborando con numerosi musicisti sia in Italia che all&#8217;estero. Ha partecipato alla produzione di varie etichette discografiche. Oltre alle attivit\u00e0 di studio e concerti, \u00e8 insegnante di batteria in alcune scuole locali.<\/p>\n<hr \/>\n<h2>Recensioni<\/h2>\n<p>Ho ascoltato alcuni brani del disco di Alessandro Fois e li ho apprezzati sia per l\u2019esecuzione che per la forma che \u00e8 matura, compiuta e intelligente. Pur essendo infatti un atipico trio (con basso elettrico e contrabbasso) Alessandro riesce a farlo suonare come un\u2019orchestra laddove ognuna delle singole voci che compongono l\u2019opera \u00e8 autonoma ma strettamente connessa con le altre. DIALOGUE \u00e8 il giusto titolo. Per un lavoro originale che merita attenzione.<\/p>\n<p><em><strong>Paolo Fresu<\/strong> (compositore, trombettista)<\/em><\/p>\n<hr \/>\n<p>L&#8217;album &#8220;Dialogue&#8221; ha un gusto piacevole e rotondo come un vino equilibrato! I temi musicali dell&#8217;autore e pianista Alessandro Fois spaziano dallo &#8220;stile jazz alla Keith Jarret&#8221; allo &#8220;stile progressive&#8221;. Il basso fretless di Paolo Cocco ha dato una forte impronta al lavoro. Il contrabbasso di Massimo Tore \u00e8 morbido e importante. Attenta e dinamica \u00e8 la batteria di Alessandro Garau. Suono molto bello in generale. Congratulazioni.<\/p>\n<p><em><strong>Salvatore Corazza <\/strong>(compositore, batterista)<\/em><\/p>\n<hr \/>\n<p>Fantastico, Alessandro! Ho sentito tutte le tracce. Bel lavoro. Sei stato in grado di costruire un progetto sonoro caratterizzato da un carattere molto speciale. Questa \u00e8 una cosa molto importante e rara. Tu e i tuoi musicisti avete creato un mondo sonoro originale e riconoscibile, cosa non facile, specialmente in fusion e jazz, che \u00e8 dote che contraddistingue solo i &#8220;grandi artisti&#8221;. Una rarit\u00e0! Complimenti di cuore.<\/p>\n<p><em><strong>Andrea Cutri<\/strong> (compositore, chitarrista)<\/em><\/p>\n<hr \/>\n<p>&#8220;Dialogue&#8221;, minimale e originale: due pietre che lo rendono prezioso pi\u00f9 dell\u2019oro.\u00a0Il suo costrutto \u00e8 solido come le cattedrali gotiche, ma le note sanno perdersi e raccontare con intensit\u00e0 e libert\u00e0 di spazi verdi, sole e glitter di mare, come di nubi e di tempestosi dubbi.\u00a0Le sue note non cedono al compiacimento di s\u00e9 stesse. Non si perdono nel fal\u00f2 delle vanit\u00e0. Del voler appartenere, del voler citare per citare.\u00a0Tutto \u00e8 spontaneamente equilibrato in un caos garbato come \u00e8 lui, il Pianista Gentile.\u00a0Meraviglioso \u00e8 il volo che si libra da un\u2019anima razionale!<\/p>\n<p><strong><em>Am\u00e9lie Gavaud\u00f2<\/em><\/strong><em> (poetessa e cantautrice)<\/em><\/p>\n<hr \/>\n<p>&#8220;Dialogo&#8221; \u00e8 un&#8217;opera meravigliosa che attesta una grande maturit\u00e0 artistica. Potenti mezzi espressivi, uso del contrappunto, linee melodiche di grande gusto. Una performance impeccabile e altamente espressiva porta a sviluppi sonori entusiasmanti.<\/p>\n<p><em><strong>Nello Nicotra<\/strong>\u00a0(bassista e contrabbassista)<\/em><\/p>\n<hr \/>\n<p>Complimenti, Alessandro &#8230; un ottimo lavoro. Ben composto, arrangiato e suonato con classe, buon gusto ed eccellente musicalit\u00e0. Molto buono anche il suono e il mix. \u00c8 un grande progetto artistico. Ed ottima \u00e8 stata anche la scelta dei musicisti.<\/p>\n<p><em><strong>Giuseppe Melis<\/strong>\u00a0(compositore, batterista e contrabbassista)<\/em><\/p>\n<hr \/>\n<p>Dieci brani per un continuo saliscendi di emozioni. Si chiama &#8220;Dialogue&#8221; e mai titolo poteva essere pi\u00f9 indicato. Perch\u00e9 nel disco di Alessandro, proprio come in un discorso serrato tra cuore e cervello, l&#8217;alternarsi delle atmosfere \u00e8 un dualismo conciliante: basta prendere come esempio l&#8217;accostamento di due brani come &#8220;Pomeriggio al mare&#8221; e &#8220;Rock flower&#8221;. Il primo lento e cullante, proprio come il riflesso di un sole pigro sopra una polaroid di ricordi, il secondo invece, un crescendo di pathos e ritmiche incalzanti. Un disco vario, che parla di vita, orsetti, nubi incombenti e glitter guizzanti. Un disco spassoso, divertente, a tratti intimo, a tratti inquietante, come tutte le cose che iniziano in un modo e finiscono in un altro. Che bello riuscire a raccontare la vita sottovoce, ma con tanta potenza.<\/p>\n<p><em><strong>Stefano Bonazzi<\/strong>\u00a0(scrittore e artista visuale)<\/em><\/p>\n<hr \/>\n<p>&#8220;Dialogue&#8221; \u00e8 un album capace di richiamare emozioni e reminiscenze. Queste importanti caratteristiche, unite alla chiarezza melodica e strutturale, rendono questo album un piacevole incontro tra jazz e pop.<\/p>\n<p><em><strong>\u00a0Stefano Incani<\/strong> (compositore, batterista)<\/em><\/p>\n<hr \/>\n<p>Ho accettato di suonare con Alessandro Fois nel suo album musicale chiamato &#8220;Dialogue&#8221; perch\u00e9 ero particolarmente attratto dall&#8217;originalit\u00e0 del progetto, e anche per cogliere l&#8217;opportunit\u00e0 di esprimere il suono del mio basso fretless in un modo completamente nuovo (che io chiamo &#8221; foisiano &#8220;, in riferimento all&#8217;autore).<\/p>\n<p><em><strong>\u00a0Paolo Cocco<\/strong> (bassista)<\/em><\/p>","protected":false},"excerpt":{"rendered":"<p><strong>Alessandro Fois Piano Trio<\/strong><\/p>\n<p><strong>Album Musicale &#8211; 10 Tracce<\/strong><\/p>","protected":false},"featured_media":8037,"comment_status":"open","ping_status":"closed","template":"","meta":[],"product_brand":[],"product_cat":[77],"product_tag":[],"class_list":{"0":"post-8036","1":"product","2":"type-product","3":"status-publish","4":"has-post-thumbnail","6":"product_cat-musica","8":"first","9":"instock","10":"shipping-taxable","11":"product-type-simple"},"post_mailing_queue_ids":[],"_links":{"self":[{"href":"https:\/\/alessandrofois.com\/de\/wp-json\/wp\/v2\/product\/8036","targetHints":{"allow":["GET"]}}],"collection":[{"href":"https:\/\/alessandrofois.com\/de\/wp-json\/wp\/v2\/product"}],"about":[{"href":"https:\/\/alessandrofois.com\/de\/wp-json\/wp\/v2\/types\/product"}],"replies":[{"embeddable":true,"href":"https:\/\/alessandrofois.com\/de\/wp-json\/wp\/v2\/comments?post=8036"}],"wp:featuredmedia":[{"embeddable":true,"href":"https:\/\/alessandrofois.com\/de\/wp-json\/wp\/v2\/media\/8037"}],"wp:attachment":[{"href":"https:\/\/alessandrofois.com\/de\/wp-json\/wp\/v2\/media?parent=8036"}],"wp:term":[{"taxonomy":"product_brand","embeddable":true,"href":"https:\/\/alessandrofois.com\/de\/wp-json\/wp\/v2\/product_brand?post=8036"},{"taxonomy":"product_cat","embeddable":true,"href":"https:\/\/alessandrofois.com\/de\/wp-json\/wp\/v2\/product_cat?post=8036"},{"taxonomy":"product_tag","embeddable":true,"href":"https:\/\/alessandrofois.com\/de\/wp-json\/wp\/v2\/product_tag?post=8036"}],"curies":[{"name":"wp","href":"https:\/\/api.w.org\/{rel}","templated":true}]}}