{"id":9322,"date":"2025-06-30T08:18:29","date_gmt":"2025-06-30T08:18:29","guid":{"rendered":"http:\/\/alessandrofois.com\/?page_id=9322"},"modified":"2025-07-11T09:34:07","modified_gmt":"2025-07-11T09:34:07","slug":"atencion-al-cliente","status":"publish","type":"page","link":"https:\/\/alessandrofois.com\/es\/assistenza-clienti\/","title":{"rendered":"Atenci\u00f3n al cliente"},"content":{"rendered":"<style type=\"text\/css\" data-created_by=\"avia_inline_auto\" id=\"style-css-av-mcymaa94-7b5f14f92766d2bd4052fe42f5cb0378\">\n.avia-section.av-mcymaa94-7b5f14f92766d2bd4052fe42f5cb0378 .av-parallax .av-parallax-inner{\nbackground-repeat:no-repeat;\nbackground-image:url(https:\/\/alessandrofois.com\/wp-content\/uploads\/2025\/07\/Assistenza-clienti-banner.jpg);\nbackground-position:50% 50%;\nbackground-attachment:scroll;\n}\n<\/style>\n<div id='av_section_1'  class='avia-section av-mcymaa94-7b5f14f92766d2bd4052fe42f5cb0378 main_color avia-section-default avia-no-border-styling  avia-builder-el-0  el_before_av_textblock  avia-builder-el-first  av-parallax-section avia-bg-style-parallax av-minimum-height av-minimum-height-60 av-height-percent  container_wrap fullsize'  data-section-bg-repeat='no-repeat' data-av_minimum_height_pc='60' data-av_min_height_opt='percent'><div class='av-parallax' data-avia-parallax-ratio='0.3' ><div class='av-parallax-inner main_color avia-full-stretch'><\/div><\/div><div class='container av-section-cont-open' ><main  role=\"main\" itemprop=\"mainContentOfPage\"  class='template-page content  av-content-full alpha units'><div class='post-entry post-entry-type-page post-entry-9322'><div class='entry-content-wrapper clearfix'>\n<div  class='flex_column av-1w8h4a-b8571c63af58594ae146feeb6a2f0f55 av_one_third  avia-builder-el-1  avia-builder-el-no-sibling  first flex_column_div'     ><section  class='av_textblock_section av-mcykm0fs-74b27f26ef95924e3fd6193200cee8e1'   itemscope=\"itemscope\" itemtype=\"https:\/\/schema.org\/CreativeWork\" ><div class='avia_textblock'  itemprop=\"text\" ><h1>Servicio al cliente<\/h1>\n<p><strong>En esta p\u00e1gina encontrar\u00e1 informaci\u00f3n de contacto y horarios de atenci\u00f3n para recibir asistencia con compras, membres\u00edas de blogs y otra informaci\u00f3n.<\/strong><\/p>\n<\/div><\/section><\/div><\/div><\/div><\/main><!-- close content main element --><\/div><\/div><div id='after_section_1'  class='main_color av_default_container_wrap container_wrap fullsize'  ><div class='container av-section-cont-open' ><div class='template-page content  av-content-full alpha units'><div class='post-entry post-entry-type-page post-entry-9322'><div class='entry-content-wrapper clearfix'><section  class='av_textblock_section av-mcykrjyj-cb7eab7349228faa90a84e119215bec4'   itemscope=\"itemscope\" itemtype=\"https:\/\/schema.org\/CreativeWork\" ><div class='avia_textblock'  itemprop=\"text\" ><h3>M\u00e9todos de contacto para soporte<\/h3>\n<p>Asistencia r\u00e1pida v\u00eda mensaje de WhatsApp: <a href=\"https:\/\/wa.me\/393771492307\">+39 377 1492307<\/a><\/p>\n<p>Correo electr\u00f3nico para asistencia de compras: <a href=\"mailto:lycnos@gmail.com\">lycnos@gmail.com<\/a><\/p>\n<p>Correo electr\u00f3nico para soporte de blogs y membres\u00edas: <a href=\"mailto:alexfois@gmail.com\">alexfois@gmail.com<\/a><\/p>\n<h3>Horarios preferidos para una asistencia m\u00e1s r\u00e1pida<\/h3>\n<p>De lunes a jueves de 11:00 a 18:00 horas<\/p>\n<h3>Notas importantes<\/h3>\n<p>Para procesar mejor y m\u00e1s r\u00e1pidamente sus solicitudes, le recomendamos que complete cada mensaje (tanto de correo electr\u00f3nico como de WhatsApp) con: nombre, apellidos, n\u00famero de tel\u00e9fono\/WhatsApp, direcci\u00f3n de correo electr\u00f3nico y un breve motivo de la solicitud. Gracias por su paciencia. Atentamente.<\/p>\n<\/div><\/section><\/p>","protected":false},"excerpt":{"rendered":"","protected":false},"author":1,"featured_media":0,"parent":0,"menu_order":0,"comment_status":"closed","ping_status":"closed","template":"","meta":{"footnotes":""},"class_list":["post-9322","page","type-page","status-publish","hentry"],"post_mailing_queue_ids":[],"_links":{"self":[{"href":"https:\/\/alessandrofois.com\/es\/wp-json\/wp\/v2\/pages\/9322","targetHints":{"allow":["GET"]}}],"collection":[{"href":"https:\/\/alessandrofois.com\/es\/wp-json\/wp\/v2\/pages"}],"about":[{"href":"https:\/\/alessandrofois.com\/es\/wp-json\/wp\/v2\/types\/page"}],"author":[{"embeddable":true,"href":"https:\/\/alessandrofois.com\/es\/wp-json\/wp\/v2\/users\/1"}],"replies":[{"embeddable":true,"href":"https:\/\/alessandrofois.com\/es\/wp-json\/wp\/v2\/comments?post=9322"}],"version-history":[{"count":0,"href":"https:\/\/alessandrofois.com\/es\/wp-json\/wp\/v2\/pages\/9322\/revisions"}],"wp:attachment":[{"href":"https:\/\/alessandrofois.com\/es\/wp-json\/wp\/v2\/media?parent=9322"}],"curies":[{"name":"wp","href":"https:\/\/api.w.org\/{rel}","templated":true}]}}