{"id":9346,"date":"2025-06-30T09:25:02","date_gmt":"2025-06-30T09:25:02","guid":{"rendered":"http:\/\/alessandrofois.com\/?page_id=9346"},"modified":"2025-07-11T08:20:33","modified_gmt":"2025-07-11T08:20:33","slug":"contactos-2","status":"publish","type":"page","link":"https:\/\/alessandrofois.com\/es\/contatti\/","title":{"rendered":"P\u00f3ngase en contacto con"},"content":{"rendered":"<section  class='av_textblock_section av-mcl8sc5y-27ea15bf0153e2353ef366cb751d089e'   itemscope=\"itemscope\" itemtype=\"https:\/\/schema.org\/CreativeWork\" ><div class='avia_textblock'  itemprop=\"text\" ><h1>P\u00f3ngase en contacto con<\/h1>\n<p>por Alessandro Fois<\/p>\n<hr \/>\n<\/div><\/section>\n<section  class='av_textblock_section av-mcs7yssb-80f4a3c3544b0ba4ddb5e511568ae062'   itemscope=\"itemscope\" itemtype=\"https:\/\/schema.org\/CreativeWork\" ><div class='avia_textblock'  itemprop=\"text\" ><p><iframe loading=\"lazy\" style=\"border: 0;\" src=\"https:\/\/www.google.com\/maps\/embed?pb=!1m18!1m12!1m3!1d2798.3992337141995!2d7.905036976339992!3d45.46176107107394!2m3!1f0!2f0!3f0!3m2!1i1024!2i768!4f13.1!3m3!1m2!1s0x47888342d7b1bfdd%3A0x4d54349c62c090f1!2sVia%20Don%20Mosetto%2C%2059%2C%2010015%20Ivrea%20TO!5e0!3m2!1sit!2sit!4v1751839399969!5m2!1sit!2sit\" width=\"100%\" height=\"300\" allowfullscreen=\"allowfullscreen\"><\/iframe><\/p>\n<\/div><\/section>\n<section  class='av_textblock_section av-mcp8rkbp-17a7d4e02b06ef6be20c0342633a7d4f'   itemscope=\"itemscope\" itemtype=\"https:\/\/schema.org\/CreativeWork\" ><div class='avia_textblock'  itemprop=\"text\" ><section style=\"padding: 40px 0; background-color: #f9f9f9;\">\n<div class=\"container\" style=\"max-width: 800px; margin: 0 auto; padding: 0 20px;\">\n<h1 style=\"text-align: center; font-size: 2.2rem; margin-bottom: 10px;\">Cont\u00e1ctame o Suscr\u00edbete al Blog<\/h1>\n<p style=\"text-align: center; font-size: 1.1rem; color: #444;\">\u00bfQuieres recibir actualizaciones, libros electr\u00f3nicos gratuitos o hablar conmigo para una consulta personalizada?<br \/>\nLlene el siguiente formulario o elija una opci\u00f3n del men\u00fa.<\/p>\n<\/div>\n<\/section>\n<\/div><\/section>\n<form action=\"https:\/\/alessandrofois.com\/es\/contactos-2\/\" method=\"post\" data-fields-with-error=\"Found errors in the following field(s):\" class=\"avia_ajax_form av-form-labels-hidden   avia-builder-el-3  el_after_av_textblock  el_before_av_textblock  av-show-form-errors\" data-avia-form-id=\"1\" data-avia-redirect=''  aria-label='Formulario de contacto' data-trp-original-action=\"https:\/\/alessandrofois.com\/es\/contatti\/\" ><fieldset><p class='first_form  form_element form_fullwidth' id='element_avia_1_1'><label for=\"avia_1_1\">Nombre <abbr class=\"required\" title=\"requerido\">*<\/abbr><\/label> <input name=\"avia_1_1\" class=\"text_input is_empty\" type=\"text\" id=\"avia_1_1\" value=\"\"  placeholder='Nombre*'\/><\/p><p class='first_form  form_element form_fullwidth' id='element_avia_2_1'><label for=\"avia_2_1\">Correo electr\u00f3nico <abbr class=\"required\" title=\"requerido\">*<\/abbr><\/label> <input name=\"avia_2_1\" class=\"text_input is_email\" type=\"text\" id=\"avia_2_1\" value=\"\"  placeholder='Correo electr\u00f3nico*'\/><\/p><h3 id='element_avia_3_1' class='first_form  form_element form_fullwidth av-form-headline'>Qu\u00e9 es lo que quieres hacer:<\/h3><p class='first_form  form_element form_fullwidth' id='element_avia_4_1'><input  name=\"avia_4_1\" class=\"input_checkbox\" type=\"checkbox\" id=\"avia_4_1\" value=\"true\"\/><label class=\"input_checkbox_label\" for=\"avia_4_1\">Suscr\u00edbete al blog y recibe eBooks gratis<\/label><\/p><p class='first_form  form_element form_fullwidth' id='element_avia_5_1'><input  name=\"avia_5_1\" class=\"input_checkbox\" type=\"checkbox\" id=\"avia_5_1\" value=\"true\"\/><label class=\"input_checkbox_label\" for=\"avia_5_1\">Solicita informaci\u00f3n para recibir una consulta<\/label><\/p><p class='first_form  form_element form_fullwidth' id='element_avia_6_1'><input  name=\"avia_6_1\" class=\"input_checkbox\" type=\"checkbox\" id=\"avia_6_1\" value=\"true\"\/><label class=\"input_checkbox_label\" for=\"avia_6_1\">Solicitar informaci\u00f3n sobre un producto antes de realizar una compra<\/label><\/p><p class='first_form  form_element form_fullwidth' id='element_avia_7_1'><input  name=\"avia_7_1\" class=\"input_checkbox\" type=\"checkbox\" id=\"avia_7_1\" value=\"true\"\/><label class=\"input_checkbox_label\" for=\"avia_7_1\">Servicios de audio y\/o musicales en estudio de grabaci\u00f3n<\/label><\/p><p class='first_form  form_element form_fullwidth' id='element_avia_8_1'><input  name=\"avia_8_1\" class=\"input_checkbox\" type=\"checkbox\" id=\"avia_8_1\" value=\"true\"\/><label class=\"input_checkbox_label\" for=\"avia_8_1\">Servicios web<\/label><\/p><p class='first_form  form_element form_fullwidth' id='element_avia_9_1'><input  name=\"avia_9_1\" class=\"input_checkbox\" type=\"checkbox\" id=\"avia_9_1\" value=\"true\"\/><label class=\"input_checkbox_label\" for=\"avia_9_1\">Otro<\/label><\/p><p class='first_form  form_element form_fullwidth' id='element_avia_10_1'><label for=\"avia_10_1\" class=\"textare_label hidden textare_label_avia_10_1\">Si quieres deja un mensaje<\/label><textarea  placeholder='Si quieres deja un mensaje' name=\"avia_10_1\" class=\"text_area\" cols=\"40\" rows=\"7\" id=\"avia_10_1\" ><\/textarea><\/p><p class=\"hidden\"><input type=\"text\" name=\"avia_11_1\" class=\"hidden\" id=\"avia_11_1\" value=\"\" \/><\/p><div id='avia_12_1' class='av-recaptcha-area  first_form  form_element form_fullwidth av-last-visible-form-element'  data-container_class=\"\" data-custom_class=\"\" data-context=\"av_contact_form\" data-token_input=\"av_recaptcha_token\" data-version=\"avia_recaptcha_v3\" data-theme=\"light\" data-size=\"normal\" data-score=\"0.5\" data-text_to_preview=\"\" data-value=\"\"><div class=\"av-google-badge-message hidden\">Este sitio est\u00e1 protegido por reCAPTCHA y se aplican las pol\u00edticas de privacidad de Google. <a href=\"https:\/\/policies.google.com\/privacy\">pol\u00edtica de privacidad<\/a> y <a href=\"https:\/\/policies.google.com\/terms\">Condiciones de servicio<\/a> aplicar.<\/div><\/div><p class='av_form_privacy_check av_contact_privacy_check first_form  form_element form_fullwidth' id='element_avia_13_1'><input  name=\"avia_13_1\" class=\"input_checkbox is_empty\" type=\"checkbox\" id=\"avia_13_1\" value=\"true\"\/><label class=\"input_checkbox_label\" for=\"avia_13_1\"><br>\nAcepto que los datos que facilite al destinatario a trav\u00e9s de este &quot;formulario de contacto&quot; se almacenar\u00e1n y gestionar\u00e1n de acuerdo con lo dispuesto en el Reglamento UE 2016\/679 <abbr class=\"required\" title=\"requerido\">*<\/abbr><\/label><\/p><p class=\"form_element\"><input type=\"hidden\" value=\"1\" name=\"avia_generated_form1\" \/><input type=\"submit\" value=\"Enviar\" class=\"button\"  data-sending-label=\"Enviando\"\/><\/p><\/fieldset><div class=\"avia-disabled-form\">Este formulario de contacto est\u00e1 desactivado porque rechazaste aceptar el servicio de Google reCaptcha, que es necesario para validar los mensajes enviados a trav\u00e9s del formulario.<\/div><input type=\"hidden\" name=\"trp-form-language\" value=\"es\"\/><\/form><div id=\"ajaxresponse_1\" class=\"ajaxresponse ajaxresponse_1 hidden\"><\/div>\n<section  class='av_textblock_section av-mcp8u1xc-d34731b3458efb524973d4de83ad56c3'   itemscope=\"itemscope\" itemtype=\"https:\/\/schema.org\/CreativeWork\" ><div class='avia_textblock'  itemprop=\"text\" ><section style=\"padding: 40px 0; background-color: #f9f9f9;\">\n<div class=\"container\" style=\"max-width: 800px; margin: 0 auto; padding: 0 20px;\">\n<div style=\"margin-top: 40px; background: #eef1f8; padding: 20px; border-left: 4px solid #1e2f60; border-radius: 6px;\">\n<h2 style=\"margin-top: 0; font-size: 1.3rem;\">\u00bfPrefieres escribirme directamente?<\/h2>\n<p>Correo electr\u00f3nico: <a href=\"mailto:alexfois@gmail.com\">alexfois@gmail.com<\/a><\/p>\n<p>Tel\u00e9fono: <a href=\"tel:+393771492307\">+39 377 1492307<\/a> (tambi\u00e9n WhatsApp)<\/p>\n<p>O cont\u00e1ctame a trav\u00e9s de mis canales de redes sociales en el pie de p\u00e1gina.<\/p>\n<\/div>\n<\/div>\n<\/section>\n<\/div><\/section>","protected":false},"excerpt":{"rendered":"","protected":false},"author":1,"featured_media":0,"parent":0,"menu_order":0,"comment_status":"closed","ping_status":"closed","template":"","meta":{"footnotes":""},"class_list":["post-9346","page","type-page","status-publish","hentry"],"post_mailing_queue_ids":[],"_links":{"self":[{"href":"https:\/\/alessandrofois.com\/es\/wp-json\/wp\/v2\/pages\/9346","targetHints":{"allow":["GET"]}}],"collection":[{"href":"https:\/\/alessandrofois.com\/es\/wp-json\/wp\/v2\/pages"}],"about":[{"href":"https:\/\/alessandrofois.com\/es\/wp-json\/wp\/v2\/types\/page"}],"author":[{"embeddable":true,"href":"https:\/\/alessandrofois.com\/es\/wp-json\/wp\/v2\/users\/1"}],"replies":[{"embeddable":true,"href":"https:\/\/alessandrofois.com\/es\/wp-json\/wp\/v2\/comments?post=9346"}],"version-history":[{"count":0,"href":"https:\/\/alessandrofois.com\/es\/wp-json\/wp\/v2\/pages\/9346\/revisions"}],"wp:attachment":[{"href":"https:\/\/alessandrofois.com\/es\/wp-json\/wp\/v2\/media?parent=9346"}],"curies":[{"name":"wp","href":"https:\/\/api.w.org\/{rel}","templated":true}]}}