{"id":10777,"date":"2025-07-16T15:45:34","date_gmt":"2025-07-16T15:45:34","guid":{"rendered":"https:\/\/alessandrofois.com\/?post_type=product&#038;p=10777"},"modified":"2025-08-25T10:12:29","modified_gmt":"2025-08-25T10:12:29","slug":"guia-introductoria-de-ms-mastering-para-la-tecnica-del-lado-medio","status":"publish","type":"product","link":"https:\/\/alessandrofois.com\/es\/prodotto\/m-s-mastering-guida-introduttiva-alla-tecnica-mid-side\/","title":{"rendered":"M\/S Mastering - Gu\u00eda introductoria a la t\u00e9cnica Mid\/Side"},"content":{"rendered":"<h2 data-start=\"560\" data-end=\"824\"><strong data-start=\"560\" data-end=\"659\">\u00bfQuieres aprender a sacar el m\u00e1ximo partido a la t\u00e9cnica Mid\/Side en tu masterizaci\u00f3n, sin complicaciones?<\/strong><\/h2>\n<p data-start=\"560\" data-end=\"824\"><strong>Este mini-libro electr\u00f3nico lo llevar\u00e1 paso a paso a trav\u00e9s de los fundamentos y aplicaciones pr\u00e1cticas de M\/S, utilizando un lenguaje claro pero t\u00e9cnicamente impecable.<\/strong><\/p>\n<h3 data-start=\"826\" data-end=\"850\">\ud83d\udd0dEn su interior encontrar\u00e1s:<\/h3>\n<ul data-start=\"851\" data-end=\"1215\">\n<li data-start=\"851\" data-end=\"916\">\n<p data-start=\"853\" data-end=\"916\">Una explicaci\u00f3n completa y accesible del concepto Mid\/Side<\/p>\n<\/li>\n<li data-start=\"917\" data-end=\"985\">\n<p data-start=\"919\" data-end=\"985\">Tres m\u00e9todos para crear una matriz M\/S (b\u00e1sico, intermedio, avanzado)<\/p>\n<\/li>\n<li data-start=\"986\" data-end=\"1053\">\n<p data-start=\"988\" data-end=\"1053\">Los procesos principales: EQ, compresi\u00f3n, ancho est\u00e9reo y m\u00e1s<\/p>\n<\/li>\n<li data-start=\"1054\" data-end=\"1146\">\n<p data-start=\"1056\" data-end=\"1146\">Una selecci\u00f3n de los <strong data-start=\"1074\" data-end=\"1093\">mejores complementos<\/strong>, gratuitos y profesionales, ordenados por tipo y costo<\/p>\n<\/li>\n<li data-start=\"1147\" data-end=\"1215\">\n<p data-start=\"1149\" data-end=\"1215\">Cuadros resumen y consejos pr\u00e1cticos que se pueden aplicar de inmediato<\/p>\n<\/li>\n<\/ul>\n<h3 data-start=\"1217\" data-end=\"1232\">\ud83c\udfa7 Dise\u00f1ado para:<\/h3>\n<ul data-start=\"1233\" data-end=\"1425\">\n<li data-start=\"1233\" data-end=\"1280\">\n<p data-start=\"1235\" data-end=\"1280\">M\u00fasicos, productores caseros, t\u00e9cnicos y formadores<\/p>\n<\/li>\n<li data-start=\"1281\" data-end=\"1366\">\n<p data-start=\"1283\" data-end=\"1366\">Cualquiera que quiera mejorar la definici\u00f3n, espacialidad y profundidad de su mezcla final.<\/p>\n<\/li>\n<li data-start=\"1367\" data-end=\"1425\">\n<p data-start=\"1369\" data-end=\"1425\">Aquellos que buscan una gu\u00eda confiable, sin tecnicismos innecesarios.<\/p>\n<\/li>\n<\/ul>\n<p data-start=\"1427\" data-end=\"1655\">\ud83d\udca1Nota importante:<\/p>\n<p data-start=\"1427\" data-end=\"1655\">\ud83d\udc49El ebook se puede comprar en la tienda, pero est\u00e1 disponible <strong data-start=\"1503\" data-end=\"1585\">como regalo exclusivo para los suscriptores de \u201cIl Blog di Alessandro Fois &amp; Friends\u201d<\/strong>, gracias a un <strong data-start=\"1599\" data-end=\"1626\">c\u00f3digo de descuento personal<\/strong> que ser\u00e1 enviado v\u00eda correo electr\u00f3nico.<\/p>\n<p data-start=\"1657\" data-end=\"1745\">\ud83d\udc49 <a class=\"\" href=\"https:\/\/alessandrofois.com\/es\/tienda-2\/\" target=\"_new\" rel=\"noopener\" data-start=\"1660\" data-end=\"1745\">Descubre todos los manuales disponibles en la tienda<\/a><\/p>","protected":false},"excerpt":{"rendered":"<blockquote data-start=\"191\" data-end=\"443\">\n<p data-start=\"193\" data-end=\"443\">Una introducci\u00f3n pr\u00e1ctica y rigurosa a la t\u00e9cnica Mid\/Side en la masterizaci\u00f3n de audio.<br \/>\nDisponible para comprar aqu\u00ed en la tienda.<br data-start=\"270\" data-end=\"273\" \/>\ud83c\udf81 <strong data-start=\"278\" data-end=\"351\">Sin embargo, se ofrece exclusivamente como regalo a los suscriptores del Blog de Alessandro Fois &amp; Friends (<\/strong>(a trav\u00e9s de un c\u00f3digo que se enviar\u00e1 por correo electr\u00f3nico si se solicita)<\/p>\n<\/blockquote>\n<p data-start=\"445\" data-end=\"523\">\ud83d\udc49 <a class=\"\" href=\"https:\/\/alessandrofois.com\/es\/tienda-2\/\" target=\"_new\" rel=\"noopener\" data-start=\"448\" data-end=\"523\">Descubre todos los manuales profesionales<\/a><\/p>","protected":false},"featured_media":10780,"comment_status":"open","ping_status":"closed","template":"","meta":[],"product_brand":[],"product_cat":[72,69,70],"product_tag":[],"class_list":{"0":"post-10777","1":"product","2":"type-product","3":"status-publish","4":"has-post-thumbnail","6":"product_cat-ebook-gratuiti","7":"product_cat-libri","8":"product_cat-libri-e-manuali-di-audio","10":"first","11":"instock","12":"downloadable","13":"virtual","14":"purchasable","15":"product-type-simple"},"post_mailing_queue_ids":[],"_links":{"self":[{"href":"https:\/\/alessandrofois.com\/es\/wp-json\/wp\/v2\/product\/10777","targetHints":{"allow":["GET"]}}],"collection":[{"href":"https:\/\/alessandrofois.com\/es\/wp-json\/wp\/v2\/product"}],"about":[{"href":"https:\/\/alessandrofois.com\/es\/wp-json\/wp\/v2\/types\/product"}],"replies":[{"embeddable":true,"href":"https:\/\/alessandrofois.com\/es\/wp-json\/wp\/v2\/comments?post=10777"}],"wp:featuredmedia":[{"embeddable":true,"href":"https:\/\/alessandrofois.com\/es\/wp-json\/wp\/v2\/media\/10780"}],"wp:attachment":[{"href":"https:\/\/alessandrofois.com\/es\/wp-json\/wp\/v2\/media?parent=10777"}],"wp:term":[{"taxonomy":"product_brand","embeddable":true,"href":"https:\/\/alessandrofois.com\/es\/wp-json\/wp\/v2\/product_brand?post=10777"},{"taxonomy":"product_cat","embeddable":true,"href":"https:\/\/alessandrofois.com\/es\/wp-json\/wp\/v2\/product_cat?post=10777"},{"taxonomy":"product_tag","embeddable":true,"href":"https:\/\/alessandrofois.com\/es\/wp-json\/wp\/v2\/product_tag?post=10777"}],"curies":[{"name":"wp","href":"https:\/\/api.w.org\/{rel}","templated":true}]}}