{"id":1212,"date":"2022-10-05T09:16:22","date_gmt":"2022-10-05T09:16:22","guid":{"rendered":"http:\/\/alessandrofois.com\/prodotto\/manuale-di-audio-mixing-digitale\/"},"modified":"2025-12-11T10:06:21","modified_gmt":"2025-12-11T10:06:21","slug":"manual-de-mezcla-de-audio-digital","status":"publish","type":"product","link":"https:\/\/alessandrofois.com\/es\/prodotto\/manuale-di-audio-mixing-digitale\/","title":{"rendered":"Manual de mezcla de audio"},"content":{"rendered":"<div class=\"flex_column av_two_third flex_column_div av-zero-column-padding avia-builder-el-3 el_after_av_one_third el_before_av_one_third\">\n<section class=\"av_textblock_section\">\n<div><\/div>\n<div>\n<p><strong>Serie &quot;Ingenier\u00eda de Audio | Manuales de Audio para el Ingeniero de Sonido&quot;<br \/>\nVolumen 3<\/strong><\/p>\n<ul>\n<li>590 p\u00e1ginas en total (formato A4: 21,59 x 27,94 cm \u2013 Fuente: Avenir Book 11 \u2013 Interlineado: 1)<\/li>\n<li>10 p\u00e1ginas de \u00edndice divididas en 4 niveles, para encontrar r\u00e1pidamente cada tema<\/li>\n<li>n. 247 im\u00e1genes<\/li>\n<li>n. 4 secciones divididas en n. 40 cap\u00edtulos en total<\/li>\n<\/ul>\n<p>En <strong>Manual de mezcla de audio<\/strong>\u00a0Est\u00e1 orientado principalmente al aprendizaje general de los principios de la mezcla, pero tambi\u00e9n puede utilizarse como gu\u00eda pr\u00e1ctica para consultar durante la mezcla.<\/p>\n<p>Se compone de 4 partes de las cuales:<\/p>\n<ol>\n<li>el primero est\u00e1 orientado a adquirir una cultura b\u00e1sica pero suficiente del ingeniero de sonido respecto a: los prop\u00f3sitos y criterios generales de la mezcla, sonido, equipamiento, criterios de escucha;<\/li>\n<li>el segundo es t\u00e9cnicamente el m\u00e1s importante, est\u00e1 dedicado a la descripci\u00f3n de todo el proceso operativo a seguir durante la mezcla, con la descripci\u00f3n de los criterios y operaciones de procesamiento tonal, din\u00e1mico y ambiental hasta la finalizaci\u00f3n de la mezcla que precede a la masterizaci\u00f3n;<\/li>\n<li>la tercera se ocupa de las operaciones espec\u00edficas de afinaci\u00f3n de las distintas fuentes sonoras (instrumentos y voces), centr\u00e1ndose especialmente en las m\u00e1s complejas, delicadas y recurrentes);<\/li>\n<li>El cuarto es una lista de peque\u00f1os \u201ctrucos y consejos\u201d, en parte desarrollados por el autor y en parte \u201cpescados\u201d del \u201crepertorio de dominio com\u00fan\u201d de los ingenieros de sonido y algunas estrellas de la mezcla.<\/li>\n<\/ol>\n<p><i style=\"font-size: 20px; font-weight: 600;\">Prefacio<\/i><\/p>\n<p><i>El maestro zen pidi\u00f3 a los aspirantes a pintores que estudiaran durante diez a\u00f1os, practicando muchas horas al d\u00eda.<\/i><\/p>\n<p><i>Luego sugiri\u00f3 \u201colvidar\u201d todo y dejar de practicar durante meses.<\/i><\/p>\n<p><i>Despu\u00e9s inst\u00f3 al estudiante a pintar \u201cde verdad\u201d, siguiendo s\u00f3lo su intuici\u00f3n, pues la habilidad t\u00e9cnica surgir\u00eda naturalmente, pero sin dominar la escena.<\/i><\/p>\n<p><i>En este sentido, la misma exhortaci\u00f3n puede formularse para el arte de mezclar, sugiriendo lo siguiente:<\/i><\/p>\n<p><strong><i>\u201cNo sigas ninguna regla, sino con\u00f3celas todas primero\u201d.<\/i><\/strong><\/p>\n<p><i>Estoy seguro de que cualquier ingeniero de sonido experto estar\u00e1 de acuerdo con esta afirmaci\u00f3n.<\/i><\/p>\n<p><strong>El autor<\/strong><\/p>\n<p><span style=\"font-size: 20px; font-weight: 600;\">Introducci\u00f3n<\/span><\/p>\n<p>Para mezclar bien, es necesario comprender a fondo todas las caracter\u00edsticas y dificultades del sonido, hasta el punto de desarrollar una sabidur\u00eda intuitiva que, lamentablemente, ning\u00fan manual como este puede ense\u00f1ar directamente. Sin embargo, pretende ofrecer una ayuda sencilla para orientarse en el mundo del sonido, aclarando sus principios y animando al estudiante a investigar.<\/p>\n<\/div>\n<\/section>\n<\/div>\n<div class=\"flex_column av_two_third flex_column_div av-zero-column-padding avia-builder-el-19 el_after_av_one_third avia-builder-el-last column-top-margin\">\n<section class=\"av_textblock_section\">\n<div>\n<h2><strong>\u00cdNDICE DEL MANUAL<\/strong><\/h2>\n<div><\/div>\n<div>Prefacio 14<\/div>\n<div>Introducci\u00f3n 15<\/div>\n<h2>Parte A *** INTRODUCCI\u00d3N A LA MEZCLA 17<\/h2>\n<h3>UNA BREVE HISTORIA DE LA MEZCLA 18<\/h3>\n<div>La orquestaci\u00f3n como mezcla primordial 18<\/div>\n<div>Mezclando las primeras grabaciones 19<\/div>\n<div>Procesos multipista y postproducci\u00f3n 20<\/div>\n<div>La cinta digital de 20<\/div>\n<div>Cinta magn\u00e9tica digital 21<\/div>\n<div>DAW y estudio en casa 21<\/div>\n<h3>CRITERIOS DE APROXIMACI\u00d3N A LA MEZCLA 23<\/h3>\n<div>Definiciones y funciones de mezcla 25<\/div>\n<div>T\u00e9cnica y arte de la mezcla 26<\/div>\n<div>Escuchar y comparar la diversidad 28<\/div>\n<div>Sonido natural y artificial 28<\/div>\n<div>Imitaci\u00f3n e innovaci\u00f3n en la mezcla 31<\/div>\n<div>Las limitaciones de un manual dedicado a la mezcla 32<\/div>\n<h3>ANAL\u00d3GICO Y DIGITAL 33<\/h3>\n<div>Diferencias entre los dos mundos 34<\/div>\n<div>Emuladores de hardware 34<\/div>\n<h3>RUDIMENTOS DE AC\u00daSTICA 36<\/h3>\n<div>Ruido, sonido, frecuencia vibratoria 37<\/div>\n<div>Fundamental, arm\u00f3nicos, tiempo 37<\/div>\n<div>Ondas, altura, polaridad, fase, ciclo, periodo 39<\/div>\n<div>Ondas compuestas, inversi\u00f3n de polaridad 40<\/div>\n<div>Transitorios y cola de sonidos, ADSR 41<\/div>\n<div>Propagaci\u00f3n del sonido 42<\/div>\n<div>Intensidad 42<\/div>\n<div>Espacialidad 43<\/div>\n<div>Reflexiones y Absorci\u00f3n 43<\/div>\n<div>Vectores de reflexi\u00f3n 44<\/div>\n<div>Eco 45<\/div>\n<div>Flutter echo 46<\/div>\n<div>Reverberaci\u00f3n 46<\/div>\n<div>Presencia y proximidad 50<\/div>\n<div>Volumen 52<\/div>\n<div>Resonancia ambiental 52<\/div>\n<div>Bajas frecuencias 52<\/div>\n<div>Altas frecuencias 53<\/div>\n<div>Transitorios 53<\/div>\n<h3>ESCUCHA DE REFERENCIA 55<\/h3>\n<div>Configuraci\u00f3n ac\u00fastica del estudio 56<\/div>\n<div>Aislamiento ac\u00fastico 57<\/div>\n<div>Tratamiento interno 58<\/div>\n<div>Los 66 monitores<\/div>\n<div>Monitores grandes y de campo cercano 66<\/div>\n<div>Altavoces cerrados y reflex 66<\/div>\n<div>El subwoofer 68<\/div>\n<div>Ubicaci\u00f3n de los altavoces 70<\/div>\n<div>Colocaci\u00f3n del subwoofer y sincronizaci\u00f3n con la sala 75<\/div>\n<div>Volumen del subwoofer y su sincronizaci\u00f3n con los altavoces 76<\/div>\n<div>Posici\u00f3n del punto de escucha 76<\/div>\n<div>Ecualizaci\u00f3n correctiva 79<\/div>\n<div>Percepci\u00f3n ac\u00fastica 80<\/div>\n<div>El enga\u00f1o del volumen 81<\/div>\n<div>\u00bfQu\u00e9 sucede a un volumen alto 81?<\/div>\n<div>\u00bfQu\u00e9 pasa a bajo volumen 82?<\/div>\n<div>Vol\u00famenes de referencia 83<\/div>\n<div>Mezcla de referencia a 85dB 83<\/div>\n<div>Trabajando a 70 db 83<\/div>\n<div>Comparar a 60 y 110 db 84<\/div>\n<div>Escucha cr\u00edtica de los distintos vol\u00famenes 84<\/div>\n<div>Un volumen de finalizaci\u00f3n diferente para cada g\u00e9nero musical 84<\/div>\n<div>No arruinemos nuestra audici\u00f3n 84<\/div>\n<div>Otras pruebas de escucha 85<\/div>\n<div>Monitoreo de auriculares 85<\/div>\n<div>Las 87 pruebas de escucha<\/div>\n<div>Evitar la adaptaci\u00f3n psicoac\u00fastica 88<\/div>\n<div>Escucha t\u00e9cnica y escucha relajante 89<\/div>\n<div>Monitoreo de banda estrecha 89<\/div>\n<div>Monitores alternativos 91<\/div>\n<h3>UNA MEZCLA TRIDIMENSIONAL 92<\/h3>\n<div>Sonido frontal 93<\/div>\n<div>Monofon\u00eda 93<\/div>\n<div>Estereofonia 93<\/div>\n<div>Surround 94<\/div>\n<div>Jerarqu\u00eda de elementos de mezcla 95<\/div>\n<div>Enmascaramiento 98<\/div>\n<div>Entrelazado tonal 99<\/div>\n<div>Enclavamiento din\u00e1mico 106<\/div>\n<div>Respeto a la din\u00e1mica 106<\/div>\n<div>La tarea de compresi\u00f3n 106<\/div>\n<div>Campo sonoro 108<\/div>\n<div>Ancho frontal del campo sonoro 109<\/div>\n<div>Profundidad del escenario sonoro 110<\/div>\n<h2>Parte B *** OPERACI\u00d3N EN MEZCLA 115<\/h2>\n<h3>ORGANIZAR LA SESI\u00d3N 116<\/h3>\n<div>N\u00famero de bits 117<\/div>\n<div>Frecuencia de muestreo 118<\/div>\n<div>exportar pistas desde la l\u00ednea de tiempo de grabaci\u00f3n 119<\/div>\n<div>Importar pistas a la nueva l\u00ednea de tiempo 120<\/div>\n<div>Organizar pistas Y GRUPOS 120<\/div>\n<div>Organizando pistas 120<\/div>\n<div>Grupos organizadores 122<\/div>\n<div>Peque\u00f1as operaciones preliminares 124<\/div>\n<div>Coherencia de fase 125<\/div>\n<h3>SECUENCIA OPERACIONAL EN MIX 127<\/h3>\n<div>L\u00ednea de tiempo de Mix 127<\/div>\n<div>Conclusi\u00f3n 130<\/div>\n<h3>ESCUCHA Y NIVELACI\u00d3N DE PISTAS 131<\/h3>\n<h3>GANANCIA DE LA ESCENA EN LA MEZCLA 132<\/h3>\n<div>Un pararrayos para la distorsi\u00f3n 133<\/div>\n<div>Un enorme din\u00e1mico 134<\/div>\n<div>Niveles de audio en pistas y grupos 135<\/div>\n<div>El medidor VU 136<\/div>\n<div>Gesti\u00f3n de pistas heredadas del ingeniero de Recording 137<\/div>\n<div>Grupos y subgrupos 137<\/div>\n<div>Niveles de entrada y salida en plugins 137<\/div>\n<div>Dominando la entrega Volumen 139<\/div>\n<div>Etapas de ganancia en el monitoreo 139<\/div>\n<h3>NIVELACI\u00d3N Y EDICI\u00d3N PRELIMINAR 141<\/h3>\n<div>Nivelaci\u00f3n preliminar 141<\/div>\n<div>Desequilibrios de volumen 142<\/div>\n<div>Desequilibrios tonales significativos 144<\/div>\n<div>Desequilibrios causados por diferencias en el sonido ambiental 144<\/div>\n<div>Desequilibrios causados por causas tonales, din\u00e1micas y ambientales en conjunto 144<\/div>\n<div>Edici\u00f3n preliminar 145<\/div>\n<div>Afinaci\u00f3n 145<\/div>\n<div>Tiempo 148<\/div>\n<div>Limpieza 150<\/div>\n<div>Desvanecimiento 151<\/div>\n<h3>ALINEACI\u00d3N TRANSITORIA Y FASE 152<\/h3>\n<div>Fase de pista est\u00e9reo 152<\/div>\n<div>Inversi\u00f3n de fase 153<\/div>\n<div>Optimizaci\u00f3n de la coherencia de fase 153<\/div>\n<div>Fase de un disparo m\u00faltiple 155<\/div>\n<div>Desplazamientos de fase de doble microfon\u00eda 156<\/div>\n<div>Puesta en fase de un set de percusi\u00f3n de 160 micr\u00f3fonos<\/div>\n<h3>CONTROL DE TONO 163<\/h3>\n<div>Analizador de espectro y espectro arm\u00f3nico 164<\/div>\n<div>Procesadores de tonos 165<\/div>\n<div>Acci\u00f3n del ecualizador 165<\/div>\n<div>Tipos de ecualizador 166<\/div>\n<div>Ecualizadores de estanter\u00eda y pico 171<\/div>\n<div>HPF y LPF 173<\/div>\n<div>Filtrado de muesca 175<\/div>\n<div>Conformaci\u00f3n del complemento Eq 176<\/div>\n<h3>EQUILIBRIO PRELIMINAR 179<\/h3>\n<div>Optimizaci\u00f3n del sonido en la era anal\u00f3gica 180<\/div>\n<div>\u00bfPor qu\u00e9 utilizar un ecualizador preciso para la ecualizaci\u00f3n preliminar 183?<\/div>\n<div>Ecualizaci\u00f3n preliminar para instrumentos mel\u00f3dicos 184<\/div>\n<div>Ecualizaci\u00f3n preliminar para bater\u00eda 189<\/div>\n<h3>LA MEZCLA ESENCIAL 190<\/h3>\n<div>Una mezcla de dos movimientos 190<\/div>\n<div>Introducci\u00f3n a la Mezcla Esencial 191<\/div>\n<div>Identificaci\u00f3n de los elementos primarios 192<\/div>\n<div>Libera la creatividad 193<\/div>\n<h3>LA MEZCLA COMPLETA 195<\/h3>\n<div>Ecualizaci\u00f3n de mezcla 198<\/div>\n<div>Prop\u00f3sito de la ecualizaci\u00f3n de la mezcla 199<\/div>\n<div>Operaciones tonales que se pueden realizar en la mezcla 199<\/div>\n<div>Ecualizaci\u00f3n de enmascaramiento y resaltado 199<\/div>\n<div>Ecualizador est\u00e1tico vs. enmascaramiento 200<\/div>\n<div>Ecualizador din\u00e1mico contra enmascaramiento 202<\/div>\n<div>Jerarqu\u00eda de elementos en el desenmascaramiento 204<\/div>\n<div>Ecualizaci\u00f3n cosm\u00e9tica 204<\/div>\n<h3>CONTROL DIN\u00c1MICO 206<\/h3>\n<div>Procesadores din\u00e1micos 207<\/div>\n<div>Procesos din\u00e1micos 208<\/div>\n<div>Controles de compresor y limitador 210<\/div>\n<div>Controles de expansi\u00f3n y compuerta 214<\/div>\n<div>Procesadores de tono din\u00e1mico 217<\/div>\n<div>T\u00e9cnicas b\u00e1sicas de procesamiento din\u00e1mico 219<\/div>\n<div>Puerta 220<\/div>\n<div>Aislar pistas 220<\/div>\n<div>Reducir el ruido y otras molestias 224<\/div>\n<div>Limitaci\u00f3n de 225<\/div>\n<div>Definici\u00f3n y utilidad de la limitaci\u00f3n de muro de ladrillo 225<\/div>\n<div>Selecci\u00f3n de complementos 227<\/div>\n<div>Operaci\u00f3n 227<\/div>\n<div>Modelado 228<\/div>\n<div>Mejorar los transitorios 230<\/div>\n<div>Aten\u00faa los transitorios y acent\u00faa el sustain de la cola 234<\/div>\n<div>Acortar el sustain 235<\/div>\n<div>Efectos secundarios de la expansi\u00f3n del modelado 236<\/div>\n<div>Modelado de transitorios con un modelador de transitorios 237<\/div>\n<div>Nivelaci\u00f3n 240<\/div>\n<div>Compresi\u00f3n y expansi\u00f3n: roles y riesgos en la nivelaci\u00f3n 241<\/div>\n<div>Acciones de pre-nivelaci\u00f3n 245<\/div>\n<div>Comprimir paralelo 246<\/div>\n<div>Nivelaci\u00f3n de solista con doble compresi\u00f3n 249<\/div>\n<div>Nivelaci\u00f3n de bajos y bombos 253<\/div>\n<div>Nivelaci\u00f3n de los elementos de fondo 255<\/div>\n<div>Nivelar un grupo 255<\/div>\n<div>Nivelar toda la mezcla 257<\/div>\n<div>Nivelando frases sumergidas paso a paso 258<\/div>\n<div>Nivelaci\u00f3n de cadena lateral 259<\/div>\n<div>Descomprimir una pista demasiado comprimida 262<\/div>\n<div>Aumentar los acentos din\u00e1micos de una actuaci\u00f3n 263<\/div>\n<div>T\u00e9cnicas mixtas 266<\/div>\n<div>Modelado y nivelaci\u00f3n contempor\u00e1neos 266<\/div>\n<div>Compresi\u00f3n paralela estresante 266<\/div>\n<div>Suavizado de compresi\u00f3n 267<\/div>\n<div>De-essing 269<\/div>\n<div>Maximizaci\u00f3n de graves 272<\/div>\n<div>El principio f\u00edsico 273<\/div>\n<div>La soluci\u00f3n en un procesador espec\u00edfico 273<\/div>\n<div>C\u00f3mo operar 275<\/div>\n<div>Conclusi\u00f3n 276<\/div>\n<h3>ENRIQUECIMIENTO ARM\u00d3NICO 278<\/h3>\n<div>Enriquecimiento arm\u00f3nico con la ecuaci\u00f3n 278<\/div>\n<div>Saturaci\u00f3n arm\u00f3nica 279<\/div>\n<div>Saturaci\u00f3n anal\u00f3gica posterior a la grabaci\u00f3n con el preamplificador 280<\/div>\n<div>Saturaci\u00f3n con complementos 281<\/div>\n<div>Excitadores tradicionales 284<\/div>\n<div>Enriquecedores especiales 285<\/div>\n<h3>PROCESOS DE AJUSTE 287<\/h3>\n<div>Eco y retardo 289<\/div>\n<div>Eco 290<\/div>\n<div>Retraso 290<\/div>\n<div>C\u00f3mo instalar un procesador de retardo de eco 290<\/div>\n<div>Par\u00e1metros de control de retardo 291<\/div>\n<div>Efecto del retardo en la mezcla 296<\/div>\n<div>Reverberaci\u00f3n 297<\/div>\n<div>Seco \u2013 H\u00famedo 297<\/div>\n<div>Las tres dimensiones del sonido ambiente 297<\/div>\n<div>Reverberaci\u00f3n de convoluci\u00f3n 298<\/div>\n<div>Controles de reverberaci\u00f3n 300<\/div>\n<div>Efecto de la reverberaci\u00f3n en la mezcla 304<\/div>\n<div>Doppler 311<\/div>\n<h3>OTROS PROCESOS Y PROCESADORES 313<\/h3>\n<h3>DIMENSIONES ESPACIALES EN MEZCLA 315<\/h3>\n<div>Espacio ac\u00fastico y mapa espacial 316<\/div>\n<div>Las dimensiones del espacio ac\u00fastico 317<\/div>\n<div>Dimensiones sonoras manejables en el espacio ac\u00fastico est\u00e9reo 317<\/div>\n<div>herramientas para la gesti\u00f3n de la espacialidad AC\u00daSTICA 318<\/div>\n<div>Gesti\u00f3n del ancho del campo ac\u00fastico 319<\/div>\n<div>Gesti\u00f3n de la profundidad del campo ac\u00fastico 326<\/div>\n<div>Recursos para la gesti\u00f3n del ancho y la profundidad del campo ac\u00fastico 329<\/div>\n<div>La tercera dimensi\u00f3n del campo ac\u00fastico 333<\/div>\n<div>Ejemplo de distribuci\u00f3n espacial de elementos de mezcla 334<\/div>\n<div>La parte delantera trasera 342<\/div>\n<h3>ACABADOS FINALES 344<\/h3>\n<div>T\u00f3mate un descanso 344<\/div>\n<div>Refinar la mezcla 345<\/div>\n<div>Volumen y faders 346<\/div>\n<div>Punto destacado de ecualizaci\u00f3n 346<\/div>\n<div>Punto destacado de compresi\u00f3n 347<\/div>\n<div>Expansi\u00f3n prominente 347<\/div>\n<div>Escucha cr\u00edtica final 348<\/div>\n<h3>DIFERENTES VERSIONES DE MIX 349<\/h3>\n<div>Una mezcla alternativa 350<\/div>\n<h3>MEZCLA DE EXPORTACI\u00d3N 354<\/h3>\n<div>Usos previstos de la mezcla 355<\/div>\n<div>Uso directo sin masterizaci\u00f3n 355<\/div>\n<div>Masterizaci\u00f3n y archivo 355<\/div>\n<div>Dominio de Stem 356<\/div>\n<div>Pistas de acompa\u00f1amiento para uso en vivo 357<\/div>\n<div>Secuencias de clic para uso en vivo 357<\/div>\n<div>Notas de masterizaci\u00f3n 358<\/div>\n<div>Nombrar archivos correctamente 358<\/div>\n<div>Enviar notas 358<\/div>\n<div>Rese\u00f1a del Mix 359<\/div>\n<h2>Parte C *** TRATAMIENTO DE LOS ELEMENTOS DE LA MEZCLA 361<\/h2>\n<h3>VOZ SOLISTA 363<\/h3>\n<div>Gesti\u00f3n inicial del volumen de voz 363<\/div>\n<div>Los desequilibrios de la edici\u00f3n anterior 363<\/div>\n<div>Desequilibrios de rendimiento y nivelaci\u00f3n vocal 364<\/div>\n<div>Equilibrio tonal 366<\/div>\n<div>Igualaci\u00f3n preliminar 366<\/div>\n<div>Suavizado din\u00e1mico-tonal 373<\/div>\n<div>Nivelaci\u00f3n din\u00e1mica 375<\/div>\n<div>Doble y triple compresi\u00f3n 376<\/div>\n<div>Compresi\u00f3n paralela 383<\/div>\n<div>Compresi\u00f3n de voz en la cara 386<\/div>\n<div>Ajustes tonales en la mezcla 387<\/div>\n<div>Ecualizaci\u00f3n de mezcla 387<\/div>\n<div>Mejora 389<\/div>\n<div>Saturaci\u00f3n arm\u00f3nica 389<\/div>\n<div>Una dimensi\u00f3n contextual din\u00e1mica 390<\/div>\n<div>Desessing 391<\/div>\n<div>Configuraci\u00f3n 395<\/div>\n<div>Retardo y coro 402<\/div>\n<div>El control de volumen para la voz principal en la mezcla 404<\/div>\n<div>Comprobaciones finales del volumen 408<\/div>\n<div>Gesti\u00f3n final del volumen de voz 414<\/div>\n<h3>BAJO Y CONTRABAJO 415<\/h3>\n<div>Igualaci\u00f3n preliminar 415<\/div>\n<div>Ecualizaci\u00f3n de mezcla 416<\/div>\n<div>Un buen ajuste con el bajo 416<\/div>\n<div>Control de la din\u00e1mica en el bajo 421<\/div>\n<div>Dyn 422<\/div>\n<h3>BATER\u00cdA 424<\/h3>\n<div>Puerta 424<\/div>\n<div>Consideraciones para el uso de la Puerta 425<\/div>\n<div>Controles de la puerta 426<\/div>\n<div>Usando la Puerta para los 430 Tambores<\/div>\n<div>Control manual de pistas de tom 434<\/div>\n<div>La puerta para el bombo 435<\/div>\n<div>La puerta para el tambor 437<\/div>\n<div>La puerta para platillos grabada con micr\u00f3fonos cercanos 438<\/div>\n<div>La puerta en la m\u00fasica purista 440<\/div>\n<div>Igualaci\u00f3n preliminar 441<\/div>\n<div>Bombo 443<\/div>\n<div>Compresi\u00f3n paralela 443<\/div>\n<div>V\u00eda doble 443<\/div>\n<div>Ecualizaci\u00f3n preliminar para el bombo 447<\/div>\n<div>Ecualizador de mezcla para bombo 450<\/div>\n<div>Control din\u00e1mico 457<\/div>\n<div>Modelado 465<\/div>\n<div>Equilibrio din\u00e1mico entre bombo y bajo 470<\/div>\n<div>Campo sonoro 473<\/div>\n<div>Caja 475<\/div>\n<div>V\u00eda doble 475<\/div>\n<div>Igualaci\u00f3n preliminar 478<\/div>\n<div>Ecualizaci\u00f3n de mezcla 481<\/div>\n<div>Control din\u00e1mico 485<\/div>\n<div>Modelado 489<\/div>\n<div>Campo de sonido 494<\/div>\n<div>Hi-hat 496<\/div>\n<div>Igualaci\u00f3n preliminar 496<\/div>\n<div>Ecualizaci\u00f3n de mezcla 497<\/div>\n<div>TomTom y Timpano 499<\/div>\n<div>Doble pista para cada tambor 499<\/div>\n<div>Igualaci\u00f3n preliminar 500<\/div>\n<div>Ecualizador de mezcla 501<\/div>\n<div>Control din\u00e1mico 506<\/div>\n<div>Campo de sonido 512<\/div>\n<div>Gastos generales 513<\/div>\n<div>Reanudaci\u00f3n del medio ambiente 515<\/div>\n<div>Bater\u00eda estresada 515<\/div>\n<h3>PIANO 518<\/h3>\n<div>La funci\u00f3n de las 520 pistas<\/div>\n<div>Criterios de mezcla con pistas de piano 521<\/div>\n<div>Igualaci\u00f3n preliminar del plan 523<\/div>\n<div>Mezcla de las 523 pistas de piano<\/div>\n<div>Compresi\u00f3n paralela 524<\/div>\n<div>Caracteres del sonido del piano y ecualizador de mezcla 524<\/div>\n<h3>GUITARRAS 526<\/h3>\n<div>La Reina del Pop 526<\/div>\n<div>Control de fase 526<\/div>\n<div>Diferentes colores en las pistas 528<\/div>\n<div>Igualaci\u00f3n preliminar 529<\/div>\n<div>Corte con el HPF 529<\/div>\n<div>Eliminar resonancias 530<\/div>\n<div>Ajuste del rasgueo 532<\/div>\n<div>Limitaci\u00f3n preliminar 534<\/div>\n<div>La compresi\u00f3n de conformaci\u00f3n 534<\/div>\n<div>Compresi\u00f3n niveladora 534<\/div>\n<div>La guitarra en la mezcla en general 535<\/div>\n<div>El bajo 535<\/div>\n<div>El Barro Ac\u00fastico 536<\/div>\n<div>Los 536 de abajo<\/div>\n<div>El m\u00e9dium 536<\/div>\n<div>La banda de luz 536<\/div>\n<div>El mordisco 536<\/div>\n<div>La banda argentina 537<\/div>\n<div>La guitarra el\u00e9ctrica en la mezcla 538<\/div>\n<div>Selecci\u00f3n y simulaci\u00f3n de amplificadores y gabinetes 538<\/div>\n<div>Compresi\u00f3n en capas 539<\/div>\n<div>Gesti\u00f3n de panor\u00e1micas 542<\/div>\n<div>Paneo natural 542<\/div>\n<div>Generaci\u00f3n 543 de paneo artificial<\/div>\n<div>Ajuste de guitarras el\u00e9ctricas 545<\/div>\n<div>Los solos el\u00e9ctricos 545<\/div>\n<div>Ritmos el\u00e9ctricos pesados 546<\/div>\n<div>Las guitarras distorsionadas sostenidas 547<\/div>\n<div>Los ritmos r\u00e1pidos y \u201cduros\u201d 547<\/div>\n<h3>SECCIONES ORQUESTALES 548<\/h3>\n<div>Solistas 548<\/div>\n<div>Intervenciones preliminares 549<\/div>\n<div>Intervenciones p\u00f3stumas 549<\/div>\n<div>Herramientas en la Secci\u00f3n 550<\/div>\n<h2>Parte D *** CONSEJOS EN PASTILLAS 553<\/h2>\n<h3>COMPRESI\u00d3N 554<\/h3>\n<div>Hazte amigo de side-chaning 554<\/div>\n<h3>FASES Y TRANSITORIOS 555<\/h3>\n<div>Compruebe si hay problemas en la fase 555<\/div>\n<h3>EFECTOS AMBIENTALES 556<\/h3>\n<div>Pon a dieta la reverberaci\u00f3n 556<\/div>\n<h3>MEJORA 557<\/h3>\n<div>C\u00f3mo romper el muro de sonido en la mezcla 557<\/div>\n<h3>IGUALACI\u00d3N 558<\/h3>\n<div>Ahorrar dinero usando la ecuaci\u00f3n 558<\/div>\n<h3>MEZCLA 562<\/h3>\n<div>El volumen de escucha es demasiado alto 562<\/div>\n<div>\u00bfSuena mejor a volumen alto? \u00a1No! 562<\/div>\n<div>Cansancio de o\u00eddo 563<\/div>\n<div>No conf\u00edes demasiado en tu monitorizaci\u00f3n 563<\/div>\n<div>Ejecutar la mezcla con los filtros de finalizaci\u00f3n insertados 564<\/div>\n<div>Ampl\u00eda el est\u00e9reo de las pistas dobles 565<\/div>\n<div>Automatizaci\u00f3n antes de la compresi\u00f3n 566<\/div>\n<div>Errores de principiante al mezclar 567<\/div>\n<div>Consejos para principiantes de la mezcla 571<\/div>\n<div>Las voces en mezcla 572<\/div>\n<div>Expansi\u00f3n est\u00e9reo 573<\/div>\n<div>Ac\u00fastica de la sala 573<\/div>\n<div>Compresi\u00f3n paralela 574<\/div>\n<div>Consejos de ecualizaci\u00f3n vocal 574<\/div>\n<div>Gu\u00eda de frecuencia de voz 575<\/div>\n<div>El bajo en la mezcla 576<\/div>\n<div>Procesamiento din\u00e1mico 578<\/div>\n<div>Calentando el sonido 579<\/div>\n<div>Cadena lateral entre el bajo y el bombo para afinar los graves del 580<\/div>\n<div>Gu\u00eda de bandas de frecuencia de graves 580<\/div>\n<div>La bater\u00eda en la mezcla 581<\/div>\n<div>Guitarras y luego guitarras 584<\/div>\n<h3>MONITOREO 585<\/h3>\n<div>Escuchar con los o\u00eddos del p\u00fablico 585<\/div>\n<div>No abuses del bot\u00f3n &quot;Solo&quot; 586<\/div>\n<h3>P\u00cdLDORAS CONCEPTUALES DE GRANDES EXPERTOS 587 <br class=\"avia-permanent-lb\" \/><br class=\"avia-permanent-lb\" \/><\/h3>\n<p><strong><img loading=\"lazy\" decoding=\"async\" class=\"wp-image-10934 size-full alignnone\" src=\"https:\/\/alessandrofois.com\/wp-content\/uploads\/2022\/10\/image.jpeg\" alt=\"\" width=\"473\" height=\"1024\" srcset=\"https:\/\/alessandrofois.com\/wp-content\/uploads\/2022\/10\/image.jpeg 473w, https:\/\/alessandrofois.com\/wp-content\/uploads\/2022\/10\/image-139x300.jpeg 139w, https:\/\/alessandrofois.com\/wp-content\/uploads\/2022\/10\/image-6x12.jpeg 6w, https:\/\/alessandrofois.com\/wp-content\/uploads\/2022\/10\/image-326x705.jpeg 326w, https:\/\/alessandrofois.com\/wp-content\/uploads\/2022\/10\/image-450x974.jpeg 450w\" sizes=\"auto, (max-width: 473px) 100vw, 473px\" \/><\/strong><\/p>\n<\/div>\n<div class=\"avia_textblock\">\n<p>&nbsp;<\/p>\n<\/div>\n<\/section>\n<\/div>","protected":false},"excerpt":{"rendered":"<p data-start=\"113\" data-end=\"155\"><span style=\"font-size: 18pt;\"><strong data-start=\"113\" data-end=\"153\">\u20ac 39,00 &#8211; <\/strong><\/span><strong data-start=\"113\" data-end=\"153\">Nueva Edici\u00f3n N.\u00b0 3 \u2013 Septiembre de 2022<\/strong><\/p>\n<p data-start=\"157\" data-end=\"255\">\u2714 Bestseller en Amazon (noviembre de 2022\u2013enero de 2023) en <em data-start=\"221\" data-end=\"253\">Grabaci\u00f3n de m\u00fasica y audio<\/em><\/p>\n<p data-start=\"157\" data-end=\"255\"><em data-start=\"221\" data-end=\"253\"><img loading=\"lazy\" decoding=\"async\" class=\"alignnone wp-image-10935 size-full\" src=\"https:\/\/alessandrofois.com\/wp-content\/uploads\/2025\/08\/Best-Seller-Manuale-Audio-Mixing.jpg\" alt=\"\" width=\"462\" height=\"158\" srcset=\"https:\/\/alessandrofois.com\/wp-content\/uploads\/2025\/08\/Best-Seller-Manuale-Audio-Mixing.jpg 462w, https:\/\/alessandrofois.com\/wp-content\/uploads\/2025\/08\/Best-Seller-Manuale-Audio-Mixing-300x103.jpg 300w, https:\/\/alessandrofois.com\/wp-content\/uploads\/2025\/08\/Best-Seller-Manuale-Audio-Mixing-18x6.jpg 18w, https:\/\/alessandrofois.com\/wp-content\/uploads\/2025\/08\/Best-Seller-Manuale-Audio-Mixing-450x154.jpg 450w\" sizes=\"auto, (max-width: 462px) 100vw, 462px\" \/><\/em><\/p>\n<p data-start=\"257\" data-end=\"386\"><strong>Al comprar aqu\u00ed, en la p\u00e1gina web del autor, obtendr\u00e1s un descuento significativo respecto al precio de la versi\u00f3n impresa en Amazon. Dentro del libro, encontrar\u00e1s un cup\u00f3n gratuito para... <em data-start=\"437\" data-end=\"470\">Glosario de ingenieros de sonido<\/em><\/strong><\/p>","protected":false},"featured_media":1213,"comment_status":"open","ping_status":"closed","template":"","meta":[],"product_brand":[],"product_cat":[69,70],"product_tag":[],"class_list":{"0":"post-1212","1":"product","2":"type-product","3":"status-publish","4":"has-post-thumbnail","6":"product_cat-libri","7":"product_cat-libri-e-manuali-di-audio","9":"first","10":"instock","11":"sale","12":"purchasable","13":"product-type-simple"},"post_mailing_queue_ids":[],"_links":{"self":[{"href":"https:\/\/alessandrofois.com\/es\/wp-json\/wp\/v2\/product\/1212","targetHints":{"allow":["GET"]}}],"collection":[{"href":"https:\/\/alessandrofois.com\/es\/wp-json\/wp\/v2\/product"}],"about":[{"href":"https:\/\/alessandrofois.com\/es\/wp-json\/wp\/v2\/types\/product"}],"replies":[{"embeddable":true,"href":"https:\/\/alessandrofois.com\/es\/wp-json\/wp\/v2\/comments?post=1212"}],"wp:featuredmedia":[{"embeddable":true,"href":"https:\/\/alessandrofois.com\/es\/wp-json\/wp\/v2\/media\/1213"}],"wp:attachment":[{"href":"https:\/\/alessandrofois.com\/es\/wp-json\/wp\/v2\/media?parent=1212"}],"wp:term":[{"taxonomy":"product_brand","embeddable":true,"href":"https:\/\/alessandrofois.com\/es\/wp-json\/wp\/v2\/product_brand?post=1212"},{"taxonomy":"product_cat","embeddable":true,"href":"https:\/\/alessandrofois.com\/es\/wp-json\/wp\/v2\/product_cat?post=1212"},{"taxonomy":"product_tag","embeddable":true,"href":"https:\/\/alessandrofois.com\/es\/wp-json\/wp\/v2\/product_tag?post=1212"}],"curies":[{"name":"wp","href":"https:\/\/api.w.org\/{rel}","templated":true}]}}