{"id":1562,"date":"2019-10-07T18:29:41","date_gmt":"2019-10-07T18:29:41","guid":{"rendered":"http:\/\/alessandrofois.com\/prodotto\/home-studio-per-digital-audio-recording\/"},"modified":"2025-12-11T10:20:39","modified_gmt":"2025-12-11T10:20:39","slug":"estudio-casero-para-grabacion-de-audio-digital-2","status":"publish","type":"product","link":"https:\/\/alessandrofois.com\/es\/prodotto\/home-studio-per-digital-audio-recording\/","title":{"rendered":"Estudio dom\u00e9stico para grabaci\u00f3n digital de audio"},"content":{"rendered":"<div class=\"flex_column av_two_third flex_column_div av-zero-column-padding avia-builder-el-3 el_after_av_one_third el_before_av_one_third\">\n<section class=\"av_textblock_section\">\n<div>\n<hr \/>\n<p><strong>ESTUDIO CASERO PARA GRABACI\u00d3N DE AUDIO DIGITAL<\/strong><\/p>\n<\/div>\n<div>\n<h2><span style=\"color: #999999;\"><b>Gu\u00eda de configuraci\u00f3n de un estudio en casa: ac\u00fastica, configuraci\u00f3n, equipo y conocimientos t\u00e9cnicos<\/b><\/span><\/h2>\n<p><b>Una gu\u00eda para crear y configurar un estudio casero con resultados profesionales. Conocimientos b\u00e1sicos de ingenier\u00eda de sonido, ac\u00fastica, equipos, configuraci\u00f3n, ajustes y consejos.<\/b><\/p>\n<p><strong>Formato 21 x 29 cm (A4) \u2013 P\u00e1ginas 428 \u2013 M\u00e1s de 180 ilustraciones con subt\u00edtulos<\/strong><\/p>\n<p>***<\/p>\n<\/div>\n<div>\n<h2>\u00cdNDICE<\/h2>\n<p>Prefacio<\/p>\n<h3><b>Parte 1 \u2013 CULTURA B\u00c1SICA<\/b><\/h3>\n<h2><b>01 \u2013 SONIDO Y FORMA DE ONDA<\/b><\/h2>\n<p>Sonidos<\/p>\n<p>Ruidos<\/p>\n<p>Problemas de forma de onda, fase y fase<\/p>\n<p>La onda sonora<\/p>\n<p>Movimiento arm\u00f3nico<\/p>\n<p>Superposici\u00f3n y fase de ondas<\/p>\n<p>Inversi\u00f3n de polaridad<\/p>\n<p>Retraso de tiempo<\/p>\n<p>Generaci\u00f3n arm\u00f3nica<\/p>\n<p>Las barras de tiro del \u00f3rgano Hammond<\/p>\n<p>El ritmo<\/p>\n<p>El tercer sonido de Tartini<\/p>\n<p>Onda resultante compuesta<\/p>\n<p>Problemas de fase durante la grabaci\u00f3n y la mezcla<\/p>\n<p>Coro mediante cambio de tiempo (retardo)<\/p>\n<h2><b>02 \u2013 PAR\u00c1METROS DEL SONIDO MUSICAL<\/b><\/h2>\n<p>Altura<\/p>\n<p>Estampilla<\/p>\n<p>Componentes del sello<\/p>\n<p>Manipulaci\u00f3n del sello<\/p>\n<p>Intensidad<\/p>\n<p>Din\u00e1mica<\/p>\n<p>Excursi\u00f3n din\u00e1mica<\/p>\n<p>Din\u00e1mica media e intensidad media<\/p>\n<p>Lufs<\/p>\n<p>Variaci\u00f3n din\u00e1mica dentro de un solo sonido<\/p>\n<p>Sobre<\/p>\n<p>ADSR<\/p>\n<p>Ataque<\/p>\n<p>Decadencia<\/p>\n<p>Sostener<\/p>\n<p>Liberar<\/p>\n<p>El sintetizador<\/p>\n<p>Formas de onda en la s\u00edntesis de sonido<\/p>\n<h2><b>03 \u2013 PROPAGACI\u00d3N Y USO DEL SONIDO<\/b><\/h2>\n<p>Velocidad del sonido y longitud de onda<\/p>\n<p>Propagaci\u00f3n del sonido y obst\u00e1culos<\/p>\n<p>Eco<\/p>\n<p>Reverberaci\u00f3n<\/p>\n<p>Espacialidad<\/p>\n<p>Simulaci\u00f3n de la directividad del sonido<\/p>\n<p>Monofon\u00eda<\/p>\n<p>Estereofonia<\/p>\n<p>Cuadrafon\u00eda<\/p>\n<p>Rodear<\/p>\n<p>Octofon\u00eda y sistemas de puntos<\/p>\n<p>Presencia y proximidad<\/p>\n<p>Percepci\u00f3n de volumen y sustain<\/p>\n<p>Volumen ideal para escucha cr\u00edtica<\/p>\n<p>Medidor de nivel de sonido<\/p>\n<h2><b>04 \u2013 ANAL\u00d3GICO Y DIGITAL<\/b><\/h2>\n<p>Digital de alta definici\u00f3n<\/p>\n<p>Comparaci\u00f3n de definici\u00f3n y din\u00e1mica en la grabaci\u00f3n<\/p>\n<p>El muestreo<\/p>\n<p>Bits y din\u00e1mica<\/p>\n<p>La cadena de audio de calidad<\/p>\n<p>Alias<\/p>\n<p>niveles de se\u00f1al<\/p>\n<p>La se\u00f1al anal\u00f3gica<\/p>\n<p>La se\u00f1al digital<\/p>\n<p>Los l\u00edmites del punto flotante<\/p>\n<p>La prueba de Montgomery<\/p>\n<p>El sonido<\/p>\n<p>El futuro de lo digital<\/p>\n<p>Una opini\u00f3n personal<\/p>\n<h2><b>05 \u2013 EL VALOR DE LA M\u00daSICA<\/b><\/h2>\n<p>El prop\u00f3sito de la m\u00fasica hoy en d\u00eda<\/p>\n<p>Capa base de relleno<\/p>\n<p>Soporte de juegos<\/p>\n<p>Apoyo narrativo<\/p>\n<p>La narraci\u00f3n abstracta de la m\u00fasica<\/p>\n<p>El crecimiento de la conciencia<\/p>\n<p>Influencias y clasificaciones musicales<\/p>\n<p>M\u00fasica popular, cl\u00e1sica y comercial.<\/p>\n<p>Influencia etnogeogr\u00e1fica e hist\u00f3rico-cultural<\/p>\n<p>La revoluci\u00f3n tecnol\u00f3gica en la m\u00fasica<\/p>\n<p>Influencia globalizadora y liberalista<\/p>\n<h2><b>06 \u2013 LOS ELEMENTOS MUSICALES<\/b><\/h2>\n<p>An\u00e1lisis t\u00e9cnico de elementos musicales<\/p>\n<p>Melod\u00eda<\/p>\n<p>Claves, modos, escalas e intervalos<\/p>\n<p>Sistema diat\u00f3nico y cromatismo, coma, cent, afinaci\u00f3n<\/p>\n<p>Armon\u00eda y acordes<\/p>\n<p>Ritmo y groove<\/p>\n<p>Din\u00e1mica, puntuaci\u00f3n, rumbo<\/p>\n<p>Temas, estructuras y estilos<\/p>\n<p>Arreglos y orquestaci\u00f3n<\/p>\n<p>escucha cr\u00edtica<\/p>\n<h3><b>Parte 2 \u2013 AC\u00daSTICA Y AMBIENTACI\u00d3N<\/b><\/h3>\n<h2><b>07 \u2013 ELECCI\u00d3N DE LA UBICACI\u00d3N<\/b><\/h2>\n<p>Limitaciones del estudio en casa<\/p>\n<p>Las habitaciones<\/p>\n<p>Sala de grabaci\u00f3n ac\u00fastica<\/p>\n<p>Sala de control<\/p>\n<p>Habitaci\u00f3n individual o doble<\/p>\n<p>Proporciones y dimensiones ideales del estudio.<\/p>\n<p>Habitaciones con forma y tama\u00f1o inadecuados<\/p>\n<p>Orientaci\u00f3n de la sala de control<\/p>\n<h2><b>08 \u2013 AISLAMIENTO AC\u00daSTICO<\/b><\/h2>\n<p>Finalidad del aislamiento ac\u00fastico<\/p>\n<p>Primero: No molestar<\/p>\n<p>Segundo: No te molestes<\/p>\n<p>Tercero: aislar las habitaciones entre s\u00ed<\/p>\n<p>C\u00f3mo proceder con la insonorizaci\u00f3n del estudio<\/p>\n<p>Piso flotante<\/p>\n<p>Paredes laterales flotantes del mostrador \u2013 lado largo<\/p>\n<p>Expansi\u00f3n de las paredes<\/p>\n<p>Falsas paredes flotantes delanteras y traseras \u2013 lado corto<\/p>\n<p>falso techo suspendido<\/p>\n<p>La pared divisoria entre la sala de control y la sala de grabaci\u00f3n.<\/p>\n<p>Aislamiento y optimizaci\u00f3n ac\u00fastica, soluciones habituales<\/p>\n<p>Consideraciones finales<\/p>\n<p>Caba\u00f1as aislantes<\/p>\n<p>Paneles divisorios m\u00f3viles<\/p>\n<p>Puertas insonorizadas<\/p>\n<h2><b>09 \u2013 AC\u00daSTICA Y MONTAJE DEL ESTUDIO<\/b><\/h2>\n<p>El camino del sonido<\/p>\n<p>Propagaci\u00f3n<\/p>\n<p>Obst\u00e1culos<\/p>\n<p>Ondas estacionarias<\/p>\n<p>C\u00e1lculo de la resonancia modal b\u00e1sica<\/p>\n<p>Resonancias modales axiales, tangenciales y oblicuas<\/p>\n<p>M\u00faltiplos modales<\/p>\n<p>Frecuencia de Schr\u00f6der<\/p>\n<p>Calcular todas las resonancias modales<\/p>\n<p>An\u00e1lisis de respuesta de frecuencia<\/p>\n<p>Las habitaciones grandes<\/p>\n<p>Distancia cr\u00edtica<\/p>\n<p>Eco y eco de aleteo<\/p>\n<p>Soluci\u00f3n de problemas ac\u00fasticos<\/p>\n<p>Selecci\u00f3n de habitaci\u00f3n<\/p>\n<p>Eliminaci\u00f3n del eco de aleteo<\/p>\n<p>Eliminaci\u00f3n de reflexiones tempranas<\/p>\n<p>Reducci\u00f3n general de graves<\/p>\n<p>Reducci\u00f3n selectiva de graves<\/p>\n<p>Difusi\u00f3n y homogeneizaci\u00f3n de los medios y agudos<\/p>\n<p>Optimizaci\u00f3n del tiempo de reverberaci\u00f3n<\/p>\n<p>Uso del ecualizador para la correcci\u00f3n ac\u00fastica<\/p>\n<p>Ondas estacionarias y afinaci\u00f3n de tambores<\/p>\n<p>Comunicaci\u00f3n visual entre estancias<\/p>\n<p>Intercomunicador para comunicaci\u00f3n sonora entre habitaciones<\/p>\n<h2><b>10 \u2013 MONITORES Y SEGUIMIENTO<\/b><\/h2>\n<p>Los altavoces del monitor principal<\/p>\n<p>El subwoofer<\/p>\n<p>Monitores alternativos<\/p>\n<p>Posicionamiento del punto de escucha y monitores<\/p>\n<p>Imagen est\u00e9reo<\/p>\n<p>Criterios generales<\/p>\n<p>Nodos modales y puntos de escucha<\/p>\n<p>Primera reflexi\u00f3n retrospectiva<\/p>\n<p>Reflexiones laterales tempranas y filtro peine<\/p>\n<p>Colocaci\u00f3n y calibraci\u00f3n del subwoofer<\/p>\n<p>Algunos consejos<\/p>\n<p>Igualaci\u00f3n ambiental<\/p>\n<p>Comprobaci\u00f3n de linealidad con notas musicales<\/p>\n<p>Volumen de escucha cr\u00edtico durante el monitoreo<\/p>\n<p>Evaluaci\u00f3n cr\u00edtica de bajas frecuencias<\/p>\n<p>Prueba de mezcla media<\/p>\n<p>Monitoreo para la sala de grabaci\u00f3n<\/p>\n<p>Los altavoces para la sala principal<\/p>\n<p>Monitores para comunicaci\u00f3n<\/p>\n<p>L\u00edneas auxiliares para monitoreo<\/p>\n<p>Preamplificadores de auriculares<\/p>\n<p>Los paneles de conexi\u00f3n<\/p>\n<p>Auriculares<\/p>\n<p>C\u00f3mo proceder<\/p>\n<p>Monitoreo pre o post fader<\/p>\n<p>Gesti\u00f3n de la latencia<\/p>\n<h2><b>11 \u2013 CABLEADO Y SE\u00d1AL DE AUDIO<\/b><\/h2>\n<p>La se\u00f1al ac\u00fastica<\/p>\n<p>El transductor ac\u00fastico<\/p>\n<p>La se\u00f1al electroac\u00fastica<\/p>\n<p>Conductores balanceados y no balanceados<\/p>\n<p>Perturbaciones electromagn\u00e9ticas y cables blindados<\/p>\n<p>Cables de l\u00ednea balanceada<\/p>\n<p>Cables de l\u00ednea no balanceados<\/p>\n<p>Cables est\u00e9reo balanceados y no balanceados<\/p>\n<p>Procesadores de hardware, amplificadores y altavoces<\/p>\n<p>Entradas del preamplificador<\/p>\n<p>Micro<\/p>\n<p>L\u00ednea<\/p>\n<p>Instrumento<\/p>\n<p>niveles de se\u00f1al<\/p>\n<p>Nivel de ruido<\/p>\n<p>Banda de asistencia<\/p>\n<p>Nivel nominal<\/p>\n<p>Banda de espacio libre<\/p>\n<p>Nivel de distorsi\u00f3n y recorte<\/p>\n<p>Los niveles de ganancia a utilizar en el preamplificador<\/p>\n<h3><b>Parte 3 \u2013 EQUIPO<\/b><\/h3>\n<h2><b>12 \u2013 COMPUTADORAS Y PERIF\u00c9RICOS<\/b><\/h2>\n<p>CPU y DSP<\/p>\n<p>RAM<\/p>\n<p>Disco duro, SSD, RAID<\/p>\n<p>Ajuste fino de la configuraci\u00f3n de su computadora<\/p>\n<p>Actualizaciones<\/p>\n<p>Energ\u00eda<\/p>\n<p>Indexaci\u00f3n de archivos<\/p>\n<p>Diario<\/p>\n<p>Multitarea<\/p>\n<h2><b>13 \u2013 DAW Y CONVERTIDORES<\/b><\/h2>\n<p>Configuraci\u00f3n de DAW<\/p>\n<p>Tama\u00f1o del b\u00fafer de hardware<\/p>\n<p>Procesador host<\/p>\n<p>L\u00edmite de uso<\/p>\n<p>Motor de compensaci\u00f3n de retardo<\/p>\n<p>Tama\u00f1o de cach\u00e9 (Pro Tools)<\/p>\n<p>Cach\u00e9 de disco<\/p>\n<p>Los complementos m\u00e1s \u00fatiles para el DAW<\/p>\n<p>Ajustador de tiempo<\/p>\n<p>Visor de correlaci\u00f3n de fase est\u00e9reo<\/p>\n<p>Ganar<\/p>\n<p>Igualada<\/p>\n<p>compresor de banda \u00fanica<\/p>\n<p>Compresor multibanda<\/p>\n<p>Reverberaci\u00f3n<\/p>\n<p>Eco\/Retardo<\/p>\n<p>Excitante<\/p>\n<p>Saturador<\/p>\n<p>Inflador<\/p>\n<p>Medida<\/p>\n<p>Analizadores<\/p>\n<p>Generadores<\/p>\n<h2><b>14 \u2013 MICR\u00d3FONOS<\/b><\/h2>\n<p>Un poco de historia<\/p>\n<p>Los transductores<\/p>\n<p>Micr\u00f3fono din\u00e1mico<\/p>\n<p>Micr\u00f3fono de cinta<\/p>\n<p>Micr\u00f3fono de condensador<\/p>\n<p>micr\u00f3fono de tubo<\/p>\n<p>La membrana<\/p>\n<p>\u00c1ngulo de disparo y diagrama polar<\/p>\n<p>Micr\u00f3fonos de doble diafragma<\/p>\n<p>Respuesta de frecuencia<\/p>\n<p>Impedancia<\/p>\n<p>Sensibilidad<\/p>\n<p>Espacio din\u00e1mico<\/p>\n<p>Velocidad din\u00e1mica<\/p>\n<p>Distorsi\u00f3n y resistencia electromec\u00e1nica<\/p>\n<p>Elegir un parque de micr\u00f3fonos<\/p>\n<p>Algunas sugerencias<\/p>\n<h2><b>15 \u2013 PREAMPLIFICADORES<\/b><\/h2>\n<p>Aporte<\/p>\n<p>Micro<\/p>\n<p>L\u00ednea<\/p>\n<p>Instrumento<\/p>\n<p>Controles<\/p>\n<p>Selector de entrada<\/p>\n<p>Fantasma<\/p>\n<p>Almohadilla<\/p>\n<p>Selector de microimpedancia<\/p>\n<p>Selector de nivel de l\u00ednea<\/p>\n<p>Ganancia de entrada<\/p>\n<p>LED de nivel de entrada<\/p>\n<p>Filtro de paso alto<\/p>\n<p>Ganancia de salida<\/p>\n<p>LED de nivel de salida<\/p>\n<p>Producci\u00f3n<\/p>\n<h2><b>16 \u2013 OTROS EQUIPOS<\/b><\/h2>\n<p>Mezclador y controlador<\/p>\n<p>Motores fuera de borda anal\u00f3gicos<\/p>\n<p>Sistema MIDI, interfaz, teclado musical<\/p>\n<p>Instrumentos virtuales y grooves<\/p>\n<p><i>Formato del complemento<\/i><\/p>\n<p><i>Formatos generales de m\u00fasica y bibliotecas de sonido<\/i><\/p>\n<p><i>Surcos<\/i><\/p>\n<p>Soportes y soportes para micr\u00f3fonos<\/p>\n<p>Cables<\/p>\n<p>Mobiliario<\/p>\n<p>Caja de instrumento<\/p>\n<h3><b>CONCLUSI\u00d3N<\/b><\/h3>\n<p><i>Saber c\u00f3mo<\/i><\/p>\n<p><i>El ingeniero de sonido y el director art\u00edstico<\/i><\/p>\n<p><i>En conclusi\u00f3n<\/i><\/p>\n<p><i>M\u00e1s informaci\u00f3n<\/i><\/p>\n<p><i>Publicaciones<\/i><\/p>\n<p><i>C\u00f3mo comprar<\/i><\/p>\n<p><i>Convenciones de libros<\/i><\/p>\n<p><i>Servicios<\/i><\/p>\n<p><i>Seminarios y colaboraciones<\/i><\/p>\n<p><i>Derechos de autor<\/i><\/p>\n<p><i>Informaci\u00f3n y licencias<\/i><\/p>\n<\/div>\n<\/section>\n<\/div>","protected":false},"excerpt":{"rendered":"<h3><strong>Un ahorro significativo al comprar aqu\u00ed, en la p\u00e1gina web del autor, en lugar de en Amazon.<\/strong><\/h3>\n<hr \/>\n<h3><strong>ESTUDIO CASERO PARA GRABACI\u00d3N DE AUDIO DIGITAL<\/strong><\/h3>\n<p>Serie \u201cIngenier\u00eda de Audio \u2013 Manuales de Audio para el Ingeniero de Sonido\u201d \u2013 Volumen 5<\/p>\n<p>Una gu\u00eda para crear y configurar un estudio en casa para obtener resultados profesionales.<\/p>\n<p>Conocimientos b\u00e1sicos de ingenier\u00eda de sonido, ac\u00fastica, equipos, montaje, configuraciones y asesoramiento.<\/p>","protected":false},"featured_media":1563,"comment_status":"open","ping_status":"closed","template":"","meta":[],"product_brand":[],"product_cat":[69,70],"product_tag":[],"class_list":{"0":"post-1562","1":"product","2":"type-product","3":"status-publish","4":"has-post-thumbnail","6":"product_cat-libri","7":"product_cat-libri-e-manuali-di-audio","9":"first","10":"instock","11":"sale","12":"purchasable","13":"product-type-simple"},"post_mailing_queue_ids":[],"_links":{"self":[{"href":"https:\/\/alessandrofois.com\/es\/wp-json\/wp\/v2\/product\/1562","targetHints":{"allow":["GET"]}}],"collection":[{"href":"https:\/\/alessandrofois.com\/es\/wp-json\/wp\/v2\/product"}],"about":[{"href":"https:\/\/alessandrofois.com\/es\/wp-json\/wp\/v2\/types\/product"}],"replies":[{"embeddable":true,"href":"https:\/\/alessandrofois.com\/es\/wp-json\/wp\/v2\/comments?post=1562"}],"wp:featuredmedia":[{"embeddable":true,"href":"https:\/\/alessandrofois.com\/es\/wp-json\/wp\/v2\/media\/1563"}],"wp:attachment":[{"href":"https:\/\/alessandrofois.com\/es\/wp-json\/wp\/v2\/media?parent=1562"}],"wp:term":[{"taxonomy":"product_brand","embeddable":true,"href":"https:\/\/alessandrofois.com\/es\/wp-json\/wp\/v2\/product_brand?post=1562"},{"taxonomy":"product_cat","embeddable":true,"href":"https:\/\/alessandrofois.com\/es\/wp-json\/wp\/v2\/product_cat?post=1562"},{"taxonomy":"product_tag","embeddable":true,"href":"https:\/\/alessandrofois.com\/es\/wp-json\/wp\/v2\/product_tag?post=1562"}],"curies":[{"name":"wp","href":"https:\/\/api.w.org\/{rel}","templated":true}]}}