{"id":4447,"date":"2020-02-10T11:48:05","date_gmt":"2020-02-10T11:48:05","guid":{"rendered":"http:\/\/alessandrofois.com\/prodotto\/pubblica-vendi-e-promuovi-la-tua-musica\/"},"modified":"2025-12-11T10:16:35","modified_gmt":"2025-12-11T10:16:35","slug":"publica-vende-y-promociona-tu-musica","status":"publish","type":"product","link":"https:\/\/alessandrofois.com\/es\/prodotto\/pubblica-vendi-e-promuovi-la-tua-musica\/","title":{"rendered":"Publique, venda y promocione su m\u00fasica"},"content":{"rendered":"<div class=\"flex_column av_two_third flex_column_div av-zero-column-padding avia-builder-el-3 el_after_av_one_third el_before_av_one_third\">\n<section class=\"av_textblock_section\">\n<div>\n<hr \/>\n<h3>LANZA, VENDE Y PROMOCIONA TU M\u00daSICA<\/h3>\n<p>Consejos esenciales para el marketing musical en la era del streaming<\/p>\n<\/div>\n<div>\n<p><strong>Formato 21 x 29 cm (A4) \u2013 P\u00e1gina 216<\/strong><\/p>\n<hr \/>\n<\/div>\n<div>\n<h2>PREFACIO<\/h2>\n<hr \/>\n<p><b>G\u00c9NESIS<\/b><\/p>\n<p>Este libro es s\u00f3lo en parte el resultado de mi experiencia directa, sino que surge principalmente de una extensa investigaci\u00f3n realizada a trav\u00e9s de numerosos informes, blogs, editoriales y entrevistas, recopilando numerosos testimonios directos e indirectos de varios artistas, productores y promotores de \u00e9xito, as\u00ed como otros expertos en el mundo de la edici\u00f3n y el marketing de m\u00fasica digital.<\/p>\n<p>Por lo tanto, la primera fase de mi trabajo implic\u00f3 investigar y traducir del ingl\u00e9s un n\u00famero significativo de fuentes escritas y habladas para analizarlas.<\/p>\n<p>Una segunda fase fue obtener algunas confirmaciones de primera mano.<\/p>\n<p>Posteriormente, para dar sentido a la enorme cantidad de datos adquiridos, realic\u00e9 una catalogaci\u00f3n larga y ordenada de los miles de conceptos y opiniones fragmentarias recogidas al azar de mil fuentes autorizadas diferentes.<\/p>\n<p>Finalmente, fue necesario un largo y preciso trabajo de s\u00edntesis para poder ofrecer al lector una visi\u00f3n relativamente sencilla, pero suficientemente completa y coherente del tema.<\/p>\n<p><b>CONTENIDO<\/b><\/p>\n<p>El contenido de este volumen tiene como objetivo introducir a los nuevos artistas productores en el contexto de la edici\u00f3n musical en la era del streaming, para que puedan utilizar y perfeccionar t\u00e9cnicas espec\u00edficas encaminadas a conseguir buenos resultados.<\/p>\n<p>Sin un conocimiento suficiente del contexto y el uso correcto de las t\u00e9cnicas operativas m\u00e1s efectivas, de hecho, ser\u00e1 casi imposible obtener resultados significativos, mientras que la aplicaci\u00f3n perseverante de lo escrito en este manual puede sentar las bases para encaminar al artista que pretende autoproducirse hacia el \u00e9xito.<\/p>\n<p>Es importante se\u00f1alar, sin embargo, que a pesar de estos esfuerzos, en la mayor\u00eda de los casos estos resultados seguir\u00e1n siendo en gran medida inciertos, dependiendo de muchos factores que son dif\u00edciles de predecir pero, en parte, manejables.<\/p>\n<p>Pero tambi\u00e9n es cierto que incluso los operadores menos h\u00e1biles y afortunados a\u00fan podr\u00e1n mejorar significativamente el impacto de sus esfuerzos de composici\u00f3n y ejecuci\u00f3n, simplemente implementando estas t\u00e9cnicas.<\/p>\n<p>Si las puertas del gran \u00e9xito no se les abren, a\u00fan podr\u00edan alcanzar un \u00e9xito parcial, que les consolidar\u00eda como profesionales en el sector, permiti\u00e9ndoles vivir \u00fanicamente del fruto de su labor art\u00edstica, lo que ya de por s\u00ed es un gran \u00e9xito.<\/p>\n<p>El manual pretende ofrecer conocimientos b\u00e1sicos para estos fines y esbozar las principales pautas hacia las que pueden orientarse los artistas autoproducidos.<\/p>\n<p>El streaming ha cambiado las reglas del juego, haciendo muchas cosas m\u00e1s sencillas y accesibles y complicando muchas otras.<\/p>\n<p>Es un mundo en pleno cambio, y el \u00e9xito tambi\u00e9n depender\u00e1 de la capacidad de seguir el ritmo de los cambios que se producen, actuando de forma inteligente y din\u00e1mica.<\/p>\n<p>Buen trabajo entonces, con mis mejores deseos.<\/p>\n<hr \/>\n<h2>\u00cdNDICE<\/h2>\n<hr \/>\n<h3><b>INTRODUCCI\u00d3N<\/b><\/h3>\n<p>G\u00e9nesis<\/p>\n<p>Contenido<\/p>\n<p>\u00cdndice<\/p>\n<h3><b>CAP\u00cdTULO 01 \u2013 T\u00da Y TU M\u00daSICA<\/b><\/h3>\n<p>Marketing musical<\/p>\n<p>Contenidos para contar<\/p>\n<p>Tu historia<\/p>\n<p>Agarra el coraz\u00f3n<\/p>\n<h3><b>CAP\u00cdTULO 02 \u2013 GU\u00cdA PARA LA PUBLICACI\u00d3N DIGITAL<\/b><\/h3>\n<p>Los beneficios econ\u00f3micos de publicar<\/p>\n<p>Editorial, en resumen<\/p>\n<p>Derechos de autor<\/p>\n<p>El derecho de publicaci\u00f3n<\/p>\n<p>Sociedades de autores y editores<\/p>\n<p>Derechos de autor de la m\u00fasica<\/p>\n<p>La divisi\u00f3n del producto<\/p>\n<h3><b>CAP\u00cdTULO 03 \u2013 LO QUE NECESITAS PARA LA PUBLICACI\u00d3N<\/b><\/h3>\n<p>El distribuidor digital<\/p>\n<p>\u00bfQu\u00e9 se necesita para publicar?<\/p>\n<h3><b>CAP\u00cdTULO 04 \u2013 OBJETIVOS Y ESTRATEGIAS<\/b><\/h3>\n<p>Establecer objetivos de marketing claros<\/p>\n<p>Acciones consecuentes y coordinadas<\/p>\n<p>Estrategias de comunicaci\u00f3n<\/p>\n<p>Marketing secuencial con contenido social<\/p>\n<p>V\u00eddeos para nuevos p\u00fablicos<\/p>\n<p>Marketing secuencial con v\u00eddeo<\/p>\n<p>T\u00fa eres el gu\u00eda<\/p>\n<p>Deja que los datos te gu\u00eden<\/p>\n<h3><b>CAP\u00cdTULO 5 \u2013 RELACIONES CON TUS FANS<\/b><\/h3>\n<p>Crea tu lista de correo<\/p>\n<p>Su sitio web<\/p>\n<p>No sigas demasiadas redes sociales<\/p>\n<p>D\u00f3nde promocionar tu m\u00fasica<\/p>\n<h3><b>CAP\u00cdTULO 06 \u2013 ESTRATEGIAS DE PUBLICACI\u00d3N<\/b><\/h3>\n<p>Tienes que empezar con una sola canci\u00f3n.<\/p>\n<p>Un solo para apertura de cuenta<\/p>\n<p>Un breve extracto de v\u00eddeo<\/p>\n<p>Publicar en momentos estrat\u00e9gicos<\/p>\n<p>Estrategias con distintos tipos de solteros<\/p>\n<p>Adapta tu m\u00fasica a listas de reproducci\u00f3n<\/p>\n<p>Elige un buen distribuidor digital<\/p>\n<h3><b>CAP\u00cdTULO 07 \u2013 CONTACTO CON LOS MEDIOS DE COMUNICACI\u00d3N<\/b><\/h3>\n<p>\u00bfA qui\u00e9n podr\u00eda interesarle?<\/p>\n<p>C\u00f3mo contactar con los medios de comunicaci\u00f3n<\/p>\n<h3><b>CAP\u00cdTULO 08 \u2013 MARKETING POR CORREO ELECTR\u00d3NICO<\/b><\/h3>\n<p>La Biblia del Marketing por Correo Electr\u00f3nico<\/p>\n<p>Errores de env\u00edo<\/p>\n<p>Las reglas para un env\u00edo postal eficaz<\/p>\n<p>registro<\/p>\n<p>Estrategia<\/p>\n<p>Tecnolog\u00eda<\/p>\n<p>Automatizaci\u00f3n<\/p>\n<p>Enredo<\/p>\n<p>Conciencia<\/p>\n<p>Recopilaci\u00f3n<\/p>\n<p>Trucos b\u00e1sicos<\/p>\n<h3><b>CAP\u00cdTULO 09 \u2013 IDEAS PROMOCIONALES<\/b><\/h3>\n<p>Consejos valiosos<\/p>\n<p>Consejos divertidos<\/p>\n<h3><b>CAP\u00cdTULO 10 \u2013 GANAR DINERO CON LA M\u00daSICA<\/b><\/h3>\n<p>Una visi\u00f3n general del nuevo mundo digital<\/p>\n<p>Aprovechar las oportunidades del nuevo mercado digital<\/p>\n<p>Diferentes caminos hacia el \u00e9xito<\/p>\n<p>Gestiona tus derechos y cobra tus ganancias<\/p>\n<p>De la propiedad de la m\u00fasica al acceso digital<\/p>\n<p>Gana dinero con programas de afiliados<\/p>\n<p>Gana dinero mientras ayudas a una causa social<\/p>\n<h3><b>CAP\u00cdTULO 11 \u2013 FINANCIACI\u00d3N COLECTIVA<\/b><\/h3>\n<p>\u00bfQu\u00e9 es el crowdfunding y c\u00f3mo funciona?<\/p>\n<p>Estrategias de financiaci\u00f3n colectiva<\/p>\n<p>Errores con el crowdfunding<\/p>\n<p>El mecenazgo<\/p>\n<p>Recogida directa con Paypal<\/p>\n<h3><b>CAP\u00cdTULO 12 \u2013 SPOTIFY<\/b><\/h3>\n<p>Por qu\u00e9 son importantes las listas de reproducci\u00f3n<\/p>\n<p>Estrategias para el \u00e9xito de las listas de reproducci\u00f3n<\/p>\n<p>Acceder a la plataforma<\/p>\n<p>Convi\u00e9rtete en un artista verificado<\/p>\n<p>Configura tu sitio web<\/p>\n<p>P\u00eddeles a tus fans que te sigan<\/p>\n<p>La lista de reproducci\u00f3n es una herramienta promocional<\/p>\n<p>Ideas para tus listas de reproducci\u00f3n<\/p>\n<p>Pres\u00e9ntate a las listas de reproducci\u00f3n importantes<\/p>\n<p>Lograr el \u00e9xito<\/p>\n<p>Consejos adicionales para Spotify<\/p>\n<h3><b>CAP\u00cdTULO 13 \u2013 YOUTUBE<\/b><\/h3>\n<p>Cuenta de Google y canal de YouTube<\/p>\n<p>Optimizaci\u00f3n del canal de video de YouTube<\/p>\n<p>Optimizaci\u00f3n de v\u00eddeos en YouTube<\/p>\n<p>C\u00f3mo ganar dinero con YouTube<\/p>\n<p>Recopilaci\u00f3n de ingresos publicitarios a trav\u00e9s de Content ID<\/p>\n<p>C\u00f3mo funciona la monetizaci\u00f3n de YouTube<\/p>\n<p>YouTube Rojo<\/p>\n<p>La importancia del tiempo de visualizaci\u00f3n<\/p>\n<p>Programar videos<\/p>\n<p>C\u00f3mo crear tu propio programa de YouTube<\/p>\n<p>Tipos de v\u00eddeos para promoci\u00f3n musical<\/p>\n<h3><b>BONIFICACI\u00d3N \u2013 C\u00d3MO INSCRIBIRSE EN UN FESTIVAL EN EL REINO UNIDO<\/b><\/h3>\n<p>Empezar a buscar<\/p>\n<p>Mantenerse en el tema<\/p>\n<p>Descubra las oportunidades locales<\/p>\n<p>Siga las reglas del formulario<\/p>\n<p>Optimiza tu presencia web y social<\/p>\n<p>Utilice un kit de prensa<\/p>\n<p>Muestra tus mejores cartas<\/p>\n<h3><b>EP\u00cdLOGO<\/b><\/h3>\n<h3><b>AP\u00c9NDICE<\/b><\/h3>\n<p>Derechos de autor<\/p>\n<p>P\u00f3ngase en contacto con<\/p>\n<p>Publicaciones del autor<\/p>\n<p>Biograf\u00eda del autor<\/p>\n<\/div>\n<\/section>\n<\/div>","protected":false},"excerpt":{"rendered":"<h3><strong>Ahorro de 15% si compra aqu\u00ed en el sitio web del autor, en lugar de en Amazon<\/strong><\/h3>\n<hr \/>\n<h3><strong>GRABACI\u00d3N, EDICI\u00d3N Y MEZCLA DE VOZ<\/strong><\/h3>\n<p>Serie de Estudios de Grabaci\u00f3n \u2013 Manuales para el Ingeniero de Sonido \u2013 Libro 1<\/p>\n<p>Una gu\u00eda completa para lanzar y monetizar tu m\u00fasica.<\/p>","protected":false},"featured_media":4448,"comment_status":"open","ping_status":"closed","template":"","meta":[],"product_brand":[],"product_cat":[69,71],"product_tag":[],"class_list":{"0":"post-4447","1":"product","2":"type-product","3":"status-publish","4":"has-post-thumbnail","6":"product_cat-libri","7":"product_cat-libri-e-manuali-di-musica","9":"first","10":"instock","11":"sale","12":"purchasable","13":"product-type-simple"},"post_mailing_queue_ids":[],"_links":{"self":[{"href":"https:\/\/alessandrofois.com\/es\/wp-json\/wp\/v2\/product\/4447","targetHints":{"allow":["GET"]}}],"collection":[{"href":"https:\/\/alessandrofois.com\/es\/wp-json\/wp\/v2\/product"}],"about":[{"href":"https:\/\/alessandrofois.com\/es\/wp-json\/wp\/v2\/types\/product"}],"replies":[{"embeddable":true,"href":"https:\/\/alessandrofois.com\/es\/wp-json\/wp\/v2\/comments?post=4447"}],"wp:featuredmedia":[{"embeddable":true,"href":"https:\/\/alessandrofois.com\/es\/wp-json\/wp\/v2\/media\/4448"}],"wp:attachment":[{"href":"https:\/\/alessandrofois.com\/es\/wp-json\/wp\/v2\/media?parent=4447"}],"wp:term":[{"taxonomy":"product_brand","embeddable":true,"href":"https:\/\/alessandrofois.com\/es\/wp-json\/wp\/v2\/product_brand?post=4447"},{"taxonomy":"product_cat","embeddable":true,"href":"https:\/\/alessandrofois.com\/es\/wp-json\/wp\/v2\/product_cat?post=4447"},{"taxonomy":"product_tag","embeddable":true,"href":"https:\/\/alessandrofois.com\/es\/wp-json\/wp\/v2\/product_tag?post=4447"}],"curies":[{"name":"wp","href":"https:\/\/api.w.org\/{rel}","templated":true}]}}