{"id":5650,"date":"2020-09-28T16:53:51","date_gmt":"2020-09-28T16:53:51","guid":{"rendered":"http:\/\/alessandrofois.com\/prodotto\/registrazione-editing-e-mix-della-batteria\/"},"modified":"2025-12-11T10:13:05","modified_gmt":"2025-12-11T10:13:05","slug":"grabacion-edicion-y-mezcla-de-la-bateria","status":"publish","type":"product","link":"https:\/\/alessandrofois.com\/es\/prodotto\/registrazione-editing-e-mix-della-batteria\/","title":{"rendered":"Grabaci\u00f3n, edici\u00f3n y mezcla de bater\u00edas"},"content":{"rendered":"<div class=\"flex_column av_two_third flex_column_div av-zero-column-padding avia-builder-el-3 el_after_av_one_third el_before_av_one_third\">\n<section class=\"av_textblock_section\">\n<div>\n<hr \/>\n<h3>GRABACI\u00d3N, EDICI\u00d3N Y MEZCLA DE BATER\u00cdA<\/h3>\n<p>Autor: <strong>Alessandro Fois<\/strong><\/p>\n<p>Contribuciones fuera del texto: <strong>Salvatore Corazza<\/strong><\/p>\n<p>Prefacio: <strong>Agostino Marangolo (baterista &quot;hist\u00f3rico&quot; de Pino Daniele)<\/strong><\/p>\n<\/div>\n<div>\n<p><strong>Formato 21 x 29 cm (A4) \u2013 P\u00e1gina 294<\/strong><\/p>\n<hr \/>\n<\/div>\n<div>\n<h2>Prefacio de Agostino Marangolo<\/h2>\n<hr \/>\n<p><i>Muchos estudios de grabaci\u00f3n profesionales han cesado gradualmente sus operaciones debido a la crisis de la industria discogr\u00e1fica y la llegada de la grabaci\u00f3n digital de bajo coste. En consecuencia, ha aumentado el n\u00famero de bateristas, incluso profesionales, que graban en casa en sus propios estudios con equipamiento m\u00e1s o menos profesional.<\/i><\/p>\n<p><i>Con la publicaci\u00f3n de este libro, Alessandro Fois aprovecha un momento propicio para apoyar la naciente competencia f\u00f3nica de los m\u00fasicos, un tema que hasta ahora ha sido prerrogativa de<span class=\"Apple-converted-space\">\u00a0 <\/span>S\u00f3lo ingenieros de sonido profesionales.<\/i><\/p>\n<p><i>Personalmente, me ha parecido muy interesante este &quot;Manual&quot; suyo, sobre todo en el cap\u00edtulo dedicado a la grabaci\u00f3n donde Alessandro, con mucha escrupulosidad y sin presunci\u00f3n, acompa\u00f1a al lector a trav\u00e9s de las distintas posibilidades de posicionamiento de los micr\u00f3fonos, gesti\u00f3n de las fases,<span class=\"Apple-converted-space\">\u00a0 <\/span>etc\u00e9tera.<\/i><\/p>\n<p><i>El libro aclara muchos puntos t\u00e9cnicos oscuros que los profesionales de la bater\u00eda a menudo no logramos comprender del todo, lo que a veces nos obliga a recurrir a un ingeniero de sonido m\u00e1s competente.<span class=\"Apple-converted-space\">\u00a0<\/span><\/i><\/p>\n<p><i>Alessandro, por su parte, resuelve cualquier duda mediante una exposici\u00f3n eficaz, sin dejar nada fuera, llev\u00e1ndonos primero a diversos temas de cultura b\u00e1sica del instrumento (que incluye tambi\u00e9n criterios de afinaci\u00f3n) y luego a una gran secci\u00f3n del libro dedicada a la gesti\u00f3n sonora de la bater\u00eda, a trav\u00e9s de las distintas fases de grabaci\u00f3n, edici\u00f3n y mezcla.<\/i><\/p>\n<p><i>El libro est\u00e1 escrito con gran claridad y se centra en cada detalle del tema, por lo que tanto los aficionados como los profesionales tienen mucho que aprender, para montar correctamente su estudio en casa y adquirir o mejorar sus conocimientos.<\/i><\/p>\n<p><i>Por lo tanto, lo recomiendo encarecidamente a ingenieros de sonido principiantes y operadores de estudios dom\u00e9sticos avanzados, as\u00ed como a bateristas, incluso profesionales, que quieran probar directamente en la grabaci\u00f3n y procesamiento del sonido de su instrumento.<\/i><\/p>\n<p><i>A lo largo de mi carrera, he grabado m\u00e1s de 350 \u00e1lbumes en los mejores estudios, desde Mil\u00e1n hasta Capri, con los ingenieros de sonido italianos y extranjeros m\u00e1s cualificados. En las p\u00e1ginas de este libro, he encontrado los mismos conceptos de sonido, explicados con maestr\u00eda pero tambi\u00e9n con relativa sencillez, y estoy convencido de que ser\u00e1 \u00fatil para quienes no est\u00e9n del todo familiarizados con los criterios y trucos del oficio.<\/i><\/p>\n<p><b><i>Agostino Marangolo<\/i><\/b><\/p>\n<hr \/>\n<h2>\u00cdNDICE<\/h2>\n<hr \/>\n<p><strong><i>Introducci\u00f3n 6<\/i><\/strong><\/p>\n<p>Prefacio de Agostino Marangolo 6<\/p>\n<p>Biograf\u00eda del autor 8<\/p>\n<p>Biograf\u00eda de Salvatore Corazza 10<\/p>\n<p>Notas del autor 12<\/p>\n<p>Agradecimientos 13<\/p>\n<p>\u00cdndice 14<\/p>\n<p><b>Parte A<span class=\"Apple-converted-space\">\u00a0 <\/span>*<span class=\"Apple-converted-space\">\u00a0 <\/span>Cultura general en bater\u00eda 23<\/b><\/p>\n<p><b>BREVE HISTORIA DE LA BATER\u00cdA 25<\/b><\/p>\n<p>Ra\u00edces multiculturales 26<\/p>\n<p>La percusi\u00f3n en la antig\u00fcedad 26<\/p>\n<p>Uso de la percusi\u00f3n con fines militares 27<\/p>\n<p>El siglo XIX 28<\/p>\n<p>La bater\u00eda moderna 29<\/p>\n<p>La invenci\u00f3n del pedal del bombo 29<\/p>\n<p>El advenimiento del Hi-Hat 31<\/p>\n<p>Bater\u00eda moderna y jazz 32<\/p>\n<p>El conjunto moderno 32<\/p>\n<p>Los a\u00f1os 40 y el be-bop 33<\/p>\n<p>La Era del Rock 34<\/p>\n<p>El doble pedal y las personalizaciones 36<\/p>\n<p>Electr\u00f3nica 36<\/p>\n<p><b>BATER\u00cdA 39<\/b><\/p>\n<p>Elementos de la bater\u00eda ac\u00fastica 40<\/p>\n<p>Bombo 40<\/p>\n<p>Caja 41<\/p>\n<p>Tom Tom 43<\/p>\n<p>Tom de suelo 44<\/p>\n<p>Hi-Hat 45<\/p>\n<p>Platillo Crash 45<\/p>\n<p>Platillo ride 46<\/p>\n<p>Los 46 palillos<\/p>\n<p>Taburete 49<\/p>\n<p>La mec\u00e1nica 49<\/p>\n<p>C\u00f3mo se produce el sonido 50<\/p>\n<p>La vibraci\u00f3n de la piel hace sonar todo el tambor. 50<\/p>\n<p>La afinaci\u00f3n cambia el sonido 50<\/p>\n<p>Diferentes notas de afinaci\u00f3n 51<\/p>\n<p>La relaci\u00f3n entre di\u00e1metro, profundidad y sonido 52<\/p>\n<p>Varios tipos de conjuntos 53<\/p>\n<p>Rock y pop 53<\/p>\n<p>Jazz 53<\/p>\n<p>Fusi\u00f3n 54<\/p>\n<p>Metal pesado 54<\/p>\n<p>Pa\u00eds 55<\/p>\n<p>Electr\u00f3nica y\/o H\u00edbrida 55<\/p>\n<p>Caracter\u00edsticas de construcci\u00f3n 56<\/p>\n<p>Madera 56<\/p>\n<p>Edificio 57<\/p>\n<p>Terminando 60<\/p>\n<p>C\u00edrculos 61<\/p>\n<p><b>AFINACI\u00d3N Y PUESTA A PUNTO DE LA BATER\u00cdA 65<\/b><\/p>\n<p>La configuraci\u00f3n correcta 66<\/p>\n<p>C\u00f3mo afinar la bater\u00eda 66<\/p>\n<p>El TomTom 66<\/p>\n<p>Prueba de sonido 70<\/p>\n<p>Vamos a afinar los otros tambores 70<\/p>\n<p>Bombo 71<\/p>\n<p>Caja 71<\/p>\n<p>La amortiguaci\u00f3n de los tambores 73<\/p>\n<p>Amortiguaci\u00f3n de caja 73<\/p>\n<p>Amortiguaci\u00f3n de tom tom 74<\/p>\n<p>Amortiguaci\u00f3n del bombo 74<\/p>\n<p><b>RITMO Y NOTACI\u00d3N 75<\/b><\/p>\n<p>Ritmo y ritmo 76<\/p>\n<p>La cadencia 76<\/p>\n<p>Acentos, l\u00edneas y movimientos 76<\/p>\n<p>Subdivisi\u00f3n de movimientos 77<\/p>\n<p>El conjunto Groove 79<\/p>\n<p>Din\u00e1mica, puntuaci\u00f3n, rumbo 80<\/p>\n<p>Notaci\u00f3n musical para el baterista 82<\/p>\n<p>Partitura para bater\u00eda 82<\/p>\n<p><b>Parte B<span class=\"Apple-converted-space\">\u00a0 <\/span>*<span class=\"Apple-converted-space\">\u00a0 <\/span>Tratamiento del sonido de bater\u00eda 87<\/b><\/p>\n<p><b>AC\u00daSTICA 89<\/b><\/p>\n<p>Ac\u00fastica de la sala de grabaci\u00f3n 90<\/p>\n<p>Primeras reflexiones 90<\/p>\n<p>Ondas estacionarias y trampas de graves 92<\/p>\n<p>Flutter echo 94<\/p>\n<p>Posici\u00f3n de la bater\u00eda para la captaci\u00f3n del micr\u00f3fono 95<\/p>\n<p>Tiempos de reverberaci\u00f3n 97<\/p>\n<p>Paneles y pantallas m\u00f3viles 97<\/p>\n<p><b>GRABACI\u00d3N DE BATER\u00cdA 99<\/b><\/p>\n<p>Grabaci\u00f3n con m\u00faltiples micr\u00f3fonos 100<\/p>\n<p>Cu\u00e1ndo utilizar la grabaci\u00f3n con m\u00faltiples micr\u00f3fonos 100<\/p>\n<p>Retardos y transitorios 100<\/p>\n<p>M\u00e9todos de disparo de bater\u00eda 101<\/p>\n<p>M\u00e9todo A: Fotograf\u00eda panor\u00e1mica monocrom\u00e1tica 101<\/p>\n<p>M\u00e9todo B \u2013 Grabaci\u00f3n panor\u00e1mica est\u00e9reo en fase 102<\/p>\n<p>M\u00e9todo C \u2013 Grabaci\u00f3n panor\u00e1mica est\u00e9reo ORTF 103<\/p>\n<p>M\u00e9todo D \u2013 Toma panor\u00e1mica estereosc\u00f3pica 104<\/p>\n<p>M\u00e9todo E \u2013 M\u00e9todo mixto con micr\u00f3fonos cercanos 108<\/p>\n<p>M\u00e9todo E1 \u2013 una variante ambiental del M\u00e9todo Mixto 112<\/p>\n<p>Conclusi\u00f3n 112<\/p>\n<p>La toma con micr\u00f3fonos cercanos 113<\/p>\n<p>Bombo 113<\/p>\n<p>Caja 116<\/p>\n<p>Toms y timbales 119<\/p>\n<p>Hi hat 120<\/p>\n<p>Paseo 121<\/p>\n<p>Otros platos 122<\/p>\n<p>Elecci\u00f3n de la t\u00e9cnica de tiro 123<\/p>\n<p>Tiempo 125<\/p>\n<p>Configuraci\u00f3n de DAW 128<\/p>\n<p>Bit 129<\/p>\n<p>Frecuencia de muestreo 131<\/p>\n<p>Tarjeta de sonido 132<\/p>\n<p>Canales de entrada 132<\/p>\n<p>Calidad de audio 135<\/p>\n<p>Gesti\u00f3n de latencia 136<\/p>\n<p>Elementos que sobrecargan la CPU 136<\/p>\n<p>Latencia durante la grabaci\u00f3n 137<\/p>\n<p>Organizaci\u00f3n de pistas en DAW 138<\/p>\n<p>Ejemplo de organizaci\u00f3n de v\u00edas 139<\/p>\n<p>Auriculares y monitorizaci\u00f3n para el baterista 141<\/p>\n<p>Los auriculares del baterista 141<\/p>\n<p>Impedancia de auriculares y preamplificador 143<\/p>\n<p>Gesti\u00f3n de nivel anal\u00f3gico y digital 146<\/p>\n<p>Ruta de entrada anal\u00f3gica 146<\/p>\n<p>Ruta de salida anal\u00f3gica 155<\/p>\n<p>Procesadores Phantom 155<\/p>\n<p>Ventajas y desventajas del procesamiento Ghost 156<\/p>\n<p>Pistas gu\u00eda, clics y preproducci\u00f3n 157<\/p>\n<p>Tocar en conjunto o sobregrabar 157<\/p>\n<p>Haga clic en 158<\/p>\n<p>Pista gu\u00eda 158<\/p>\n<p>Preproducci\u00f3n 158<\/p>\n<p>Equilibrio r\u00edtmico de la pista gu\u00eda 159<\/p>\n<p>Saldo de clics 160<\/p>\n<p>Ayuda al baterista 161<\/p>\n<p>Le toma 161<\/p>\n<p>Gancho e inserto 163<\/p>\n<p>Evaluaciones finales 164<\/p>\n<p><b>EDICI\u00d3N DE BATER\u00cdA 165<\/b><\/p>\n<p>Descubramos la edici\u00f3n de audio 166<\/p>\n<p>T\u00e9cnicas de edici\u00f3n 166<\/p>\n<p>La selecci\u00f3n y edici\u00f3n tarda 167 minutos.<\/p>\n<p>Insertar registro 173<\/p>\n<p>Conjunto quir\u00fargico 174<\/p>\n<p>Tiempo 175<\/p>\n<p>Cortar y mover 176<\/p>\n<p>Estiramiento y expansi\u00f3n del tiempo 176<\/p>\n<p>Limpieza 182<\/p>\n<p><b>USANDO LA PUERTA 183<\/b><\/p>\n<p>\u00bfQu\u00e9 es la Puerta 184?<\/p>\n<p>Consideraciones para el uso de la Puerta 185<\/p>\n<p>Controles de la puerta 186<\/p>\n<p>La puerta para la bater\u00eda 190<\/p>\n<p>The Gate en bater\u00eda con doble micr\u00f3fono 190<\/p>\n<p>La Puerta para Toms 191<\/p>\n<p>La puerta para el bombo 195<\/p>\n<p>La puerta para el tambor 197<\/p>\n<p>La puerta para platos 199<\/p>\n<p>La puerta en la m\u00fasica purista 201<\/p>\n<p><b>LA MEZCLA DE BATER\u00cdA 203<\/b><\/p>\n<p>Desplazamiento de fase de los filtros HPF y LPF 204<\/p>\n<p>Igualaci\u00f3n preventiva 206<\/p>\n<p>Ecualizador preventivo para tambores 208<\/p>\n<p>Bombo 209<\/p>\n<p>Doble v\u00eda 210<\/p>\n<p>Sonido de bombo 212<\/p>\n<p>Pre-EQ para el bombo 213<\/p>\n<p>Ecualizador de mezcla para el bombo 217<\/p>\n<p>Control din\u00e1mico 225<\/p>\n<p>Olla 238<\/p>\n<p>Reverberaci\u00f3n 238<\/p>\n<p>Caja 239<\/p>\n<p>V\u00eda doble 239<\/p>\n<p>Igualaci\u00f3n preventiva 242<\/p>\n<p>Ecualizaci\u00f3n de mezcla 246<\/p>\n<p>Control din\u00e1mico 251<\/p>\n<p>Olla 258<\/p>\n<p>Reverberaci\u00f3n 258<\/p>\n<p>Hi Hat 259<\/p>\n<p>Ecualizaci\u00f3n preventiva 260<\/p>\n<p>Ecualizaci\u00f3n Mix 260<\/p>\n<p>TomTom y Timpano 262<\/p>\n<p>Doble pista para cada tambor 262<\/p>\n<p>Igualaci\u00f3n preventiva 263<\/p>\n<p>Ecualizaci\u00f3n de mezcla 264<\/p>\n<p>Control din\u00e1mico 270<\/p>\n<p>Olla 274<\/p>\n<p>Reverberaci\u00f3n 275<\/p>\n<p>Gastos generales 276<\/p>\n<p>Recuperaci\u00f3n ambiental 278<\/p>\n<p>Dums estresados 278<\/p>\n<p><b>STEMS DE BATER\u00cdA EN MASTERING 281<\/b><\/p>\n<p>\u00bfQu\u00e9 es Stem Mastering 282?<\/p>\n<p>Suma, resta y sustituci\u00f3n 283<\/p>\n<p>Uso de aditivos 284<\/p>\n<p>Uso sustractivo 284<\/p>\n<p>Uso de reemplazo 284<\/p>\n<p>C\u00f3mo exportar correctamente los stems 285<\/p>\n<p>Las reglas b\u00e1sicas 286<\/p>\n<p>Comprobaci\u00f3n de los tallos 287<\/p>\n<p>Masterizaci\u00f3n de stems con Bus 288<\/p>\n<p><strong><i>Ap\u00e9ndice 289<\/i><\/strong><\/p>\n<p>Advertencias de monitoreo 289<\/p>\n<p>Conclusi\u00f3n 291<\/p>\n<p>Contactos, Consultas y Licencias 291<\/p>\n<p>Sitios web 292<\/p>\n<p>Derechos de autor 293<\/p>\n<hr \/>\n<section class=\"av_textblock_section\">\n<div class=\"avia_textblock\">\n<h3>Biograf\u00eda de Agostino Marangolo<\/h3>\n<p>Agostino Marangolo naci\u00f3 en una familia de m\u00fasicos en Catania el 25 de junio de 1953.<\/p>\n<p>En 1969 form\u00f3 su primer grupo musical, \u201cFlea on the Honey\u201d y posteriormente toc\u00f3 con \u201cEtna\u201d.<\/p>\n<p>En 1974 se incorpor\u00f3 a \u201cGoblin\u201d, con Claudio Simonetti y Massimo Morante, donde permaneci\u00f3 hasta 1980.<\/p>\n<p>Ese mismo a\u00f1o colabor\u00f3 con \u201cNew Perigeo\u201d, junto con Giovanni Tommaso, Danilo Rea, Maurizio Giammarco y Carlo Pennisi.<\/p>\n<p>En 1976 grab\u00f3 algunas canciones con la banda napolitana \u201cNapoli Centrale\u201d que luego formar\u00edan parte de su segundo \u00e1lbum llamado \u201cMattanza\u201d.<\/p>\n<p>Colabor\u00f3 con Pino Daniele en las grabaciones de los siguientes \u00e1lbumes: \u201cPino Daniele\u201d (1979), \u201cNero a met\u00e0\u201d (1980), \u201cMusicante\u201d (1984) y \u201cSchizzechea with love\u201d (1988) donde a Agostino Marangolo se le uni\u00f3 el baterista estadounidense Steve Gadd.<\/p>\n<p>Particip\u00f3 tambi\u00e9n en algunas giras del artista napolitano Pino Daniele: \u201cSci\u00f2 Live\u201d (1984) y \u201cRicomincio da 30\u201d (2008).<\/p>\n<p>Ha colaborado con Bruno Lauzi, Johnny Dorelli, Donatella Rettore, Angelo Branduardi, Antonello Venditti, Don Backy, Teresa De Sio, Eduardo De Crescenzo, Gigi D&#039;Alessio, Anna Oxa, Riccardo Cocciante, Enzo Carella, Nino Buonocore, Riccardo Fogli, Edoardo Bennato, Niccol\u00f2 Fabi y Bungaro. Agostino Marangolo es patrocinador de Evans.<\/p>\n<hr \/>\n<\/div>\n<\/section>\n<section class=\"av_textblock_section\">\n<div class=\"avia_textblock\">\n<h3>Biograf\u00eda de Salvatore Corazza<\/h3>\n<p><strong>Baterista, profesor y productor<\/strong><\/p>\n<p><strong>Aport\u00f3 diversas contribuciones como autor a este libro.\u00a0<\/strong><\/p>\n<p>ACTIVIDADES DE RENDIMIENTO<\/p>\n<p>En el estudio con:<br \/>\nAndrea Bocelli, Giorgia, Alex Baroni, Mike Francis, Paola Turci, Nini Rosso, Claudio Simonetti, Geg\u00e8 Telesforo, Ben Sidran, Roberto Murolo, Banco del Mutuo Soccorso, Riccardo Fogli, Baraonna.<\/p>\n<p>Gira alrededor del mundo con:<\/p>\n<p>\u201cIl Volo World Tours\u201d (durante 4 a\u00f1os), Renato Zero, Andrea Bocelli, Ornella Vanoni, Fiorella Mannoia, Riccardo Cocciante, Mike Francis, Irene Grandi, Amii Stewart, Geg\u00e8 Telesforo, Nini Rosso.<\/p>\n<p>Orquesta dirigida por el Maestro Renato Serio para \u201cNavidad en el Vaticano\u201d, durante siete a\u00f1os con:<\/p>\n<p>BB King, Manhattan Transfer, Randy Crawford, Mirelle Mathieu, Dionne Warwick, Miriam Makeba, Tom Jones, John Denver, Los Del Rio, Shola Hama, Nek, Spagna, Massimo Ranieri, Pooh, Gino Paoli, Amedeo Minghi, Patty Smith, Annie Lennox.<\/p>\n<p>Con la orquesta \u201cJubileo 2000\u201d:<\/p>\n<p>en Mondo Visione en Tor Vergata (Campus de la Universidad de Roma) con 2.500.000 espectadores.<\/p>\n<p>En la orquesta de varios programas de televisi\u00f3n:<\/p>\n<p>\u201cViva Napoli\u201d, 3 ediciones con el maestro Peppe Vessicchio (con: Loredana Bert\u00e9, Marcella, Mia Martini, Mango, Mariella Nava, Fausto Leali, Riccardo Fogli, Edoardo Bennato)<\/p>\n<p>&quot;Domenica In&quot; y &quot;Numero Uno&quot; con el Maestro Pippo Caruso<\/p>\n<p>\u201cPor fin viernes\u201d (Jonny Dorelli) con el Maestro Augusto Martelli<\/p>\n<p>\u201cCarramba\u201d con el Maestro Tony De Vita<\/p>\n<p>\u201cLa Corrida\u201d con el Maestro Pregadio<\/p>\n<p>\u201cMaurizio Costanzo Show\u201d durante 4 a\u00f1os con el Maestro Demo Morselli<\/p>\n<p>Orquesta \u201c150 A\u00d1OS\u201d (RAI) con Mario Biondi, Serena Autieri, Amii Stewart, Max Gazz\u00e8, \u201cNavidad en el Vaticano 2017\u201d: Annie Lennox, Patty Smith, Alex Britti, Enrico Ruggeri.<\/p>\n<p>ACTIVIDADES EDUCATIVAS<\/p>\n<p>Ha ense\u00f1ado y sigue ense\u00f1ando en diversos contextos:<\/p>\n<p>Escuelas de Timba, la hist\u00f3rica escuela de percusi\u00f3n latina de la capital romana<br \/>\nPercento Musica, una de las escuelas profesionales m\u00e1s acreditadas de Roma.<\/p>\n<p>Organizador de las Master Class en 10 ciudades italianas con Gary Chaffee, uno de los referentes m\u00e1s importantes de la ense\u00f1anza de la bater\u00eda en el mundo (Berklee College of Music Boston) y con Peter Erskine (Weather Report).<\/p>\n<p>ACTIVIDADES DE PRODUCCI\u00d3N<\/p>\n<p>Fue creador y productor del festival Musica per i Borghi, durante 10 a\u00f1os, de 2003 a 2013, con la direcci\u00f3n art\u00edstica del Maestro Vessicchio.<\/p>\n<p>Elenco:<\/p>\n<p>Ornella Vanoni, Giorgia, Pino Daniele, Mario Biondi, Fiorella Mannoia, Tosca, Edoardo Bennato, Max Gazz\u00e8, Concato, Ron y muchos otros nombres de la escena musical italiana.<\/p>\n<hr \/>\n<\/div>\n<\/section>\n<section class=\"av_textblock_section\">\n<div class=\"avia_textblock\">\n<h3>Biograf\u00eda de Alessandro Fois<\/h3>\n<p>Alessandro Fois es un m\u00fasico, compositor, arreglista e ingeniero de sonido de Cagliari.<\/p>\n<p>En Ivrea (Tur\u00edn) gestiona \u201cLycnos\u201d, un estudio de audio, v\u00eddeo y servicios web que incluye el \u201cGlamour Recording Studio\u201d (Estudio de grabaci\u00f3n y producci\u00f3n musical).<\/p>\n<p>Tambi\u00e9n realiza diversas actividades musicales itinerantes.<\/p>\n<p><strong>Estudios t\u00e9cnicos y musicales:<\/strong><\/p>\n<p>Estudi\u00f3 piano, teor\u00eda musical y composici\u00f3n experimental en el Conservatorio de Cagliari.<br \/>\nEstudiante en Bolonia en el Curso de Grabaci\u00f3n de Sonido promovido por Fonoprint y Sony Italia.<br \/>\nEstudiante de Mogol (y otros profesores afines) en el CET \u2013 Centro Europeo de Toscolano, para las siguientes asignaturas: Composici\u00f3n, Arreglo Musical.<br \/>\nActividades fon\u00e9ticas:<\/p>\n<p>Desde 1995 dirige su propio estudio de grabaci\u00f3n de audio, trabajando diariamente como ingeniero de sonido y tambi\u00e9n encontrando espacios para expresar su talento natural para la m\u00fasica, los arreglos y la direcci\u00f3n art\u00edstica.<br \/>\nTambi\u00e9n participa ocasionalmente en la gesti\u00f3n de sonido de conciertos en vivo.<\/p>\n<p><strong>Actividades musicales:<\/strong><\/p>\n<p>Como compositor, arreglista y pianista, tiene en su haber un \u00e1lbum de m\u00fasica instrumental original, del g\u00e9nero definido como \u201cNew Generation Jazz\u201d y titulado \u201cDialogue\u201d, interpretado como solista en formaci\u00f3n Piano-Tr\u00edo.<br \/>\nActualmente se est\u00e1 componiendo un segundo \u00e1lbum de canciones originales.<br \/>\nCoautor de un musical teatral original en forma de \u201cmusical\u201d, escrito en limba y llamado \u201cBoghes de Domo\u201d, del que tambi\u00e9n fue codirector, coproductor y uno de los principales int\u00e9rpretes durante algunas de las producciones posteriores.<br \/>\nAutor y arreglista de m\u00fasica para diversos artistas italianos, bandas sonoras de la televisi\u00f3n Rai y m\u00fasica publicitaria.<br \/>\nPianista y cantante profesional en el sector tur\u00edstico, ha tocado durante muchos a\u00f1os en varios lugares de Europa, con compromisos estacionales en hoteles de primer nivel.<br \/>\nPianista y cantante profesional en el mundo del espect\u00e1culo, actuando en eventos p\u00fablicos, privados y corporativos de alto perfil.<br \/>\nFue director de algunos grupos corales y compositor de m\u00fasica para coro.<br \/>\nFue productor y director art\u00edstico-musical de varios espect\u00e1culos de m\u00fasica y arte.<\/p>\n<p><strong>Ense\u00f1anza:<\/strong><\/p>\n<p>Imparti\u00f3 la asignatura \u201cGrabaci\u00f3n de audio y sonido\u201d en escuelas profesionales.<br \/>\nHa realizado diversos seminarios y cursos privados de grabaci\u00f3n, mezcla y masterizaci\u00f3n de audio, as\u00ed como de arreglo y orquestaci\u00f3n musical.<br \/>\nHa impartido clases de piano y teor\u00eda musical en la escuela de m\u00fasica ACLI de Cagliari y en otras escuelas de m\u00fasica, as\u00ed como clases particulares. Bibliograf\u00eda:<\/p>\n<p><strong>Obras de libros creadas<\/strong><\/p>\n<p>SERIE: INGENIER\u00cdA DE AUDIO \u2013 MANUALES DE AUDIO PARA EL INGENIERO DE SONIDO<\/p>\n<p>Manual de grabaci\u00f3n de audio digital<br \/>\nManual de edici\u00f3n de audio digital<br \/>\nManual de mezcla de audio digital<br \/>\nManual de masterizaci\u00f3n de audio digital<br \/>\nEstudio dom\u00e9stico para grabaci\u00f3n digital de audio<\/p>\n<p>OTRO<\/p>\n<p>Ecualizaci\u00f3n en la mezcla de audio<br \/>\nCompresi\u00f3n en la mezcla de audio<br \/>\nGrabaci\u00f3n, edici\u00f3n y mezcla de voz<br \/>\nGrabaci\u00f3n, edici\u00f3n y mezcla de bater\u00edas<br \/>\nPublique, venda y promocione su m\u00fasica<\/p>\n<p>MUY PRONTO<\/p>\n<p>Guitarra cl\u00e1sica, ac\u00fastica y el\u00e9ctrica: grabaci\u00f3n y mezcla<br \/>\nGrabaci\u00f3n y mezcla de piano de cola<\/p>\n<hr \/>\n<h3>Notas del autor<\/h3>\n<p><b>En la 1\u00aa Edici\u00f3n de Septiembre de 2020<\/b><\/p>\n<p>Con este volumen pretendo ofrecer una ayuda concreta y sencilla destinada a obtener r\u00e1pidamente resultados de nivel profesional incluso durante producciones amateurs o semiprofesionales, como sucede en los estudios caseros.<span class=\"Apple-converted-space\">\u00a0<\/span><\/p>\n<p>Est\u00e1 dirigido principalmente a ingenieros de sonido aficionados y semiprofesionales, pero tambi\u00e9n a todos los bateristas.<\/p>\n<p>\u00daltimamente, cada vez m\u00e1s bateristas han equipado sus salas de ensayo con un sistema de grabaci\u00f3n multipista. Algunos ofrecen servicios de grabaci\u00f3n solo de bater\u00eda, incluso en l\u00ednea. Ellos tambi\u00e9n pueden beneficiarse de la gu\u00eda de este manual.<\/p>\n<p>Abarca todos los temas relacionados con el tratamiento de la bater\u00eda en el \u00e1mbito f\u00f3nico, durante la grabaci\u00f3n, edici\u00f3n y mezcla.<span class=\"Apple-converted-space\">\u00a0<\/span><\/p>\n<p>Para completar la cultura b\u00e1sica para el ingeniero de sonido, se ha desarrollado una primera parte del libro con el objetivo de ofrecer una r\u00e1pida visi\u00f3n general de la bater\u00eda desde un punto de vista hist\u00f3rico y estructural.<\/p>\n<p>Las notas sobre los procedimientos de configuraci\u00f3n y afinaci\u00f3n del instrumento ser\u00e1n especialmente bienvenidas para los ingenieros de sonido que trabajan en un estudio en casa con un kit de bater\u00eda residente, pero incluso para aquellos que no poseen un kit de bater\u00eda, ser\u00e1 un tema interesante para desarrollar, para poder comunicarse mejor con el baterista al configurar una sesi\u00f3n de grabaci\u00f3n.<\/p>\n<p>El manual ser\u00e1 m\u00e1s \u00fatil para aquellos que ya hayan adquirido cierta pr\u00e1ctica en grabaci\u00f3n y mezcla, mientras que ser\u00e1 m\u00e1s dif\u00edcil para los principiantes.<\/p>\n<p>Es posible que algunos ingenieros de sonido m\u00e1s experimentados sonr\u00edan ante algunas de las simplificaciones expositivas, destinadas a hacer accesible el material, pero tal vez a\u00fan as\u00ed disfruten leyendo estas p\u00e1ginas como un ejercicio de &quot;repaso&quot; mental.<\/p>\n<p><b>Alessandro Fois<\/b><\/p>\n<\/div>\n<\/section>\n<\/div>\n<\/section>\n<\/div>","protected":false},"excerpt":{"rendered":"<h3><strong>Ahorro de 25% si compra aqu\u00ed en el sitio del autor, en lugar de en Amazon<\/strong><\/h3>\n<div>\n<p>Autor: <strong>Alessandro Fois<br \/>\n<\/strong>Contribuciones fuera del texto: <strong>Salvatore Corazza<br \/>\n<\/strong>Prefacio: <strong>Agostino Marangolo<br \/>\n<\/strong><strong>*Formato 21 x 29 cm (A4) \u2013 P\u00e1gina 294<\/strong><\/p>\n<\/div>","protected":false},"featured_media":5651,"comment_status":"open","ping_status":"closed","template":"","meta":[],"product_brand":[],"product_cat":[69,70],"product_tag":[],"class_list":{"0":"post-5650","1":"product","2":"type-product","3":"status-publish","4":"has-post-thumbnail","6":"product_cat-libri","7":"product_cat-libri-e-manuali-di-audio","9":"first","10":"instock","11":"sale","12":"purchasable","13":"product-type-simple"},"post_mailing_queue_ids":[],"_links":{"self":[{"href":"https:\/\/alessandrofois.com\/es\/wp-json\/wp\/v2\/product\/5650","targetHints":{"allow":["GET"]}}],"collection":[{"href":"https:\/\/alessandrofois.com\/es\/wp-json\/wp\/v2\/product"}],"about":[{"href":"https:\/\/alessandrofois.com\/es\/wp-json\/wp\/v2\/types\/product"}],"replies":[{"embeddable":true,"href":"https:\/\/alessandrofois.com\/es\/wp-json\/wp\/v2\/comments?post=5650"}],"wp:featuredmedia":[{"embeddable":true,"href":"https:\/\/alessandrofois.com\/es\/wp-json\/wp\/v2\/media\/5651"}],"wp:attachment":[{"href":"https:\/\/alessandrofois.com\/es\/wp-json\/wp\/v2\/media?parent=5650"}],"wp:term":[{"taxonomy":"product_brand","embeddable":true,"href":"https:\/\/alessandrofois.com\/es\/wp-json\/wp\/v2\/product_brand?post=5650"},{"taxonomy":"product_cat","embeddable":true,"href":"https:\/\/alessandrofois.com\/es\/wp-json\/wp\/v2\/product_cat?post=5650"},{"taxonomy":"product_tag","embeddable":true,"href":"https:\/\/alessandrofois.com\/es\/wp-json\/wp\/v2\/product_tag?post=5650"}],"curies":[{"name":"wp","href":"https:\/\/api.w.org\/{rel}","templated":true}]}}