{"id":5745,"date":"2022-10-06T14:35:12","date_gmt":"2022-10-06T14:35:12","guid":{"rendered":"http:\/\/alessandrofois.com\/prodotto\/il-mastering-audio-in-4-semplici-mosse-ebook-gratuito\/"},"modified":"2025-08-25T10:12:29","modified_gmt":"2025-08-25T10:12:29","slug":"masterizacion-de-audio-en-4-sencillos-pasos-libro-electronico-gratuito","status":"publish","type":"product","link":"https:\/\/alessandrofois.com\/es\/prodotto\/il-mastering-audio-in-4-semplici-mosse-ebook-gratuito\/","title":{"rendered":"Masterizaci\u00f3n de audio en 4 sencillos pasos - eBook gratuito"},"content":{"rendered":"<p><strong>\u00a1Gracias por llegar hasta aqu\u00ed! Desde esta p\u00e1gina puedes descargar el minilibro electr\u00f3nico.<\/strong><\/p>\n<h2>\u201cDominar el idioma en 4 sencillos pasos\u201d<\/h2>\n<h3><strong>que te ofrezco totalmente gratis.<\/strong><\/h3>\n<hr \/>\n<p>Para saber m\u00e1s, te sugiero que leas mi art\u00edculo completo. <a href=\"https:\/\/alessandrofois.com\/es\/puesta-en-escena-a2\/product-2\/manual-de-masterizacion-de-audio-digital\/\"><b>Manual de masterizaci\u00f3n de audio digital<\/b><\/a><\/p>\n<p><strong>Tambi\u00e9n te sugiero que eches un vistazo a mis otros <a href=\"https:\/\/alessandrofois.com\/es\/puesta-en-escena-a2\/product-category-2\/libros-3\/\">Publicaciones<\/a><\/strong><\/p>","protected":false},"excerpt":{"rendered":"<p><strong>Este es un libro electr\u00f3nico completamente gratuito.\u00a0<\/strong><strong>Puedes descargarlo desde esta p\u00e1gina.<\/strong><\/p>","protected":false},"featured_media":5746,"comment_status":"open","ping_status":"closed","template":"","meta":[],"product_brand":[],"product_cat":[72,69],"product_tag":[],"class_list":{"0":"post-5745","1":"product","2":"type-product","3":"status-publish","4":"has-post-thumbnail","6":"product_cat-ebook-gratuiti","7":"product_cat-libri","9":"first","10":"instock","11":"downloadable","12":"virtual","13":"purchasable","14":"product-type-simple"},"post_mailing_queue_ids":[],"_links":{"self":[{"href":"https:\/\/alessandrofois.com\/es\/wp-json\/wp\/v2\/product\/5745","targetHints":{"allow":["GET"]}}],"collection":[{"href":"https:\/\/alessandrofois.com\/es\/wp-json\/wp\/v2\/product"}],"about":[{"href":"https:\/\/alessandrofois.com\/es\/wp-json\/wp\/v2\/types\/product"}],"replies":[{"embeddable":true,"href":"https:\/\/alessandrofois.com\/es\/wp-json\/wp\/v2\/comments?post=5745"}],"wp:featuredmedia":[{"embeddable":true,"href":"https:\/\/alessandrofois.com\/es\/wp-json\/wp\/v2\/media\/5746"}],"wp:attachment":[{"href":"https:\/\/alessandrofois.com\/es\/wp-json\/wp\/v2\/media?parent=5745"}],"wp:term":[{"taxonomy":"product_brand","embeddable":true,"href":"https:\/\/alessandrofois.com\/es\/wp-json\/wp\/v2\/product_brand?post=5745"},{"taxonomy":"product_cat","embeddable":true,"href":"https:\/\/alessandrofois.com\/es\/wp-json\/wp\/v2\/product_cat?post=5745"},{"taxonomy":"product_tag","embeddable":true,"href":"https:\/\/alessandrofois.com\/es\/wp-json\/wp\/v2\/product_tag?post=5745"}],"curies":[{"name":"wp","href":"https:\/\/api.w.org\/{rel}","templated":true}]}}