{"id":5754,"date":"2022-10-06T14:50:53","date_gmt":"2022-10-06T14:50:53","guid":{"rendered":"http:\/\/alessandrofois.com\/prodotto\/il-mix-audio-in-8-semplici-mosse-ebook-gratuito\/"},"modified":"2025-08-25T10:12:29","modified_gmt":"2025-08-25T10:12:29","slug":"mezcla-de-audio-en-8-sencillos-pasos-libro-electronico-gratuito","status":"publish","type":"product","link":"https:\/\/alessandrofois.com\/es\/prodotto\/il-mix-audio-in-8-semplici-mosse-ebook-gratuito\/","title":{"rendered":"La mezcla de audio en 8 sencillos pasos - eBook gratuito"},"content":{"rendered":"<p><strong>\u00a1Gracias por llegar hasta aqu\u00ed! Desde esta p\u00e1gina puedes descargar el minilibro electr\u00f3nico.<\/strong><\/p>\n<h2>Mezcla de audio en 8 sencillos pasos<\/h2>\n<p><strong>que te ofrezco totalmente gratis.<\/strong><\/p>\n<hr \/>\n<p>Este folleto es una breve descripci\u00f3n del m\u00e9todo a seguir para lograr los mejores resultados en la mezcla de audio de manera ordenada y efectiva.<\/p>\n<p>Para m\u00e1s informaci\u00f3n: <a href=\"https:\/\/alessandrofois.com\/es\/puesta-en-escena-a2\/product-2\/manual-de-mezcla-de-audio-digital\/\"><b>Manual de mezcla de audio digital<\/b><\/a>\u00a0(590 p\u00e1ginas)<br \/>\nO descubre todos mis\u00a0<a href=\"https:\/\/alessandrofois.com\/es\/puesta-en-escena-a2\/product-category-2\/libros-3\/\">Publicaciones<\/a><\/p>","protected":false},"excerpt":{"rendered":"<p>Grazie per essere arrivato sin qui!\u00a0Da questa pagina potrai fare il download del mini e-book &#8220;Il mix Audio in 8 semplici mosse&#8221; che ti offro a titolo totalmente gratuito. Questo opuscolo \u00e8\u00a0una breve descrizione del metodo da seguire per arrivare in maniera ordinata ed efficace ai migliori risultati nell&#8217;ambito del mix Audio. Per approfondimenti: Manuale [&hellip;]<\/p>\n","protected":false},"featured_media":5755,"comment_status":"open","ping_status":"closed","template":"","meta":[],"product_brand":[],"product_cat":[72,69],"product_tag":[],"class_list":{"0":"post-5754","1":"product","2":"type-product","3":"status-publish","4":"has-post-thumbnail","6":"product_cat-ebook-gratuiti","7":"product_cat-libri","9":"first","10":"instock","11":"downloadable","12":"virtual","13":"purchasable","14":"product-type-simple"},"post_mailing_queue_ids":[],"_links":{"self":[{"href":"https:\/\/alessandrofois.com\/es\/wp-json\/wp\/v2\/product\/5754","targetHints":{"allow":["GET"]}}],"collection":[{"href":"https:\/\/alessandrofois.com\/es\/wp-json\/wp\/v2\/product"}],"about":[{"href":"https:\/\/alessandrofois.com\/es\/wp-json\/wp\/v2\/types\/product"}],"replies":[{"embeddable":true,"href":"https:\/\/alessandrofois.com\/es\/wp-json\/wp\/v2\/comments?post=5754"}],"wp:featuredmedia":[{"embeddable":true,"href":"https:\/\/alessandrofois.com\/es\/wp-json\/wp\/v2\/media\/5755"}],"wp:attachment":[{"href":"https:\/\/alessandrofois.com\/es\/wp-json\/wp\/v2\/media?parent=5754"}],"wp:term":[{"taxonomy":"product_brand","embeddable":true,"href":"https:\/\/alessandrofois.com\/es\/wp-json\/wp\/v2\/product_brand?post=5754"},{"taxonomy":"product_cat","embeddable":true,"href":"https:\/\/alessandrofois.com\/es\/wp-json\/wp\/v2\/product_cat?post=5754"},{"taxonomy":"product_tag","embeddable":true,"href":"https:\/\/alessandrofois.com\/es\/wp-json\/wp\/v2\/product_tag?post=5754"}],"curies":[{"name":"wp","href":"https:\/\/api.w.org\/{rel}","templated":true}]}}