{"id":5775,"date":"2022-10-16T13:15:45","date_gmt":"2022-10-16T13:15:45","guid":{"rendered":"http:\/\/alessandrofois.com\/prodotto\/glossario-del-tecnico-del-suono\/"},"modified":"2025-08-25T10:10:58","modified_gmt":"2025-08-25T10:10:58","slug":"glosario-del-ingeniero-de-sonido-2","status":"publish","type":"product","link":"https:\/\/alessandrofois.com\/es\/prodotto\/glossario-del-tecnico-del-suono\/","title":{"rendered":"Glosario de t\u00e9cnico de sonido"},"content":{"rendered":"<hr \/>\n<h3>Introducci\u00f3n a la obra<\/h3>\n<p>Este es un glosario de t\u00e9rminos t\u00e9cnicos dise\u00f1ado para el ingeniero de sonido, que contiene definiciones resumidas de casi 700 entradas relacionadas con tecnolog\u00edas de sonido, audio, m\u00fasica, f\u00f3nicas, el\u00e9ctricas e inform\u00e1ticas.<\/p>\n<p>Los t\u00e9rminos est\u00e1n organizados alfab\u00e9ticamente seg\u00fan el l\u00e9xico t\u00e9cnico y de jerga internacional; por lo tanto, est\u00e1n en ingl\u00e9s, mientras que las definiciones est\u00e1n en italiano.<\/p>\n<p>Muchas de las definiciones en ingl\u00e9s tienen un equivalente italiano (aunque se usa con menos frecuencia) y, por lo tanto, se citan, pero con una referencia cruzada al t\u00e9rmino en ingl\u00e9s correspondiente; se resaltan en la lista de entradas con una sangr\u00eda.<\/p>\n<p>Quienes tengan la versi\u00f3n eBook pueden utilizar los c\u00f3modos enlaces internos en el \u00edndice (y no s\u00f3lo) que la hacen interactiva y muy pr\u00e1ctica de utilizar.<\/p>\n<p style=\"text-align: right;\"><em><a href=\"https:\/\/lycnos.com\"><strong>Lycnos<\/strong><\/a> (editor de publicaci\u00f3n)<\/em><\/p>\n<hr \/>\n<h3>Advertencia preliminar<\/h3>\n<p>La versi\u00f3n de libro electr\u00f3nico de este glosario se encuentra aqu\u00ed en su \u201c1\u00aa edici\u00f3n\u201d y se actualiza continuamente \u201cen progreso\u201d.<\/p>\n<p>Actualmente consta de m\u00e1s de 600 definiciones (adem\u00e1s de aproximadamente 200 entradas de arrastre); cuando est\u00e9 terminado, presumiblemente incluir\u00e1 aproximadamente 2.000\/3.000 definiciones principales, adem\u00e1s de aproximadamente 1.000 entradas de &quot;arrastre&quot;.<\/p>\n<p><strong>Luego estar\u00e1n disponibles actualizaciones gratuitas:<\/strong><\/p>\n<ul>\n<li>para quienes adquirieron el manual<\/li>\n<li>para quienes lo recibieron como regalo junto con la compra de otros libros<\/li>\n<\/ul>\n<p>Una vez finalizado el trabajo tambi\u00e9n se publicar\u00e1 una versi\u00f3n en papel que estar\u00e1 disponible en el sitio web del autor. <a href=\"http:\/\/www.alessandro fois.com\">www.alessandro fois.com<\/a> y en <a href=\"https:\/\/www.amazon.it\/s?k=alessandro fois&amp;crid=3ETGGUIVX228F&amp;sprefix=Alessandro Fois,aps,82&amp;ref=nb_sb_ss_ts-doa-p_1_15\">Amazon<\/a><\/p>\n<p style=\"text-align: right;\"><em><a href=\"https:\/\/lycnos.com\"><strong>Lycnos<\/strong><\/a> (editor de publicaci\u00f3n)<\/em><\/p>\n<hr \/>\n<h3>Para obtener actualizaciones gratuitas<\/h3>\n<p><b>Los que lo compraron<\/b>\u00a0En Apple Books o en Amazon Kindle podr\u00e1n actualizar de forma gratuita descargando las nuevas versiones; si desean recibir un aviso cada vez que se publique una actualizaci\u00f3n, pueden solicitarlo expresamente escribiendo a <a href=\"mailto:lycnos@ gmail.com\">lycnos@gmail.com<\/a> .<\/p>\n<p><b>Los que lo recibieron gratis<\/b> (despu\u00e9s de comprar el <a href=\"https:\/\/alessandrofois.com\/es\/puesta-en-escena-a2\/product-2\/manual-de-mezcla-de-audio-digital\/\">Manual de mezcla de audio digital<\/a> del mismo Autor) ya est\u00e1n registrados en el servicio y recibir\u00e1n actualizaciones de forma autom\u00e1tica v\u00eda correo electr\u00f3nico (siempre que lo hayan solicitado expresamente por correo electr\u00f3nico siguiendo las instrucciones escritas en el manual).<\/p>\n<p style=\"text-align: right;\"><em><a href=\"https:\/\/lycnos.com\"><strong>Lycnos<\/strong><\/a> (editor de publicaci\u00f3n)<\/em><\/p>\n<hr \/>\n<h3>Trabaja con nosotros<\/h3>\n<p>Quienes deseen participar en la elaboraci\u00f3n del glosario pueden enviar una o m\u00e1s entradas faltantes al correo electr\u00f3nico <a href=\"mailto:no_reply@apple.com\">lycnos@gmail.com<\/a> Completo con definici\u00f3n.<\/p>\n<p>Por razones editoriales, no podemos garantizar la publicaci\u00f3n de todas las entradas proporcionadas por los colaboradores. Sin embargo, todas aquellas cuyas definiciones se publiquen (aunque solo sea una) se citar\u00e1n en el ap\u00e9ndice de este volumen, a menos que deseen expresamente no aparecer.<\/p>\n<p>Aquellos que quieran corregir o completar una o m\u00e1s entradas existentes o quieran adjuntar una tabla de ap\u00e9ndice \u00fatil para los ingenieros de sonido (similar a las ya presentes aqu\u00ed) pueden enviar el material a la misma direcci\u00f3n de correo electr\u00f3nico indicada anteriormente.<\/p>\n<p style=\"text-align: right;\"><em><a href=\"https:\/\/lycnos.com\"><strong>Lycnos<\/strong><\/a> (editor de publicaci\u00f3n)<\/em><\/p>","protected":false},"excerpt":{"rendered":"<p><b>Trabajo en curso con casi 700 definiciones. Actualizaciones gratuitas hasta su finalizaci\u00f3n, que incluir\u00e1 m\u00e1s de 2000 entradas de referencia, as\u00ed como mil entradas adicionales.<\/b><\/p>","protected":false},"featured_media":5776,"comment_status":"open","ping_status":"closed","template":"","meta":[],"product_brand":[],"product_cat":[69,70],"product_tag":[],"class_list":{"0":"post-5775","1":"product","2":"type-product","3":"status-publish","4":"has-post-thumbnail","6":"product_cat-libri","7":"product_cat-libri-e-manuali-di-audio","9":"first","10":"instock","11":"downloadable","12":"virtual","13":"purchasable","14":"product-type-simple"},"post_mailing_queue_ids":[],"_links":{"self":[{"href":"https:\/\/alessandrofois.com\/es\/wp-json\/wp\/v2\/product\/5775","targetHints":{"allow":["GET"]}}],"collection":[{"href":"https:\/\/alessandrofois.com\/es\/wp-json\/wp\/v2\/product"}],"about":[{"href":"https:\/\/alessandrofois.com\/es\/wp-json\/wp\/v2\/types\/product"}],"replies":[{"embeddable":true,"href":"https:\/\/alessandrofois.com\/es\/wp-json\/wp\/v2\/comments?post=5775"}],"wp:featuredmedia":[{"embeddable":true,"href":"https:\/\/alessandrofois.com\/es\/wp-json\/wp\/v2\/media\/5776"}],"wp:attachment":[{"href":"https:\/\/alessandrofois.com\/es\/wp-json\/wp\/v2\/media?parent=5775"}],"wp:term":[{"taxonomy":"product_brand","embeddable":true,"href":"https:\/\/alessandrofois.com\/es\/wp-json\/wp\/v2\/product_brand?post=5775"},{"taxonomy":"product_cat","embeddable":true,"href":"https:\/\/alessandrofois.com\/es\/wp-json\/wp\/v2\/product_cat?post=5775"},{"taxonomy":"product_tag","embeddable":true,"href":"https:\/\/alessandrofois.com\/es\/wp-json\/wp\/v2\/product_tag?post=5775"}],"curies":[{"name":"wp","href":"https:\/\/api.w.org\/{rel}","templated":true}]}}