{"id":5858,"date":"2023-01-06T19:00:38","date_gmt":"2023-01-06T19:00:38","guid":{"rendered":"http:\/\/alessandrofois.com\/prodotto\/manuale-di-audio-recording-digitale\/"},"modified":"2025-12-11T10:10:35","modified_gmt":"2025-12-11T10:10:35","slug":"manual-de-grabacion-de-audio-digital-2","status":"publish","type":"product","link":"https:\/\/alessandrofois.com\/es\/prodotto\/manuale-di-audio-recording-digitale\/","title":{"rendered":"Manual de grabaci\u00f3n, edici\u00f3n y sintonizaci\u00f3n digital de audio"},"content":{"rendered":"<div class=\"flex_column av_two_third flex_column_div av-zero-column-padding avia-builder-el-3 el_after_av_one_third el_before_av_one_third\">\n<section class=\"av_textblock_section\">\n<div>\n<hr \/>\n<h1>MANUAL DE GRABACI\u00d3N DE AUDIO DIGITAL<\/h1>\n<\/div>\n<div>\n<p><strong>Serie &quot;Ingenier\u00eda de Audio | Manuales de Audio para el Ingeniero de Sonido&quot;<br \/>\nVolumen 2<\/strong><\/p>\n<ul>\n<li>270 p\u00e1ginas en total (formato A4: 21,59 x 27,94 cm \u2013 Fuente: Avenir Book 10 \u2013 Interlineado: 0,8)<\/li>\n<li>9 p\u00e1ginas de \u00edndice divididas en 4 niveles, para encontrar r\u00e1pidamente cada tema<\/li>\n<li>m\u00e1s de 200 im\u00e1genes<\/li>\n<li>n. 5 secciones divididas en n. 42 cap\u00edtulos en total<\/li>\n<\/ul>\n<p>En <strong>Manual de grabaci\u00f3n de audio digital<\/strong> Est\u00e1 destinado principalmente al aprendizaje general de los principios de grabaci\u00f3n, pero tambi\u00e9n se puede utilizar como una gu\u00eda pr\u00e1ctica para consultar durante la pr\u00e1ctica.<\/p>\n<p><strong>Se compone de 5 secciones:<\/strong><\/p>\n<ol>\n<li>La 1\u00aa Secci\u00f3n est\u00e1 orientada a adquirir una cultura b\u00e1sica pero suficiente del ingeniero de sonido: objetivos de grabaci\u00f3n, sonido, equipos, criterios de escucha;<\/li>\n<li>La 2\u00aa Secci\u00f3n est\u00e1 dedicada a operaciones generales: t\u00e9cnicas de grabaci\u00f3n, modos de operaci\u00f3n, ajuste de ganancia, criterios generales para grabaci\u00f3n de micr\u00f3fono y l\u00ednea, problemas de fase.<\/li>\n<li>la 3\u00aa Secci\u00f3n trata de las operaciones espec\u00edficas de grabaci\u00f3n de los diversos tipos de fuentes sonoras, centr\u00e1ndose en particular en las m\u00e1s recurrentes y cr\u00edticas: voz, coro polif\u00f3nico, guitarras, piano, \u00f3rgano de tubos y electr\u00f3nico, bajo, bater\u00eda, percusi\u00f3n, cuerdas, instrumentos de viento, secciones orquestales y gran orquesta;<\/li>\n<li>La cuarta secci\u00f3n est\u00e1 dedicada \u00edntegramente a la edici\u00f3n y al ajuste: edici\u00f3n simple y quir\u00fargica, sincronizaci\u00f3n, ajuste y autoajuste, limpieza y nivelaci\u00f3n.<\/li>\n<li>La secci\u00f3n 5 tiene un contenido conclusivo y se centra brevemente en varios aspectos colaterales del tema: exportaci\u00f3n de pistas, amplificaci\u00f3n de instrumentos, el estudio m\u00f3vil, filmaci\u00f3n para v\u00eddeo y cine.<\/li>\n<\/ol>\n<p><i style=\"font-size: 20px; font-weight: 600;\">Prefacio<\/i><\/p>\n<p><i>El maestro zen pidi\u00f3 a los aspirantes a pintores que estudiaran durante diez a\u00f1os, practicando muchas horas al d\u00eda.<\/i><\/p>\n<p><i>Luego sugiri\u00f3 \u201colvidar\u201d todo y dejar de practicar durante meses.<\/i><\/p>\n<p><i>Despu\u00e9s inst\u00f3 al estudiante a pintar \u201cde verdad\u201d, siguiendo s\u00f3lo su intuici\u00f3n, pues la habilidad t\u00e9cnica surgir\u00eda naturalmente, pero sin dominar la escena.<\/i><\/p>\n<p><i>En este sentido, la misma exhortaci\u00f3n puede formularse para el arte de registrar, sugiriendo lo siguiente:<\/i><\/p>\n<p><strong><i>\u201cNo sigas ninguna regla, sino con\u00f3celas todas primero\u201d.<\/i><\/strong><\/p>\n<p><i>Estoy seguro de que cualquier ingeniero de sonido experto estar\u00e1 de acuerdo con esta afirmaci\u00f3n.<\/i><\/p>\n<p><strong>El autor<\/strong><\/p>\n<hr \/>\n<\/div>\n<\/section>\n<\/div>\n<div class=\"flex_column av_two_third flex_column_div av-zero-column-padding avia-builder-el-19 el_after_av_one_third avia-builder-el-last column-top-margin\">\n<section class=\"av_textblock_section\">\n<h2><strong>\u00cdNDICE DEL MANUAL<\/strong><\/h2>\n<div>\n<div><em>\u00cdndice 4<\/em><br \/>\n<em>Prefacio 12<\/em><br \/>\n<em>Otras publicaciones sobre audio y voz 12<\/em><\/div>\n<h2>SECCI\u00d3N A *** NOCIONES INTRODUCTORIAS 13<\/h2>\n<h3>OBJETIVOS DE LA GRABACI\u00d3N 14<\/h3>\n<div>Grabaci\u00f3n de audio 14<br \/>\nColaboraci\u00f3n entre el Ingeniero de Sonido y el Director Art\u00edstico 15<br \/>\nCompletar una pista de audio durante una sesi\u00f3n 15<\/div>\n<h3>LA SE\u00d1AL ELECTROAC\u00daSTICA 16<\/h3>\n<div>El pitido n\u00famero 16<br \/>\nTransducci\u00f3n ac\u00fastica 17<br \/>\nLa se\u00f1al electroac\u00fastica 17<br \/>\nCaracter\u00edsticas de la se\u00f1al electroac\u00fastica 18<br \/>\nConductores de l\u00ednea balanceados y no balanceados 18<br \/>\nCables de l\u00ednea balanceada 18<br \/>\nCables de l\u00ednea no balanceados 19<br \/>\nCables est\u00e9reo balanceados y no balanceados 19<br \/>\nProcesadores, amplificadores y altavoces 20<\/div>\n<h3>MUESTREO DIGITAL 21<\/h3>\n<div>Conversi\u00f3n AD y DA 21<br \/>\nLa frecuencia de muestreo 21<br \/>\nLa pregunta del bit 22<\/div>\n<h3>SESI\u00d3N DE GRABACI\u00d3N 24<\/h3>\n<div>N\u00famero de bits 24<br \/>\nFrecuencia de muestreo 24<br \/>\nRecursos 25<br \/>\nMedici\u00f3n pre-fader 25<br \/>\nCompensaci\u00f3n de latencia y retardo 25<br \/>\nElementos de una sesi\u00f3n 27<br \/>\nPista de audio 27<br \/>\nPista auxiliar 28<br \/>\nPista maestra 28<br \/>\nPista de instrumento 28<br \/>\nPista MIDI 28<br \/>\nAutob\u00fas 28<br \/>\nSesiones de trabajo predeterminadas 29<br \/>\nConfiguraci\u00f3n de pistas 29<br \/>\nConfiguraci\u00f3n de pistas 29<br \/>\nConfiguraci\u00f3n de complementos 29<br \/>\nLas voces de DAW 29<\/div>\n<h3>MICR\u00d3FONOS 31<\/h3>\n<div>Un poco de historia 31<br \/>\nLos transductores 32<br \/>\nTransductores de baja fidelidad 32<br \/>\nMicr\u00f3fono din\u00e1mico 32<br \/>\nMicr\u00f3fono de cinta 33<br \/>\nMicr\u00f3fono de condensador 33<br \/>\nMicr\u00f3fono de tubo 33<br \/>\nEl diafragma 34<br \/>\n\u00c1ngulo de disparo y diagrama polar 34<br \/>\nRespuesta de frecuencia 35<br \/>\nImpedancia 36<br \/>\nDin\u00e1mica 37<br \/>\nSensibilidad 37<br \/>\nRelaci\u00f3n se\u00f1al-ruido 37<br \/>\nRespuesta din\u00e1mica 37<br \/>\nResistencia electromec\u00e1nica 38<\/div>\n<h3>RUDIMENTOS DE AC\u00daSTICA 39<\/h3>\n<div>Ruido, sonido, frecuencia vibratoria 39<br \/>\nFundamental, arm\u00f3nicos, tiempo 40<br \/>\nOndas, altura, polaridad, fase, ciclo, periodo 41<br \/>\nOndas compuestas, inversi\u00f3n de polaridad 41<br \/>\nTransitorios y cola de sonidos, ADSR 42<br \/>\nPropagaci\u00f3n del sonido 43<br \/>\nIntensidad 43<br \/>\nEspacialidad y propagaci\u00f3n 43<br \/>\nReflexiones y Absorci\u00f3n 44<br \/>\nCruce y absorci\u00f3n 44<br \/>\nReflexi\u00f3n 44<br \/>\nVectores de reflexi\u00f3n 44<br \/>\nEco 45<br \/>\nFlutter echo 46<br \/>\nReverberaci\u00f3n 46<br \/>\nPresencia y proximidad 48<br \/>\nVolumen 48<br \/>\nResonancia ambiental 48<br \/>\nBajas frecuencias 49<br \/>\nAltas frecuencias 50<br \/>\nTransitorios de ataque 50<\/div>\n<h3>ESCUCHA DE REFERENCIA 51<\/h3>\n<div>Configuraci\u00f3n ac\u00fastica del Estudio 51<br \/>\nAislamiento ac\u00fastico 52<br \/>\nTratamiento interno 53<br \/>\nLos 60 monitores<br \/>\nMonitores grandes y de campo cercano 60<br \/>\nAltavoces cerrados y reflex 60<br \/>\nEl subwoofer 61<br \/>\nUbicaci\u00f3n de los altavoces 62<br \/>\nEl filtro de peine en la sala de control 65<br \/>\nEl filtro de peine en la sala de rodaje 66<br \/>\nColocaci\u00f3n y sincronizaci\u00f3n del subwoofer con la sala 66<br \/>\nFase entre el subwoofer y los altavoces 67<br \/>\nPosici\u00f3n del punto de escucha 67<br \/>\nEcualizaci\u00f3n correctiva 69<br \/>\nPercepci\u00f3n ac\u00fastica 70<br \/>\nEl enga\u00f1o del volumen 70<br \/>\n\u00bfQu\u00e9 pasa con un volumen alto de 70?<br \/>\n\u00bfQu\u00e9 pasa a bajo volumen 71?<br \/>\nVol\u00famenes de referencia 71<br \/>\nNivel de referencia a 85 dB 71<br \/>\nTrabajando a 70 dB 71<br \/>\nComparar a 60 y 110 dB 72<br \/>\nEscucha cr\u00edtica de los distintos vol\u00famenes 72<br \/>\nNo arruines tu audici\u00f3n 72<br \/>\nOtras pruebas de escucha 72<br \/>\nMonitoreo de auriculares 72<br \/>\nEvitar la adaptaci\u00f3n psicoac\u00fastica 74<br \/>\nEscucha t\u00e9cnica y escucha relajante 75<br \/>\nMonitoreo de banda estrecha 75<br \/>\nMonitores alternativos 77<\/div>\n<h2>SECCI\u00d3N B *** OPERACI\u00d3N GENERAL 78<\/h2>\n<h3>T\u00c9CNICAS DE GRABACI\u00d3N 79<\/h3>\n<div>Principales m\u00e9todos de grabaci\u00f3n 79<br \/>\nGrabaci\u00f3n manual normal 79<br \/>\nGolpe r\u00e1pido 79<br \/>\nEntrada y salida 79<br \/>\nEntra y sale 80<br \/>\nGrabaci\u00f3n c\u00edclica 80<br \/>\nDirecto o Multipista 80<br \/>\nGrabaci\u00f3n en vivo 80<br \/>\nGrabaci\u00f3n de sobregrabaci\u00f3n total 81<br \/>\nGrabaci\u00f3n parcial en vivo 82<br \/>\nSobregrabaci\u00f3n con sustituci\u00f3n progresiva de piezas 83<br \/>\nFantasma Rev 84<br \/>\nCu\u00e1ndo y c\u00f3mo usarlo 85<\/div>\n<h3>ENTRADAS Y GANANCIA ETAPA 86<\/h3>\n<div>Entradas de se\u00f1al 86<br \/>\nNiveles de se\u00f1al 87<br \/>\n\u00bfQu\u00e9 es Gain Staging 88?<br \/>\nUn pararrayos para la distorsi\u00f3n 89<br \/>\nUn enorme y din\u00e1mico 89<br \/>\nNiveles de audio en pistas y grupos 90<br \/>\nEl medidor de 90 VU<br \/>\nGrupos y subgrupos 91<br \/>\nNiveles de entrada y salida en plugins 91<br \/>\nEtapas de ganancia en el monitoreo 92<\/div>\n<h3>GRABACI\u00d3N CON MICR\u00d3FONO 93<\/h3>\n<div>El micr\u00f3fono universal 93<br \/>\nSelecci\u00f3n de micr\u00f3fono 93<br \/>\nObservaciones generales y pruebas de registro ac\u00fastico 94<br \/>\nEl instrumento y el instrumentista 94<br \/>\nPosici\u00f3n del micr\u00f3fono 95<br \/>\nEl disparo mono 96<br \/>\nLa grabaci\u00f3n est\u00e9reo 96<br \/>\nGrabaci\u00f3n est\u00e9reo de instrumentos y secciones individuales 97<br \/>\nT\u00e9cnicas de grabaci\u00f3n est\u00e9reo 97<\/div>\n<h3>CAMPOS DE GRABACI\u00d3N DE MICR\u00d3FONO 100<\/h3>\n<div>Los campos de captaci\u00f3n del micr\u00f3fono son 100<br \/>\nCampos de asistencia 101<br \/>\nCampos del medio ambiente 103<br \/>\nGrabaciones mono, est\u00e9reo y mixtas 103<br \/>\nDesfase temporal en tomas multicampo 104<br \/>\nLa directividad de los micr\u00f3fonos en los campos de grabaci\u00f3n 105<br \/>\nElecci\u00f3n del campo de tiro seg\u00fan el rol en la mezcla 105<br \/>\nUso de campos de entorno 106<\/div>\n<h3>GRABACI\u00d3N CON M\u00daLTIPLES MICR\u00d3FONOS 107<\/h3>\n<div>Ventajas de la grabaci\u00f3n con m\u00faltiples micr\u00f3fonos 107<br \/>\nRetrasos de tiempo 107<br \/>\nLa recuperaci\u00f3n de un conjunto de percusi\u00f3n y bater\u00eda 109<br \/>\nToma panor\u00e1mica del set 110<br \/>\nRe-tomas individuales de las piezas del set 110<br \/>\nRecuperaci\u00f3n mixta 111<br \/>\nRecuperaci\u00f3n mixta aligerada 112<br \/>\nBater\u00eda con doble micr\u00f3fono 112<br \/>\nFase de micr\u00f3fono en sets de percusi\u00f3n 113<br \/>\nReanudar con polaridad opuesta 113<br \/>\nRetraso de tiempo 114<\/div>\n<h3>GRABACI\u00d3N EN VIVO EN ESTUDIO 115<\/h3>\n<div>Jaulas divisorias ac\u00fasticas 115<br \/>\nPaneles divisorios ac\u00fasticos 115<br \/>\nSobregrabaci\u00f3n 116<\/div>\n<h3>LA RECUPERACI\u00d3N EN LA L\u00cdNEA 117<\/h3>\n<div>Dispositivos a conectar en la l\u00ednea 117<br \/>\nAdaptadores de se\u00f1al 118<br \/>\nFuentes con salida de l\u00ednea no balanceada 118<br \/>\nFuentes de captaci\u00f3n y piezoel\u00e9ctricas 118<br \/>\nPlato giratorio tradicional 118<br \/>\nInscripci\u00f3n en l\u00ednea 119<\/div>\n<h3>AJUSTES PRELIMINARES 120<\/h3>\n<div>Reg\u00edstrate en el Piso 121<br \/>\nIgualaci\u00f3n preliminar 122<br \/>\nModo de ecualizaci\u00f3n preliminar 122<br \/>\nEcualizaci\u00f3n preliminar para instrumentos mel\u00f3dicos 124<br \/>\nEcualizaci\u00f3n preliminar para bater\u00eda 127<\/div>\n<h2>SECCI\u00d3N C *** REGISTRO DE FUENTES 129<\/h2>\n<h3>GUITARRAS Y CUERDAS CON CLAVIJA 130<\/h3>\n<div>Micr\u00f3fonos para guitarras 130<br \/>\nCampos de captaci\u00f3n t\u00edpicos para guitarras 130<br \/>\nLa recuperaci\u00f3n de la guitarra 131<br \/>\nElegir la guitarra y la p\u00faa adecuadas 131<br \/>\nConsultar con el guitarrista 131<br \/>\nLa emisi\u00f3n del sonido de la guitarra 132<br \/>\nEncontrar la posici\u00f3n perfecta del micr\u00f3fono 132<br \/>\nPatrones polares de captaci\u00f3n y distancia del micr\u00f3fono 133<br \/>\nEntorno ac\u00fastico 134<br \/>\nT\u00e9cnicas con m\u00faltiples micr\u00f3fonos 134<br \/>\nRelaciones de fase y filtros de peine 134<br \/>\nLa recuperaci\u00f3n del XY 135<br \/>\nProcesamiento en la grabaci\u00f3n 136<br \/>\nEcualizaci\u00f3n preliminar en la grabaci\u00f3n de guitarra 136<br \/>\nCompresi\u00f3n y reverberaci\u00f3n preliminar en la grabaci\u00f3n 137<\/div>\n<h3>AMPLIFICADORES Y CABINETES 138<\/h3>\n<div>Gabinete de bajos 138<br \/>\nGrabaci\u00f3n de bajo mixto 138<br \/>\nGabinete de guitarra el\u00e9ctrica 140<br \/>\nEl micr\u00f3fono para el gabinete 140<br \/>\nArmario para \u00f3rgano electromagn\u00e9tico o electr\u00f3nico 141<br \/>\nLa grabaci\u00f3n del micr\u00f3fono del Leslie 142<br \/>\nLa recuperaci\u00f3n ambiental del altavoz rotatorio 142<\/div>\n<h3>INSTRUMENTOS DE VIENTO: VIENTO DE MADERA 143<\/h3>\n<div>Micr\u00f3fonos para instrumentos de viento madera 143<br \/>\nCampos de tiro 143<br \/>\nCampo de proximidad 143<br \/>\nCampo de resonancia 144<\/div>\n<h3>INSTRUMENTOS DE VIENTO: INSTRUMENTOS DE Viento Metal 145<\/h3>\n<div>Micr\u00f3fonos 145<br \/>\nCampos de tiro 145<br \/>\nCampo de proximidad 145<br \/>\nCampo de resonancia 146<\/div>\n<h3>INSTRUMENTOS DE ARCO 147<\/h3>\n<div>Micr\u00f3fonos 147<br \/>\nCampos de tiro 147<br \/>\nCampo de resonancia 148<br \/>\nCampo de proximidad 148<\/div>\n<h3>ARM\u00d3NICA Y PEQUE\u00d1OS INSTRUMENTOS 149<\/h3>\n<h3>ACORDE\u00d3N 150<\/h3>\n<div>Micr\u00f3fonos para grabar el acorde\u00f3n 150<br \/>\nGrabaci\u00f3n de acorde\u00f3n en mono 150<br \/>\nGrabaci\u00f3n de acorde\u00f3n en est\u00e9reo 150<\/div>\n<h3>BATER\u00cdA 152<\/h3>\n<div>M\u00e9todos de disparo con bater\u00eda 152<br \/>\nM\u00e9todo A: Fotograf\u00eda panor\u00e1mica monocrom\u00e1tica 152<br \/>\nM\u00e9todo B \u2013 Grabaci\u00f3n panor\u00e1mica est\u00e9reo en fase 153<br \/>\nVariantes de los m\u00e9todos A y B 153<br \/>\nM\u00e9todo C \u2013 Grabaci\u00f3n panor\u00e1mica estereosc\u00f3pica ORTF 153<br \/>\nM\u00e9todo D \u2013 Toma panor\u00e1mica estereosc\u00f3pica 154<br \/>\nM\u00e9todo E \u2013 M\u00e9todo mixto con micr\u00f3fonos cercanos 156<br \/>\nFase entre micr\u00f3fonos panor\u00e1micos y cercanos 157<br \/>\nM\u00e9todo E1 \u2013 una variante ambiental del M\u00e9todo Mixto 159<br \/>\nBombo \u2013 Bombo \u2013 Bombo 159<br \/>\nEl micr\u00f3fono grabando 160<br \/>\n\u00bfQu\u00e9 micr\u00f3fonos deber\u00edas usar para el bombo? 162<br \/>\nCaja 163<br \/>\nMicr\u00f3fono superior 163<br \/>\nMicr\u00f3fono inferior \u2013 Micr\u00f3fono inferior 164<br \/>\nTomTom y Timpani 166<br \/>\nHi-Hat \u2013 Charleston 167<br \/>\nPlatos 168<br \/>\nGastos generales 168<br \/>\nToma panor\u00e1mica de todo el conjunto 168<br \/>\nC\u00f3mo elegir micr\u00f3fonos de techo 169<br \/>\nOtras percusiones en bater\u00eda 169<br \/>\nMedio ambiente 170<br \/>\nProblemas de la fase 170<br \/>\nEliminar defectos de rodaje preliminares 171<br \/>\nEl clic sangrante 171<\/div>\n<h3>PERCUSIONES 172<\/h3>\n<div>Las peque\u00f1as percusiones 172<br \/>\nLas grandes percusiones 173<br \/>\nTambores de fondo abierto 173<\/div>\n<h3>VOZ 175<\/h3>\n<div>Caracter\u00edsticas del micr\u00f3fono a utilizar 175<br \/>\nAc\u00fastica 176<br \/>\nOndas estacionarias en la sala de grabaci\u00f3n de voz 176<br \/>\nPosici\u00f3n de reanudaci\u00f3n de voz 177<br \/>\nPaneles ac\u00fasticos 178<br \/>\nC\u00f3mo tomar la fotograf\u00eda 178<br \/>\nInclinaci\u00f3n del micr\u00f3fono 178<br \/>\nFiltro antipop 178<br \/>\nGesti\u00f3n de la distancia del micr\u00f3fono 178<br \/>\nVariaci\u00f3n compensatoria de la distancia 179<br \/>\nDireccionamiento del eje 179<\/div>\n<h3>COROS 180<\/h3>\n<div>Coro peque\u00f1o y sencillo 180<br \/>\nCoros de grabaci\u00f3n m\u00faltiple 181<\/div>\n<h3>PIANO 183<\/h3>\n<div>Grabaci\u00f3n mono de piano 183<br \/>\nGrabaci\u00f3n est\u00e9reo del piano 183<br \/>\nGrabaci\u00f3n b\u00e1sica con 2 micr\u00f3fonos 183<br \/>\nTomas complementarias est\u00e9reo 187<br \/>\nM\u00faltiples tomas est\u00e9reo 187<br \/>\nTomas est\u00e9reo ambientales auxiliares 188<br \/>\n188 tomas complementarias mono<br \/>\nPuntos estrat\u00e9gicos para el disparo mono 189<br \/>\nPolaridad de fase utilizada como ecuaci\u00f3n no lineal 189<br \/>\nEl piano vertical de 190<\/div>\n<h3>\u00d3RGANO DE TUBOS 192<\/h3>\n<div>Frente de sonido estrecho 192<br \/>\n193 frente de sonido amplio<br \/>\nSonido m\u00faltiple frontal 194<br \/>\nOptimizaci\u00f3n del escalonamiento de los bloques de 194 barriles<br \/>\nUso del filtro HPF 195<br \/>\nIgualaci\u00f3n preliminar 195<\/div>\n<h3>CORO POLIF\u00d3NICO 196<\/h3>\n<div>Grabaci\u00f3n est\u00e9reo con Circle Choir 196<br \/>\nGrabaci\u00f3n est\u00e9reo con coro en semic\u00edrculo 197<br \/>\nGrabaci\u00f3n est\u00e9reo con coro en l\u00ednea 197<br \/>\nRecuperaci\u00f3n semi-faseada 198<br \/>\nDisparo espaciado 198<br \/>\nReanudaci\u00f3n de las Secciones 199<br \/>\nRecuperaci\u00f3n seccional por fases con coro circular 199<br \/>\nCaptura de pantalla seccional con coro circular 199<br \/>\nRecuperaci\u00f3n individual 200<\/div>\n<h3>ORQUESTA Y BANDA 201<\/h3>\n<div>La Peque\u00f1a Orquesta 201<br \/>\nCriterios generales 201<br \/>\nGrabaci\u00f3n con prioridad en est\u00e9reo o est\u00e9reo 202<br \/>\nDisparo con prioridad de micr\u00f3fono cercano 203<br \/>\nReflexiones finales sobre la fase transitoria 204<br \/>\nLa Gran Orquesta 204<br \/>\nMicrofon\u00eda ambiental b\u00e1sica 205<br \/>\nOrtf 205<br \/>\n\u00c1rbol Decca 205<br \/>\nMicr\u00f3fonos cercanos para la gran orquesta 206<\/div>\n<h2>SECCI\u00d3N D *** Edici\u00f3n y ajuste 207<\/h2>\n<h3>DESCUBRAMOS LA EDICI\u00d3N DE AUDIO 208<\/h3>\n<div>Los riesgos de la edici\u00f3n 208<br \/>\nT\u00e9cnicas de edici\u00f3n 209<br \/>\nEdici\u00f3n b\u00e1sica 209<br \/>\nEdici\u00f3n quir\u00fargica 209<br \/>\nTiempo 210<br \/>\nSintonizaci\u00f3n manual 210<br \/>\nLimpieza 211<br \/>\nNivelaci\u00f3n 211<br \/>\nAutoajuste 211<br \/>\nCu\u00e1ndo editar 211<\/div>\n<h3>EDICI\u00d3N B\u00c1SICA 213<\/h3>\n<div>Elija e ingrese 213<br \/>\nToma 213<br \/>\nEligiendo 213<br \/>\nRiesgos de elegir 214<br \/>\nGrabaci\u00f3n correctiva 215<br \/>\nSeleccione el fragmento a reemplazar 215<br \/>\nEstablecer pre-roll 215<br \/>\nEstablecer Post-Roll 215<br \/>\nEscuchar y unirse 216<br \/>\nRiesgos de la grabaci\u00f3n correctiva 216<br \/>\nCopiar y pegar 216<br \/>\nLimpieza 216<br \/>\nSeleccionar y copiar 217<br \/>\nPasta 217<br \/>\nSesiones no cuantizadas \u2013 Sin cuadr\u00edcula 217<\/div>\n<h3>EDICI\u00d3N QUIR\u00daRGICA 218<\/h3>\n<div>Borrando 218<br \/>\nCorte 218<br \/>\nC\u00f3mo hacer un corte 218<br \/>\nElegir el mejor punto de corte 218<br \/>\nNota larga que une el corte 219<br \/>\nCorrecci\u00f3n manual del dise\u00f1o de ondas sonoras 220<br \/>\nDesvanecimiento y juntas en general 220<br \/>\nClasificaci\u00f3n de los tipos de desvanecimiento 220<br \/>\nDesvanecimiento ordinario 222<br \/>\nDesvanecimiento quir\u00fargico 222<br \/>\nCopiar y pegar 223<br \/>\nCopiar y pegar consonantes 223<br \/>\nCopiar y pegar transitorios instrumentales 224<br \/>\nCompresi\u00f3n y expansi\u00f3n din\u00e1mica 224<br \/>\nIgualando 225<br \/>\nEdici\u00f3n multipista para bater\u00eda y otros conjuntos 225<\/div>\n<h3>TIEMPO 228<\/h3>\n<div>Cortar y mover 228<br \/>\nEstiramiento y expansi\u00f3n del tiempo 228<br \/>\nEstiramiento 229<br \/>\nExpansi\u00f3n 229<br \/>\nSincronizaci\u00f3n flexible 230<br \/>\nGesti\u00f3n de par\u00e1metros 231<br \/>\nAplicaciones publicitarias 232<br \/>\nDecoloraci\u00f3n y limpieza 232<\/div>\n<h3>SINTONIZACI\u00d3N 233<\/h3>\n<div>Sintonizaci\u00f3n manual 233<br \/>\nErrores de entonaci\u00f3n 234<br \/>\nC\u00f3mo proceder 234<br \/>\nSegmentos de audio con tono coherente 234<br \/>\nNotas con vibrato amplio 234<br \/>\nNotas de Glissando \u2013 Correcci\u00f3n manual 234<br \/>\nNotas de Glissando: Correcci\u00f3n manual con autoajuste 235<\/div>\n<h3>NIVELACI\u00d3N 237<\/h3>\n<div>\u00bfQu\u00e9 se entiende por nivelaci\u00f3n 237?<br \/>\nEl ejecutivo registra 237<br \/>\nNivelaci\u00f3n con volumen 237<br \/>\nNivelaci\u00f3n con compresi\u00f3n 238<br \/>\nAjustes de ecualizaci\u00f3n 238<br \/>\nAnomal\u00edas de nivelaci\u00f3n 238<\/div>\n<h3>LIMPIEZA 240<\/h3>\n<div>Corte 240<br \/>\nDe-respiraci\u00f3n 241<br \/>\nSuavizado 241<br \/>\nSuavizado con fundido de entrada 242<br \/>\nSuavizado con compresor din\u00e1mico 242<br \/>\nSuavizado con el ecualizador 242<br \/>\nDesvanecimiento 243<br \/>\nFundido de entrada y fundido de salida 243<br \/>\nFundido cruzado 243<\/div>\n<h3>AUTOAJUSTE 244<\/h3>\n<div>Tipo de entrada y seguimiento 244<br \/>\nClave y escala 245<br \/>\nOmitir nota y eliminar nota 246<br \/>\nVolver a sintonizar la velocidad 246<br \/>\nDesafinaci\u00f3n y transposici\u00f3n, longitud de garganta, formante 247<br \/>\nHumanizar 248<br \/>\nVibrato natural 248<br \/>\nCreador de vibrato 248<br \/>\nGesti\u00f3n operativa 249<\/div>\n<h2>SECCI\u00d3N E *** MISCEL\u00c1NEOS 251<\/h2>\n<h3>MICR\u00d3FONO PARA AMPLIFICAR 252<\/h3>\n<div>Bajo aislamiento de disparos 252<br \/>\nGatillo Larsen 252<br \/>\nUtilice el campo de proximidad 253<br \/>\nTrucos para limitar la retroalimentaci\u00f3n del micr\u00f3fono 253<br \/>\nPrueba de sonido 253<\/div>\n<h3>ESTUDIO DE GRABACI\u00d3N M\u00d3VIL 254<\/h3>\n<div>La grabaci\u00f3n de un concierto ac\u00fastico 254<br \/>\nRecuperaci\u00f3n en l\u00ednea desde salidas directas 254<br \/>\nGrabadoras multipista port\u00e1tiles 255<br \/>\nGrabaci\u00f3n con un DAW port\u00e1til 255<br \/>\nSincronizaci\u00f3n entre DAWs 255<br \/>\nAjuste de ganancia 256<\/div>\n<h3>FILMACI\u00d3N PARA V\u00cdDEO Y CINE 257<\/h3>\n<div>La importancia del audio en el v\u00eddeo 257<br \/>\nProblemas importantes de audio 257<br \/>\nGrabar audio de la pel\u00edcula 258<br \/>\nLa pel\u00edcula que se doblar\u00e1 258<br \/>\nLa recuperaci\u00f3n en el campo 258<br \/>\nUso de una grabadora externa 258<br \/>\nC\u00f3mo administrar los cables 258<br \/>\nUtilice accesorios de calidad 259<br \/>\nContrataci\u00f3n de un ingeniero de sonido \u201creal\u201d 259<br \/>\nRealizar una inspecci\u00f3n 259<br \/>\nComprueba siempre tus niveles de grabaci\u00f3n 259<br \/>\nColocaci\u00f3n correcta de los micr\u00f3fonos 260<br \/>\nGrabaci\u00f3n del fondo ambiental 260<br \/>\nGraba audio tambi\u00e9n desde tu videoc\u00e1mara 260<br \/>\nGrabaci\u00f3n de un clip de sonido de 260 minutos<br \/>\nUso de comandos operativos est\u00e1ndar 261<br \/>\nLa postproducci\u00f3n no hace milagros 261<\/div>\n<h3>EXPORTACI\u00d3N DE SESI\u00d3N 262<\/h3>\n<div>Operaciones preliminares 262<br \/>\nConsideraciones t\u00e9cnicas 263<br \/>\nExportar pistas de audio para una mezcla externa 263<br \/>\n:::<br \/>\n<em>Derechos de autor 265<\/em><br \/>\n<em>Contactos 265<\/em><br \/>\n<em>Biograf\u00eda 266<\/em><br \/>\n<em>Bibliograf\u00eda 267<\/em><\/div>\n<\/div>\n<\/section>\n<\/div>","protected":false},"excerpt":{"rendered":"<p data-start=\"140\" data-end=\"203\"><strong data-start=\"140\" data-end=\"201\">Obtenga un ahorro cuando compre aqu\u00ed en el sitio del autor.<\/strong><\/p>\n<ul>\n<li data-start=\"206\" data-end=\"304\">Compra la versi\u00f3n de bolsillo directamente desde esta p\u00e1gina (m\u00e1s barata que Amazon)<\/li>\n<li data-start=\"307\" data-end=\"348\">Compre la versi\u00f3n de bolsillo en Amazon<\/li>\n<li data-start=\"351\" data-end=\"397\">Compra la versi\u00f3n digital en Apple Books<\/li>\n<\/ul>\n<p data-start=\"399\" data-end=\"502\">Dentro del libro tambi\u00e9n encontrar\u00e1s un vale regalo para conseguir el <em data-start=\"460\" data-end=\"493\">Glosario de ingenieros de sonido<\/em> (ver\u00e1s)<\/p>","protected":false},"featured_media":5859,"comment_status":"open","ping_status":"closed","template":"","meta":[],"product_brand":[],"product_cat":[69,70],"product_tag":[],"class_list":{"0":"post-5858","1":"product","2":"type-product","3":"status-publish","4":"has-post-thumbnail","6":"product_cat-libri","7":"product_cat-libri-e-manuali-di-audio","9":"first","10":"instock","11":"sale","12":"purchasable","13":"product-type-simple"},"post_mailing_queue_ids":[],"_links":{"self":[{"href":"https:\/\/alessandrofois.com\/es\/wp-json\/wp\/v2\/product\/5858","targetHints":{"allow":["GET"]}}],"collection":[{"href":"https:\/\/alessandrofois.com\/es\/wp-json\/wp\/v2\/product"}],"about":[{"href":"https:\/\/alessandrofois.com\/es\/wp-json\/wp\/v2\/types\/product"}],"replies":[{"embeddable":true,"href":"https:\/\/alessandrofois.com\/es\/wp-json\/wp\/v2\/comments?post=5858"}],"wp:featuredmedia":[{"embeddable":true,"href":"https:\/\/alessandrofois.com\/es\/wp-json\/wp\/v2\/media\/5859"}],"wp:attachment":[{"href":"https:\/\/alessandrofois.com\/es\/wp-json\/wp\/v2\/media?parent=5858"}],"wp:term":[{"taxonomy":"product_brand","embeddable":true,"href":"https:\/\/alessandrofois.com\/es\/wp-json\/wp\/v2\/product_brand?post=5858"},{"taxonomy":"product_cat","embeddable":true,"href":"https:\/\/alessandrofois.com\/es\/wp-json\/wp\/v2\/product_cat?post=5858"},{"taxonomy":"product_tag","embeddable":true,"href":"https:\/\/alessandrofois.com\/es\/wp-json\/wp\/v2\/product_tag?post=5858"}],"curies":[{"name":"wp","href":"https:\/\/api.w.org\/{rel}","templated":true}]}}