{"id":7611,"date":"2024-06-26T19:39:22","date_gmt":"2024-06-26T19:39:22","guid":{"rendered":"http:\/\/alessandrofois.com\/prodotto\/registrare-i-cori-polifonici-con-facilita-manuale-delle-tecniche-professionali-trattate-in-modo-semplice-per-maestri-di-coro-e-aspiranti-fonici\/"},"modified":"2025-12-11T10:15:25","modified_gmt":"2025-12-11T10:15:25","slug":"graba-coros-polifonicos-con-facilidad-utilizando-tecnicas-profesionales-explicadas-de-forma-sencilla-para-directores-de-coro-y-aspirantes-a-ingenieros-de-sonido","status":"publish","type":"product","link":"https:\/\/alessandrofois.com\/es\/prodotto\/registrare-i-cori-polifonici-con-facilita-manuale-delle-tecniche-professionali-trattate-in-modo-semplice-per-maestri-di-coro-e-aspiranti-fonici\/","title":{"rendered":"Grabar coros polif\u00f3nicos con facilidad"},"content":{"rendered":"<h2><strong><span class=\"a-text-bold\">Registro <\/span><span class=\"a-text-bold a-text-italic\">el<\/span><span class=\"a-text-bold\"> Coros polif\u00f3nicos <\/span><span class=\"a-text-bold a-text-italic\">con<\/span><span class=\"a-text-bold\"> Facilidad<\/span><\/strong><\/h2>\n<h2><span style=\"color: #999999;\"><strong>Un manual de t\u00e9cnicas profesionales tratado de forma sencilla para directores de coros y aspirantes a ingenieros de sonido<\/strong><\/span><\/h2>\n<p><strong>1.\u00aa edici\u00f3n del 21 de junio de 2024<\/strong><\/p>\n<p><strong>64 p\u00e1ginas en formato A4 aproximadamente \u2013 fuente Avenir 10, interlineado 0,9<\/strong><\/p>\n<h3><strong>Autor: Alessandro Fois<\/strong><\/h3>\n<p>:::<\/p>\n<h3><span class=\"a-text-bold\">El autor: Alessandro Fois<\/span><\/h3>\n<p>Experto en grabaci\u00f3n y direcci\u00f3n coral, m\u00fasico, compositor y arreglista, presenta un manual indispensable para quien desee lograr grabaciones corales de alta calidad mediante un enfoque sencillo y bien guiado. Con siete libros sobre ingenier\u00eda de sonido en su haber, incluyendo un \u00e9xito de ventas en Amazon, ofrece una gu\u00eda pr\u00e1ctica y accesible para todos, especialmente para directores de coro interesados en la grabaci\u00f3n casera.<\/p>\n<h3><span class=\"a-text-bold\">\u00bfPOR QU\u00c9 ELEGIR ESTE LIBRO?<\/span><\/h3>\n<ol class=\"a-ordered-list a-vertical\">\n<li><span class=\"a-list-item\"><span class=\"a-text-bold\">Enfoque pr\u00e1ctico:<\/span> Explicaciones sencillas y detalladas para todos los niveles de experiencia.<\/span><\/li>\n<li><span class=\"a-list-item\"><span class=\"a-text-bold\">Experiencia y conocimientos: <\/span>Asesoramiento pr\u00e1ctico basado en situaciones reales y amplia experiencia en el sector.<\/span><\/li>\n<li><span class=\"a-list-item\"><span class=\"a-text-bold\">Enfoque en el Registro: <\/span>Cubre todas las etapas esenciales de la grabaci\u00f3n, desde la elecci\u00f3n del equipo adecuado hasta la configuraci\u00f3n del estudio m\u00f3vil y las t\u00e9cnicas de microfon\u00eda.<\/span><\/li>\n<\/ol>\n<h3><span class=\"a-text-bold\">CONTENIDO DEL LIBRO<\/span><\/h3>\n<ul class=\"a-unordered-list a-vertical\">\n<li>Equipo esencial para la grabaci\u00f3n coral<\/li>\n<li>Preparando el estudio m\u00f3vil<\/li>\n<li>T\u00e9cnicas espec\u00edficas de grabaci\u00f3n con micr\u00f3fono para coros<\/li>\n<li>Descripci\u00f3n general de la posproducci\u00f3n (edici\u00f3n, mezcla, masterizaci\u00f3n, publicaci\u00f3n)<\/li>\n<\/ul>\n<p><strong><span class=\"a-text-bold\">Este manual es un compa\u00f1ero indispensable para directores de coro y aspirantes a ingenieros de sonido que quieran mejorar la calidad de sus grabaciones.<\/span><\/strong><\/p>\n<p><span class=\"a-text-bold\"><strong>\u00a1Con este manual obtendr\u00e1s los conocimientos necesarios para lograr resultados profesionales con facilidad!<\/strong><\/span><\/p>\n<h3><span class=\"a-text-bold\">*** \u00cdNDICE ***<\/span><\/h3>\n<h4><span class=\"a-text-bold a-text-italic\">Prefacio<\/span><\/h4>\n<p>\u00bfA qui\u00e9n va dirigido este manual?<br \/>\nLa importancia de una grabaci\u00f3n de calidad para los coros<br \/>\nAutorregistro y apoyo profesional<\/p>\n<h2><span class=\"a-text-bold\">A \u2013 El equipo<\/span><\/h2>\n<p>Computadora y tarjeta de sonido<br \/>\nAuriculares, cables y m\u00e1s<br \/>\nSoftware de grabaci\u00f3n (DAW) y software de linealizaci\u00f3n de auriculares<br \/>\nMicr\u00f3fonos<\/p>\n<ul class=\"a-unordered-list a-vertical\">\n<li><span class=\"a-list-item\">La figura polar<\/span><\/li>\n<li><span class=\"a-list-item\">Micr\u00f3fonos de patr\u00f3n polar variable y sus ventajas<\/span><\/li>\n<li><span class=\"a-list-item\">Micr\u00f3fonos solo cardioides (patr\u00f3n polar fijo)<\/span><\/li>\n<li><span class=\"a-list-item\">Juegos de micr\u00f3fonos, soportes y cables recomendados<\/span><\/li>\n<\/ul>\n<h2><span class=\"a-text-bold\">B \u2013 Preparaci\u00f3n del estudio m\u00f3vil<\/span><\/h2>\n<p>Configuraci\u00f3n de las preferencias del ordenador<br \/>\nMontaje de equipos<br \/>\nInstalaci\u00f3n y configuraci\u00f3n del software de grabaci\u00f3n<br \/>\nLa sesi\u00f3n de trabajo<\/p>\n<ul class=\"a-unordered-list a-vertical\">\n<li><span class=\"a-list-item\">Una nueva sesi\u00f3n de grabaci\u00f3n<\/span><\/li>\n<li><span class=\"a-list-item\">L\u00ednea de tiempo y pistas<\/span><\/li>\n<li><span class=\"a-list-item\">Reverberaci\u00f3n<\/span><\/li>\n<li><span class=\"a-list-item\">instrumento virtual<\/span><\/li>\n<li><span class=\"a-list-item\">Software de linealizaci\u00f3n de auriculares<\/span><\/li>\n<\/ul>\n<h2><span class=\"a-text-bold\">C \u2013 Ubicaci\u00f3n del rodaje y problemas ac\u00fasticos<\/span><\/h2>\n<p>An\u00e1lisis de ubicaci\u00f3n<\/p>\n<p>Criticidades ac\u00fasticas<\/p>\n<p><span class=\"a-text-bold\">D \u2013 Grabaci\u00f3n con micr\u00f3fono<\/span><\/p>\n<p>Descripci\u00f3n detallada de las t\u00e9cnicas de grabaci\u00f3n con micr\u00f3fono para coros.<\/p>\n<ul class=\"a-unordered-list a-vertical\">\n<li><span class=\"a-list-item\">T\u00e9cnica ORTF<\/span><\/li>\n<li><span class=\"a-list-item\">T\u00e9cnica XY<\/span><\/li>\n<li><span class=\"a-list-item\">T\u00e9cnica Blumlein<\/span><\/li>\n<li><span class=\"a-list-item\">T\u00e9cnica espaciada<\/span><\/li>\n<li><span class=\"a-list-item\">T\u00e9cnica compuesta Un Corolla<\/span><\/li>\n<\/ul>\n<p>Variante extendida para capturar la reverberaci\u00f3n ambiental<\/p>\n<h2><span class=\"a-text-bold\">E \u2013 El registro<\/span><\/h2>\n<p>Niveles de grabaci\u00f3n<br \/>\nGesti\u00f3n de operaciones de registro<\/p>\n<ul class=\"a-unordered-list a-vertical\">\n<li><span class=\"a-list-item\">Comandos de transporte y selecciones de la l\u00ednea de tiempo<\/span><\/li>\n<li><span class=\"a-list-item\">Iniciar, detener y cancelar la grabaci\u00f3n<\/span><\/li>\n<li><span class=\"a-list-item\">Eliminar segmentos de audio de una grabaci\u00f3n<\/span><\/li>\n<li><span class=\"a-list-item\">Escucha las pistas grabadas<\/span><\/li>\n<li><span class=\"a-list-item\">Mover o duplicar segmentos de audio a un punto diferente en la l\u00ednea de tiempo<\/span><\/li>\n<li><span class=\"a-list-item\">Silenciar o poner en solitario pistas en una grabaci\u00f3n<\/span><\/li>\n<\/ul>\n<h2><span class=\"a-text-bold\">F \u2013 Peque\u00f1os consejos adicionales<\/span><\/h2>\n<ul class=\"a-unordered-list a-vertical\">\n<li><span class=\"a-list-item\">Para el director del coro<\/span><\/li>\n<li><span class=\"a-list-item\">Una salida hacia el futuro<\/span><\/li>\n<\/ul>\n<h2><span class=\"a-text-bold\">G \u2013 De la grabaci\u00f3n al producto final<\/span><\/h2>\n<p>\u00bfQu\u00e9 hacer una vez completado el registro?<\/p>\n<ul class=\"a-unordered-list a-vertical\">\n<li><span class=\"a-list-item\">Edici\u00f3n y montaje<\/span><\/li>\n<li><span class=\"a-list-item\">Mezcla y masterizaci\u00f3n<\/span><\/li>\n<li><span class=\"a-list-item\">Publicaci\u00f3n<\/span><\/li>\n<\/ul>\n<h4><span class=\"a-text-bold a-text-italic\">Ep\u00edlogo<\/span><\/h4>\n<p><span class=\"a-text-italic\">Concluyendo el viaje<br \/>\nSu papel como ingeniero de sonido<br \/>\nGracias<\/span><\/p>","protected":false},"excerpt":{"rendered":"<p><strong>VERSI\u00d3N DE BOLSILLO \u2013 C\u00f3mpralo aqu\u00ed con un descuento significativo en comparaci\u00f3n con Amazon \u2013\u00a0<a href=\"https:\/\/www.amazon.it\/Registrare-Cori-Polifonici-Facilit\u00e0-professionali\/dp\/B0D7S2ZXVY\/ref=tmm_pap_swatch_0?_encoding=UTF8&amp;dib_tag=AUTHOR&amp;dib=eyJ2IjoiMSJ9.sI6bH145qSNQf86pMTEdkV0u8cfX7aosbNH8GJueP6TZWC_zrVIoglNNlsmO2sAO6PVx5ktoKWgly_0QiO6iwDzIk_-niW2wrQ4eCb9RCCk8GLvq53jLP3yBOh6aBHellJ_fkHPWTax49KlMSvjGIT4G0VRiHIA4KR-heYbLZDcNQndwvMFketVYlRypgcALGhSwZdkhPQpF6yH32pSLaJyW8lqBk5FbDzUG_bxMz6w.qDUHOLrRXdblzSCO-pl04tH-SPyvzQxjxwq2Z8VneVE&amp;qid=&amp;sr=\">Comprar en Amazon<\/a><\/strong><\/p>\n<p><strong>VERSI\u00d3N DIGITAL DEL LIBRO ELECTR\u00d3NICO \u2013 <a href=\"https:\/\/books.apple.com\/it\/book\/registrare-i-cori-polifonici-con-facilita\/id6504707597\">Comprar en Apple Books<\/a>\u00a0&#8211;\u00a0<a href=\"https:\/\/www.amazon.it\/Registrare-Cori-Polifonici-Facilit\u00e0-professionali-ebook\/dp\/B0D7TGHG7Z\/ref=tmm_kin_swatch_0?_encoding=UTF8&amp;dib_tag=AUTHOR&amp;dib=eyJ2IjoiMSJ9.sI6bH145qSNQf86pMTEdkV0u8cfX7aosbNH8GJueP6TZWC_zrVIoglNNlsmO2sAO6PVx5ktoKWgly_0QiO6iwDzIk_-niW2wrQ4eCb9RCCk8GLvq53jLP3yBOh6aBHellJ_fkHPWTax49KlMSvjGIT4G0VRiHIA4KR-heYbLZDcNQndwvMFketVYlRypgcALGhSwZdkhPQpF6yH32pSLaJyW8lqBk5FbDzUG_bxMz6w.qDUHOLrRXdblzSCO-pl04tH-SPyvzQxjxwq2Z8VneVE&amp;qid=&amp;sr=\">Comprar en Amazon<\/a><\/strong><\/p>","protected":false},"featured_media":7612,"comment_status":"open","ping_status":"closed","template":"","meta":[],"product_brand":[],"product_cat":[69,70],"product_tag":[],"class_list":{"0":"post-7611","1":"product","2":"type-product","3":"status-publish","4":"has-post-thumbnail","6":"product_cat-libri","7":"product_cat-libri-e-manuali-di-audio","9":"first","10":"instock","11":"sale","12":"shipping-taxable","13":"purchasable","14":"product-type-simple"},"post_mailing_queue_ids":[],"_links":{"self":[{"href":"https:\/\/alessandrofois.com\/es\/wp-json\/wp\/v2\/product\/7611","targetHints":{"allow":["GET"]}}],"collection":[{"href":"https:\/\/alessandrofois.com\/es\/wp-json\/wp\/v2\/product"}],"about":[{"href":"https:\/\/alessandrofois.com\/es\/wp-json\/wp\/v2\/types\/product"}],"replies":[{"embeddable":true,"href":"https:\/\/alessandrofois.com\/es\/wp-json\/wp\/v2\/comments?post=7611"}],"wp:featuredmedia":[{"embeddable":true,"href":"https:\/\/alessandrofois.com\/es\/wp-json\/wp\/v2\/media\/7612"}],"wp:attachment":[{"href":"https:\/\/alessandrofois.com\/es\/wp-json\/wp\/v2\/media?parent=7611"}],"wp:term":[{"taxonomy":"product_brand","embeddable":true,"href":"https:\/\/alessandrofois.com\/es\/wp-json\/wp\/v2\/product_brand?post=7611"},{"taxonomy":"product_cat","embeddable":true,"href":"https:\/\/alessandrofois.com\/es\/wp-json\/wp\/v2\/product_cat?post=7611"},{"taxonomy":"product_tag","embeddable":true,"href":"https:\/\/alessandrofois.com\/es\/wp-json\/wp\/v2\/product_tag?post=7611"}],"curies":[{"name":"wp","href":"https:\/\/api.w.org\/{rel}","templated":true}]}}