{"id":7870,"date":"2024-12-21T21:14:52","date_gmt":"2024-12-21T21:14:52","guid":{"rendered":"http:\/\/alessandrofois.com\/prodotto\/consulenza-in-videoconferenza-domande-tecniche-su-audio-e-musica\/"},"modified":"2025-08-25T10:10:57","modified_gmt":"2025-08-25T10:10:57","slug":"consulta-por-videoconferencia-para-dudas-tecnicas-sobre-audio-y-musica","status":"publish","type":"product","link":"https:\/\/alessandrofois.com\/es\/prodotto\/consulenza-in-videoconferenza-domande-tecniche-su-audio-e-musica\/","title":{"rendered":"Asesoramiento en videoconferencias: cuestiones t\u00e9cnicas sobre audio y m\u00fasica"},"content":{"rendered":"<hr \/>\n<h3>Este servicio incluye la reserva de una videoconferencia con Alessandro Fois, quien responder\u00e1 a todas las preguntas sobre los siguientes temas:<\/h3>\n<p>&nbsp;<\/p>\n<h3>Audio<\/h3>\n<p>Ac\u00fastica, grabaci\u00f3n, edici\u00f3n, mezcla, masterizaci\u00f3n, posproducci\u00f3n de audio para v\u00eddeo.<\/p>\n<h3>M\u00fasica<\/h3>\n<p>Composici\u00f3n mel\u00f3dica, armon\u00eda y armonizaci\u00f3n, ritmo, arreglo musical y orquestaci\u00f3n, t\u00e9cnicas de estilo y ejecuci\u00f3n pian\u00edstica.<\/p>\n<h3><strong>\u00bfCu\u00e1ntas personas pueden participar?<\/strong><\/h3>\n<p>En la videoconferencia pueden participar  tambi\u00e9n varios alumnos, sin l\u00edmite, siempre que se encuentren todos en la misma sala f\u00edsica.<\/p>\n<h3><strong>Duraci\u00f3n<\/strong><\/h3>\n<p>Las videoconferencias pueden tener  diferentes duraciones:<\/p>\n<ul>\n<li>20 minutos<\/li>\n<li>40 minutos<\/li>\n<li>60 minutos (una hora)<\/li>\n<li>90 minutos (una hora y media)<\/li>\n<\/ul>\n<p><strong>C\u00f3mo funciona<\/strong><\/p>\n<p>Una vez adquirido el servicio por el periodo deseado, se contactar\u00e1 con el comprador por correo electr\u00f3nico o WhatsApp para acordar la fecha y la hora de la conexi\u00f3n por Skype o Zoom, y para rellenar la lista de preguntas principales que se responder\u00e1n t\u00e9cnicamente durante la consulta por videoconferencia.<\/p>\n<p>Si despu\u00e9s de responder a todas las preguntas previstas queda tiempo, tambi\u00e9n se podr\u00e1n formular preguntas libres, hasta agotar el tiempo disponible.<\/p>\n<p>&nbsp;<\/p>","protected":false},"excerpt":{"rendered":"<hr \/>\n<h3>Elige  la duraci\u00f3n de la conexi\u00f3n seleccion\u00e1ndola en el men\u00fa desplegable que ves a continuaci\u00f3n.<\/h3>\n<hr \/>\n<h3><\/h3>","protected":false},"featured_media":7871,"comment_status":"open","ping_status":"closed","template":"","meta":[],"product_brand":[],"product_cat":[76],"product_tag":[],"class_list":{"0":"post-7870","1":"product","2":"type-product","3":"status-publish","4":"has-post-thumbnail","6":"product_cat-corsi-e-consulenze-online-di-audio-e-musica","8":"first","9":"instock","10":"shipping-taxable","11":"purchasable","12":"product-type-variable"},"post_mailing_queue_ids":[],"_links":{"self":[{"href":"https:\/\/alessandrofois.com\/es\/wp-json\/wp\/v2\/product\/7870","targetHints":{"allow":["GET"]}}],"collection":[{"href":"https:\/\/alessandrofois.com\/es\/wp-json\/wp\/v2\/product"}],"about":[{"href":"https:\/\/alessandrofois.com\/es\/wp-json\/wp\/v2\/types\/product"}],"replies":[{"embeddable":true,"href":"https:\/\/alessandrofois.com\/es\/wp-json\/wp\/v2\/comments?post=7870"}],"wp:featuredmedia":[{"embeddable":true,"href":"https:\/\/alessandrofois.com\/es\/wp-json\/wp\/v2\/media\/7871"}],"wp:attachment":[{"href":"https:\/\/alessandrofois.com\/es\/wp-json\/wp\/v2\/media?parent=7870"}],"wp:term":[{"taxonomy":"product_brand","embeddable":true,"href":"https:\/\/alessandrofois.com\/es\/wp-json\/wp\/v2\/product_brand?post=7870"},{"taxonomy":"product_cat","embeddable":true,"href":"https:\/\/alessandrofois.com\/es\/wp-json\/wp\/v2\/product_cat?post=7870"},{"taxonomy":"product_tag","embeddable":true,"href":"https:\/\/alessandrofois.com\/es\/wp-json\/wp\/v2\/product_tag?post=7870"}],"curies":[{"name":"wp","href":"https:\/\/api.w.org\/{rel}","templated":true}]}}