{"id":7880,"date":"2024-12-21T22:12:43","date_gmt":"2024-12-21T22:12:43","guid":{"rendered":"http:\/\/alessandrofois.com\/prodotto\/consulenza-tramite-email-domande-tecniche-su-audio-e-musica\/"},"modified":"2025-08-25T10:10:57","modified_gmt":"2025-08-25T10:10:57","slug":"asesoramiento-por-correo-electronico-para-preguntas-tecnicas-sobre-audio-y-musica","status":"publish","type":"product","link":"https:\/\/alessandrofois.com\/es\/prodotto\/consulenza-tramite-email-domande-tecniche-su-audio-e-musica\/","title":{"rendered":"Consultas por correo electr\u00f3nico: cuestiones t\u00e9cnicas sobre audio y m\u00fasica"},"content":{"rendered":"<hr \/>\n<h3>Este servicio consiste en formular preguntas por escrito a Alessandro Fois, quien siempre responder\u00e1 por escrito sobre los siguientes temas: <br class=\"avia-permanent-lb\" \/><br class=\"avia-permanent-lb\" \/><\/h3>\n<h3>Audio<\/h3>\n<p>Ac\u00fastica, grabaci\u00f3n, edici\u00f3n, mezcla, masterizaci\u00f3n, posproducci\u00f3n de audio para v\u00eddeo.<\/p>\n<h3>M\u00fasica<\/h3>\n<p>Composici\u00f3n mel\u00f3dica, armon\u00eda y armonizaci\u00f3n, ritmo, arreglo musical y orquestaci\u00f3n, t\u00e9cnicas de estilo y ejecuci\u00f3n pian\u00edstica.<\/p>\n<h3><strong>\u00bfCu\u00e1ntas personas pueden participar?<\/strong><\/h3>\n<p>En la videoconferencia pueden participar  tambi\u00e9n varios alumnos, sin l\u00edmite, siempre que se encuentren todos en la misma sala f\u00edsica.<\/p>\n<h3><strong>C\u00f3mo funciona<\/strong><\/h3>\n<p>Una vez adquirido el servicio por el periodo deseado, se contactar\u00e1 con el comprador  por correo electr\u00f3nico y el consultor podr\u00e1 responder a la cantidad de preguntas acordada, a las que recibir\u00e1 una respuesta completa y exhaustiva, siempre por correo electr\u00f3nico.<\/p>\n<h3><strong>\u00bfCu\u00e1ntas preguntas?<\/strong><\/h3>\n<p>Es posible adquirir varios paquetes de respuestas al siguiente n\u00famero de preguntas:<\/p>\n<ul>\n<li>1 pregunta<\/li>\n<li>2 preguntas<\/li>\n<li>3 preguntas<\/li>\n<li>5 preguntas<\/li>\n<li>10 preguntas<\/li>\n<\/ul>\n<p>&nbsp;<\/p>\n<p>&nbsp;<\/p>","protected":false},"excerpt":{"rendered":"<hr \/>\n<h3>Elige  la cantidad de preguntas y respuestas que prefieras seleccion\u00e1ndola en el men\u00fa desplegable que ves a continuaci\u00f3n.<\/h3>\n<hr \/>\n<h3><\/h3>","protected":false},"featured_media":7881,"comment_status":"open","ping_status":"closed","template":"","meta":[],"product_brand":[],"product_cat":[76],"product_tag":[],"class_list":{"0":"post-7880","1":"product","2":"type-product","3":"status-publish","4":"has-post-thumbnail","6":"product_cat-corsi-e-consulenze-online-di-audio-e-musica","8":"first","9":"instock","10":"shipping-taxable","11":"purchasable","12":"product-type-variable"},"post_mailing_queue_ids":[],"_links":{"self":[{"href":"https:\/\/alessandrofois.com\/es\/wp-json\/wp\/v2\/product\/7880","targetHints":{"allow":["GET"]}}],"collection":[{"href":"https:\/\/alessandrofois.com\/es\/wp-json\/wp\/v2\/product"}],"about":[{"href":"https:\/\/alessandrofois.com\/es\/wp-json\/wp\/v2\/types\/product"}],"replies":[{"embeddable":true,"href":"https:\/\/alessandrofois.com\/es\/wp-json\/wp\/v2\/comments?post=7880"}],"wp:featuredmedia":[{"embeddable":true,"href":"https:\/\/alessandrofois.com\/es\/wp-json\/wp\/v2\/media\/7881"}],"wp:attachment":[{"href":"https:\/\/alessandrofois.com\/es\/wp-json\/wp\/v2\/media?parent=7880"}],"wp:term":[{"taxonomy":"product_brand","embeddable":true,"href":"https:\/\/alessandrofois.com\/es\/wp-json\/wp\/v2\/product_brand?post=7880"},{"taxonomy":"product_cat","embeddable":true,"href":"https:\/\/alessandrofois.com\/es\/wp-json\/wp\/v2\/product_cat?post=7880"},{"taxonomy":"product_tag","embeddable":true,"href":"https:\/\/alessandrofois.com\/es\/wp-json\/wp\/v2\/product_tag?post=7880"}],"curies":[{"name":"wp","href":"https:\/\/api.w.org\/{rel}","templated":true}]}}