{"id":8042,"date":"2024-12-20T19:44:38","date_gmt":"2024-12-20T19:44:38","guid":{"rendered":"http:\/\/alessandrofois.com\/prodotto\/christmas-piano-evergreens\/"},"modified":"2025-08-25T10:10:57","modified_gmt":"2025-08-25T10:10:57","slug":"pianos-navidenos-de-hoja-perenne","status":"publish","type":"product","link":"https:\/\/alessandrofois.com\/es\/prodotto\/christmas-piano-evergreens\/","title":{"rendered":"Piano de Navidad Evergreens"},"content":{"rendered":"<hr \/>\n<h1>Piano de Navidad Evergreens<\/h1>\n<hr \/>\n<p>Cinco cl\u00e1sicos navide\u00f1os atemporales, interpretados en clave jazz\u00edstica por un tr\u00edo de piano, bater\u00eda y contrabajo. Los temas musicales son rom\u00e1nticos y abiertos, y las soluciones de improvisaci\u00f3n jazz\u00edstica, m\u00e1s brillantes. Suaves pero con br\u00edo, adecuados para acompa\u00f1ar las fiestas navide\u00f1as, pero tambi\u00e9n para escuchar con gusto en cualquier momento.<\/p>\n<hr \/>\n<h2>Spotify<\/h2>\n<p><iframe loading=\"lazy\" style=\"border-radius: 12px;\" src=\"https:\/\/open.spotify.com\/embed\/album\/4QlMNBf86UZuUdtCRWScx7?utm_source=generator\" width=\"1920\" height=\"500\" frameborder=\"0\" allowfullscreen=\"allowfullscreen\"><span data-mce-type=\"bookmark\" style=\"display: inline-block; width: 0px; overflow: hidden; line-height: 0;\" class=\"mce_SELRES_start\">\u00ef\u00bb\u00bf<\/span><span data-mce-type=\"bookmark\" style=\"display: inline-block; width: 0px; overflow: hidden; line-height: 0;\" class=\"mce_SELRES_start\">\u00ef\u00bb\u00bf<\/span><\/iframe><\/p>","protected":false},"excerpt":{"rendered":"<p><strong>Tr\u00edo para piano de Alessandro Fois<\/strong><\/p>\n<p><strong>\u00c1lbum musical \u2013 5 pistas \u2013 <\/strong><strong>Audio CD<\/strong><\/p>","protected":false},"featured_media":8043,"comment_status":"open","ping_status":"closed","template":"","meta":[],"product_brand":[],"product_cat":[77],"product_tag":[],"class_list":{"0":"post-8042","1":"product","2":"type-product","3":"status-publish","4":"has-post-thumbnail","6":"product_cat-musica","8":"first","9":"instock","10":"shipping-taxable","11":"product-type-simple"},"post_mailing_queue_ids":[],"_links":{"self":[{"href":"https:\/\/alessandrofois.com\/es\/wp-json\/wp\/v2\/product\/8042","targetHints":{"allow":["GET"]}}],"collection":[{"href":"https:\/\/alessandrofois.com\/es\/wp-json\/wp\/v2\/product"}],"about":[{"href":"https:\/\/alessandrofois.com\/es\/wp-json\/wp\/v2\/types\/product"}],"replies":[{"embeddable":true,"href":"https:\/\/alessandrofois.com\/es\/wp-json\/wp\/v2\/comments?post=8042"}],"wp:featuredmedia":[{"embeddable":true,"href":"https:\/\/alessandrofois.com\/es\/wp-json\/wp\/v2\/media\/8043"}],"wp:attachment":[{"href":"https:\/\/alessandrofois.com\/es\/wp-json\/wp\/v2\/media?parent=8042"}],"wp:term":[{"taxonomy":"product_brand","embeddable":true,"href":"https:\/\/alessandrofois.com\/es\/wp-json\/wp\/v2\/product_brand?post=8042"},{"taxonomy":"product_cat","embeddable":true,"href":"https:\/\/alessandrofois.com\/es\/wp-json\/wp\/v2\/product_cat?post=8042"},{"taxonomy":"product_tag","embeddable":true,"href":"https:\/\/alessandrofois.com\/es\/wp-json\/wp\/v2\/product_tag?post=8042"}],"curies":[{"name":"wp","href":"https:\/\/api.w.org\/{rel}","templated":true}]}}