{"id":9059,"date":"2025-05-04T08:01:34","date_gmt":"2025-05-04T08:01:34","guid":{"rendered":"http:\/\/alessandrofois.com\/prodotto\/fabfilter-pro-l2-manuale-illustrato-in-pdf-in-inglese-italiano-francese-e-spagnolo\/"},"modified":"2025-08-25T10:10:58","modified_gmt":"2025-08-25T10:10:58","slug":"manual-ilustrado-de-fabfilter-pro-l2-en-formato-pdf-en-ingles-italiano-frances-y-espanol","status":"publish","type":"product","link":"https:\/\/alessandrofois.com\/es\/prodotto\/fabfilter-pro-l2-manuale-illustrato-in-pdf-in-inglese-italiano-francese-e-spagnolo\/","title":{"rendered":"FabFilter Pro L2 - Manual ilustrado en PDF en ingl\u00e9s, italiano, franc\u00e9s y espa\u00f1ol"},"content":{"rendered":"<h3 class=\"\" data-start=\"739\" data-end=\"759\">Presentaci\u00f3n<\/h3>\n<p class=\"\" data-start=\"761\" data-end=\"1074\">En <strong data-start=\"764\" data-end=\"785\">FabFilter Pro-L 2<\/strong> Es uno de los limitadores m\u00e1s populares en el mundo de la producci\u00f3n de audio profesional. Con su impecable calidad de sonido, opciones avanzadas de limitaci\u00f3n de picos, dithering y sobremuestreo, es una herramienta esencial tanto para la masterizaci\u00f3n como para la mezcla creativa.<\/p>\n<p class=\"\" data-start=\"1076\" data-end=\"1395\">Este manual ilustrado fue creado para acompa\u00f1ar a ingenieros de sonido, productores y entusiastas en un recorrido claro y progresivo para descubrir todas las funciones del plug-in. Est\u00e1 dise\u00f1ado para ser accesible, visualmente organizado y disponible en <strong data-start=\"1330\" data-end=\"1348\">Italiano, ingl\u00e9s, franc\u00e9s y espa\u00f1ol<\/strong>, manteniendo la exactitud del texto original.<\/p>\n<hr class=\"\" data-start=\"1397\" data-end=\"1400\" \/>\n<h3 class=\"\" data-start=\"1402\" data-end=\"1434\">Qu\u00e9 encontrar\u00e1 en el manual<\/h3>\n<ul data-start=\"1436\" data-end=\"2347\">\n<li class=\"\" data-start=\"1436\" data-end=\"1575\">\n<p class=\"\" data-start=\"1438\" data-end=\"1575\"><strong data-start=\"1438\" data-end=\"1478\">Descripci\u00f3n general completa de la interfaz<\/strong>:cada secci\u00f3n del complemento se describe con texto de captura de pantalla, para una comprensi\u00f3n inmediata<\/p>\n<\/li>\n<li class=\"\" data-start=\"1576\" data-end=\"1741\">\n<p class=\"\" data-start=\"1578\" data-end=\"1741\"><strong data-start=\"1578\" data-end=\"1602\">Modo de limitaci\u00f3n<\/strong>: explicaci\u00f3n en profundidad de los 8 modos disponibles, desde los presets m\u00e1s transparentes hasta los m\u00e1s agresivos (como Moderno, Agresivo, Bus, Seguro\u2026)<\/p>\n<\/li>\n<li class=\"\" data-start=\"1742\" data-end=\"1855\">\n<p class=\"\" data-start=\"1744\" data-end=\"1855\"><strong data-start=\"1744\" data-end=\"1795\">Opciones de control de nivel y puesta en escena de ganancia<\/strong>: uso de ganancia, techo de salida, pico verdadero, lookahead y m\u00e1s<\/p>\n<\/li>\n<li class=\"\" data-start=\"1856\" data-end=\"2012\">\n<p class=\"\" data-start=\"1858\" data-end=\"2012\"><strong data-start=\"1858\" data-end=\"1879\">Funciones avanzadas<\/strong>: detecci\u00f3n de picos reales, sobremuestreo de hasta 32x, tramado con selecci\u00f3n de forma de ruido, objetivo LUFS, modos de visualizaci\u00f3n<\/p>\n<\/li>\n<li class=\"\" data-start=\"2013\" data-end=\"2150\">\n<p class=\"\" data-start=\"2015\" data-end=\"2150\"><strong data-start=\"2015\" data-end=\"2040\">Aplicaciones pr\u00e1cticas<\/strong>: ejemplos de uso en contextos del mundo real (masterizaci\u00f3n para streaming, difusi\u00f3n, vinilo o uso en el bus de bater\u00eda)<\/p>\n<\/li>\n<li class=\"\" data-start=\"2151\" data-end=\"2280\">\n<p class=\"\" data-start=\"2153\" data-end=\"2280\"><strong data-start=\"2153\" data-end=\"2175\">Consejos profesionales<\/strong>: c\u00f3mo evitar el recorte, c\u00f3mo establecer la sonoridad deseada, c\u00f3mo adaptarse a los est\u00e1ndares ITU y EBU<\/p>\n<\/li>\n<li class=\"\" data-start=\"2281\" data-end=\"2347\">\n<p class=\"\" data-start=\"2283\" data-end=\"2347\"><strong data-start=\"2283\" data-end=\"2304\">Glosario visual<\/strong>:terminolog\u00eda t\u00e9cnica explicada visualmente<\/p>\n<\/li>\n<\/ul>\n<hr class=\"\" data-start=\"2349\" data-end=\"2352\" \/>\n<h3 class=\"\" data-start=\"2354\" data-end=\"2375\">Llamada a la acci\u00f3n<\/h3>\n<p class=\"\" data-start=\"2377\" data-end=\"2760\">Ya sea que reci\u00e9n est\u00e9 comenzando su viaje de masterizaci\u00f3n o ya sea un profesional del audio, este manual le brindar\u00e1 herramientas claras, confiables e inmediatamente utilizables.<br data-start=\"2554\" data-end=\"2557\" \/>Estudia a tu ritmo, en tu idioma preferido y en cualquier dispositivo.<br data-start=\"2631\" data-end=\"2634\" \/>Descarga el tuyo ahora <strong data-start=\"2656\" data-end=\"2711\">Manual ilustrado multiling\u00fce de FabFilter Pro-L 2<\/strong> y lleva tus producciones al siguiente nivel.<\/p>\n<hr class=\"\" data-start=\"2762\" data-end=\"2765\" \/>\n<h3 class=\"\" data-start=\"2767\" data-end=\"2845\">An\u00e1lisis t\u00e9cnico final: caracter\u00edsticas de uso y contexto real<\/h3>\n<p class=\"\" data-start=\"2847\" data-end=\"3208\">En <strong data-start=\"2850\" data-end=\"2871\">FabFilter Pro-L 2<\/strong> es un <em data-start=\"2877\" data-end=\"2896\">limitador de pared de ladrillo<\/em> De gama alta, dise\u00f1ado para garantizar la m\u00e1xima transparencia sonora incluso en condiciones de compresi\u00f3n extremas.<br data-start=\"3012\" data-end=\"3015\" \/>Apoyo <strong data-start=\"3024\" data-end=\"3046\">limitaci\u00f3n de pico real<\/strong> seg\u00fan la norma ITU-R BS.1770-4, con sobremuestreo de hasta <strong data-start=\"3105\" data-end=\"3112\">32x<\/strong>, e incluye <strong data-start=\"3124\" data-end=\"3148\">opciones de tramado<\/strong> Profesional compatible con cualquier formato de exportaci\u00f3n.<\/p>\n<p class=\"\" data-start=\"3210\" data-end=\"3294\">Sus modos de limitaci\u00f3n est\u00e1n dise\u00f1ados para adaptarse a cada etapa de producci\u00f3n:<\/p>\n<ul data-start=\"3296\" data-end=\"3645\">\n<li class=\"\" data-start=\"3296\" data-end=\"3426\">\n<p class=\"\" data-start=\"3298\" data-end=\"3426\"><strong data-start=\"3298\" data-end=\"3329\">Transparente \/ Moderno \/ Seguro<\/strong>: para una masterizaci\u00f3n limpia y consistente, adecuada para pistas destinadas a Spotify, Apple Music o transmisi\u00f3n<\/p>\n<\/li>\n<li class=\"\" data-start=\"3427\" data-end=\"3570\">\n<p class=\"\" data-start=\"3429\" data-end=\"3570\"><strong data-start=\"3429\" data-end=\"3458\">Agresivo \/ Autob\u00fas \/ Contundente<\/strong>: ideal para grupos instrumentales, como buses de bater\u00eda o producciones pop\/EDM donde se desea un impacto claro<\/p>\n<\/li>\n<li class=\"\" data-start=\"3571\" data-end=\"3645\">\n<p class=\"\" data-start=\"3573\" data-end=\"3645\"><strong data-start=\"3573\" data-end=\"3597\">Ganancia din\u00e1mica\/unitaria<\/strong>:para usar como herramienta creativa en la mezcla<\/p>\n<\/li>\n<\/ul>\n<p class=\"\" data-start=\"3647\" data-end=\"3908\">El complemento tambi\u00e9n integra un <strong data-start=\"3676\" data-end=\"3709\">modo de medici\u00f3n de sonoridad<\/strong> Preciso (LUFS, RMS, Pico) y una serie de pantallas gr\u00e1ficas detalladas, perfectas para comparar entrada\/salida, verificar el comportamiento limitante y verificar la respuesta de frecuencia.<\/p>\n<p class=\"\" data-start=\"3910\" data-end=\"3998\">Es totalmente compatible con flujos de trabajo de masterizaci\u00f3n surround, Dolby Atmos y stem.<\/p>\n<p class=\"\" data-start=\"4000\" data-end=\"4161\">Conocer a fondo el Pro-L 2 significa <strong data-start=\"4039\" data-end=\"4074\">ser capaz de dar forma al sonido final<\/strong> con control quir\u00fargico, evitando artefactos y optimizando cada transici\u00f3n din\u00e1mica.<\/p>\n<p data-start=\"4000\" data-end=\"4161\">**<\/p>\n<p data-start=\"4000\" data-end=\"4161\"><strong data-start=\"205\" data-end=\"214\">Notas:<\/strong><\/p>\n<p data-start=\"4000\" data-end=\"4161\">Las traducciones en PDF se crearon con herramientas avanzadas de traducci\u00f3n autom\u00e1tica de alta calidad. El contenido es totalmente utilizable, pero puede contener imperfecciones estil\u00edsticas o peque\u00f1as imprecisiones.<\/p>\n<p data-start=\"4000\" data-end=\"4161\">Las indicaciones textuales de las im\u00e1genes no son traducibles.<\/p>","protected":false},"excerpt":{"rendered":"<h3 class=\"title lines-2\"><strong data-start=\"394\" data-end=\"445\">Manual ilustrado en PDF de FabFilter Pro-L 2<\/strong><\/h3>\n<p class=\"title lines-2\"><strong>\u2714 Idiomas disponibles: italiano, ingl\u00e9s, franc\u00e9s y espa\u00f1ol.<\/strong><br data-start=\"507\" data-end=\"510\" \/>\u2714 Formato: PDF \u2013 aproximadamente 46 p\u00e1ginas \u2013 3 MB m\u00e1ximo<br data-start=\"547\" data-end=\"550\" \/>\u2714 Compatible con PC, Mac, tabletas y smartphones.<br data-start=\"596\" data-end=\"599\" \/>\u2714 Ideal para: mezcla, masterizaci\u00f3n, estudio en casa<br data-start=\"643\" data-end=\"646\" \/>???? Descargable inmediatamente despu\u00e9s de la compra<\/p>","protected":false},"featured_media":9060,"comment_status":"open","ping_status":"closed","template":"","meta":[],"product_brand":[],"product_cat":[78],"product_tag":[],"class_list":{"0":"post-9059","1":"product","2":"type-product","3":"status-publish","4":"has-post-thumbnail","6":"product_cat-manuali-di-audio-plugins-in-4-lingue-pdf-illustrati","8":"first","9":"instock","10":"shipping-taxable","11":"purchasable","12":"product-type-variable"},"post_mailing_queue_ids":[],"_links":{"self":[{"href":"https:\/\/alessandrofois.com\/es\/wp-json\/wp\/v2\/product\/9059","targetHints":{"allow":["GET"]}}],"collection":[{"href":"https:\/\/alessandrofois.com\/es\/wp-json\/wp\/v2\/product"}],"about":[{"href":"https:\/\/alessandrofois.com\/es\/wp-json\/wp\/v2\/types\/product"}],"replies":[{"embeddable":true,"href":"https:\/\/alessandrofois.com\/es\/wp-json\/wp\/v2\/comments?post=9059"}],"wp:featuredmedia":[{"embeddable":true,"href":"https:\/\/alessandrofois.com\/es\/wp-json\/wp\/v2\/media\/9060"}],"wp:attachment":[{"href":"https:\/\/alessandrofois.com\/es\/wp-json\/wp\/v2\/media?parent=9059"}],"wp:term":[{"taxonomy":"product_brand","embeddable":true,"href":"https:\/\/alessandrofois.com\/es\/wp-json\/wp\/v2\/product_brand?post=9059"},{"taxonomy":"product_cat","embeddable":true,"href":"https:\/\/alessandrofois.com\/es\/wp-json\/wp\/v2\/product_cat?post=9059"},{"taxonomy":"product_tag","embeddable":true,"href":"https:\/\/alessandrofois.com\/es\/wp-json\/wp\/v2\/product_tag?post=9059"}],"curies":[{"name":"wp","href":"https:\/\/api.w.org\/{rel}","templated":true}]}}