{"id":9087,"date":"2025-05-04T08:07:40","date_gmt":"2025-05-04T08:07:40","guid":{"rendered":"http:\/\/alessandrofois.com\/prodotto\/fabfilter-pro-q4-manuale-illustrato-in-pdf-in-inglese-italiano-francese-e-spagnolo\/"},"modified":"2025-08-25T10:10:58","modified_gmt":"2025-08-25T10:10:58","slug":"fabfilter-pro-q4-manual-ilustrado-en-pdf-en-ingles-italiano-frances-y-espanol","status":"publish","type":"product","link":"https:\/\/alessandrofois.com\/es\/prodotto\/fabfilter-pro-q4-manuale-illustrato-in-pdf-in-inglese-italiano-francese-e-spagnolo\/","title":{"rendered":"FabFilter Pro Q4 - Manual ilustrado en PDF en ingl\u00e9s, italiano, franc\u00e9s y espa\u00f1ol"},"content":{"rendered":"<h3>Presentaci\u00f3n del FabFilter Pro Q4<\/h3>\n<p class=\"\" data-start=\"741\" data-end=\"1097\">FabFilter Pro-Q 4 es uno de los ecualizadores m\u00e1s completos y vers\u00e1tiles del mercado, elegido por profesionales de todo el mundo por su interfaz intuitiva, su precisi\u00f3n quir\u00fargica y su amplia gama de funciones avanzadas. Esta gu\u00eda ilustrada te acompa\u00f1a paso a paso en el descubrimiento del plug-in, haciendo accesibles incluso las funciones m\u00e1s complejas.<\/p>\n<h3 data-start=\"1099\" data-end=\"1134\">Qu\u00e9 encontrar\u00e1 en el manual<\/h3>\n<ul data-start=\"1135\" data-end=\"1709\">\n<li class=\"\" data-start=\"1135\" data-end=\"1175\">\n<p class=\"\" data-start=\"1137\" data-end=\"1175\">Descripci\u00f3n general completa de la interfaz<\/p>\n<\/li>\n<li class=\"\" data-start=\"1176\" data-end=\"1228\">\n<p class=\"\" data-start=\"1178\" data-end=\"1228\">Uso de bandas EQ din\u00e1micas y Spectral Dynamics<\/p>\n<\/li>\n<li class=\"\" data-start=\"1229\" data-end=\"1282\">\n<p class=\"\" data-start=\"1231\" data-end=\"1282\">Control mediante Instance List para mezclas complejas<\/p>\n<\/li>\n<li class=\"\" data-start=\"1283\" data-end=\"1354\">\n<p class=\"\" data-start=\"1285\" data-end=\"1354\">Modo de procesamiento: latencia cero, fase natural, fase lineal<\/p>\n<\/li>\n<li class=\"\" data-start=\"1355\" data-end=\"1428\">\n<p class=\"\" data-start=\"1357\" data-end=\"1428\">Uso avanzado: EQ Match, Spectrum Grab, control est\u00e9reo\/mid-side<\/p>\n<\/li>\n<li class=\"\" data-start=\"1429\" data-end=\"1475\">\n<p class=\"\" data-start=\"1431\" data-end=\"1475\">Modo Character y saturaci\u00f3n anal\u00f3gica<\/p>\n<\/li>\n<li class=\"\" data-start=\"1476\" data-end=\"1531\">\n<p class=\"\" data-start=\"1478\" data-end=\"1531\">EQ Sketch para dibujar curvas de sonido en tiempo real<\/p>\n<\/li>\n<li class=\"\" data-start=\"1532\" data-end=\"1610\">\n<p class=\"\" data-start=\"1534\" data-end=\"1610\">Optimizaci\u00f3n del flujo de trabajo con MIDI Learn, deshacer\/rehacer, gesti\u00f3n de presets<\/p>\n<\/li>\n<li class=\"\" data-start=\"1611\" data-end=\"1656\">\n<p class=\"\" data-start=\"1613\" data-end=\"1656\">Uso en sistemas surround y Dolby Atmos<\/p>\n<\/li>\n<li class=\"\" data-start=\"1657\" data-end=\"1709\">\n<p class=\"\" data-start=\"1659\" data-end=\"1709\">Consejos pr\u00e1cticos para cada secci\u00f3n del plugin<\/p>\n<\/li>\n<\/ul>\n<h3 data-start=\"1711\" data-end=\"1735\">Llamada a la acci\u00f3n<\/h3>\n<p class=\"\" data-start=\"1736\" data-end=\"2020\">Tanto si eres un ingeniero de sonido experimentado como un aficionado a la producci\u00f3n musical, este manual te permitir\u00e1 dominar al m\u00e1ximo FabFilter Pro-Q 4. Las ilustraciones detalladas hacen que cada funci\u00f3n sea f\u00e1cilmente comprensible y aplicable a tu trabajo o a tus proyectos creativos.<\/p>\n<p class=\"\" data-start=\"2022\" data-end=\"2105\"><em data-start=\"2025\" data-end=\"2103\">\u00a1Compra ahora y mejora tu dise\u00f1o de sonido con conocimiento y precisi\u00f3n!<\/em><\/p>\n<h3 data-start=\"2107\" data-end=\"2140\">Informaci\u00f3n t\u00e9cnica<\/h3>\n<p class=\"\" data-start=\"2141\" data-end=\"2457\">Pro-Q 4 ha redefinido el concepto de ecualizador digital con funciones avanzadas como la <strong data-start=\"2224\" data-end=\"2245\">Din\u00e1mica espectral<\/strong>, que permite una ecualizaci\u00f3n adaptativa en frecuencias espec\u00edficas, y la <strong data-start=\"2317\" data-end=\"2334\">Lista de instancias<\/strong>, que permite gestionar todas las instancias del plugin en una sesi\u00f3n con un solo panel de control.<br data-start=\"2438\" data-end=\"2441\" \/>Entre las novedades:<\/p>\n<ul data-start=\"2458\" data-end=\"2910\">\n<li class=\"\" data-start=\"2458\" data-end=\"2515\">\n<p class=\"\" data-start=\"2460\" data-end=\"2515\"><strong data-start=\"2460\" data-end=\"2473\">EQ Sketch<\/strong> para dibujar a mano alzada las curvas EQ<\/p>\n<\/li>\n<li class=\"\" data-start=\"2516\" data-end=\"2589\">\n<p class=\"\" data-start=\"2518\" data-end=\"2589\"><strong data-start=\"2518\" data-end=\"2543\">Ecualizador din\u00e1mico mejorado<\/strong> con control de activaci\u00f3n, liberaci\u00f3n y umbral<\/p>\n<\/li>\n<li class=\"\" data-start=\"2590\" data-end=\"2669\">\n<p class=\"\" data-start=\"2592\" data-end=\"2669\"><strong data-start=\"2592\" data-end=\"2614\">Modo Personaje<\/strong> (Clean, Subtle, Warm) para modelar el color del sonido<\/p>\n<\/li>\n<li class=\"\" data-start=\"2670\" data-end=\"2753\">\n<p class=\"\" data-start=\"2672\" data-end=\"2753\"><strong data-start=\"2672\" data-end=\"2714\">Visualizaci\u00f3n en teclado de piano<\/strong> para intervenciones arm\u00f3nicas m\u00e1s musicales<\/p>\n<\/li>\n<li class=\"\" data-start=\"2754\" data-end=\"2839\">\n<p class=\"\" data-start=\"2756\" data-end=\"2839\"><strong data-start=\"2756\" data-end=\"2768\">EQ Match<\/strong> para replicar la ecualizaci\u00f3n de una fuente sonora de referencia<\/p>\n<\/li>\n<li class=\"\" data-start=\"2840\" data-end=\"2910\">\n<p class=\"\" data-start=\"2842\" data-end=\"2910\">Compatibilidad total con <strong data-start=\"2869\" data-end=\"2908\">Dolby Atmos y sonido envolvente hasta 9.1.6<\/strong><\/p>\n<\/li>\n<\/ul>\n<p class=\"\" data-start=\"2912\" data-end=\"2992\">Una herramienta indispensable para quienes trabajan con pistas est\u00e9reo, mid-side o inmersivas.<\/p>\n<hr class=\"\" data-start=\"2994\" data-end=\"2997\" \/>\n<h3>Nota sobre las traducciones<\/h3>\n<ul>\n<li data-start=\"3030\" data-end=\"3250\">Las traducciones se han realizado con herramientas avanzadas de traducci\u00f3n autom\u00e1tica de alta calidad. Los contenidos son totalmente comprensibles, pero pueden presentar imperfecciones estil\u00edsticas o peque\u00f1as imprecisiones.<\/li>\n<li data-start=\"4000\" data-end=\"4161\">Las indicaciones textuales de las im\u00e1genes no son traducibles.<\/li>\n<\/ul>","protected":false},"excerpt":{"rendered":"<h3 data-start=\"349\" data-end=\"658\">Manual ilustrado en PDF para FabFilter Pro-Q 4<\/h3>\n<p class=\"\" data-start=\"349\" data-end=\"658\"><strong>\u2714 Idiomas disponibles: italiano, ingl\u00e9s, franc\u00e9s y espa\u00f1ol.<\/strong><br data-start=\"458\" data-end=\"461\" \/>\u2714 Formato: PDF \u2013 64 p\u00e1ginas \u2013 6 MB m\u00e1x.<br data-start=\"498\" data-end=\"501\" \/>\u2714 Compatible con PC, Mac, tabletas y smartphones.<br data-start=\"547\" data-end=\"550\" \/>\u2714 Ideal para: mezcla, masterizaci\u00f3n, dise\u00f1o de sonido, producci\u00f3n musical<br data-start=\"616\" data-end=\"619\" \/>Descargable inmediatamente despu\u00e9s de la compra<\/p>","protected":false},"featured_media":9088,"comment_status":"open","ping_status":"closed","template":"","meta":[],"product_brand":[],"product_cat":[78],"product_tag":[],"class_list":{"0":"post-9087","1":"product","2":"type-product","3":"status-publish","4":"has-post-thumbnail","6":"product_cat-manuali-di-audio-plugins-in-4-lingue-pdf-illustrati","8":"first","9":"instock","10":"shipping-taxable","11":"purchasable","12":"product-type-variable"},"post_mailing_queue_ids":[],"_links":{"self":[{"href":"https:\/\/alessandrofois.com\/es\/wp-json\/wp\/v2\/product\/9087","targetHints":{"allow":["GET"]}}],"collection":[{"href":"https:\/\/alessandrofois.com\/es\/wp-json\/wp\/v2\/product"}],"about":[{"href":"https:\/\/alessandrofois.com\/es\/wp-json\/wp\/v2\/types\/product"}],"replies":[{"embeddable":true,"href":"https:\/\/alessandrofois.com\/es\/wp-json\/wp\/v2\/comments?post=9087"}],"wp:featuredmedia":[{"embeddable":true,"href":"https:\/\/alessandrofois.com\/es\/wp-json\/wp\/v2\/media\/9088"}],"wp:attachment":[{"href":"https:\/\/alessandrofois.com\/es\/wp-json\/wp\/v2\/media?parent=9087"}],"wp:term":[{"taxonomy":"product_brand","embeddable":true,"href":"https:\/\/alessandrofois.com\/es\/wp-json\/wp\/v2\/product_brand?post=9087"},{"taxonomy":"product_cat","embeddable":true,"href":"https:\/\/alessandrofois.com\/es\/wp-json\/wp\/v2\/product_cat?post=9087"},{"taxonomy":"product_tag","embeddable":true,"href":"https:\/\/alessandrofois.com\/es\/wp-json\/wp\/v2\/product_tag?post=9087"}],"curies":[{"name":"wp","href":"https:\/\/api.w.org\/{rel}","templated":true}]}}