{"id":9340,"date":"2025-06-30T09:20:44","date_gmt":"2025-06-30T09:20:44","guid":{"rendered":"http:\/\/alessandrofois.com\/?page_id=9340"},"modified":"2025-07-04T22:10:49","modified_gmt":"2025-07-04T22:10:49","slug":"diamant-brut","status":"publish","type":"page","link":"https:\/\/alessandrofois.com\/fr\/diamante-grezzo\/","title":{"rendered":"Brut de diamant"},"content":{"rendered":"<style type=\"text\/css\" data-created_by=\"avia_inline_auto\" id=\"style-css-av-x91mk-3e5dcbd191132a61bb0ec609d8c74def\">\n.avia-section.av-x91mk-3e5dcbd191132a61bb0ec609d8c74def .av-parallax .av-parallax-inner{\nbackground-repeat:no-repeat;\nbackground-image:url(https:\/\/alessandrofois.com\/wp-content\/uploads\/2025\/07\/01.jpg);\nbackground-position:50% 50%;\nbackground-attachment:scroll;\n}\n<\/style>\n<div id='av_section_1'  class='avia-section av-x91mk-3e5dcbd191132a61bb0ec609d8c74def main_color avia-section-default avia-no-border-styling  avia-builder-el-0  el_before_av_section  avia-builder-el-first  avia-full-stretch av-parallax-section avia-bg-style-parallax container_wrap fullsize'  data-section-bg-repeat='stretch'><div class='av-parallax' data-avia-parallax-ratio='0.3' ><div class='av-parallax-inner main_color avia-full-stretch'><\/div><\/div><div class='container av-section-cont-open' ><main  role=\"main\" itemprop=\"mainContentOfPage\"  class='template-page content  av-content-full alpha units'><div class='post-entry post-entry-type-page post-entry-9340'><div class='entry-content-wrapper clearfix'>\n\n<style type=\"text\/css\" data-created_by=\"avia_inline_auto\" id=\"style-css-av-mcl8re5o-e6cfa27fc62ea899a3c9daf4cd9569cb\">\n#top .av_textblock_section.av-mcl8re5o-e6cfa27fc62ea899a3c9daf4cd9569cb .avia_textblock{\ncolor:#ffffff;\n}\n<\/style>\n<section  class='av_textblock_section av-mcl8re5o-e6cfa27fc62ea899a3c9daf4cd9569cb'   itemscope=\"itemscope\" itemtype=\"https:\/\/schema.org\/CreativeWork\" ><div class='avia_textblock av_inherit_color'  itemprop=\"text\" ><h1 style=\"text-align: center;\"><span style=\"color: #ffffff;\">Diamant brut<\/span><\/h1>\n<p style=\"text-align: center;\"><span style=\"color: #ffffff;\"><strong>Visitez le site officiel : <\/strong><\/span><\/p>\n<p style=\"text-align: center;\"><span style=\"color: #ffffff;\"><strong><a style=\"color: #ffffff;\" href=\"https:\/\/diamantegrezzo.org\">diamantegrezzo.org<\/a><\/strong><\/span><\/p>\n<\/div><\/section>\n\n<\/div><\/div><\/main><!-- close content main element --><\/div><\/div><div id='av_section_2'  class='avia-section av-7ias4s-7400007f65adc423dfa5dfca99603dec main_color avia-section-default avia-no-border-styling  avia-builder-el-2  el_after_av_section  avia-builder-el-last  avia-bg-style-scroll container_wrap fullsize'  ><div class='container av-section-cont-open' ><div class='template-page content  av-content-full alpha units'><div class='post-entry post-entry-type-page post-entry-9340'><div class='entry-content-wrapper clearfix'>\n<section  class='av_textblock_section av-5hde8s-0e770736fa10c05a12a5698a85e66eef'   itemscope=\"itemscope\" itemtype=\"https:\/\/schema.org\/CreativeWork\" ><div class='avia_textblock'  itemprop=\"text\" ><div style=\"padding: 40px 20px; background-color: #f9f9f9; font-family: system-ui, sans-serif; max-width: 800px; margin: 0 auto; color: #1e2f60;\">\n<h2 style=\"font-size: 2.2rem; text-align: center; margin-bottom: 10px;\">Brut de diamant<\/h2>\n<p style=\"font-size: 1.1rem; text-align: center; color: #333;\"><strong> Le studio professionnel pour ceux qui recherchent le meilleur en mati\u00e8re de production musicale et audio, \u00e0 Ivr\u00e9e ou \u00e0 distance. <\/strong><\/p>\n<div style=\"height: 2px; width: 60px; background-color: #1e2f60; margin: 30px auto;\"><\/div>\n<p>Si vous \u00eates un musicien, un auteur-compositeur, un ing\u00e9nieur du son ou un cr\u00e9atif qui souhaite transformer vos id\u00e9es en productions de haute qualit\u00e9, Glamour Recording Studio est l&#039;endroit id\u00e9al.<\/p>\n<ul>\n<li>Environnements acoustiquement optimis\u00e9s pour les enregistrements professionnels.<\/li>\n<li>Production musicale compl\u00e8te : composition, arrangement, enregistrement, montage, mixage et mastering.<\/li>\n<li>Doublage, jingles et publicit\u00e9s soign\u00e9s dans les moindres d\u00e9tails.<\/li>\n<li>Cours et formations : piano, prise de son, ateliers sp\u00e9cialis\u00e9s.<\/li>\n<li>Services en ligne de mixage et de mastering \u00e0 distance, avec support direct.<\/li>\n<\/ul>\n<p>Sur le site officiel, vous trouverez des \u00e9chantillons audio, des portfolios, des d\u00e9tails techniques et des mises \u00e0 jour du monde audio.<\/p>\n<\/div>\n<\/div><\/section>\n<div  class='hr av-gthbw-d162ece8f8e3814e308c2c9dd86488d9 hr-default  avia-builder-el-4  el_after_av_textblock  el_before_av_button'><span class='hr-inner'><span class=\"hr-inner-style\"><\/span><\/span><\/div>\n<div  class='avia-button-wrap av-mcpdbllz-0868463c13ee2c203096446f0a0a1cda-wrap avia-button-center  avia-builder-el-5  el_after_av_hr  el_before_av_textblock'>\n<style type=\"text\/css\" data-created_by=\"avia_inline_auto\" id=\"style-css-av-mcpdbllz-0868463c13ee2c203096446f0a0a1cda\">\n#top #wrap_all .avia-button.av-mcpdbllz-0868463c13ee2c203096446f0a0a1cda{\ncolor:#ffffff;\nborder-radius:10px 10px 10px 10px;\ntransition:all 0.4s ease-in-out;\n}\n#top #wrap_all .avia-button.av-mcpdbllz-0868463c13ee2c203096446f0a0a1cda:hover{\ncolor:#ffbd08;\ntransition:all 0.4s ease-in-out;\n}\n#top #wrap_all.avia-button.av-mcpdbllz-0868463c13ee2c203096446f0a0a1cda:hover .avia_button_background{\nborder-radius:10px 10px 10px 10px;\n}\n#top #wrap_all .avia-button.av-mcpdbllz-0868463c13ee2c203096446f0a0a1cda .avia-svg-icon svg:first-child{\nfill:#ffffff;\nstroke:#ffffff;\n}\n#top #wrap_all .avia-button.av-mcpdbllz-0868463c13ee2c203096446f0a0a1cda:hover .avia-svg-icon svg:first-child{\nfill:#ffbd08;\nstroke:#ffbd08;\n}\n<\/style>\n<a href='https:\/\/diamantegrezzo.org'  class='avia-button av-mcpdbllz-0868463c13ee2c203096446f0a0a1cda av-link-btn avia-icon_select-yes-right-icon avia-size-x-large avia-position-center av-icon-on-hover avia-color-theme-color'   aria-label=\"Acc\u00e9der au site officiel\"><span class='avia_iconbox_title' >Acc\u00e9der au site officiel<\/span><span class='avia_button_icon avia_button_icon_right avia-svg-icon avia-font-svg_entypo-fontello' data-av_svg_icon='note' data-av_iconset='svg_entypo-fontello'><svg version=\"1.1\" xmlns=\"http:\/\/www.w3.org\/2000\/svg\" width=\"19\" height=\"32\" viewbox=\"0 0 19 32\" preserveaspectratio=\"xMidYMid meet\" aria-labelledby='av-svg-title-1' aria-describedby='av-svg-desc-1' role=\"graphics-symbol\">\n<title id='av-svg-title-1'>Notes<\/title>\n<desc id='av-svg-desc-1'>Notes<\/desc>\n<path d=\"M12.192 0.96q0 1.344 1.472 3.104t2.88 3.2 1.952 3.808-1.248 4.928q-0.64 1.088-0.832 0.512-0.064-0.192 0-0.512 0.32-0.576 0.192-1.792t-0.416-2.496-1.376-2.336-2.624-1.312v17.152q0.064 1.536-1.184 3.040t-3.36 2.272q-2.368 0.896-4.576 0.256t-2.848-2.432 0.64-3.68 3.712-2.72q2.752-0.96 5.056-0.128v-20.864h2.56z\"><\/path>\n<\/svg><\/span><span class='avia_button_background avia-button avia-color-theme-color' ><\/span><\/a><\/div>\n<section  class='av_textblock_section av-20rl1o-9c5e4ac714efcb299d43bb440dd5d163'   itemscope=\"itemscope\" itemtype=\"https:\/\/schema.org\/CreativeWork\" ><div class='avia_textblock'  itemprop=\"text\" ><div style=\"max-width: 800px; margin: 30px auto 0; padding: 0 20px; font-family: system-ui, sans-serif; color: #1e2f60;\">\n<p style=\"text-align: center; font-size: 0.95rem; color: #666;\">Le site s&#039;ouvre dans une nouvelle fen\u00eatre.<br \/>\nPour des demandes ou consultations personnalis\u00e9es, vous pouvez \u00e9galement m&#039;\u00e9crire directement depuis la rubrique <a href=\"\/fr\/contacts\/\">Contact<\/a>.<\/p>\n<\/div>\n<\/div><\/section>","protected":false},"excerpt":{"rendered":"","protected":false},"author":1,"featured_media":0,"parent":0,"menu_order":0,"comment_status":"closed","ping_status":"closed","template":"","meta":{"footnotes":""},"class_list":["post-9340","page","type-page","status-publish","hentry"],"post_mailing_queue_ids":[],"_links":{"self":[{"href":"https:\/\/alessandrofois.com\/fr\/wp-json\/wp\/v2\/pages\/9340","targetHints":{"allow":["GET"]}}],"collection":[{"href":"https:\/\/alessandrofois.com\/fr\/wp-json\/wp\/v2\/pages"}],"about":[{"href":"https:\/\/alessandrofois.com\/fr\/wp-json\/wp\/v2\/types\/page"}],"author":[{"embeddable":true,"href":"https:\/\/alessandrofois.com\/fr\/wp-json\/wp\/v2\/users\/1"}],"replies":[{"embeddable":true,"href":"https:\/\/alessandrofois.com\/fr\/wp-json\/wp\/v2\/comments?post=9340"}],"version-history":[{"count":0,"href":"https:\/\/alessandrofois.com\/fr\/wp-json\/wp\/v2\/pages\/9340\/revisions"}],"wp:attachment":[{"href":"https:\/\/alessandrofois.com\/fr\/wp-json\/wp\/v2\/media?parent=9340"}],"curies":[{"name":"wp","href":"https:\/\/api.w.org\/{rel}","templated":true}]}}