{"id":9346,"date":"2025-06-30T09:25:02","date_gmt":"2025-06-30T09:25:02","guid":{"rendered":"http:\/\/alessandrofois.com\/?page_id=9346"},"modified":"2025-07-11T08:20:33","modified_gmt":"2025-07-11T08:20:33","slug":"contacts","status":"publish","type":"page","link":"https:\/\/alessandrofois.com\/fr\/contatti\/","title":{"rendered":"Contact"},"content":{"rendered":"<section  class='av_textblock_section av-mcl8sc5y-27ea15bf0153e2353ef366cb751d089e'   itemscope=\"itemscope\" itemtype=\"https:\/\/schema.org\/CreativeWork\" ><div class='avia_textblock'  itemprop=\"text\" ><h1>Contact<\/h1>\n<p>par Alessandro Fois<\/p>\n<hr \/>\n<\/div><\/section>\n<section  class='av_textblock_section av-mcs7yssb-80f4a3c3544b0ba4ddb5e511568ae062'   itemscope=\"itemscope\" itemtype=\"https:\/\/schema.org\/CreativeWork\" ><div class='avia_textblock'  itemprop=\"text\" ><p><iframe loading=\"lazy\" style=\"border: 0;\" src=\"https:\/\/www.google.com\/maps\/embed?pb=!1m18!1m12!1m3!1d2798.3992337141995!2d7.905036976339992!3d45.46176107107394!2m3!1f0!2f0!3f0!3m2!1i1024!2i768!4f13.1!3m3!1m2!1s0x47888342d7b1bfdd%3A0x4d54349c62c090f1!2sVia%20Don%20Mosetto%2C%2059%2C%2010015%20Ivrea%20TO!5e0!3m2!1sit!2sit!4v1751839399969!5m2!1sit!2sit\" width=\"100%\" height=\"300\" allowfullscreen=\"allowfullscreen\"><\/iframe><\/p>\n<\/div><\/section>\n<section  class='av_textblock_section av-mcp8rkbp-17a7d4e02b06ef6be20c0342633a7d4f'   itemscope=\"itemscope\" itemtype=\"https:\/\/schema.org\/CreativeWork\" ><div class='avia_textblock'  itemprop=\"text\" ><section style=\"padding: 40px 0; background-color: #f9f9f9;\">\n<div class=\"container\" style=\"max-width: 800px; margin: 0 auto; padding: 0 20px;\">\n<h1 style=\"text-align: center; font-size: 2.2rem; margin-bottom: 10px;\">Me contacter ou s'abonner au blog<\/h1>\n<p style=\"text-align: center; font-size: 1.1rem; color: #444;\">Souhaitez-vous recevoir des mises \u00e0 jour, des livres \u00e9lectroniques gratuits ou b\u00e9n\u00e9ficier d'une consultation personnelle ?<br \/>\nRemplissez le formulaire ci-dessous ou choisissez une option dans le menu.<\/p>\n<\/div>\n<\/section>\n<\/div><\/section>\n<form action=\"https:\/\/alessandrofois.com\/fr\/contacts\/\" method=\"post\" data-fields-with-error=\"Erreurs trouv\u00e9es dans les champs suivants :\" class=\"avia_ajax_form av-form-labels-hidden   avia-builder-el-3  el_after_av_textblock  el_before_av_textblock  av-show-form-errors\" data-avia-form-id=\"1\" data-avia-redirect=''  aria-label='Formulaire de contact' data-trp-original-action=\"https:\/\/alessandrofois.com\/fr\/contatti\/\" ><fieldset><p class='first_form  form_element form_fullwidth' id='element_avia_1_1'><label for=\"avia_1_1\">Nom <abbr class=\"required\" title=\"requis(e)\">*<\/abbr><\/label> <input name=\"avia_1_1\" class=\"text_input is_empty\" type=\"text\" id=\"avia_1_1\" value=\"\"  placeholder='Nom*'\/><\/p><p class='first_form  form_element form_fullwidth' id='element_avia_2_1'><label for=\"avia_2_1\">Courrier \u00e9lectronique <abbr class=\"required\" title=\"requis(e)\">*<\/abbr><\/label> <input name=\"avia_2_1\" class=\"text_input is_email\" type=\"text\" id=\"avia_2_1\" value=\"\"  placeholder='Courrier \u00e9lectronique*'\/><\/p><h3 id='element_avia_3_1' class='first_form  form_element form_fullwidth av-form-headline'>Ce que vous souhaitez faire :<\/h3><p class='first_form  form_element form_fullwidth' id='element_avia_4_1'><input  name=\"avia_4_1\" class=\"input_checkbox\" type=\"checkbox\" id=\"avia_4_1\" value=\"true\"\/><label class=\"input_checkbox_label\" for=\"avia_4_1\">S'abonner au blog et recevoir des livres \u00e9lectroniques gratuits<\/label><\/p><p class='first_form  form_element form_fullwidth' id='element_avia_5_1'><input  name=\"avia_5_1\" class=\"input_checkbox\" type=\"checkbox\" id=\"avia_5_1\" value=\"true\"\/><label class=\"input_checkbox_label\" for=\"avia_5_1\">Demande d'informations pour avis<\/label><\/p><p class='first_form  form_element form_fullwidth' id='element_avia_6_1'><input  name=\"avia_6_1\" class=\"input_checkbox\" type=\"checkbox\" id=\"avia_6_1\" value=\"true\"\/><label class=\"input_checkbox_label\" for=\"avia_6_1\">Poser des questions sur un produit avant de l'acheter<\/label><\/p><p class='first_form  form_element form_fullwidth' id='element_avia_7_1'><input  name=\"avia_7_1\" class=\"input_checkbox\" type=\"checkbox\" id=\"avia_7_1\" value=\"true\"\/><label class=\"input_checkbox_label\" for=\"avia_7_1\">Services audio et\/ou musicaux en studio d'enregistrement<\/label><\/p><p class='first_form  form_element form_fullwidth' id='element_avia_8_1'><input  name=\"avia_8_1\" class=\"input_checkbox\" type=\"checkbox\" id=\"avia_8_1\" value=\"true\"\/><label class=\"input_checkbox_label\" for=\"avia_8_1\">Services Web<\/label><\/p><p class='first_form  form_element form_fullwidth' id='element_avia_9_1'><input  name=\"avia_9_1\" class=\"input_checkbox\" type=\"checkbox\" id=\"avia_9_1\" value=\"true\"\/><label class=\"input_checkbox_label\" for=\"avia_9_1\">Plus d'informations<\/label><\/p><p class='first_form  form_element form_fullwidth' id='element_avia_10_1'><label for=\"avia_10_1\" class=\"textare_label hidden textare_label_avia_10_1\">Si vous souhaitez laisser un message<\/label><textarea  placeholder='Si vous souhaitez laisser un message' name=\"avia_10_1\" class=\"text_area\" cols=\"40\" rows=\"7\" id=\"avia_10_1\" ><\/textarea><\/p><p class=\"hidden\"><input type=\"text\" name=\"avia_11_1\" class=\"hidden\" id=\"avia_11_1\" value=\"\" \/><\/p><div id='avia_12_1' class='av-recaptcha-area  first_form  form_element form_fullwidth av-last-visible-form-element'  data-container_class=\"\" data-custom_class=\"\" data-context=\"av_contact_form\" data-token_input=\"av_recaptcha_token\" data-version=\"avia_recaptcha_v3\" data-theme=\"light\" data-size=\"normal\" data-score=\"0.5\" data-text_to_preview=\"\" data-value=\"\"><div class=\"av-google-badge-message hidden\">Ce site est prot\u00e9g\u00e9 par reCAPTCHA et la <a href=\"https:\/\/policies.google.com\/privacy\">politique de confidentialit\u00e9<\/a> de Google et <a href=\"https:\/\/policies.google.com\/terms\">leurs conditions d'utilisation<\/a> s'appliquent.<\/div><\/div><p class='av_form_privacy_check av_contact_privacy_check first_form  form_element form_fullwidth' id='element_avia_13_1'><input  name=\"avia_13_1\" class=\"input_checkbox is_empty\" type=\"checkbox\" id=\"avia_13_1\" value=\"true\"\/><label class=\"input_checkbox_label\" for=\"avia_13_1\"><br>\nJ'accepte que les donn\u00e9es que je fournis au destinataire par le biais de ce \"formulaire de contact\" soient stock\u00e9es et g\u00e9r\u00e9es conform\u00e9ment aux r\u00e8gles \u00e9nonc\u00e9es dans le r\u00e8glement (UE) 2016\/679. <abbr class=\"required\" title=\"requis(e)\">*<\/abbr><\/label><\/p><p class=\"form_element\"><input type=\"hidden\" value=\"1\" name=\"avia_generated_form1\" \/><input type=\"submit\" value=\"Envoyer\" class=\"button\"  data-sending-label=\"Envoi\"\/><\/p><\/fieldset><div class=\"avia-disabled-form\">Ce formulaire est d\u00e9sactiv\u00e9 dans la mesure o\u00f9 vous refusez d\u2019accepter le service Google reCAPTCHA n\u00e9cessaire pour valider toute exp\u00e9dition de message depuis celui-ci.<\/div><input type=\"hidden\" name=\"trp-form-language\" value=\"fr\"\/><\/form><div id=\"ajaxresponse_1\" class=\"ajaxresponse ajaxresponse_1 hidden\"><\/div>\n<section  class='av_textblock_section av-mcp8u1xc-d34731b3458efb524973d4de83ad56c3'   itemscope=\"itemscope\" itemtype=\"https:\/\/schema.org\/CreativeWork\" ><div class='avia_textblock'  itemprop=\"text\" ><section style=\"padding: 40px 0; background-color: #f9f9f9;\">\n<div class=\"container\" style=\"max-width: 800px; margin: 0 auto; padding: 0 20px;\">\n<div style=\"margin-top: 40px; background: #eef1f8; padding: 20px; border-left: 4px solid #1e2f60; border-radius: 6px;\">\n<h2 style=\"margin-top: 0; font-size: 1.3rem;\">Vous pr\u00e9f\u00e9rez m'\u00e9crire directement ?<\/h2>\n<p>Courriel : <a href=\"mailto:alexfois@gmail.com\">alexfois@gmail.com<\/a><\/p>\n<p>T\u00e9l\u00e9phone : <a href=\"tel:+393771492307\">+39 377 1492307<\/a> (\u00e9galement WhatsApp)<\/p>\n<p>Ou contactez-moi via mes canaux sociaux dans le pied de page.<\/p>\n<\/div>\n<\/div>\n<\/section>\n<\/div><\/section>","protected":false},"excerpt":{"rendered":"","protected":false},"author":1,"featured_media":0,"parent":0,"menu_order":0,"comment_status":"closed","ping_status":"closed","template":"","meta":{"footnotes":""},"class_list":["post-9346","page","type-page","status-publish","hentry"],"post_mailing_queue_ids":[],"_links":{"self":[{"href":"https:\/\/alessandrofois.com\/fr\/wp-json\/wp\/v2\/pages\/9346","targetHints":{"allow":["GET"]}}],"collection":[{"href":"https:\/\/alessandrofois.com\/fr\/wp-json\/wp\/v2\/pages"}],"about":[{"href":"https:\/\/alessandrofois.com\/fr\/wp-json\/wp\/v2\/types\/page"}],"author":[{"embeddable":true,"href":"https:\/\/alessandrofois.com\/fr\/wp-json\/wp\/v2\/users\/1"}],"replies":[{"embeddable":true,"href":"https:\/\/alessandrofois.com\/fr\/wp-json\/wp\/v2\/comments?post=9346"}],"version-history":[{"count":0,"href":"https:\/\/alessandrofois.com\/fr\/wp-json\/wp\/v2\/pages\/9346\/revisions"}],"wp:attachment":[{"href":"https:\/\/alessandrofois.com\/fr\/wp-json\/wp\/v2\/media?parent=9346"}],"curies":[{"name":"wp","href":"https:\/\/api.w.org\/{rel}","templated":true}]}}