{"id":10777,"date":"2025-07-16T15:45:34","date_gmt":"2025-07-16T15:45:34","guid":{"rendered":"https:\/\/alessandrofois.com\/?post_type=product&#038;p=10777"},"modified":"2025-08-25T10:12:29","modified_gmt":"2025-08-25T10:12:29","slug":"guide-dintroduction-a-la-technique-mid-side-ms","status":"publish","type":"product","link":"https:\/\/alessandrofois.com\/fr\/prodotto\/m-s-mastering-guida-introduttiva-alla-tecnica-mid-side\/","title":{"rendered":"M\/S Mastering - Guide d'introduction \u00e0 la technique Mid\/Side"},"content":{"rendered":"<h2 data-start=\"560\" data-end=\"824\"><strong data-start=\"560\" data-end=\"659\">Vous souhaitez apprendre \u00e0 tirer le meilleur parti de la technique Mid\/Side dans votre mastering, sans complications ?<\/strong><\/h2>\n<p data-start=\"560\" data-end=\"824\"><strong>Ce mini-ebook vous guide \u00e9tape par \u00e9tape \u00e0 travers les fondamentaux et les applications pratiques de M\/S, en utilisant un langage clair mais techniquement impeccable.<\/strong><\/p>\n<h3 data-start=\"826\" data-end=\"850\">\ud83d\udd0d \u00c0 l&#039;int\u00e9rieur, vous trouverez :<\/h3>\n<ul data-start=\"851\" data-end=\"1215\">\n<li data-start=\"851\" data-end=\"916\">\n<p data-start=\"853\" data-end=\"916\">Une explication compl\u00e8te et accessible du concept Mid\/Side<\/p>\n<\/li>\n<li data-start=\"917\" data-end=\"985\">\n<p data-start=\"919\" data-end=\"985\">Trois m\u00e9thodes pour cr\u00e9er une matrice M\/S (de base, interm\u00e9diaire, avanc\u00e9e)<\/p>\n<\/li>\n<li data-start=\"986\" data-end=\"1053\">\n<p data-start=\"988\" data-end=\"1053\">Les principaux processus : \u00e9galisation, compression, largeur st\u00e9r\u00e9o et plus<\/p>\n<\/li>\n<li data-start=\"1054\" data-end=\"1146\">\n<p data-start=\"1056\" data-end=\"1146\">Une s\u00e9lection de <strong data-start=\"1074\" data-end=\"1093\">meilleurs plugins<\/strong>, gratuit et professionnel, class\u00e9 par type et par co\u00fbt<\/p>\n<\/li>\n<li data-start=\"1147\" data-end=\"1215\">\n<p data-start=\"1149\" data-end=\"1215\">Tableaux r\u00e9capitulatifs et conseils pratiques applicables imm\u00e9diatement<\/p>\n<\/li>\n<\/ul>\n<h3 data-start=\"1217\" data-end=\"1232\">\ud83c\udfa7 Con\u00e7u pour :<\/h3>\n<ul data-start=\"1233\" data-end=\"1425\">\n<li data-start=\"1233\" data-end=\"1280\">\n<p data-start=\"1235\" data-end=\"1280\">Musiciens, producteurs \u00e0 domicile, techniciens et formateurs<\/p>\n<\/li>\n<li data-start=\"1281\" data-end=\"1366\">\n<p data-start=\"1283\" data-end=\"1366\">Toute personne souhaitant am\u00e9liorer la d\u00e9finition, la spatialit\u00e9 et la profondeur de son mix final<\/p>\n<\/li>\n<li data-start=\"1367\" data-end=\"1425\">\n<p data-start=\"1369\" data-end=\"1425\">Ceux qui recherchent un guide fiable, sans technicit\u00e9s inutiles<\/p>\n<\/li>\n<\/ul>\n<p data-start=\"1427\" data-end=\"1655\">\ud83d\udca1 Remarque importante :<\/p>\n<p data-start=\"1427\" data-end=\"1655\">\ud83d\udc49 L&#039;ebook peut \u00eatre achet\u00e9 en magasin, mais il est disponible <strong data-start=\"1503\" data-end=\"1585\">comme cadeau exclusif pour les abonn\u00e9s de &quot;Il Blog di Alessandro Fois &amp; Friends&quot;<\/strong>, gr\u00e2ce \u00e0 un <strong data-start=\"1599\" data-end=\"1626\">code de r\u00e9duction personnel<\/strong> qui sera envoy\u00e9 par email.<\/p>\n<p data-start=\"1657\" data-end=\"1745\">\ud83d\udc49 <a class=\"\" href=\"https:\/\/alessandrofois.com\/fr\/boutique-2\/\" target=\"_new\" rel=\"noopener\" data-start=\"1660\" data-end=\"1745\">D\u00e9couvrez tous les manuels disponibles en magasin<\/a><\/p>","protected":false},"excerpt":{"rendered":"<blockquote data-start=\"191\" data-end=\"443\">\n<p data-start=\"193\" data-end=\"443\">Une introduction pratique et rigoureuse \u00e0 la technique Mid\/Side en mastering audio.<br \/>\nDisponible \u00e0 l&#039;achat ici dans la boutique.<br data-start=\"270\" data-end=\"273\" \/>\ud83c\udf81 <strong data-start=\"278\" data-end=\"351\">Cependant, il est offert exclusivement en cadeau aux abonn\u00e9s du Blog d&#039;Alessandro Fois &amp; Friends (<\/strong>via un code qui sera envoy\u00e9 par email sur demande)<\/p>\n<\/blockquote>\n<p data-start=\"445\" data-end=\"523\">\ud83d\udc49 <a class=\"\" href=\"https:\/\/alessandrofois.com\/fr\/boutique-2\/\" target=\"_new\" rel=\"noopener\" data-start=\"448\" data-end=\"523\">D\u00e9couvrez tous les manuels professionnels<\/a><\/p>","protected":false},"featured_media":10780,"comment_status":"open","ping_status":"closed","template":"","meta":[],"product_brand":[],"product_cat":[72,69,70],"product_tag":[],"class_list":{"0":"post-10777","1":"product","2":"type-product","3":"status-publish","4":"has-post-thumbnail","6":"product_cat-ebook-gratuiti","7":"product_cat-libri","8":"product_cat-libri-e-manuali-di-audio","10":"first","11":"instock","12":"downloadable","13":"virtual","14":"purchasable","15":"product-type-simple"},"post_mailing_queue_ids":[],"_links":{"self":[{"href":"https:\/\/alessandrofois.com\/fr\/wp-json\/wp\/v2\/product\/10777","targetHints":{"allow":["GET"]}}],"collection":[{"href":"https:\/\/alessandrofois.com\/fr\/wp-json\/wp\/v2\/product"}],"about":[{"href":"https:\/\/alessandrofois.com\/fr\/wp-json\/wp\/v2\/types\/product"}],"replies":[{"embeddable":true,"href":"https:\/\/alessandrofois.com\/fr\/wp-json\/wp\/v2\/comments?post=10777"}],"wp:featuredmedia":[{"embeddable":true,"href":"https:\/\/alessandrofois.com\/fr\/wp-json\/wp\/v2\/media\/10780"}],"wp:attachment":[{"href":"https:\/\/alessandrofois.com\/fr\/wp-json\/wp\/v2\/media?parent=10777"}],"wp:term":[{"taxonomy":"product_brand","embeddable":true,"href":"https:\/\/alessandrofois.com\/fr\/wp-json\/wp\/v2\/product_brand?post=10777"},{"taxonomy":"product_cat","embeddable":true,"href":"https:\/\/alessandrofois.com\/fr\/wp-json\/wp\/v2\/product_cat?post=10777"},{"taxonomy":"product_tag","embeddable":true,"href":"https:\/\/alessandrofois.com\/fr\/wp-json\/wp\/v2\/product_tag?post=10777"}],"curies":[{"name":"wp","href":"https:\/\/api.w.org\/{rel}","templated":true}]}}