{"id":1562,"date":"2019-10-07T18:29:41","date_gmt":"2019-10-07T18:29:41","guid":{"rendered":"http:\/\/alessandrofois.com\/prodotto\/home-studio-per-digital-audio-recording\/"},"modified":"2025-12-11T10:20:39","modified_gmt":"2025-12-11T10:20:39","slug":"studio-a-domicile-pour-lenregistrement-audio-numerique","status":"publish","type":"product","link":"https:\/\/alessandrofois.com\/fr\/prodotto\/home-studio-per-digital-audio-recording\/","title":{"rendered":"Home Studio pour l'enregistrement audio num\u00e9rique"},"content":{"rendered":"<div class=\"flex_column av_two_third flex_column_div av-zero-column-padding avia-builder-el-3 el_after_av_one_third el_before_av_one_third\">\n<section class=\"av_textblock_section\">\n<div>\n<hr \/>\n<p><strong>HOME STUDIO POUR ENREGISTREMENT AUDIO NUM\u00c9RIQUE<\/strong><\/p>\n<\/div>\n<div>\n<h2><span style=\"color: #999999;\"><b>Guide d&#039;installation d&#039;un home studio\u00a0: acoustique, installation, \u00e9quipement, savoir-faire<\/b><\/span><\/h2>\n<p><b>Un guide pour cr\u00e9er et installer un home studio pour des r\u00e9sultats professionnels. Connaissances de base en ing\u00e9nierie du son, acoustique, \u00e9quipement, installation, r\u00e9glages et conseils.<\/b><\/p>\n<p><strong>Format 21 x 29 cm (A4) \u2013 428 pages \u2013 Plus de 180 illustrations l\u00e9gend\u00e9es<\/strong><\/p>\n<p>***<\/p>\n<\/div>\n<div>\n<h2>INDEX<\/h2>\n<p>Pr\u00e9face<\/p>\n<h3><b>Partie 1 \u2013 CULTURE DE BASE<\/b><\/h3>\n<h2><b>01 \u2013 SON ET FORME D&#039;ONDE<\/b><\/h2>\n<p>Sons<\/p>\n<p>Bruits<\/p>\n<p>Forme d&#039;onde, phase et probl\u00e8mes de phase<\/p>\n<p>L&#039;onde sonore<\/p>\n<p>mouvement harmonique<\/p>\n<p>Superposition et phasage des ondes<\/p>\n<p>Inversion de polarit\u00e9<\/p>\n<p>D\u00e9calage<\/p>\n<p>G\u00e9n\u00e9ration d&#039;harmoniques<\/p>\n<p>Les tirettes de l&#039;orgue Hammond<\/p>\n<p>Le rythme<\/p>\n<p>Le troisi\u00e8me son de Tartini<\/p>\n<p>Onde r\u00e9sultante composite<\/p>\n<p>Probl\u00e8mes de phase lors de l&#039;enregistrement et du mixage<\/p>\n<p>Ch\u0153ur via d\u00e9calage temporel (retard)<\/p>\n<h2><b>02 \u2013 PARAM\u00c8TRES SONORES MUSICAUX<\/b><\/h2>\n<p>Hauteur<\/p>\n<p>Timbre<\/p>\n<p>Composants du timbre<\/p>\n<p>Manipulation du timbre<\/p>\n<p>Intensit\u00e9<\/p>\n<p>Dynamique<\/p>\n<p>Excursion dynamique<\/p>\n<p>Dynamique moyenne et intensit\u00e9 moyenne<\/p>\n<p>Lufs<\/p>\n<p>Variation dynamique au sein d&#039;un m\u00eame son<\/p>\n<p>Enveloppe<\/p>\n<p>ADSR<\/p>\n<p>Attaque<\/p>\n<p>Pourriture<\/p>\n<p>Soutenir<\/p>\n<p>Lib\u00e9rer<\/p>\n<p>Le synth\u00e9tiseur<\/p>\n<p>Formes d&#039;onde dans la synth\u00e8se sonore<\/p>\n<h2><b>03 \u2013 PROPAGATION ET UTILISATION DU SON<\/b><\/h2>\n<p>Vitesse du son et longueur d&#039;onde<\/p>\n<p>Propagation du son et obstacles<\/p>\n<p>\u00c9cho<\/p>\n<p>R\u00e9verb\u00e9ration<\/p>\n<p>Spatialit\u00e9<\/p>\n<p>Simulation de directivit\u00e9 du son<\/p>\n<p>Monophonie<\/p>\n<p>St\u00e9r\u00e9ophonie<\/p>\n<p>Quadraphonie<\/p>\n<p>Entourer<\/p>\n<p>Octophonie et syst\u00e8mes de points<\/p>\n<p>Pr\u00e9sence et proximit\u00e9<\/p>\n<p>Perception du volume et du sustain<\/p>\n<p>Volume id\u00e9al pour une \u00e9coute critique<\/p>\n<p>Sonom\u00e8tre<\/p>\n<h2><b>04 \u2013 ANALOGIQUE ET NUM\u00c9RIQUE<\/b><\/h2>\n<p>Haute d\u00e9finition num\u00e9rique<\/p>\n<p>Comparaison de la d\u00e9finition et de la dynamique dans l&#039;enregistrement<\/p>\n<p>L&#039;\u00e9chantillonnage<\/p>\n<p>Bits et dynamique<\/p>\n<p>La cha\u00eene audio de qualit\u00e9<\/p>\n<p>Aliasing<\/p>\n<p>Niveaux de signal<\/p>\n<p>Le signal analogique<\/p>\n<p>Le signal num\u00e9rique<\/p>\n<p>Les limites de la virgule flottante<\/p>\n<p>Le test de Montgomery<\/p>\n<p>Le son<\/p>\n<p>L&#039;avenir du num\u00e9rique<\/p>\n<p>Une opinion personnelle<\/p>\n<h2><b>05 \u2013 LA VALEUR DE LA MUSIQUE<\/b><\/h2>\n<p>Le but de la musique de nos jours<\/p>\n<p>Sous-couche de remplissage<\/p>\n<p>Support de jeu<\/p>\n<p>Support narratif<\/p>\n<p>La narration abstraite de la musique<\/p>\n<p>La croissance de la conscience<\/p>\n<p>Influences et classifications musicales<\/p>\n<p>Musique populaire, classique, commerciale<\/p>\n<p>Influence ethno-g\u00e9ographique et historico-culturelle<\/p>\n<p>La r\u00e9volution technologique dans la musique<\/p>\n<p>Influence mondialiste et lib\u00e9rale<\/p>\n<h2><b>06 \u2013 LES \u00c9L\u00c9MENTS MUSICAUX<\/b><\/h2>\n<p>Analyse technique des \u00e9l\u00e9ments musicaux<\/p>\n<p>M\u00e9lodie<\/p>\n<p>Tonalit\u00e9s, modes, gammes et intervalles<\/p>\n<p>Syst\u00e8me diatonique et chromatisme, virgule, cent, accordage<\/p>\n<p>Harmonie et accords<\/p>\n<p>Rythme et groove<\/p>\n<p>Dynamique, ponctuation, maintien<\/p>\n<p>Th\u00e8mes, structures et styles<\/p>\n<p>Arrangement et orchestration<\/p>\n<p>\u00c9coute critique<\/p>\n<h3><b>Partie 2 \u2013 ACOUSTIQUE ET CADRE<\/b><\/h3>\n<h2><b>07 \u2013 CHOIX DE L&#039;EMPLACEMENT<\/b><\/h2>\n<p>Limites du home studio<\/p>\n<p>Les chambres<\/p>\n<p>Salle d&#039;enregistrement acoustique<\/p>\n<p>salle de contr\u00f4le<\/p>\n<p>Chambre simple ou double<\/p>\n<p>Proportions et dimensions id\u00e9ales du studio<\/p>\n<p>Pi\u00e8ces de forme et de taille inadapt\u00e9es<\/p>\n<p>Orientation de la salle de contr\u00f4le<\/p>\n<h2><b>08 \u2013 ISOLATION ACOUSTIQUE<\/b><\/h2>\n<p>Objectif de l&#039;isolation acoustique<\/p>\n<p>Premi\u00e8rement : Ne pas d\u00e9ranger<\/p>\n<p>Deuxi\u00e8mement : ne vous laissez pas d\u00e9ranger<\/p>\n<p>Troisi\u00e8mement : isoler les pi\u00e8ces les unes des autres<\/p>\n<p>Comment proc\u00e9der \u00e0 l&#039;insonorisation du studio<\/p>\n<p>Plancher flottant<\/p>\n<p>Cloisons de comptoir lat\u00e9rales flottantes \u2013 c\u00f4t\u00e9 long<\/p>\n<p>\u00c9cartement des murs<\/p>\n<p>Faux murs flottants avant et arri\u00e8re \u2013 c\u00f4t\u00e9 court<\/p>\n<p>Faux plafond suspendu<\/p>\n<p>Le mur de s\u00e9paration entre la salle de contr\u00f4le et la salle d&#039;enregistrement<\/p>\n<p>Isolation et optimisation acoustique, les rem\u00e8des courants<\/p>\n<p>Consid\u00e9rations finales<\/p>\n<p>Cabines isolantes<\/p>\n<p>Panneaux de s\u00e9paration mobiles<\/p>\n<p>Portes insonoris\u00e9es<\/p>\n<h2><b>09 \u2013 ACOUSTIQUE ET INSTALLATION DU STUDIO<\/b><\/h2>\n<p>Le chemin du son<\/p>\n<p>Propagation<\/p>\n<p>Obstacles<\/p>\n<p>Ondes stationnaires<\/p>\n<p>Calcul de la r\u00e9sonance modale de base<\/p>\n<p>R\u00e9sonances modales axiales, tangentielles et obliques<\/p>\n<p>Multiples modaux<\/p>\n<p>fr\u00e9quence de Schr\u00f6der<\/p>\n<p>Calculer toutes les r\u00e9sonances modales<\/p>\n<p>Analyse de la r\u00e9ponse en fr\u00e9quence<\/p>\n<p>Les grandes chambres<\/p>\n<p>Distance critique<\/p>\n<p>\u00c9cho et \u00e9cho de flottement<\/p>\n<p>D\u00e9pannage acoustique<\/p>\n<p>S\u00e9lection de la chambre<\/p>\n<p>\u00c9limination de l&#039;\u00e9cho de flottement<\/p>\n<p>\u00c9limination des premi\u00e8res r\u00e9flexions<\/p>\n<p>R\u00e9duction g\u00e9n\u00e9rale des basses<\/p>\n<p>R\u00e9duction s\u00e9lective des basses<\/p>\n<p>Diffusion et homog\u00e9n\u00e9isation des m\u00e9diums et des aigus<\/p>\n<p>Optimisation du temps de r\u00e9verb\u00e9ration<\/p>\n<p>Utilisation de l&#039;\u00e9galiseur pour la correction acoustique<\/p>\n<p>Ondes stationnaires et accordage du tambour<\/p>\n<p>Communication visuelle entre les pi\u00e8ces<\/p>\n<p>Interphone pour la communication sonore entre les pi\u00e8ces<\/p>\n<h2><b>10 \u2013 MONITEURS ET SURVEILLANCE<\/b><\/h2>\n<p>Les enceintes principales du moniteur<\/p>\n<p>Le caisson de basses<\/p>\n<p>Moniteurs alternatifs<\/p>\n<p>Positionnement du point d&#039;\u00e9coute et des moniteurs<\/p>\n<p>Image st\u00e9r\u00e9o<\/p>\n<p>Crit\u00e8res g\u00e9n\u00e9raux<\/p>\n<p>N\u0153uds modaux et point d&#039;\u00e9coute<\/p>\n<p>Premi\u00e8re r\u00e9flexion r\u00e9trospective<\/p>\n<p>R\u00e9flexions lat\u00e9rales pr\u00e9coces et filtre en peigne<\/p>\n<p>Placement et \u00e9talonnage du caisson de basses<\/p>\n<p>Quelques conseils<\/p>\n<p>\u00c9galit\u00e9 environnementale<\/p>\n<p>V\u00e9rification de la lin\u00e9arit\u00e9 avec des notes de musique<\/p>\n<p>Volume d&#039;\u00e9coute critique pendant la surveillance<\/p>\n<p>\u00c9valuation critique des basses fr\u00e9quences<\/p>\n<p>Test de m\u00e9lange moyen<\/p>\n<p>Surveillance de la salle d&#039;enregistrement<\/p>\n<p>Les enceintes de la pi\u00e8ce principale<\/p>\n<p>Moniteurs de communication<\/p>\n<p>Lignes auxiliaires pour la surveillance<\/p>\n<p>Pr\u00e9amplificateurs de casque<\/p>\n<p>Les panneaux de connexion<\/p>\n<p>Casques<\/p>\n<p>Comment proc\u00e9der<\/p>\n<p>Monitoring pr\u00e9 ou post fader<\/p>\n<p>Gestion de la latence<\/p>\n<h2><b>11 \u2013 C\u00c2BLAGE ET SIGNAL AUDIO<\/b><\/h2>\n<p>Le signal acoustique<\/p>\n<p>Le transducteur acoustique<\/p>\n<p>Le signal \u00e9lectroacoustique<\/p>\n<p>Conducteurs \u00e9quilibr\u00e9s et d\u00e9s\u00e9quilibr\u00e9s<\/p>\n<p>Perturbations \u00e9lectromagn\u00e9tiques et c\u00e2bles blind\u00e9s<\/p>\n<p>C\u00e2bles de ligne \u00e9quilibr\u00e9s<\/p>\n<p>C\u00e2bles de ligne asym\u00e9triques<\/p>\n<p>C\u00e2bles st\u00e9r\u00e9o sym\u00e9triques et asym\u00e9triques<\/p>\n<p>Processeurs mat\u00e9riels, amplificateurs et haut-parleurs<\/p>\n<p>Entr\u00e9es du pr\u00e9amplificateur<\/p>\n<p>Micro<\/p>\n<p>Doubler<\/p>\n<p>Instrument<\/p>\n<p>Niveaux de signal<\/p>\n<p>Niveau de bruit<\/p>\n<p>Groupe de pr\u00e9sence<\/p>\n<p>Niveau nominal<\/p>\n<p>Bande de marge<\/p>\n<p>Niveau de distorsion et d&#039;\u00e9cr\u00eatage<\/p>\n<p>Les niveaux de gain \u00e0 utiliser dans le pr\u00e9amplificateur<\/p>\n<h3><b>Partie 3 \u2013 \u00c9QUIPEMENT<\/b><\/h3>\n<h2><b>12 \u2013 ORDINATEURS ET P\u00c9RIPH\u00c9RIQUES<\/b><\/h2>\n<p>CPU et DSP<\/p>\n<p>B\u00e9lier<\/p>\n<p>Disque dur, SSD, RAID<\/p>\n<p>Ajuster les param\u00e8tres de votre ordinateur<\/p>\n<p>Mises \u00e0 jour<\/p>\n<p>\u00c9nergie<\/p>\n<p>Indexation des archives<\/p>\n<p>Journalisation<\/p>\n<p>Multit\u00e2che<\/p>\n<h2><b>13 \u2013 DAW ET CONVERTISSEURS<\/b><\/h2>\n<p>Param\u00e8tres DAW<\/p>\n<p>Taille du tampon mat\u00e9riel<\/p>\n<p>Processeur h\u00f4te<\/p>\n<p>Limite d&#039;utilisation<\/p>\n<p>Moteur de compensation de retard<\/p>\n<p>Taille du cache (Pro Tools)<\/p>\n<p>Cache disque<\/p>\n<p>Les plugins les plus utiles pour le DAW<\/p>\n<p>Ajusteur de temps<\/p>\n<p>Visualiseur de corr\u00e9lation de phase st\u00e9r\u00e9o<\/p>\n<p>Gagner<\/p>\n<p>\u00c9galiseur<\/p>\n<p>Compresseur monobande<\/p>\n<p>Compresseur multibande<\/p>\n<p>R\u00e9verb\u00e9ration<\/p>\n<p>\u00c9cho\/Retard<\/p>\n<p>Excitateur<\/p>\n<p>Saturateur<\/p>\n<p>Gonfleur<\/p>\n<p>Mesure<\/p>\n<p>Analyseurs<\/p>\n<p>G\u00e9n\u00e9rateurs<\/p>\n<h2><b>14 \u2013 MICROPHONES<\/b><\/h2>\n<p>Un peu d&#039;histoire<\/p>\n<p>Les transducteurs<\/p>\n<p>Microphone dynamique<\/p>\n<p>Microphone \u00e0 ruban<\/p>\n<p>Microphone \u00e0 condensateur<\/p>\n<p>Microphone \u00e0 tube<\/p>\n<p>La membrane<\/p>\n<p>Angle de prise de vue et diagramme polaire<\/p>\n<p>Microphones \u00e0 double diaphragme<\/p>\n<p>R\u00e9ponse en fr\u00e9quence<\/p>\n<p>Imp\u00e9dance<\/p>\n<p>Sensibilit\u00e9<\/p>\n<p>Espace dynamique<\/p>\n<p>Vitesse dynamique<\/p>\n<p>Distorsion et r\u00e9sistance \u00e9lectrom\u00e9canique<\/p>\n<p>Choisir un parc de microphones<\/p>\n<p>Quelques suggestions<\/p>\n<h2><b>15 \u2013 PR\u00c9AMPLIFICATEURS<\/b><\/h2>\n<p>Saisir<\/p>\n<p>Micro<\/p>\n<p>Doubler<\/p>\n<p>Instrument<\/p>\n<p>Contr\u00f4les<\/p>\n<p>S\u00e9lecteur d&#039;entr\u00e9e<\/p>\n<p>Fant\u00f4me<\/p>\n<p>Tampon<\/p>\n<p>S\u00e9lecteur de micro-imp\u00e9dance<\/p>\n<p>S\u00e9lecteur de niveau de ligne<\/p>\n<p>Gain d&#039;entr\u00e9e<\/p>\n<p>LED de niveau d&#039;entr\u00e9e<\/p>\n<p>Filtre passe-haut<\/p>\n<p>Gain de sortie<\/p>\n<p>LED de niveau de sortie<\/p>\n<p>Sortir<\/p>\n<h2><b>16 \u2013 AUTRES \u00c9QUIPEMENTS<\/b><\/h2>\n<p>Mixeur et contr\u00f4leur<\/p>\n<p>Moteurs hors-bord analogiques<\/p>\n<p>Syst\u00e8me MIDI, interface, clavier musical<\/p>\n<p>Instruments virtuels et grooves<\/p>\n<p><i>Format du plugin<\/i><\/p>\n<p><i>Formats musicaux g\u00e9n\u00e9raux et biblioth\u00e8ques sonores<\/i><\/p>\n<p><i>rainures<\/i><\/p>\n<p>Pieds et supports de microphone<\/p>\n<p>C\u00e2bles<\/p>\n<p>Mobilier<\/p>\n<p>Bo\u00eete \u00e0 outils<\/p>\n<h3><b>CONCLUSION<\/b><\/h3>\n<p><i>Savoir comment<\/i><\/p>\n<p><i>L&#039;ing\u00e9nieur du son et le directeur artistique<\/i><\/p>\n<p><i>En conclusion<\/i><\/p>\n<p><i>Informations compl\u00e9mentaires<\/i><\/p>\n<p><i>Publications<\/i><\/p>\n<p><i>Comment acheter<\/i><\/p>\n<p><i>Conventions du livre<\/i><\/p>\n<p><i>Services<\/i><\/p>\n<p><i>S\u00e9minaires et partenariats<\/i><\/p>\n<p><i>Droits d&#039;auteur<\/i><\/p>\n<p><i>Informations et licences<\/i><\/p>\n<\/div>\n<\/section>\n<\/div>","protected":false},"excerpt":{"rendered":"<h3><strong>Un significativo risparmio acquistando qui sul sito dell&#8217;autore, invece che su Amazon<\/strong><\/h3>\n<hr \/>\n<h3><strong>HOME STUDIO POUR ENREGISTREMENT AUDIO NUM\u00c9RIQUE<\/strong><\/h3>\n<p>S\u00e9rie \u00ab\u00a0Ing\u00e9nierie audio\u00a0\u2013 Manuels audio pour l&#039;ing\u00e9nieur du son\u00a0\u00bb \u2013 Volume\u00a05<\/p>\n<p>Un guide pour cr\u00e9er et configurer un home studio pour des r\u00e9sultats professionnels.<\/p>\n<p>Connaissances de base en ing\u00e9nierie du son, acoustique, \u00e9quipement, installation, r\u00e9glages et conseils.<\/p>","protected":false},"featured_media":1563,"comment_status":"open","ping_status":"closed","template":"","meta":[],"product_brand":[],"product_cat":[69,70],"product_tag":[],"class_list":{"0":"post-1562","1":"product","2":"type-product","3":"status-publish","4":"has-post-thumbnail","6":"product_cat-libri","7":"product_cat-libri-e-manuali-di-audio","9":"first","10":"instock","11":"sale","12":"purchasable","13":"product-type-simple"},"post_mailing_queue_ids":[],"_links":{"self":[{"href":"https:\/\/alessandrofois.com\/fr\/wp-json\/wp\/v2\/product\/1562","targetHints":{"allow":["GET"]}}],"collection":[{"href":"https:\/\/alessandrofois.com\/fr\/wp-json\/wp\/v2\/product"}],"about":[{"href":"https:\/\/alessandrofois.com\/fr\/wp-json\/wp\/v2\/types\/product"}],"replies":[{"embeddable":true,"href":"https:\/\/alessandrofois.com\/fr\/wp-json\/wp\/v2\/comments?post=1562"}],"wp:featuredmedia":[{"embeddable":true,"href":"https:\/\/alessandrofois.com\/fr\/wp-json\/wp\/v2\/media\/1563"}],"wp:attachment":[{"href":"https:\/\/alessandrofois.com\/fr\/wp-json\/wp\/v2\/media?parent=1562"}],"wp:term":[{"taxonomy":"product_brand","embeddable":true,"href":"https:\/\/alessandrofois.com\/fr\/wp-json\/wp\/v2\/product_brand?post=1562"},{"taxonomy":"product_cat","embeddable":true,"href":"https:\/\/alessandrofois.com\/fr\/wp-json\/wp\/v2\/product_cat?post=1562"},{"taxonomy":"product_tag","embeddable":true,"href":"https:\/\/alessandrofois.com\/fr\/wp-json\/wp\/v2\/product_tag?post=1562"}],"curies":[{"name":"wp","href":"https:\/\/api.w.org\/{rel}","templated":true}]}}