{"id":3770,"date":"2020-01-12T18:40:07","date_gmt":"2020-01-12T18:40:07","guid":{"rendered":"http:\/\/alessandrofois.com\/prodotto\/registrazione-editing-e-mix-della-voce\/"},"modified":"2025-12-11T10:09:18","modified_gmt":"2025-12-11T10:09:18","slug":"enregistrement-montage-et-mixage-des-voix","status":"publish","type":"product","link":"https:\/\/alessandrofois.com\/fr\/prodotto\/registrazione-editing-e-mix-della-voce\/","title":{"rendered":"Enregistrement, \u00e9dition et mixage de la voix"},"content":{"rendered":"<div class=\"flex_column av_two_third flex_column_div av-zero-column-padding avia-builder-el-3 el_after_av_one_third el_before_av_one_third\">\n<section class=\"av_textblock_section\">\n<div>\n<p><strong> <br class=\"avia-permanent-lb\" \/>ENREGISTREMENT, MONTAGE ET MIXAGE DE VOIX<\/strong><\/p>\n<\/div>\n<div>\n<p><strong>S\u00e9rie Studio d&#039;enregistrement \u2013 Manuels pour l&#039;ing\u00e9nieur du son \u2013 Livre 1<\/strong><\/p>\n<p><strong>Format 21 x 29 cm (A4) \u2013 Page 222<\/strong><\/p>\n<hr \/>\n<\/div>\n<div>\n<p><strong>\u00c0 QUOI SERT CE LIVRE ?<\/strong><\/p>\n<p>Le manuel vise \u00e0 fournir une assistance concr\u00e8te pour obtenir rapidement des r\u00e9sultats de niveau professionnel, align\u00e9s sur les normes de qualit\u00e9 de l&#039;industrie de la production audio, en \u00e9vitant l&#039;utilisation d&#039;\u00e9quipements externes analogiques.<\/p>\n<hr \/>\n<p><strong>QUI SONT LES DESTINATAIRES DU MANUEL ?<\/strong><\/p>\n<p>Principalement destin\u00e9 aux ing\u00e9nieurs du son semi-professionnels travaillant dans l&#039;enregistrement \u00e0 domicile<\/p>\n<p>Mais cela peut \u00e9galement \u00eatre utile aux ing\u00e9nieurs du son plus exp\u00e9riment\u00e9s qui souhaitent approfondir le sujet sp\u00e9cifique.<\/p>\n<p>Et enfin, il s&#039;adresse aux d\u00e9butants, afin de les aider \u00e0 apprendre et exp\u00e9rimenter correctement les principes et les proc\u00e9dures du mixage audio num\u00e9rique.<\/p>\n<hr \/>\n<h2>Pr\u00e9face<\/h2>\n<p>Avec ce volume, je souhaite apporter une aide concr\u00e8te et simple visant \u00e0 obtenir rapidement des r\u00e9sultats de niveau professionnel m\u00eame dans des environnements de production amateurs ou semi-professionnels, comme les home studios.<\/p>\n<p>Il couvre tous les sujets li\u00e9s au traitement vocal dans le domaine sonore, lors de l&#039;enregistrement, du montage, du mixage et de la pr\u00e9paration des stems vocaux pour le mastering.<\/p>\n<p>Pour compl\u00e9ter les connaissances de base de l&#039;ing\u00e9nieur du son, on trouve \u00e9galement quelques notes r\u00e9capitulatives sur le chant et un large espace d\u00e9di\u00e9 au soin acoustique de la salle et \u00e0 l&#039;optimisation de l&#039;enregistrement.<\/p>\n<p>Certains ing\u00e9nieurs du son exp\u00e9riment\u00e9s pourront sourire de certaines simplifications de l&#039;expos\u00e9, visant \u00e0 rendre le mat\u00e9riel accessible, mais peut-\u00eatre appr\u00e9cieront-ils toujours la lecture de ces pages comme un exercice de \u00ab r\u00e9vision \u00bb mentale.<\/p>\n<p>Ce volume et bien d&#039;autres li\u00e9s au phony sont disponibles sur le site :<\/p>\n<p><a href=\"https:\/\/alessandrofois.com\/fr\/mise-en-scene-a2\/\"><i>www.alessandrofois.com<\/i><\/a><i> , au menu <\/i><a href=\"https:\/\/alessandrofois.com\/fr\/mise-en-scene-a2\/livres-et-manuels\/\"><i>Livres<\/i><\/a><\/p>\n<h2>Index du manuel<\/h2>\n<p><b>Introduction<\/b><\/p>\n<p><i>Pr\u00e9face<\/i><\/p>\n<p><i>Index du manuel<\/i><\/p>\n<h2><b>CHAPITRE 01<\/b><\/h2>\n<h2><b>La voix humaine et le chant<\/b><\/h2>\n<p>Son et \u00e9mission<\/p>\n<p>Intonation et vibrato<\/p>\n<p>Glissando<\/p>\n<p>Vibr\u00e9<\/p>\n<p>M\u00e9lisme<\/p>\n<p>Le rythme<\/p>\n<p>Le texte chant\u00e9<\/p>\n<p>Les consonnes<\/p>\n<p>Expression<\/p>\n<p>Ing\u00e9nieur du son et directeur artistique<\/p>\n<p>Traitement de la voix<\/p>\n<h2><b>CHAPITRE 02<\/b><\/h2>\n<h2><b>Acoustique et point de tir<\/b><\/h2>\n<p>Acoustique de la salle d&#039;enregistrement<\/p>\n<p>Premi\u00e8res r\u00e9flexions<\/p>\n<p>Ondes stationnaires et pi\u00e8ges \u00e0 basses<\/p>\n<p>\u00c9cho de flottement<\/p>\n<p>Temps de r\u00e9verb\u00e9ration<\/p>\n<p>Position du microphone<\/p>\n<p>Panneaux et \u00e9crans mobiles<\/p>\n<h2><b>CHAPITRE 03<\/b><\/h2>\n<h2><b>Enregistrer la voix<\/b><\/h2>\n<p>Distance du microphone<\/p>\n<p>Inclinaison du microphone<\/p>\n<p>Support anti-pop et \u00e9lastique<\/p>\n<p>S\u00e9lection du microphone<\/p>\n<p>Utilisation du microphone<\/p>\n<p>Le pr\u00e9amplificateur<\/p>\n<p>Choisir le pr\u00e9ampli<\/p>\n<p>Niveaux d&#039;enregistrement<\/p>\n<p>Enregistrement st\u00e9r\u00e9o de la voix<\/p>\n<p>Surveillance au casque<\/p>\n<p>Param\u00e8tres DAW<\/p>\n<p>\u00c9l\u00e9ments de la s\u00e9ance d&#039;enregistrement<\/p>\n<p>Techniques d&#039;enregistrement<\/p>\n<p>R\u00e9verb\u00e9ration fant\u00f4me<\/p>\n<p>Aidez le chanteur<\/p>\n<p>Les prises<\/p>\n<p>Insert correctif<\/p>\n<p>La reprise d&#039;une chorale<\/p>\n<h2><b>CHAPITRE 04<\/b><\/h2>\n<h2><b>Montage, r\u00e9glage et montages<\/b><\/h2>\n<p>\u00c9dition de base<\/p>\n<p>Choisissez et entrez<\/p>\n<p>Enregistrement correctif<\/p>\n<p>Copier et coller<\/p>\n<p>\u00c9dition chirurgicale<\/p>\n<p>Effacement<\/p>\n<p>Coupe<\/p>\n<p>D\u00e9coloration et joints<\/p>\n<p>Clonage de transitoires et de consonnes<\/p>\n<p>Compression et expansion dynamiques<\/p>\n<p>\u00c9galisation<\/p>\n<p>Timing<\/p>\n<p>Couper et d\u00e9placer<\/p>\n<p>\u00c9tirement et expansion du temps<\/p>\n<p>Nivellement<\/p>\n<p>Nettoyage<\/p>\n<p>Coupe<\/p>\n<p>D\u00e9-soufflement<\/p>\n<p>R\u00e9glage<\/p>\n<p>R\u00e9glage manuel<\/p>\n<p>Erreurs d&#039;intonation<\/p>\n<p>Autotuning<\/p>\n<p>Gestion de l&#039;autotuning<\/p>\n<h2><b>CHAPITRE 05<\/b><\/h2>\n<h2><b>Traitement de la voix dans le mix<\/b><\/h2>\n<p>Gestion initiale du volume de la voix<\/p>\n<p>\u00c9quilibre tonal<\/p>\n<p>\u00c9galisation pr\u00e9ventive<\/p>\n<p>Lissage dynamique<\/p>\n<p>Lissage dynamique<\/p>\n<p>Double compression<\/p>\n<p>Compression parall\u00e8le<\/p>\n<p>Compression parall\u00e8le double<\/p>\n<p>Compression vocale sur le visage<\/p>\n<p>Enrichissement harmonique et tonal<\/p>\n<p>\u00c9galisation cosm\u00e9tique<\/p>\n<p>Renforcement<\/p>\n<p>Saturation harmonique<\/p>\n<p>Limiter<\/p>\n<p>D\u00e9-essing<\/p>\n<h2><b>CHAPITRE 06<\/b><\/h2>\n<h2><b>Effets et champs environnementaux<\/b><\/h2>\n<p>Param\u00e8tre<\/p>\n<p>R\u00e9sonance environnementale<\/p>\n<p>\u00c9cho et d\u00e9lai<\/p>\n<p>R\u00e9verb\u00e9ration<\/p>\n<p>Spatialit\u00e9<\/p>\n<p>Direction<\/p>\n<p>Simulation de directivit\u00e9 du son<\/p>\n<p>Pr\u00e9sence et proximit\u00e9<\/p>\n<p>domaine environnemental<\/p>\n<p>Champ standard pour solistes<\/p>\n<p>Augmenter la spatialit\u00e9 sans r\u00e9duire la pr\u00e9sence<\/p>\n<p>Processus environnementaux<\/p>\n<p>R\u00e9verb\u00e9ration<\/p>\n<p>\u00c9cho<\/p>\n<p>Delay et Chorus<\/p>\n<p>Autres effets<\/p>\n<h2><b>CHAPITRE 07<\/b><\/h2>\n<h2><b>Les volumes de la voix dans le mix<\/b><\/h2>\n<p>R\u00e9glez le volume de la voix sans toucher le volume<\/p>\n<p>Deux types de contr\u00f4le du volume et de la tonalit\u00e9<\/p>\n<p>Trois types de contr\u00f4le dynamique du volume<\/p>\n<p>Gestion finale du volume de la voix<\/p>\n<h2><b>CHAPITRE 08<\/b><\/h2>\n<h2><b>Pistes vocales dans le mastering stem<\/b><\/h2>\n<p>Qu&#039;est-ce que le stem mastering ?<\/p>\n<p>Comment exporter correctement les stems<\/p>\n<p>Comment travailler avec les stems vocaux<\/p>\n<p>Addition et soustraction<\/p>\n<h2><b>Appendice<\/b><\/h2>\n<p><i>Avertissement de surveillance<\/i><\/p>\n<p><i>Conclusion<\/i><\/p>\n<p><i>Biographie de l&#039;auteur<\/i><\/p>\n<p><i>Droits d&#039;auteur<\/i><\/p>\n<p><i>Contact<\/i><\/p>\n<\/div>\n<\/section>\n<\/div>","protected":false},"excerpt":{"rendered":"<div>\n<p><strong>ENREGISTREMENT, MONTAGE ET MIXAGE DE VOIX<\/strong><\/p>\n<\/div>\n<div>\n<p><strong>S\u00e9rie Studio d&#039;enregistrement \u2013 Manuels pour l&#039;ing\u00e9nieur du son \u2013 Livre 1<\/strong><\/p>\n<p><strong>Format 21 x 29 cm (A4) \u2013 Page 222<\/strong><\/p>\n<\/div>","protected":false},"featured_media":3771,"comment_status":"open","ping_status":"closed","template":"","meta":[],"product_brand":[],"product_cat":[69,70],"product_tag":[],"class_list":{"0":"post-3770","1":"product","2":"type-product","3":"status-publish","4":"has-post-thumbnail","6":"product_cat-libri","7":"product_cat-libri-e-manuali-di-audio","9":"first","10":"instock","11":"sale","12":"purchasable","13":"product-type-simple"},"post_mailing_queue_ids":[],"_links":{"self":[{"href":"https:\/\/alessandrofois.com\/fr\/wp-json\/wp\/v2\/product\/3770","targetHints":{"allow":["GET"]}}],"collection":[{"href":"https:\/\/alessandrofois.com\/fr\/wp-json\/wp\/v2\/product"}],"about":[{"href":"https:\/\/alessandrofois.com\/fr\/wp-json\/wp\/v2\/types\/product"}],"replies":[{"embeddable":true,"href":"https:\/\/alessandrofois.com\/fr\/wp-json\/wp\/v2\/comments?post=3770"}],"wp:featuredmedia":[{"embeddable":true,"href":"https:\/\/alessandrofois.com\/fr\/wp-json\/wp\/v2\/media\/3771"}],"wp:attachment":[{"href":"https:\/\/alessandrofois.com\/fr\/wp-json\/wp\/v2\/media?parent=3770"}],"wp:term":[{"taxonomy":"product_brand","embeddable":true,"href":"https:\/\/alessandrofois.com\/fr\/wp-json\/wp\/v2\/product_brand?post=3770"},{"taxonomy":"product_cat","embeddable":true,"href":"https:\/\/alessandrofois.com\/fr\/wp-json\/wp\/v2\/product_cat?post=3770"},{"taxonomy":"product_tag","embeddable":true,"href":"https:\/\/alessandrofois.com\/fr\/wp-json\/wp\/v2\/product_tag?post=3770"}],"curies":[{"name":"wp","href":"https:\/\/api.w.org\/{rel}","templated":true}]}}