{"id":4447,"date":"2020-02-10T11:48:05","date_gmt":"2020-02-10T11:48:05","guid":{"rendered":"http:\/\/alessandrofois.com\/prodotto\/pubblica-vendi-e-promuovi-la-tua-musica\/"},"modified":"2025-12-11T10:16:35","modified_gmt":"2025-12-11T10:16:35","slug":"publier-vendre-et-promouvoir-votre-musique-2","status":"publish","type":"product","link":"https:\/\/alessandrofois.com\/fr\/prodotto\/pubblica-vendi-e-promuovi-la-tua-musica\/","title":{"rendered":"Publier, vendre et promouvoir votre musique"},"content":{"rendered":"<div class=\"flex_column av_two_third flex_column_div av-zero-column-padding avia-builder-el-3 el_after_av_one_third el_before_av_one_third\">\n<section class=\"av_textblock_section\">\n<div>\n<hr \/>\n<h3>PUBLIEZ, VENDEZ ET PROMOUVEZ VOTRE MUSIQUE<\/h3>\n<p>Conseils essentiels pour le marketing musical \u00e0 l'\u00e8re du streaming<\/p>\n<\/div>\n<div>\n<p><strong>Format 21 x 29 cm (A4) \u2013 216 pages<\/strong><\/p>\n<hr \/>\n<\/div>\n<div>\n<h2>PR\u00c9FACE<\/h2>\n<hr \/>\n<p><b>GEN\u00c8SE<\/b><\/p>\n<p>Ce livre n'est que partiellement le fruit de mon exp\u00e9rience directe, mais provient principalement de longues recherches effectu\u00e9es en consultant de nombreux rapports, blogs, articles \u00e9ditoriaux et interviews, recueillant ainsi de nombreux t\u00e9moignages directs et indirects de divers artistes, producteurs et promoteurs \u00e0 succ\u00e8s, ainsi que d'autres experts du monde de l'\u00e9dition et du marketing musical num\u00e9rique.<\/p>\n<p>La premi\u00e8re phase de mon travail a donc consist\u00e9 \u00e0 rechercher et \u00e0 traduire de l'anglais un nombre consid\u00e9rable de sources \u00e9crites et orales \u00e0 analyser.<\/p>\n<p>Une deuxi\u00e8me \u00e9tape a consist\u00e9 \u00e0 obtenir certaines confirmations de premi\u00e8re main.<\/p>\n<p>Par la suite, afin de mettre de l'ordre dans l'\u00e9norme quantit\u00e9 de donn\u00e9es acquises, j'ai proc\u00e9d\u00e9 \u00e0 un long travail de catalogage des milliers de concepts et d'opinions fragmentaires recueillis de mani\u00e8re d\u00e9sordonn\u00e9e aupr\u00e8s d'un millier de sources diff\u00e9rentes faisant autorit\u00e9.<\/p>\n<p>Enfin, un travail de synth\u00e8se long et pr\u00e9cis a \u00e9t\u00e9 n\u00e9cessaire afin d'offrir au lecteur un aper\u00e7u relativement simple, mais suffisamment complet et coh\u00e9rent sur le sujet.<\/p>\n<p><b>CONTENU<\/b><\/p>\n<p>Le contenu de cet ouvrage vise \u00e0 familiariser les nouveaux artistes producteurs avec le contexte de l'\u00e9dition musicale \u00e0 l'\u00e8re du streaming, afin qu'ils puissent utiliser et affiner les techniques sp\u00e9cifiques permettant d'obtenir de bons r\u00e9sultats.<\/p>\n<p>Sans une connaissance suffisante du contexte et une utilisation correcte des techniques op\u00e9rationnelles les plus efficaces, il sera en effet presque impossible d'obtenir des r\u00e9sultats significatifs, tandis que l'application assidue des principes \u00e9nonc\u00e9s dans le pr\u00e9sent manuel permettra de poser les bases qui m\u00e8neront au succ\u00e8s l'artiste qui souhaite s'auto-produire.<\/p>\n<p>Il convient toutefois de pr\u00e9ciser que, malgr\u00e9 tous les efforts d\u00e9ploy\u00e9s, ces r\u00e9sultats resteront dans la plupart des cas tr\u00e8s incertains, car ils d\u00e9pendent de nombreux facteurs difficilement pr\u00e9visibles, mais en partie g\u00e9rables.<\/p>\n<p>Mais il est \u00e9galement vrai que m\u00eame les op\u00e9rateurs moins habiles et moins chanceux pourront n\u00e9anmoins am\u00e9liorer consid\u00e9rablement l'impact de leurs efforts de composition et de performance, simplement en mettant en \u0153uvre les techniques pr\u00e9sent\u00e9es ici.<\/p>\n<p>M\u00eame si les portes du grand succ\u00e8s ne leur s'ouvrent pas, ils pourraient tout de m\u00eame obtenir un succ\u00e8s partiel, qui leur permettrait d'\u00eatre reconnus comme des professionnels du secteur et de vivre uniquement du fruit de leur travail artistique, ce qui est d\u00e9j\u00e0 un grand succ\u00e8s.<\/p>\n<p>Ce manuel vise \u00e0 fournir les connaissances de base n\u00e9cessaires \u00e0 cette fin et \u00e0 d\u00e9finir les principales lignes directrices auxquelles les artistes autoproduits peuvent se r\u00e9f\u00e9rer.<\/p>\n<p>Le streaming a chang\u00e9 toutes les r\u00e8gles du jeu, rendant beaucoup de choses plus simples et plus accessibles, mais en compliquant \u00e9galement beaucoup d'autres.<\/p>\n<p>C'est un monde en pleine mutation, et le succ\u00e8s d\u00e9pendra \u00e9galement de la capacit\u00e9 \u00e0 suivre les changements en cours, en agissant de mani\u00e8re intelligente et dynamique.<\/p>\n<p>Bon travail, donc, avec tous nos v\u0153ux de r\u00e9ussite.<\/p>\n<hr \/>\n<h2>INDEX<\/h2>\n<hr \/>\n<h3><b>INTRODUCTION<\/b><\/h3>\n<p>Gen\u00e8se<\/p>\n<p>Contenu<\/p>\n<p>Index<\/p>\n<h3><b>CHAPITRE 01 \u2013 VOUS ET VOTRE MUSIQUE<\/b><\/h3>\n<p>Le marketing musical<\/p>\n<p>Contenus \u00e0 raconter<\/p>\n<p>Votre histoire<\/p>\n<p>Saisir le c\u0153ur<\/p>\n<h3><b>CHAPITRE 02 \u2013 GUIDE DE LA PUBLICATION NUM\u00c9RIQUE<\/b><\/h3>\n<p>Les avantages \u00e9conomiques de la publication<\/p>\n<p>L'\u00e9dition, en bref<\/p>\n<p>Le droit d'auteur<\/p>\n<p>Le droit d'\u00e9dition<\/p>\n<p>Les soci\u00e9t\u00e9s d'auteurs et d'\u00e9diteurs<\/p>\n<p>Le droit d'auteur musical<\/p>\n<p>La r\u00e9partition des recettes<\/p>\n<h3><b>CHAPITRE 03 \u2013 CE QU'IL FAUT POUR LA PUBLICATION<\/b><\/h3>\n<p>Le distributeur num\u00e9rique<\/p>\n<p>Que faut-il pour publier ?<\/p>\n<h3><b>CHAPITRE 04 \u2013 OBJECTIFS ET STRAT\u00c9GIES<\/b><\/h3>\n<p>D\u00e9finition d'objectifs marketing clairs<\/p>\n<p>Actions cons\u00e9cutives et coordonn\u00e9es<\/p>\n<p>Strat\u00e9gies de communication<\/p>\n<p>Marketing s\u00e9quentiel avec les contenus sociaux<\/p>\n<p>Vid\u00e9os pour de nouveaux publics<\/p>\n<p>Marketing s\u00e9quentiel avec la vid\u00e9o<\/p>\n<p>Tu es le guide<\/p>\n<p>Laissez-vous guider par les donn\u00e9es<\/p>\n<h3><b>CHAPITRE 05 \u2013 LES RELATIONS AVEC VOS FANS<\/b><\/h3>\n<p>Cr\u00e9ez votre liste de diffusion<\/p>\n<p>Votre site web<\/p>\n<p>Ne suivez pas trop de r\u00e9seaux sociaux<\/p>\n<p>O\u00f9 promouvoir votre musique<\/p>\n<h3><b>CHAPITRE 06 \u2013 STRAT\u00c9GIES DE PUBLICATION<\/b><\/h3>\n<p>Vous devez commencer par un seul morceau.<\/p>\n<p>Un seul pour l'ouverture du compte<\/p>\n<p>Un bref extrait vid\u00e9o<\/p>\n<p>Publiez \u00e0 des moments strat\u00e9giques<\/p>\n<p>Strat\u00e9gies avec diff\u00e9rents types d'individus<\/p>\n<p>Adaptez votre musique aux playlists<\/p>\n<p>Choisissez un bon distributeur num\u00e9rique<\/p>\n<h3><b>CHAPITRE 07 \u2013 CONTACTONS LES M\u00c9DIAS<\/b><\/h3>\n<p>Qui pourrait s'int\u00e9resser \u00e0 toi ?<\/p>\n<p>Comment contacter les m\u00e9dias<\/p>\n<h3><b>CHAPITRE 08 \u2013 MARKETING PAR E-MAIL<\/b><\/h3>\n<p>La bible du marketing par e-mail<\/p>\n<p>Erreurs dans le mailing<\/p>\n<p>Les r\u00e8gles pour un mailing efficace<\/p>\n<p>inscription<\/p>\n<p>Strat\u00e9gie<\/p>\n<p>Technologie<\/p>\n<p>Automatisation<\/p>\n<p>Implication<\/p>\n<p>Conscience<\/p>\n<p>Collecte<\/p>\n<p>Exp\u00e9dient de base<\/p>\n<h3><b>CHAPITRE 09 \u2013 ID\u00c9ES PROMOTIONNELLES<\/b><\/h3>\n<p>Conseils pr\u00e9cieux<\/p>\n<p>Conseils amusants<\/p>\n<h3><b>CHAPITRE 10 \u2013 GAGNER DE L'ARGENT AVEC LA MUSIQUE<\/b><\/h3>\n<p>Un aper\u00e7u du nouveau monde num\u00e9rique<\/p>\n<p>Saisir les opportunit\u00e9s du nouveau march\u00e9 num\u00e9rique<\/p>\n<p>Diff\u00e9rents chemins vers le succ\u00e8s<\/p>\n<p>G\u00e9rez vos droits et percevez vos revenus<\/p>\n<p>De la propri\u00e9t\u00e9 musicale \u00e0 l'acc\u00e8s num\u00e9rique<\/p>\n<p>Gagnez de l'argent gr\u00e2ce aux programmes d'affiliation<\/p>\n<p>Gagner de l'argent en soutenant une cause sociale<\/p>\n<h3><b>CHAPITRE 11 \u2013 FINANCEMENT PARTICIPATIF<\/b><\/h3>\n<p>Qu'est-ce que le crowdfunding et comment fonctionne-t-il ?<\/p>\n<p>Strat\u00e9gies pour le financement participatif<\/p>\n<p>Les erreurs li\u00e9es au financement participatif<\/p>\n<p>Le parrainage<\/p>\n<p>La collecte directe avec Paypal<\/p>\n<h3><b>CHAPITRE 12 \u2013 SPOTIFY<\/b><\/h3>\n<p>Pourquoi les playlists sont importantes<\/p>\n<p>Strat\u00e9gies pour r\u00e9ussir sa playlist<\/p>\n<p>Acc\u00e9dez \u00e0 la plateforme<\/p>\n<p>Devenez un artiste v\u00e9rifi\u00e9<\/p>\n<p>Configurez votre site web<\/p>\n<p>Demandez \u00e0 vos fans de vous suivre<\/p>\n<p>La playlist est un outil promotionnel<\/p>\n<p>Id\u00e9es pour vos playlists<\/p>\n<p>Pr\u00e9sentez-vous aux playlists importantes<\/p>\n<p>R\u00e9ussissez<\/p>\n<p>Conseils suppl\u00e9mentaires pour Spotify<\/p>\n<h3><b>CHAPITRE 13 \u2013 YOUTUBE<\/b><\/h3>\n<p>Compte Google et cha\u00eene YouTube<\/p>\n<p>Optimisation du canal vid\u00e9o YT<\/p>\n<p>Optimisation des vid\u00e9os sur YouTube<\/p>\n<p>Comment gagner de l'argent gr\u00e2ce \u00e0 YouTube<\/p>\n<p>Collecte des recettes publicitaires via Content Id<\/p>\n<p>Comment fonctionne la mon\u00e9tisation sur YouTube<\/p>\n<p>YouTube Red<\/p>\n<p>L'importance du temps de visionnage<\/p>\n<p>Programmer les vid\u00e9os<\/p>\n<p>Comment cr\u00e9er votre propre programme YouTube<\/p>\n<p>Types de vid\u00e9os pour la promotion musicale<\/p>\n<h3><b>BONUS \u2013 COMMENT S'INSCRIRE \u00c0 UN FESTIVAL AU ROYAUME-UNI<\/b><\/h3>\n<p>Commencez votre recherche<\/p>\n<p>Restez dans le sujet<\/p>\n<p>D\u00e9couvrez les opportunit\u00e9s locales<\/p>\n<p>Suivez les r\u00e8gles du formulaire<\/p>\n<p>Optimisez votre pr\u00e9sence sur le web et les r\u00e9seaux sociaux<\/p>\n<p>Utilisez un dossier de presse<\/p>\n<p>Montrez vos meilleures cartes<\/p>\n<h3><b>\u00c9PILOGUE<\/b><\/h3>\n<h3><b>ANNEXE<\/b><\/h3>\n<p>Droits d&#039;auteur<\/p>\n<p>Contact<\/p>\n<p>Publications de l'auteur<\/p>\n<p>Biographie de l&#039;auteur<\/p>\n<\/div>\n<\/section>\n<\/div>","protected":false},"excerpt":{"rendered":"<h3><strong>15% d'\u00e9conomie si vous achetez ici sur le site de l'auteur plut\u00f4t que sur Amazon<\/strong><\/h3>\n<hr \/>\n<h3><strong>ENREGISTREMENT, MONTAGE ET MIXAGE DE VOIX<\/strong><\/h3>\n<p>S\u00e9rie Studio d&#039;enregistrement \u2013 Manuels pour l&#039;ing\u00e9nieur du son \u2013 Livre 1<\/p>\n<p>Un guide complet pour publier et rentabiliser votre musique.<\/p>","protected":false},"featured_media":4448,"comment_status":"open","ping_status":"closed","template":"","meta":[],"product_brand":[],"product_cat":[69,71],"product_tag":[],"class_list":{"0":"post-4447","1":"product","2":"type-product","3":"status-publish","4":"has-post-thumbnail","6":"product_cat-libri","7":"product_cat-libri-e-manuali-di-musica","9":"first","10":"instock","11":"sale","12":"purchasable","13":"product-type-simple"},"post_mailing_queue_ids":[],"_links":{"self":[{"href":"https:\/\/alessandrofois.com\/fr\/wp-json\/wp\/v2\/product\/4447","targetHints":{"allow":["GET"]}}],"collection":[{"href":"https:\/\/alessandrofois.com\/fr\/wp-json\/wp\/v2\/product"}],"about":[{"href":"https:\/\/alessandrofois.com\/fr\/wp-json\/wp\/v2\/types\/product"}],"replies":[{"embeddable":true,"href":"https:\/\/alessandrofois.com\/fr\/wp-json\/wp\/v2\/comments?post=4447"}],"wp:featuredmedia":[{"embeddable":true,"href":"https:\/\/alessandrofois.com\/fr\/wp-json\/wp\/v2\/media\/4448"}],"wp:attachment":[{"href":"https:\/\/alessandrofois.com\/fr\/wp-json\/wp\/v2\/media?parent=4447"}],"wp:term":[{"taxonomy":"product_brand","embeddable":true,"href":"https:\/\/alessandrofois.com\/fr\/wp-json\/wp\/v2\/product_brand?post=4447"},{"taxonomy":"product_cat","embeddable":true,"href":"https:\/\/alessandrofois.com\/fr\/wp-json\/wp\/v2\/product_cat?post=4447"},{"taxonomy":"product_tag","embeddable":true,"href":"https:\/\/alessandrofois.com\/fr\/wp-json\/wp\/v2\/product_tag?post=4447"}],"curies":[{"name":"wp","href":"https:\/\/api.w.org\/{rel}","templated":true}]}}