{"id":5745,"date":"2022-10-06T14:35:12","date_gmt":"2022-10-06T14:35:12","guid":{"rendered":"http:\/\/alessandrofois.com\/prodotto\/il-mastering-audio-in-4-semplici-mosse-ebook-gratuito\/"},"modified":"2025-08-25T10:12:29","modified_gmt":"2025-08-25T10:12:29","slug":"mastering-audio-en-4-etapes-faciles-ebook-gratuit-3","status":"publish","type":"product","link":"https:\/\/alessandrofois.com\/fr\/prodotto\/il-mastering-audio-in-4-semplici-mosse-ebook-gratuito\/","title":{"rendered":"Le mastering audio en 4 \u00e9tapes faciles - Free eBook"},"content":{"rendered":"<p><strong>Merci d&#039;\u00eatre venu jusqu&#039;ici\u00a0! Vous pouvez t\u00e9l\u00e9charger le mini-e-book depuis cette page.<\/strong><\/p>\n<h2>\u00ab\u00a0Ma\u00eetriser en 4 \u00e9tapes simples\u00a0\u00bb<\/h2>\n<h3><strong>que je vous offre enti\u00e8rement gratuitement.<\/strong><\/h3>\n<hr \/>\n<p>Pour en savoir plus, je vous sugg\u00e8re de lire mon article complet <a href=\"https:\/\/alessandrofois.com\/fr\/mise-en-scene-a2\/product-2\/manuel-de-mastering-audio-numerique\/\"><b>Manuel de masterisation audio num\u00e9rique<\/b><\/a><\/p>\n<p><strong>Je vous sugg\u00e8re \u00e9galement de jeter un oeil \u00e0 mes autres <a href=\"https:\/\/alessandrofois.com\/fr\/mise-en-scene-a2\/product-category-2\/livres-3\/\">Publications<\/a><\/strong><\/p>","protected":false},"excerpt":{"rendered":"<p><strong>Il s&#039;agit d&#039;un eBook enti\u00e8rement gratuit.\u00a0<\/strong><strong>Vous pouvez le t\u00e9l\u00e9charger \u00e0 partir de cette page.<\/strong><\/p>","protected":false},"featured_media":5746,"comment_status":"open","ping_status":"closed","template":"","meta":[],"product_brand":[],"product_cat":[72,69],"product_tag":[],"class_list":{"0":"post-5745","1":"product","2":"type-product","3":"status-publish","4":"has-post-thumbnail","6":"product_cat-ebook-gratuiti","7":"product_cat-libri","9":"first","10":"instock","11":"downloadable","12":"virtual","13":"purchasable","14":"product-type-simple"},"post_mailing_queue_ids":[],"_links":{"self":[{"href":"https:\/\/alessandrofois.com\/fr\/wp-json\/wp\/v2\/product\/5745","targetHints":{"allow":["GET"]}}],"collection":[{"href":"https:\/\/alessandrofois.com\/fr\/wp-json\/wp\/v2\/product"}],"about":[{"href":"https:\/\/alessandrofois.com\/fr\/wp-json\/wp\/v2\/types\/product"}],"replies":[{"embeddable":true,"href":"https:\/\/alessandrofois.com\/fr\/wp-json\/wp\/v2\/comments?post=5745"}],"wp:featuredmedia":[{"embeddable":true,"href":"https:\/\/alessandrofois.com\/fr\/wp-json\/wp\/v2\/media\/5746"}],"wp:attachment":[{"href":"https:\/\/alessandrofois.com\/fr\/wp-json\/wp\/v2\/media?parent=5745"}],"wp:term":[{"taxonomy":"product_brand","embeddable":true,"href":"https:\/\/alessandrofois.com\/fr\/wp-json\/wp\/v2\/product_brand?post=5745"},{"taxonomy":"product_cat","embeddable":true,"href":"https:\/\/alessandrofois.com\/fr\/wp-json\/wp\/v2\/product_cat?post=5745"},{"taxonomy":"product_tag","embeddable":true,"href":"https:\/\/alessandrofois.com\/fr\/wp-json\/wp\/v2\/product_tag?post=5745"}],"curies":[{"name":"wp","href":"https:\/\/api.w.org\/{rel}","templated":true}]}}