{"id":5754,"date":"2022-10-06T14:50:53","date_gmt":"2022-10-06T14:50:53","guid":{"rendered":"http:\/\/alessandrofois.com\/prodotto\/il-mix-audio-in-8-semplici-mosse-ebook-gratuito\/"},"modified":"2025-08-25T10:12:29","modified_gmt":"2025-08-25T10:12:29","slug":"mixage-audio-en-8-etapes-faciles-ebook-gratuit","status":"publish","type":"product","link":"https:\/\/alessandrofois.com\/fr\/prodotto\/il-mix-audio-in-8-semplici-mosse-ebook-gratuito\/","title":{"rendered":"Le mixage audio en 8 \u00e9tapes simples - Free eBook"},"content":{"rendered":"<p><strong>Merci d&#039;\u00eatre venu jusqu&#039;ici\u00a0! Vous pouvez t\u00e9l\u00e9charger le mini-e-book depuis cette page.<\/strong><\/p>\n<h2>\u00ab\u00a0Mixage audio en 8 \u00e9tapes faciles\u00a0\u00bb<\/h2>\n<p><strong>que je vous offre enti\u00e8rement gratuitement.<\/strong><\/p>\n<hr \/>\n<p>Ce livret est une br\u00e8ve description de la m\u00e9thode \u00e0 suivre pour obtenir les meilleurs r\u00e9sultats dans le mixage audio de mani\u00e8re ordonn\u00e9e et efficace.<\/p>\n<p>Pour plus d&#039;informations : <a href=\"https:\/\/alessandrofois.com\/fr\/mise-en-scene-a2\/product-2\/manuel-de-mixage-audio-numerique-2\/\"><b>Manuel de mixage audio num\u00e9rique<\/b><\/a>\u00a0(590 pages)<br \/>\nOu d\u00e9couvrez tous mes\u00a0<a href=\"https:\/\/alessandrofois.com\/fr\/mise-en-scene-a2\/product-category-2\/livres-3\/\">Publications<\/a><\/p>","protected":false},"excerpt":{"rendered":"<p>Grazie per essere arrivato sin qui!\u00a0Da questa pagina potrai fare il download del mini e-book &#8220;Il mix Audio in 8 semplici mosse&#8221; che ti offro a titolo totalmente gratuito. Questo opuscolo \u00e8\u00a0una breve descrizione del metodo da seguire per arrivare in maniera ordinata ed efficace ai migliori risultati nell&#8217;ambito del mix Audio. Per approfondimenti: Manuale [&hellip;]<\/p>\n","protected":false},"featured_media":5755,"comment_status":"open","ping_status":"closed","template":"","meta":[],"product_brand":[],"product_cat":[72,69],"product_tag":[],"class_list":{"0":"post-5754","1":"product","2":"type-product","3":"status-publish","4":"has-post-thumbnail","6":"product_cat-ebook-gratuiti","7":"product_cat-libri","9":"first","10":"instock","11":"downloadable","12":"virtual","13":"purchasable","14":"product-type-simple"},"post_mailing_queue_ids":[],"_links":{"self":[{"href":"https:\/\/alessandrofois.com\/fr\/wp-json\/wp\/v2\/product\/5754","targetHints":{"allow":["GET"]}}],"collection":[{"href":"https:\/\/alessandrofois.com\/fr\/wp-json\/wp\/v2\/product"}],"about":[{"href":"https:\/\/alessandrofois.com\/fr\/wp-json\/wp\/v2\/types\/product"}],"replies":[{"embeddable":true,"href":"https:\/\/alessandrofois.com\/fr\/wp-json\/wp\/v2\/comments?post=5754"}],"wp:featuredmedia":[{"embeddable":true,"href":"https:\/\/alessandrofois.com\/fr\/wp-json\/wp\/v2\/media\/5755"}],"wp:attachment":[{"href":"https:\/\/alessandrofois.com\/fr\/wp-json\/wp\/v2\/media?parent=5754"}],"wp:term":[{"taxonomy":"product_brand","embeddable":true,"href":"https:\/\/alessandrofois.com\/fr\/wp-json\/wp\/v2\/product_brand?post=5754"},{"taxonomy":"product_cat","embeddable":true,"href":"https:\/\/alessandrofois.com\/fr\/wp-json\/wp\/v2\/product_cat?post=5754"},{"taxonomy":"product_tag","embeddable":true,"href":"https:\/\/alessandrofois.com\/fr\/wp-json\/wp\/v2\/product_tag?post=5754"}],"curies":[{"name":"wp","href":"https:\/\/api.w.org\/{rel}","templated":true}]}}