{"id":5858,"date":"2023-01-06T19:00:38","date_gmt":"2023-01-06T19:00:38","guid":{"rendered":"http:\/\/alessandrofois.com\/prodotto\/manuale-di-audio-recording-digitale\/"},"modified":"2025-12-11T10:10:35","modified_gmt":"2025-12-11T10:10:35","slug":"manuel-denregistrement-audio-numerique-2","status":"publish","type":"product","link":"https:\/\/alessandrofois.com\/fr\/prodotto\/manuale-di-audio-recording-digitale\/","title":{"rendered":"Manuel d'enregistrement audio, d'\u00e9dition et de syntonisation num\u00e9rique"},"content":{"rendered":"<div class=\"flex_column av_two_third flex_column_div av-zero-column-padding avia-builder-el-3 el_after_av_one_third el_before_av_one_third\">\n<section class=\"av_textblock_section\">\n<div>\n<hr \/>\n<h1>MANUEL D'ENREGISTREMENT AUDIO NUM\u00c9RIQUE<\/h1>\n<\/div>\n<div>\n<p><strong>S\u00e9rie \u00ab\u00a0Ing\u00e9nierie audio | Manuels audio pour l&#039;ing\u00e9nieur du son\u00a0\u00bb<br \/>\nVolume 2<\/strong><\/p>\n<ul>\n<li>270 pages au total (format A4 environ :  21,59 cm x 27,94 cm \u2013 police : Avenir Book 10 \u2013 interligne : 0,8)<\/li>\n<li>9 pages d'index articul\u00e9 sur 4 niveaux, pour trouver rapidement chaque sujet<\/li>\n<li>plus de 200 images<\/li>\n<li>5 sections divis\u00e9es en 42 chapitres au total<\/li>\n<\/ul>\n<p>Le <strong>Manuel d'enregistrement audio num\u00e9rique<\/strong> Il vise principalement \u00e0 l'apprentissage g\u00e9n\u00e9ral des principes de l'enregistrement, mais peut \u00e9galement servir de guide pratique \u00e0 consulter pendant la pratique.<\/p>\n<p><strong>Il se compose de 5 sections :<\/strong><\/p>\n<ol>\n<li>La premi\u00e8re section vise \u00e0 acqu\u00e9rir une culture sommaire mais suffisante du son : objectifs de l'enregistrement, son, \u00e9quipement, crit\u00e8res d'\u00e9coute ;<\/li>\n<li>La deuxi\u00e8me section est consacr\u00e9e au fonctionnement g\u00e9n\u00e9ral : techniques d'enregistrement, modalit\u00e9s op\u00e9rationnelles, gain staging, crit\u00e8res g\u00e9n\u00e9raux de prise de son au micro et en ligne, probl\u00e8mes de synchronisation.<\/li>\n<li>La troisi\u00e8me section traite des op\u00e9rations sp\u00e9cifiques d'enregistrement des diff\u00e9rents types de sources sonores, en s'attardant en particulier sur les plus courantes et les plus critiques : voix, ch\u0153ur polyphonique, guitares, piano, orgue \u00e0 tuyaux et \u00e9lectronique, basse, batterie, percussions, cordes, instruments \u00e0 vent, sections orchestrales et grand orchestre.;<\/li>\n<li>La quatri\u00e8me section est enti\u00e8rement consacr\u00e9e \u00e0 l'\u00e9dition et au r\u00e9glage : \u00e9dition simple et chirurgicale, synchronisation, r\u00e9glage et autor\u00e9glage, nettoyage et nivellement.<\/li>\n<li>La cinqui\u00e8me section pr\u00e9sente une conclusion et aborde bri\u00e8vement divers aspects connexes du sujet : exportation des pistes, amplification des instruments, studio mobile, enregistrements vid\u00e9o et cin\u00e9matographiques.<\/li>\n<\/ol>\n<p><i style=\"font-size: 20px; font-weight: 600;\">Pr\u00e9face<\/i><\/p>\n<p><i>Le professeur Zen demandait aux aspirants peintres d&#039;\u00e9tudier pendant dix ans, en pratiquant plusieurs heures par jour.<\/i><\/p>\n<p><i>Il a ensuite sugg\u00e9r\u00e9 de \u00ab tout oublier \u00bb en arr\u00eatant de pratiquer pendant des mois.<\/i><\/p>\n<p><i>Il exhorte ensuite l\u2019\u00e9l\u00e8ve \u00e0 peindre \u00ab vraiment \u00bb, en suivant uniquement son intuition, car la capacit\u00e9 technique \u00e9mergera naturellement, mais sans dominer la sc\u00e8ne.<\/i><\/p>\n<p><i>Dans ce sens, la m\u00eame exhortation peut \u00eatre formul\u00e9e pour l'art de l'enregistrement, en sugg\u00e9rant ce qui suit :<\/i><\/p>\n<p><strong><i>\u00ab Ne suivez aucune r\u00e8gle, mais apprenez-les toutes d\u2019abord. \u00bb<\/i><\/strong><\/p>\n<p><i>Je suis s\u00fbr que tout ing\u00e9nieur du son expert sera d\u2019accord avec cette affirmation.<\/i><\/p>\n<p><strong>L&#039;auteur<\/strong><\/p>\n<hr \/>\n<\/div>\n<\/section>\n<\/div>\n<div class=\"flex_column av_two_third flex_column_div av-zero-column-padding avia-builder-el-19 el_after_av_one_third avia-builder-el-last column-top-margin\">\n<section class=\"av_textblock_section\">\n<h2><strong>INDEX DU MANUEL<\/strong><\/h2>\n<div>\n<div><em>Index 4<\/em><br \/>\n<em>Pr\u00e9face 12<\/em><br \/>\n<em>Autres publications sur l'audio et la sonorisation 12<\/em><\/div>\n<h2>SECTION A *** NOTIONS INTRODUCTIVES 13<\/h2>\n<h3>OBJECTIFS DE L'ENREGISTREMENT 14<\/h3>\n<div>L'enregistrement audio 14<br \/>\nCollaboration entre l'ing\u00e9nieur du son et le directeur artistique 15<br \/>\nAch\u00e8vement d'une piste audio en cours de session 15<\/div>\n<h3>LE SIGNAL \u00c9LECTROACOUSTIQUE 16<\/h3>\n<div>Le signal sonore 16<br \/>\nLa transduction acoustique 17<br \/>\nLe signal \u00e9lectroacoustique 17<br \/>\nCaract\u00e9ristiques du signal \u00e9lectroacoustique 18<br \/>\nConducteurs de ligne sym\u00e9triques et asym\u00e9triques 18<br \/>\nC\u00e2bles avec ligne sym\u00e9trique 18<br \/>\nC\u00e2bles \u00e0 ligne asym\u00e9trique 19<br \/>\nC\u00e2bles st\u00e9r\u00e9o avec ligne sym\u00e9trique et asym\u00e9trique 19<br \/>\nProcesseurs, amplificateurs et haut-parleurs 20<\/div>\n<h3>L'\u00c9CHANTILLONNAGE NUM\u00c9RIQUE 21<\/h3>\n<div>La conversion AD et DA 21<br \/>\nLa fr\u00e9quence d'\u00e9chantillonnage 21<br \/>\nLa question des bits 22<\/div>\n<h3>LA SESSION D'ENREGISTREMENT 24<\/h3>\n<div>Nombre de bits 24<br \/>\nFr\u00e9quence d'\u00e9chantillonnage 24<br \/>\nRessources 25<br \/>\nMesure pr\u00e9-fader 25<br \/>\nLatence et compensation du d\u00e9lai 25<br \/>\n\u00c9l\u00e9ments d'une session 27<br \/>\nPiste audio 27<br \/>\nAux Piste 28<br \/>\nMaster Track 28<br \/>\nPiste instrumentale 28<br \/>\nPiste MIDI 28<br \/>\nBus 28<br \/>\nSessions de travail pr\u00e9d\u00e9finies 29<br \/>\nConfiguration des pistes 29<br \/>\nConfiguration des pistes 29<br \/>\nConfiguration des plugins 29<br \/>\nLes voix de la DAW 29<\/div>\n<h3>MICROPHONES 31<\/h3>\n<div>Un peu d'histoire 31<br \/>\nLes transducteurs 32<br \/>\nTransducteurs \u00e0 faible fid\u00e9lit\u00e9 32<br \/>\nMicrophone dynamique 32<br \/>\nMicrophone \u00e0 ruban 33<br \/>\nMicrophone \u00e0 condensateur 33<br \/>\nMicrophone \u00e0 lampe 33<br \/>\nLe diaphragme 34<br \/>\nAngle de prise de vue et diagramme polaire 34<br \/>\nR\u00e9ponse en fr\u00e9quence 35<br \/>\nImp\u00e9dance 36<br \/>\nDynamique 37<br \/>\nSensibilit\u00e9 37<br \/>\nRapport signal\/bruit 37<br \/>\nR\u00e9ponse dynamique 37<br \/>\nR\u00e9sistance \u00e9lectrom\u00e9canique 38<\/div>\n<h3>NOTIONS D'ACoustique 39<\/h3>\n<div>Bruit, son, fr\u00e9quence vibratoire 39<br \/>\nFondamental, harmoniques, battement 40<br \/>\nOndes, hauteur, polarit\u00e9, phase, cycle, p\u00e9riode 41<br \/>\nOndes composites, inversion de polarit\u00e9 41<br \/>\nTransitoire et queue des sons, ADSR 42<br \/>\nPropagation du son 43<br \/>\nIntensit\u00e9 43<br \/>\nSpatialit\u00e9 et propagation 43<br \/>\nR\u00e9flexions et absorption 44<br \/>\nTravers\u00e9e et absorption 44<br \/>\nR\u00e9flexion 44<br \/>\nVecteurs de r\u00e9flexion 44<br \/>\nEco 45<br \/>\n\u00c9cho de flottement 46<br \/>\nR\u00e9verb\u00e9ration 46<br \/>\nPr\u00e9sence et proximit\u00e9 48<br \/>\nVolume 48<br \/>\nR\u00e9sonance environnementale 48<br \/>\nFr\u00e9quences basses 49<br \/>\nFr\u00e9quences \u00e9lev\u00e9es 50<br \/>\nTransitoires d'attaque 50<\/div>\n<h3>\u00c9COUTE DE R\u00c9F\u00c9RENCE 51<\/h3>\n<div>Am\u00e9nagement acoustique du studio 51<br \/>\nIsolation acoustique 52<br \/>\nTraitement interne 53<br \/>\nLes moniteurs 60<br \/>\nMoniteurs de grande taille et de proximit\u00e9 60<br \/>\nEnceintes ferm\u00e9es et reflex 60<br \/>\nLe subwoofer 61<br \/>\nPositionnement des enceintes 62<br \/>\nLe filtre en peigne dans la salle de contr\u00f4le 65<br \/>\nLe filtre en peigne dans la salle d'enregistrement 66<br \/>\nPositionnement du sub et son synchronisation avec la pi\u00e8ce 66<br \/>\nPhasage entre le subwoofer et les enceintes 67<br \/>\nPosition du point d'\u00e9coute 67<br \/>\n\u00c9galisation corrective 69<br \/>\nLa perception acoustique 70<br \/>\nLa supercherie du volume 70<br \/>\nQue se passe-t-il \u00e0 un volume \u00e9lev\u00e9 de 70 ?<br \/>\nQue se passe-t-il \u00e0 faible volume 71<br \/>\nLes volumes de r\u00e9f\u00e9rence 71<br \/>\nNiveau de r\u00e9f\u00e9rence \u00e0 85 dB 71<br \/>\nTravailler \u00e0 70 dB 71<br \/>\nComparer \u00e0 60 et 110 dB 72<br \/>\n\u00c9coute critique des diff\u00e9rents volumes 72<br \/>\nNe d\u00e9truisez pas votre audition 72<br \/>\nAutres tests d'\u00e9coute 72<br \/>\nSurveillance dans le casque 72<br \/>\n\u00c9viter l'adaptation psychoacoustique 74<br \/>\n\u00c9coute technique et \u00e9coute relaxante 75<br \/>\nSurveillance \u00e0 bande \u00e9troite 75<br \/>\nMoniteurs alternatifs 77<\/div>\n<h2>SECTION B *** FONCTIONNEMENT G\u00c9N\u00c9RAL 78<\/h2>\n<h3>TECHNIQUES D'ENREGISTREMENT 79<\/h3>\n<div>Principales m\u00e9thodes d'enregistrement 79<br \/>\nEnregistrement normal manuel 79<br \/>\nQuick Punch 79<br \/>\nPunch In et Out 79<br \/>\nRoll In et Roll out 80<br \/>\nEnregistrement cyclique 80<br \/>\nDirect ou Multitrack 80<br \/>\nEnregistrement en direct 80<br \/>\nEnregistrement en superposition totale 81<br \/>\nEnregistrement partiel en direct 82<br \/>\nSurenregistrement avec remplacement progressif des parties 83<br \/>\nGhost Rev 84<br \/>\nQuand et comment l'utiliser 85<\/div>\n<h3>ENTR\u00c9ES ET GAIN STAGING 86<\/h3>\n<div>Entr\u00e9es du signal 86<br \/>\nLes niveaux du signal 87<br \/>\nQu'est-ce que le Gain Staging 88 ?<br \/>\nUn parafoudre pour la distorsion 89<br \/>\nUne dynamique \u00e9norme 89<br \/>\nNiveaux audio dans les pistes et les groupes 90<br \/>\nLe Vu meter 90<br \/>\nGroupes et sous-groupes 91<br \/>\nNiveaux d'entr\u00e9e et de sortie dans les plugins 91<br \/>\nGain staging dans le monitoring 92<\/div>\n<h3>LA PRISE DE SON 93<\/h3>\n<div>Le microphone universel 93<br \/>\nChoix du microphone 93<br \/>\nObservations g\u00e9n\u00e9rales et tests de reprise acoustique 94<br \/>\nL'instrument et l'instrumentiste 94<br \/>\nLa position du microphone 95<br \/>\nLa reprise mono 96<br \/>\nLa prise st\u00e9r\u00e9o 96<br \/>\nLa prise de son st\u00e9r\u00e9o d'instruments individuels et de sections 97<br \/>\nTechniques de prise de vue st\u00e9r\u00e9o 97<\/div>\n<h3>LES CHAMPS DE PRISE DE SON 100<\/h3>\n<div>Les champs de prise de son 100<br \/>\nChamps de pr\u00e9sence 101<br \/>\nChamps environnementaux 103<br \/>\nEnregistrements mono, st\u00e9r\u00e9o et mixtes 103<br \/>\nLe d\u00e9calage temporel dans les prises de vue multi-champs 104<br \/>\nLa directivit\u00e9 des microphones dans les champs de prise de son 105<br \/>\nChoix du champ de prise de vue en fonction du r\u00f4le dans le mixage 105<br \/>\nUtilisation des champs d'environnement 106<\/div>\n<h3>LA PRISE DE SON MULTIMICROPHONIQUE 107<\/h3>\n<div>Avantages de la prise de son multi-microphones 107<br \/>\nD\u00e9calages temporels 107<br \/>\nLa reprise d'un ensemble de percussions et d'une batterie 109<br \/>\nVue panoramique du plateau 110<br \/>\nReprise individuelle des pi\u00e8ces du set 110<br \/>\nReprise mixte 111<br \/>\nReprise mixte all\u00e9g\u00e9e 112<br \/>\nTambours \u00e0 double micro 112<br \/>\nAlignement des microphones dans les ensembles de percussions 113<br \/>\nReprise avec polarit\u00e9 oppos\u00e9e 113<br \/>\nD\u00e9calage temporel 114<\/div>\n<h3>LA REPRISE EN DIRECT DANS LE STUDIO 115<\/h3>\n<div>Cages acoustiques de s\u00e9paration 115<br \/>\nPanneaux acoustiques de s\u00e9paration 115<br \/>\nSurenregistrement 116<\/div>\n<h3>LA REPRISE EN LIGNE 117<\/h3>\n<div>Appareils \u00e0 connecter en ligne 117<br \/>\nAdaptateurs de signal 118<br \/>\nSources avec sortie ligne asym\u00e9trique 118<br \/>\nSources \u00e0 capteur et pi\u00e9zo\u00e9lectriques 118<br \/>\nPlatine vinyle traditionnelle 118<br \/>\nL'enregistrement en ligne 119<\/div>\n<h3>R\u00c9GLAGES PR\u00c9LIMINAIRES 120<\/h3>\n<div>Enregistrer dans Flat 121<br \/>\n\u00c9galisation pr\u00e9liminaire 122<br \/>\nMode d'\u00e9galisation pr\u00e9liminaire 122<br \/>\n\u00c9galisation pr\u00e9liminaire pour les instruments m\u00e9lodiques 124<br \/>\n\u00c9galisation pr\u00e9liminaire pour les tambours 127<\/div>\n<h2>SECTION C  ***  L'ENREGISTREMENT DES SOURCES 129<\/h2>\n<h3>GUITARES ET CORDES PINC\u00c9ES 130<\/h3>\n<div>Microphones pour guitares 130<br \/>\nChamps de prise de vue typiques pour les guitares 130<br \/>\nLa reprise de la guitare 131<br \/>\nChoisir la guitare et le m\u00e9diator les mieux adapt\u00e9s 131<br \/>\nConsulter le guitariste 131<br \/>\nL'\u00e9mission du son de la guitare 132<br \/>\n\u00c0 la recherche de la position id\u00e9ale du microphone 132<br \/>\nMod\u00e8les polaires de reprise et distance par rapport au microphone 133<br \/>\nEnvironnement acoustique 134<br \/>\nTechniques multi-microphones 134<br \/>\nRelations de phase et filtres en peigne 134<br \/>\nLa reprise XY 135<br \/>\nTraitement dans l'enregistrement 136<br \/>\n\u00c9galisation pr\u00e9liminaire lors de l'enregistrement de la guitare 136<br \/>\nCompression et r\u00e9verb\u00e9ration pr\u00e9liminaires dans l'enregistrement 137<\/div>\n<h3>AMPLIFICATEURS ET ENCEINTES 138<\/h3>\n<div>Enceinte pour basse \u00e9lectrique 138<br \/>\nEnregistrement mixte de la basse 138<br \/>\nEnceinte pour guitare \u00e9lectrique 140<br \/>\nLe microphone pour l'enceinte 140<br \/>\nArmoire pour orgue \u00e9lectromagn\u00e9tique ou \u00e9lectronique 141<br \/>\nLa prise de son du Leslie 142<br \/>\nLa reprise d'ambiance pour le haut-parleur rotatif 142<\/div>\n<h3>INSTRUMENTS \u00c0 VENT : LES BOIS 143<\/h3>\n<div>Microphones pour bois 143<br \/>\nChamps de prise de vue 143<br \/>\nChamp de proximit\u00e9 143<br \/>\nChamp de r\u00e9sonance 144<\/div>\n<h3>INSTRUMENTS \u00c0 VENT : LES CUIVRES 145<\/h3>\n<div>Microphones 145<br \/>\nChamps de prise de vue 145<br \/>\nChamp de proximit\u00e9 145<br \/>\nChamp de r\u00e9sonance 146<\/div>\n<h3>INSTRUMENTS \u00c0 CORDES 147<\/h3>\n<div>Microphones 147<br \/>\nChamps de prise de vue 147<br \/>\nChamp de r\u00e9sonance 148<br \/>\nChamp de proximit\u00e9 148<\/div>\n<h3>HARMONICA  ET PETITS INSTRUMENTS 149<\/h3>\n<h3>ACCORD\u00c9ON 150<\/h3>\n<div>Microphones pour l'enregistrement de l'accord\u00e9on 150<br \/>\nEnregistrement de l'accord\u00e9on en mono 150<br \/>\nEnregistrement de l'accord\u00e9on en st\u00e9r\u00e9o 150<\/div>\n<h3>BATTERIE 152<\/h3>\n<div>M\u00e9thodes de reprise de la batterie 152<br \/>\nM\u00e9thode A \u2013 Prise de vue panoramique mono 152<br \/>\nM\u00e9thode B \u2013 Prise de vue panoramique st\u00e9r\u00e9o phas\u00e9e 153<br \/>\nVariantes des m\u00e9thodes A et B 153<br \/>\nM\u00e9thode C \u2013 Prise panoramique st\u00e9r\u00e9o ORTF 153<br \/>\nM\u00e9thode D \u2013 Prise de vue panoramique st\u00e9r\u00e9o espac\u00e9e 154<br \/>\nM\u00e9thode E \u2013 M\u00e9thode mixte avec Close Mics 156<br \/>\nSynchronisation entre prise de vue panoramique et micros rapproch\u00e9s 157<br \/>\nM\u00e9thode E1 \u2013 variante adapt\u00e9e \u00e0 l'environnement de la m\u00e9thode mixte 159<br \/>\nGrosse caisse \u2013 Bass Drum \u2013 Kick Drum 159<br \/>\nLa prise de son 160<br \/>\nQuels microphones utiliser pour la grosse caisse de la batterie ? 162<br \/>\nCaisse claire \u2013 Snare Drum 163<br \/>\nMicrophone suspendu \u2013 Top Mic 163<br \/>\nMicrophone inf\u00e9rieur \u2013 Bottom Mic 164<br \/>\nTomTom et Timpani 166<br \/>\nHiHat \u2013 Charleston 167<br \/>\nPlats 168<br \/>\nOver-Heads 168<br \/>\nVue panoramique de l'ensemble du plateau 168<br \/>\nChoix des microphones overhead 169<br \/>\nAutres percussions dans le kit de batterie 169<br \/>\nEnvironnement 170<br \/>\nProbl\u00e8mes de phase 170<br \/>\n\u00c9liminer les d\u00e9fauts pr\u00e9liminaires de la prise de vue 171<br \/>\nLe Click Bleed 171<\/div>\n<h3>PERCUSSIONS 172<\/h3>\n<div>Les petites percussions 172<br \/>\nLes grandes percussions 173<br \/>\nLes tambours \u00e0 fond ouvert 173<\/div>\n<h3>VOCE 175<\/h3>\n<div>Caract\u00e9ristiques du microphone \u00e0 utiliser 175<br \/>\nAcoustique 176<br \/>\nOndes stationnaires dans la salle d'enregistrement vocal 176<br \/>\nPosition d'enregistrement de la voix 177<br \/>\nPanneaux acoustiques 178<br \/>\nComment effectuer la reprise 178<br \/>\nInclinaison du microphone 178<br \/>\nFiltre anti-pop 178<br \/>\nG\u00e9rer la distance par rapport au microphone 178<br \/>\nVariation compensatoire de la distance 179<br \/>\nAxe d'orientation 179<\/div>\n<h3>CH\u0152URS 180<\/h3>\n<div>Petit ch\u0153ur simple 180<br \/>\nCh\u0153urs \u00e0 enregistrement multiple 181<\/div>\n<h3>PIANOFORTE 183<\/h3>\n<div>Enregistrement mono du piano 183<br \/>\nEnregistrement st\u00e9r\u00e9o du piano 183<br \/>\nEnregistrement de base avec 2 microphones 183<br \/>\nPrises de vue compl\u00e9mentaires st\u00e9r\u00e9o 187<br \/>\nEnregistrements st\u00e9r\u00e9o multiples 187<br \/>\nEnregistrements st\u00e9r\u00e9o auxiliaires 188<br \/>\nPrises de vue compl\u00e9mentaires mono 188<br \/>\nPoints strat\u00e9giques pour la reprise mono 189<br \/>\nLa polarit\u00e9 de phase utilis\u00e9e comme \u00e9galiseur non lin\u00e9aire 189<br \/>\nLe piano droit 190<\/div>\n<h3>ORGUE \u00c0 TUYAUX 192<\/h3>\n<div>Front sonore \u00e9troit 192<br \/>\nLargeur du front sonore 193<br \/>\nFront sonore multiple 194<br \/>\nOptimisation du calage des blocs de cannes 194<br \/>\nUtilisation du filtre HPF 195<br \/>\n\u00c9galisation pr\u00e9liminaire 195<\/div>\n<h3>CH\u0152UR POLYPHONIQUE 196<\/h3>\n<div>Enregistrement st\u00e9r\u00e9o avec ch\u0153ur en cercle 196<br \/>\nEnregistrement st\u00e9r\u00e9o avec ch\u0153ur en demi-cercle 197<br \/>\nEnregistrement st\u00e9r\u00e9o avec ch\u0153ur en ligne 197<br \/>\nReprise semi-phas\u00e9e 198<br \/>\nReprise espac\u00e9e 198<br \/>\nReprise par sections 199<br \/>\nReprise par sections avec ch\u0153ur en cercle 199<br \/>\nReprise d'\u00e9cran en sections avec ch\u0153ur en cercle 199<br \/>\nReprise individuelle 200<\/div>\n<h3>ORCHESTRE ET FANFARE 201<\/h3>\n<div>Le Petit Orchestre 201<br \/>\nCrit\u00e8res g\u00e9n\u00e9raux 201<br \/>\nEnregistrement st\u00e9r\u00e9o ou avec priorit\u00e9 au set st\u00e9r\u00e9o 202<br \/>\nReprise avec priorit\u00e9 aux micros proches 203<br \/>\nConsid\u00e9rations finales sur la synchronisation des transitoires 204<br \/>\nLe grand orchestre 204<br \/>\nLa microphonie ambiante de base 205<br \/>\nORTF 205<br \/>\nArbre Decca 205<br \/>\nClose mics pour le grand orchestre 206<\/div>\n<h2>SECTION D *** \u00c9dition et r\u00e9glage 207<\/h2>\n<h3>D\u00c9COUVRONS L'\u00c9DITION AUDIO 208<\/h3>\n<div>Les risques li\u00e9s \u00e0 l'\u00e9dition 208<br \/>\nLes techniques de montage 209<br \/>\n\u00c9dition de base 209<br \/>\n\u00c9dition chirurgicale 209<br \/>\nTiming 210<br \/>\nR\u00e9glage manuel 210<br \/>\nNettoyage 211<br \/>\nNiveau 211<br \/>\nAutotuning 211<br \/>\nQuand effectuer l'\u00e9dition 211<\/div>\n<h3>\u00c9DITION DE BASE 213<\/h3>\n<div>Choisissez et entrez 213<br \/>\nLes Takes 213<br \/>\nChoisir 213<br \/>\nRisques li\u00e9s au Choosing 214<br \/>\nEnregistrement correctif 215<br \/>\nS\u00e9lectionner le fragment \u00e0 remplacer 215<br \/>\nConfigurer le pr\u00e9-roll 215<br \/>\nConfigurer le post-roll 215<br \/>\n\u00c9coute et jonction 216<br \/>\nRisques li\u00e9s \u00e0 l'enregistrement correctif 216<br \/>\nCopier-coller 216<br \/>\nNettoyage 216<br \/>\nS\u00e9lectionner et copier 217<br \/>\nP\u00e2tes 217<br \/>\nSessions non quantifi\u00e9es \u2013 No Grid 217<\/div>\n<h3>\u00c9DITION CHIRURGICALE 218<\/h3>\n<div>Effacement 218<br \/>\nD\u00e9coupe 218<br \/>\nComment r\u00e9aliser une coupe 218<br \/>\nChoisir le meilleur point de coupe 218<br \/>\nCoupe pour jonction de notes longues 219<br \/>\nCorrection manuelle de la conception de l'onde sonore 220<br \/>\nFading et jonctions en g\u00e9n\u00e9ral 220<br \/>\nClassification des types de fading 220<br \/>\nFading ordinaire 222<br \/>\nEffacement chirurgical 222<br \/>\nCopier-coller 223<br \/>\nCopier-coller des consonnes 223<br \/>\nCopier-coller des transitoires instrumentaux 224<br \/>\nCompression et expansion dynamiques 224<br \/>\n\u00c9galisation 225<br \/>\n\u00c9dition multipiste pour batterie et autres ensembles 225<\/div>\n<h3>TIMING 228<\/h3>\n<div>Couper et d\u00e9placer 228<br \/>\nTime Stretching et Time Expanding 228<br \/>\n\u00c9tirements 229<br \/>\nExpansion 229<br \/>\nFlex Timing 230<br \/>\nGestion des param\u00e8tres 231<br \/>\nApplications dans le domaine publicitaire 232<br \/>\nD\u00e9coloration et nettoyage 232<\/div>\n<h3>TUNING 233<\/h3>\n<div>Le tuning manuel 233<br \/>\nLes erreurs d'intonation 234<br \/>\nComment proc\u00e9der 234<br \/>\nSegments audio ayant une intonation coh\u00e9rente 234<br \/>\nNotes avec un large vibrato 234<br \/>\nNotes gliss\u00e9es \u2013 Correction manuelle 234<br \/>\nNotes gliss\u00e9es \u2013 Correction manuelle avec autotuning 235<\/div>\n<h3>NIVELLEMENT 237<\/h3>\n<div>Que signifie \u00ab Leveling 237 \u00bb ?<br \/>\nLes registres d'ex\u00e9cution 237<br \/>\nNivellement avec le volume 237<br \/>\nNivellement avec compression 238<br \/>\nRetouches d'\u00e9galisation 238<br \/>\nNivellement anormal 238<\/div>\n<h3>NETTOYAGE 240<\/h3>\n<div>D\u00e9coupe 240<br \/>\nD\u00e9-respiration 241<br \/>\nAdoucissant 241<br \/>\nAdoucissement avec fondu entrant 242<br \/>\nAdoucissement avec compresseur dynamique 242<br \/>\nAdoucissement avec l'\u00e9galiseur 242<br \/>\nFading 243<br \/>\nFade in et fade out 243<br \/>\nFondu encha\u00een\u00e9 243<\/div>\n<h3>AUTOTUNING 244<\/h3>\n<div>Type d'entr\u00e9e et suivi 244<br \/>\nCl\u00e9 et gamme 245<br \/>\nBypass Note et Remove Note 246<br \/>\nR\u00e9ajuster la vitesse 246<br \/>\nDetune et Transpose, longueur de gorge, Formant 247<br \/>\nHumaniser 248<br \/>\nVibrato naturel 248<br \/>\nVibrato Creator 248<br \/>\nGestion op\u00e9rationnelle 249<\/div>\n<h2>SECTION E *** DIVERS 251<\/h2>\n<h3>MICROPHONE POUR AMPLIFIER 252<\/h3>\n<div>Faible isolation des reprises 252<br \/>\nD\u00e9clenchement du Larsen 252<br \/>\nUtiliser le champ de proximit\u00e9 253<br \/>\nAstuces pour limiter les retours microphoniques 253<br \/>\nLe sound check 253<\/div>\n<h3>STUDIO D'ENREGISTREMENT MOBILE 254<\/h3>\n<div>L'enregistrement d'un concert acoustique 254<br \/>\nReprise en ligne depuis les sorties directes 254<br \/>\nEnregistreurs multipistes portables 255<br \/>\nEnregistrer avec une station de travail audio num\u00e9rique portable 255<br \/>\nSynchronisation entre les DAW 255<br \/>\nLe r\u00e9glage du gain 256<\/div>\n<h3>PRISES DE VUE POUR VID\u00c9O ET CIN\u00c9MA 257<\/h3>\n<div>L'importance du son dans la vid\u00e9o 257<br \/>\nPrincipaux probl\u00e8mes audio 257<br \/>\nEnregistrer le son du film 258<br \/>\nLe film \u00e0 doubler 258<br \/>\nLa reprise sur le terrain 258<br \/>\nUtilisation d'un enregistreur externe 258<br \/>\nComment g\u00e9rer les c\u00e2bles 258<br \/>\nUtilisez des accessoires de qualit\u00e9 259<br \/>\nEngager un \u201c vrai \u201d ing\u00e9nieur du son 259<br \/>\nEffectuer une visite des lieux 259<br \/>\nToujours v\u00e9rifier les niveaux d'enregistrement 259<br \/>\nPositionner correctement les microphones 260<br \/>\nEnregistrer le fond sonore ambiant 260<br \/>\nEnregistrer \u00e9galement le son \u00e0 partir de la cam\u00e9ra 260<br \/>\nEnregistrer un clap sonore 260<br \/>\nUtiliser les commandes op\u00e9rationnelles standard 261<br \/>\nLa post-production ne fait pas de miracles 261<\/div>\n<h3>EXPORTATION DE LA SESSION 262<\/h3>\n<div>Op\u00e9rations pr\u00e9liminaires 262<br \/>\nConsid\u00e9rations techniques 263<br \/>\nExporter les pistes audio pour un mixage externe 263<br \/>\n:::<br \/>\n<em>Copyright 265<\/em><br \/>\n<em>Contacts 265<\/em><br \/>\n<em>Biographie 266<\/em><br \/>\n<em>Bibliographie 267<\/em><\/div>\n<\/div>\n<\/section>\n<\/div>","protected":false},"excerpt":{"rendered":"<p data-start=\"140\" data-end=\"203\"><strong data-start=\"140\" data-end=\"201\">Faites des \u00e9conomies en achetant ici, sur le site de l'auteur.<\/strong><\/p>\n<ul>\n<li data-start=\"206\" data-end=\"304\">Achetez la version papier directement sur cette page (moins cher que sur Amazon)<\/li>\n<li data-start=\"307\" data-end=\"348\">Achetez la version papier sur Amazon<\/li>\n<li data-start=\"351\" data-end=\"397\">Achetez la version num\u00e9rique sur Apple Books<\/li>\n<\/ul>\n<p data-start=\"399\" data-end=\"502\">\u00c0 l'int\u00e9rieur du livre, vous trouverez \u00e9galement un bon cadeau pour obtenir le <em data-start=\"460\" data-end=\"493\">Glossaire de l&#039;ing\u00e9nieur du son<\/em> (voir)<\/p>","protected":false},"featured_media":5859,"comment_status":"open","ping_status":"closed","template":"","meta":[],"product_brand":[],"product_cat":[69,70],"product_tag":[],"class_list":{"0":"post-5858","1":"product","2":"type-product","3":"status-publish","4":"has-post-thumbnail","6":"product_cat-libri","7":"product_cat-libri-e-manuali-di-audio","9":"first","10":"instock","11":"sale","12":"purchasable","13":"product-type-simple"},"post_mailing_queue_ids":[],"_links":{"self":[{"href":"https:\/\/alessandrofois.com\/fr\/wp-json\/wp\/v2\/product\/5858","targetHints":{"allow":["GET"]}}],"collection":[{"href":"https:\/\/alessandrofois.com\/fr\/wp-json\/wp\/v2\/product"}],"about":[{"href":"https:\/\/alessandrofois.com\/fr\/wp-json\/wp\/v2\/types\/product"}],"replies":[{"embeddable":true,"href":"https:\/\/alessandrofois.com\/fr\/wp-json\/wp\/v2\/comments?post=5858"}],"wp:featuredmedia":[{"embeddable":true,"href":"https:\/\/alessandrofois.com\/fr\/wp-json\/wp\/v2\/media\/5859"}],"wp:attachment":[{"href":"https:\/\/alessandrofois.com\/fr\/wp-json\/wp\/v2\/media?parent=5858"}],"wp:term":[{"taxonomy":"product_brand","embeddable":true,"href":"https:\/\/alessandrofois.com\/fr\/wp-json\/wp\/v2\/product_brand?post=5858"},{"taxonomy":"product_cat","embeddable":true,"href":"https:\/\/alessandrofois.com\/fr\/wp-json\/wp\/v2\/product_cat?post=5858"},{"taxonomy":"product_tag","embeddable":true,"href":"https:\/\/alessandrofois.com\/fr\/wp-json\/wp\/v2\/product_tag?post=5858"}],"curies":[{"name":"wp","href":"https:\/\/api.w.org\/{rel}","templated":true}]}}