{"id":7870,"date":"2024-12-21T21:14:52","date_gmt":"2024-12-21T21:14:52","guid":{"rendered":"http:\/\/alessandrofois.com\/prodotto\/consulenza-in-videoconferenza-domande-tecniche-su-audio-e-musica\/"},"modified":"2025-08-25T10:10:57","modified_gmt":"2025-08-25T10:10:57","slug":"consultation-par-visioconference-pour-des-questions-techniques-sur-laudio-et-la-musique","status":"publish","type":"product","link":"https:\/\/alessandrofois.com\/fr\/prodotto\/consulenza-in-videoconferenza-domande-tecniche-su-audio-e-musica\/","title":{"rendered":"Conseil en visioconf\u00e9rence : questions techniques sur l'audio et la musique"},"content":{"rendered":"<hr \/>\n<h3>Ce service comprend la r\u00e9servation d&#039;une visioconf\u00e9rence avec Alessandro Fois, qui r\u00e9pondra \u00e0 toutes vos questions sur les sujets suivants :<\/h3>\n<p>&nbsp;<\/p>\n<h3>Audio<\/h3>\n<p>Acoustique, enregistrement, montage, mixage, mastering, post-production audio pour vid\u00e9o.<\/p>\n<h3>Musique<\/h3>\n<p>Composition m\u00e9lodique, harmonie et harmonisation, rythme, arrangement musical et orchestration, style pianistique et techniques d&#039;interpr\u00e9tation.<\/p>\n<h3><strong>Combien de personnes peuvent participer ?<\/strong><\/h3>\n<p>Plusieurs \u00e9tudiants peuvent participer \u00e0 la vid\u00e9oconf\u00e9rence, sans limite, \u00e0 condition qu&#039;ils soient tous dans la m\u00eame salle physique.<\/p>\n<h3><strong>Dur\u00e9e<\/strong><\/h3>\n<p>Les vid\u00e9oconf\u00e9rences peuvent avoir diff\u00e9rentes dur\u00e9es :<\/p>\n<ul>\n<li>20 minutes<\/li>\n<li>40 minutes<\/li>\n<li>60 minutes (une heure)<\/li>\n<li>90 minutes (une heure et demie)<\/li>\n<\/ul>\n<p><strong>Comment \u00e7a marche<\/strong><\/p>\n<p>Une fois le service achet\u00e9 pour la dur\u00e9e souhait\u00e9e, l&#039;acheteur sera contact\u00e9 par email ou WhatsApp pour convenir d&#039;une date et d&#039;une heure pour la connexion Skype ou Zoom et pour \u00e9tablir une liste de questions cl\u00e9s auxquelles il sera r\u00e9pondu techniquement lors de la consultation en visioconf\u00e9rence.<\/p>\n<p>S&#039;il vous reste du temps apr\u00e8s avoir r\u00e9pondu \u00e0 toutes les questions obligatoires, vous pouvez \u00e9galement poser des questions libres jusqu&#039;\u00e0 ce que le temps soit \u00e9coul\u00e9.<\/p>\n<p>&nbsp;<\/p>","protected":false},"excerpt":{"rendered":"<hr \/>\n<h3>Choisissez la dur\u00e9e de la connexion en la s\u00e9lectionnant dans le menu d\u00e9roulant que vous voyez ci-dessous.<\/h3>\n<hr \/>\n<h3><\/h3>","protected":false},"featured_media":7871,"comment_status":"open","ping_status":"closed","template":"","meta":[],"product_brand":[],"product_cat":[76],"product_tag":[],"class_list":{"0":"post-7870","1":"product","2":"type-product","3":"status-publish","4":"has-post-thumbnail","6":"product_cat-corsi-e-consulenze-online-di-audio-e-musica","8":"first","9":"instock","10":"shipping-taxable","11":"purchasable","12":"product-type-variable"},"post_mailing_queue_ids":[],"_links":{"self":[{"href":"https:\/\/alessandrofois.com\/fr\/wp-json\/wp\/v2\/product\/7870","targetHints":{"allow":["GET"]}}],"collection":[{"href":"https:\/\/alessandrofois.com\/fr\/wp-json\/wp\/v2\/product"}],"about":[{"href":"https:\/\/alessandrofois.com\/fr\/wp-json\/wp\/v2\/types\/product"}],"replies":[{"embeddable":true,"href":"https:\/\/alessandrofois.com\/fr\/wp-json\/wp\/v2\/comments?post=7870"}],"wp:featuredmedia":[{"embeddable":true,"href":"https:\/\/alessandrofois.com\/fr\/wp-json\/wp\/v2\/media\/7871"}],"wp:attachment":[{"href":"https:\/\/alessandrofois.com\/fr\/wp-json\/wp\/v2\/media?parent=7870"}],"wp:term":[{"taxonomy":"product_brand","embeddable":true,"href":"https:\/\/alessandrofois.com\/fr\/wp-json\/wp\/v2\/product_brand?post=7870"},{"taxonomy":"product_cat","embeddable":true,"href":"https:\/\/alessandrofois.com\/fr\/wp-json\/wp\/v2\/product_cat?post=7870"},{"taxonomy":"product_tag","embeddable":true,"href":"https:\/\/alessandrofois.com\/fr\/wp-json\/wp\/v2\/product_tag?post=7870"}],"curies":[{"name":"wp","href":"https:\/\/api.w.org\/{rel}","templated":true}]}}