{"id":7880,"date":"2024-12-21T22:12:43","date_gmt":"2024-12-21T22:12:43","guid":{"rendered":"http:\/\/alessandrofois.com\/prodotto\/consulenza-tramite-email-domande-tecniche-su-audio-e-musica\/"},"modified":"2025-08-25T10:10:57","modified_gmt":"2025-08-25T10:10:57","slug":"conseils-par-e-mail-questions-techniques-sur-laudio-et-la-musique","status":"publish","type":"product","link":"https:\/\/alessandrofois.com\/fr\/prodotto\/consulenza-tramite-email-domande-tecniche-su-audio-e-musica\/","title":{"rendered":"Consultation par courriel\u00a0: questions techniques sur l&#039;audio et la musique"},"content":{"rendered":"<hr \/>\n<h3>Ce service pr\u00e9voit la formulation de questions \u00e9crites \u00e0 Alessandro Fois, qui r\u00e9pondra toujours par \u00e9crit sur les sujets suivants <br class=\"avia-permanent-lb\" \/><br class=\"avia-permanent-lb\" \/><\/h3>\n<h3>Audio<\/h3>\n<p>Acoustique, enregistrement, montage, mixage, mastering, post-production audio pour vid\u00e9o.<\/p>\n<h3>Musique<\/h3>\n<p>Composition m\u00e9lodique, harmonie et harmonisation, rythme, arrangement musical et orchestration, style pianistique et techniques d&#039;interpr\u00e9tation.<\/p>\n<h3><strong>Combien de personnes peuvent participer ?<\/strong><\/h3>\n<p>Plusieurs \u00e9tudiants peuvent participer \u00e0 la vid\u00e9oconf\u00e9rence, sans limite, \u00e0 condition qu&#039;ils soient tous dans la m\u00eame salle physique.<\/p>\n<h3><strong>Comment \u00e7a marche<\/strong><\/h3>\n<p>Une fois le service achet\u00e9 pour la dur\u00e9e souhait\u00e9e, l'acheteur sera contact\u00e9  par e-mail et le consultant pourra r\u00e9pondre en posant le nombre de questions convenu, auxquelles il recevra une r\u00e9ponse compl\u00e8te et exhaustive, toujours par e-mail.<\/p>\n<h3><strong>Combien de questions ?<\/strong><\/h3>\n<p>Vous pouvez acheter diff\u00e9rents packs de r\u00e9ponses au nombre de questions suivant :<\/p>\n<ul>\n<li>1 question<\/li>\n<li>2 questions<\/li>\n<li>3 questions<\/li>\n<li>5 questions<\/li>\n<li>10 questions<\/li>\n<\/ul>\n<p>&nbsp;<\/p>\n<p>&nbsp;<\/p>","protected":false},"excerpt":{"rendered":"<hr \/>\n<h3>Choisissez  le nombre de questions et r\u00e9ponses que vous pr\u00e9f\u00e9rez dans le menu d\u00e9roulant ci-dessous.<\/h3>\n<hr \/>\n<h3><\/h3>","protected":false},"featured_media":7881,"comment_status":"open","ping_status":"closed","template":"","meta":[],"product_brand":[],"product_cat":[76],"product_tag":[],"class_list":{"0":"post-7880","1":"product","2":"type-product","3":"status-publish","4":"has-post-thumbnail","6":"product_cat-corsi-e-consulenze-online-di-audio-e-musica","8":"first","9":"instock","10":"shipping-taxable","11":"purchasable","12":"product-type-variable"},"post_mailing_queue_ids":[],"_links":{"self":[{"href":"https:\/\/alessandrofois.com\/fr\/wp-json\/wp\/v2\/product\/7880","targetHints":{"allow":["GET"]}}],"collection":[{"href":"https:\/\/alessandrofois.com\/fr\/wp-json\/wp\/v2\/product"}],"about":[{"href":"https:\/\/alessandrofois.com\/fr\/wp-json\/wp\/v2\/types\/product"}],"replies":[{"embeddable":true,"href":"https:\/\/alessandrofois.com\/fr\/wp-json\/wp\/v2\/comments?post=7880"}],"wp:featuredmedia":[{"embeddable":true,"href":"https:\/\/alessandrofois.com\/fr\/wp-json\/wp\/v2\/media\/7881"}],"wp:attachment":[{"href":"https:\/\/alessandrofois.com\/fr\/wp-json\/wp\/v2\/media?parent=7880"}],"wp:term":[{"taxonomy":"product_brand","embeddable":true,"href":"https:\/\/alessandrofois.com\/fr\/wp-json\/wp\/v2\/product_brand?post=7880"},{"taxonomy":"product_cat","embeddable":true,"href":"https:\/\/alessandrofois.com\/fr\/wp-json\/wp\/v2\/product_cat?post=7880"},{"taxonomy":"product_tag","embeddable":true,"href":"https:\/\/alessandrofois.com\/fr\/wp-json\/wp\/v2\/product_tag?post=7880"}],"curies":[{"name":"wp","href":"https:\/\/api.w.org\/{rel}","templated":true}]}}