{"id":8032,"date":"2019-01-05T18:48:40","date_gmt":"2019-01-05T18:48:40","guid":{"rendered":"http:\/\/alessandrofois.com\/prodotto\/boghes-de-domo\/"},"modified":"2025-08-25T10:10:57","modified_gmt":"2025-08-25T10:10:57","slug":"boghes-de-domo","status":"publish","type":"product","link":"https:\/\/alessandrofois.com\/fr\/prodotto\/boghes-de-domo\/","title":{"rendered":"Boghes De Domo"},"content":{"rendered":"<hr \/>\n<h1>Boghes de Domo<\/h1>\n<hr \/>\n<p><i><b>\u00c2\u00a0<\/b><\/i><i><b>Boghes de Domo<\/b><\/i>C'est la seule com\u00e9die musicale en langue sarde compos\u00e9e \u00e0 ce jour.<\/p>\n<p>Il utilise en effet la forme de la com\u00e9die musicale pour raconter une histoire en musique, dans un r\u00e9cit imaginaire et all\u00e9gorique qui parle d'ouverture \u00e0 la nouveaut\u00e9, tout en \u00e9tant immerg\u00e9 dans un d\u00e9cor agro-pastoral sarde du d\u00e9but du XXe si\u00e8cle.<\/p>\n<p>Les sonorit\u00e9s du folk traditionnel se marient avec les orchestrations classiques et les sons du rock, de l'acid jazz, du funk, du gospel, de la pop des ann\u00e9es 80\/90, dans un m\u00e9lange inhabituel, parfois riche en surprises agr\u00e9ables et en originalit\u00e9 stylistique.<\/p>\n<p>Les auteurs sont\u00a0<a href=\"https:\/\/alessandrofois.com\/fr\/mise-en-scene-a2\/\">Alessandro Fois<\/a>, <a href=\"https:\/\/www.facebook.com\/alverio.cau\">Alverio Cau<\/a>, <a href=\"https:\/\/it.wikipedia.org\/wiki\/Benito_Urgu\">Benito Urgu,<\/a>Avec des contributions musicales \u00e9galement de Francesco Salis, Antonio Salis et Antonio Lotta.<\/p>\n<p>Fois, Cau et Urgu ont \u00e9galement \u00e9t\u00e9 les principaux interpr\u00e8tes des premi\u00e8res repr\u00e9sentations sc\u00e9niques de l'\u0153uvre, aux c\u00f4t\u00e9s d'une importante troupe d'acteurs-chanteurs.<\/p>\n<p>***<\/p>\n<p><strong>Pour plus d&#039;informations :<\/strong><\/p>\n<p><a href=\"https:\/\/it.wikipedia.org\/wiki\/Boghes_de_Domo\">Boghes de Domo \u2013 Wikip\u00e9dia<\/a><\/p>\n<hr \/>\n<h2>Spotify<\/h2>\n<p><strong>Remarque : pour des raisons li\u00e9es aux droits d'auteur, seule la piste n\u00b0 10 \u2013 Balentia \u2013 est actuellement disponible sur les services de streaming.<\/strong><\/p>\n<p><iframe loading=\"lazy\" style=\"border-radius: 12px;\" src=\"https:\/\/open.spotify.com\/embed\/album\/06ROvrN9IjielV4VDRn7Qh?utm_source=generator\" width=\"1920\" height=\"1800\" frameborder=\"0\" allowfullscreen=\"allowfullscreen\"><span data-mce-type=\"bookmark\" style=\"display: inline-block; width: 0px; overflow: hidden; line-height: 0;\" class=\"mce_SELRES_start\">\u00ef\u00bb\u00bf<\/span><span data-mce-type=\"bookmark\" style=\"display: inline-block; width: 0px; overflow: hidden; line-height: 0;\" class=\"mce_SELRES_start\">\u00ef\u00bb\u00bf<\/span><span data-mce-type=\"bookmark\" style=\"display: inline-block; width: 0px; overflow: hidden; line-height: 0;\" class=\"mce_SELRES_start\">\u00ef\u00bb\u00bf<\/span><\/iframe><\/p>","protected":false},"excerpt":{"rendered":"<p><strong>Benito Urgu, Alessandro Fois, Alverio Cau<\/strong><\/p>\n<p><strong>Album musical \u2013 30 titres<\/strong><\/p>","protected":false},"featured_media":8033,"comment_status":"open","ping_status":"closed","template":"","meta":[],"product_brand":[],"product_cat":[77],"product_tag":[],"class_list":{"0":"post-8032","1":"product","2":"type-product","3":"status-publish","4":"has-post-thumbnail","6":"product_cat-musica","8":"first","9":"instock","10":"shipping-taxable","11":"product-type-simple"},"post_mailing_queue_ids":[],"_links":{"self":[{"href":"https:\/\/alessandrofois.com\/fr\/wp-json\/wp\/v2\/product\/8032","targetHints":{"allow":["GET"]}}],"collection":[{"href":"https:\/\/alessandrofois.com\/fr\/wp-json\/wp\/v2\/product"}],"about":[{"href":"https:\/\/alessandrofois.com\/fr\/wp-json\/wp\/v2\/types\/product"}],"replies":[{"embeddable":true,"href":"https:\/\/alessandrofois.com\/fr\/wp-json\/wp\/v2\/comments?post=8032"}],"wp:featuredmedia":[{"embeddable":true,"href":"https:\/\/alessandrofois.com\/fr\/wp-json\/wp\/v2\/media\/8033"}],"wp:attachment":[{"href":"https:\/\/alessandrofois.com\/fr\/wp-json\/wp\/v2\/media?parent=8032"}],"wp:term":[{"taxonomy":"product_brand","embeddable":true,"href":"https:\/\/alessandrofois.com\/fr\/wp-json\/wp\/v2\/product_brand?post=8032"},{"taxonomy":"product_cat","embeddable":true,"href":"https:\/\/alessandrofois.com\/fr\/wp-json\/wp\/v2\/product_cat?post=8032"},{"taxonomy":"product_tag","embeddable":true,"href":"https:\/\/alessandrofois.com\/fr\/wp-json\/wp\/v2\/product_tag?post=8032"}],"curies":[{"name":"wp","href":"https:\/\/api.w.org\/{rel}","templated":true}]}}