{"id":8036,"date":"2020-12-23T19:19:52","date_gmt":"2020-12-23T19:19:52","guid":{"rendered":"http:\/\/alessandrofois.com\/prodotto\/dialogue\/"},"modified":"2025-08-25T10:10:57","modified_gmt":"2025-08-25T10:10:57","slug":"dialogue","status":"publish","type":"product","link":"https:\/\/alessandrofois.com\/fr\/prodotto\/dialogue\/","title":{"rendered":"Dialogue"},"content":{"rendered":"<h1>Dialogue<\/h1>\n<hr \/>\n<p>Le contenu musical de l'album \u201c Dialogue \u201d correspond \u00e0 la vision compositionnelle de l'auteur, qui entend exprimer son d\u00e9sir d'\u00e9quilibre, d'harmonie et de conscience. On y trouve des influences de diff\u00e9rents types, notamment \u201c fusion \u201d, \u201c classique \u201d, \u201c new age \u201d et bien d'autres encore. Le compositeur aime souvent utiliser la forme musicale typique du jazz, avec ses th\u00e8mes musicaux et leurs variations improvis\u00e9es. D'o\u00f9 le terme \u201c New Generation Jazz \u201d, qui vise \u00e0 distinguer la forme musicale de l'album.<\/p>\n<hr \/>\n<h2>Spotify<\/h2>\n<p><iframe loading=\"lazy\" style=\"border-radius: 12px;\" src=\"https:\/\/open.spotify.com\/embed\/album\/1zog1iXoLYeoX0zX5YPAZx?utm_source=generator\" width=\"1920%\" height=\"750 \" frameborder=\"0\" allowfullscreen=\"allowfullscreen\" data-mce-fragment=\"1\"><span data-mce-type=\"bookmark\" style=\"display: inline-block; width: 0px; overflow: hidden; line-height: 0;\" class=\"mce_SELRES_start\"><\/span><\/iframe><\/p>\n<hr \/>\n<h2>Interpr\u00e8tes<\/h2>\n<p>&nbsp;<\/p>\n<h3>Alessandro Fois | Compositeur | Piano<\/h3>\n<p><a href=\"https:\/\/alessandrofois.com\/fr\/mise-en-scene-a2\/\">Alessandro Fois<\/a> Il est compositeur et pianiste. Au cours de sa carri\u00e8re, il a jou\u00e9 diff\u00e9rents genres musicaux : musique classique, jazz, blues, new age, world music, progressive, com\u00e9die musicale, bandes originales, pop  et autres. Il a cr\u00e9\u00e9 un grand nombre de compositions pour de nombreux artistes, se produisant souvent \u00e9galement en tant que pianiste. Dialogue est le premier album dont il est \u00e0 la fois l'auteur et l'interpr\u00e8te.<\/p>\n<h3>Paolo Cocco | Basse \u00e9lectrique<\/h3>\n<p><a href=\"https:\/\/www.facebook.com\/paolo.cocco.946\">Paolo Cocco<\/a>, bassiste. Pr\u00e9f\u00e9rences musicales : blues, funk, jazz. Musicien autodidacte avec 40 ans d'exp\u00e9rience, il a tiss\u00e9 de nombreuses collaborations dans des studios d'enregistrement, des concerts et des \u00e9v\u00e9nements musicaux importants avec des artistes de renomm\u00e9e nationale et internationale. Il s'efforce constamment d'am\u00e9liorer et de caract\u00e9riser le \u201c son \u201d de son instrument, en particulier celui de la basse sans frettes, qu'il aime profond\u00e9ment car elle lui permet de mieux exprimer l'essence de son art.<\/p>\n<h3>Massimo Tore | Contrebasse<\/h3>\n<p><a href=\"http:\/\/www.massimotore.it\/home.php\">Massimo Tore<\/a>, contrebassiste. Ses int\u00e9r\u00eats vont de la musique classique au jazz, avec une pr\u00e9dilection particuli\u00e8re pour la musique improvis\u00e9e. Musicien autodidacte, il a ensuite compl\u00e9t\u00e9 ses \u00e9tudes au Conservatoire de musique de Cagliari. En tant que bassiste classique, il a jou\u00e9 avec plusieurs orchestres symphoniques et de chambre, tels que l'Orchestre des Champs Elys\u00e9es, Les Arts florissants, Anima Eterna. Il est pr\u00e9sent sur la sc\u00e8ne jazz depuis 30 ans, collaborant \u00e0 de nombreux enregistrements et festivals internationaux.<\/p>\n<h3>Alessandro Garau | Batterie<\/h3>\n<p>Alessandro Garau, batteur. Il commence \u00e0 jouer de la batterie et des percussions \u00e0 Cagliari avec diff\u00e9rents groupes au d\u00e9but des ann\u00e9es 80. Sous la direction d'Ettore Fioravanti, il \u00e9tudie \u00e0 l'\u00e9cole Saint Louis Jazz de Rome, \u00e0 l'Universit\u00e9 Jazz de Terni, aux s\u00e9minaires Nuoro Jazz et aux cours Siena Jazz. Il a \u00e9galement particip\u00e9 \u00e0 de nombreuses masterclasses avec certains des plus grands musiciens de jazz : Dave Liebman, Peter Erskine, Jon Christensen, Pierre Favre et Steve Lacy. En pr\u00e8s de 30 ans de carri\u00e8re, il a jou\u00e9 dans certains des plus grands festivals internationaux, collaborant avec de nombreux musiciens en Italie et \u00e0 l'\u00e9tranger. Il a particip\u00e9 \u00e0 la production de plusieurs labels discographiques. Outre ses activit\u00e9s en studio et ses concerts, il enseigne la batterie dans plusieurs \u00e9coles locales.<\/p>\n<hr \/>\n<h2>Avis<\/h2>\n<p>J'ai \u00e9cout\u00e9 quelques morceaux de l'album d'Alessandro Fois et je les ai appr\u00e9ci\u00e9s tant pour leur interpr\u00e9tation que pour leur forme mature, aboutie et intelligente. Bien qu'il s'agisse d'un trio atypique (avec une basse \u00e9lectrique et une contrebasse), Alessandro parvient \u00e0 le faire sonner comme un orchestre o\u00f9 chacune des voix qui composent l'\u0153uvre est autonome mais \u00e9troitement li\u00e9e aux autres. DIALOGUE est le titre qui convient. Pour un travail original qui m\u00e9rite l'attention.<\/p>\n<p><em><strong>Paolo Fresu<\/strong> (compositeur, trompettiste)<\/em><\/p>\n<hr \/>\n<p>L'album \u201c Dialogue \u201d a un go\u00fbt agr\u00e9able et rond comme un vin \u00e9quilibr\u00e9 ! Les th\u00e8mes musicaux de l'auteur et pianiste Alessandro Fois vont du \u201c style jazz \u00e0 la Keith Jarret \u201d au \u201c style progressif \u201d. La basse fretless de Paolo Cocco a fortement marqu\u00e9 l'\u0153uvre. La contrebasse de Massimo Tore est douce et importante. La batterie d'Alessandro Garau est attentive et dynamique. Un tr\u00e8s beau son en g\u00e9n\u00e9ral. F\u00e9licitations.<\/p>\n<p><em><strong>Salvatore Corazza <\/strong>(compositeur, batteur)<\/em><\/p>\n<hr \/>\n<p>Fantastique, Alessandro ! J'ai \u00e9cout\u00e9 tous les morceaux. Beau travail. Tu as r\u00e9ussi \u00e0 cr\u00e9er un projet sonore au caract\u00e8re tr\u00e8s particulier. C'est quelque chose de tr\u00e8s important et de rare. Toi et tes musiciens avez cr\u00e9\u00e9 un univers sonore original et reconnaissable, ce qui n'est pas facile, surtout dans le domaine de la fusion et du jazz, et c'est un talent qui distingue uniquement les \u201c grands artistes \u201d. Une perle rare ! F\u00e9licitations, du fond du c\u0153ur.<\/p>\n<p><em><strong>Andrea Cutri<\/strong> (compositeur, guitariste)<\/em><\/p>\n<hr \/>\n<p>\u201c Dialogue \u201d, minimaliste et original : deux pierres qui le rendent plus pr\u00e9cieux que l'or. Sa construction est solide comme les cath\u00e9drales gothiques, mais les notes savent se perdre et raconter avec intensit\u00e9 et libert\u00e9 les espaces verts, le soleil et les reflets de la mer, comme les nuages et les doutes tumultueux.\u00a0Ses notes ne c\u00e8dent pas \u00e0 la complaisance. Elles ne se perdent pas dans le feu de joie des vanit\u00e9s. De vouloir appartenir, de vouloir citer pour citer. Tout est spontan\u00e9ment \u00e9quilibr\u00e9 dans un chaos aussi courtois que lui, le Pianiste Gentil. Merveilleux est le vol qui s'\u00e9l\u00e8ve d'une \u00e2me rationnelle !<\/p>\n<p><strong><em>Am\u00e9lie Gavaud\u00f2<\/em><\/strong><em> (po\u00e9tesse et auteure-compositrice-interpr\u00e8te)<\/em><\/p>\n<hr \/>\n<p>\u201c Dialogo \u201d est une \u0153uvre merveilleuse qui t\u00e9moigne d'une grande maturit\u00e9 artistique. Des moyens d'expression puissants, l'utilisation du contrepoint, des lignes m\u00e9lodiques de grand go\u00fbt. Une interpr\u00e9tation impeccable et tr\u00e8s expressive conduit \u00e0 des d\u00e9veloppements sonores enthousiasmants.<\/p>\n<p><em><strong>Nello Nicotra<\/strong>\u00a0(bassiste et contrebassiste)<\/em><\/p>\n<hr \/>\n<p>F\u00e9licitations, Alessandro\u2026 excellent travail. Bien compos\u00e9, arrang\u00e9 et jou\u00e9 avec classe, bon go\u00fbt et une excellente musicalit\u00e9. Le son et le mixage sont \u00e9galement tr\u00e8s bons. C'est un grand projet artistique. Le choix des musiciens \u00e9tait \u00e9galement excellent.<\/p>\n<p><em><strong>Giuseppe Melis<\/strong>\u00a0(compositeur, batteur et contrebassiste)<\/em><\/p>\n<hr \/>\n<p>Dix morceaux pour un continuel va-et-vient d'\u00e9motions. Il s'intitule \u201c Dialogue \u201d et aucun titre n'aurait pu \u00eatre plus appropri\u00e9. Car dans l'album d'Alessandro, tout comme dans un dialogue intense entre le c\u0153ur et la raison, l'alternance des atmosph\u00e8res est un dualisme conciliant : il suffit de prendre comme exemple la juxtaposition de deux morceaux tels que \u201c Pomeriggio al mare \u201d et \u201c Rock flower \u201d. Le premier est lent et ber\u00e7ant, comme le reflet d'un soleil paresseux sur un polaroid de souvenirs, tandis que le second est un crescendo de pathos et de rythmes pressants. Un album vari\u00e9, qui parle de la vie, d'oursons, de nuages mena\u00e7ants et de paillettes scintillantes. Un album hilarant, amusant, parfois intime, parfois inqui\u00e9tant, comme toutes les choses qui commencent d'une mani\u00e8re et finissent d'une autre. Comme c'est beau de pouvoir raconter la vie \u00e0 voix basse, mais avec tant de puissance.<\/p>\n<p><em><strong>Stefano Bonazzi<\/strong>\u00a0(\u00e9crivain et artiste visuel)<\/em><\/p>\n<hr \/>\n<p>\u201c Dialogue \u201d est un album capable de susciter des \u00e9motions et des souvenirs. Ces caract\u00e9ristiques importantes, associ\u00e9es \u00e0 la clart\u00e9 m\u00e9lodique et structurelle, font de cet album une agr\u00e9able rencontre entre le jazz et la pop.<\/p>\n<p><em><strong>\u00a0Stefano Incani<\/strong> (compositeur, batteur)<\/em><\/p>\n<hr \/>\n<p>J'ai accept\u00e9 de jouer avec Alessandro Fois sur son album intitul\u00e9 \u201c Dialogue \u201d parce que j'\u00e9tais particuli\u00e8rement attir\u00e9 par l'originalit\u00e9 du projet, mais aussi pour saisir l'occasion d'exprimer le son de ma basse sans frettes d'une mani\u00e8re totalement nouvelle (que j'appelle \u201d foisiano \u201c, en r\u00e9f\u00e9rence \u00e0 l'auteur).<\/p>\n<p><em><strong>\u00a0Paolo Cocco<\/strong> (bassiste)<\/em><\/p>","protected":false},"excerpt":{"rendered":"<p><strong>Alessandro Fois Piano Trio<\/strong><\/p>\n<p><strong>Album musical \u2013 10 titres<\/strong><\/p>","protected":false},"featured_media":8037,"comment_status":"open","ping_status":"closed","template":"","meta":[],"product_brand":[],"product_cat":[77],"product_tag":[],"class_list":{"0":"post-8036","1":"product","2":"type-product","3":"status-publish","4":"has-post-thumbnail","6":"product_cat-musica","8":"first","9":"instock","10":"shipping-taxable","11":"product-type-simple"},"post_mailing_queue_ids":[],"_links":{"self":[{"href":"https:\/\/alessandrofois.com\/fr\/wp-json\/wp\/v2\/product\/8036","targetHints":{"allow":["GET"]}}],"collection":[{"href":"https:\/\/alessandrofois.com\/fr\/wp-json\/wp\/v2\/product"}],"about":[{"href":"https:\/\/alessandrofois.com\/fr\/wp-json\/wp\/v2\/types\/product"}],"replies":[{"embeddable":true,"href":"https:\/\/alessandrofois.com\/fr\/wp-json\/wp\/v2\/comments?post=8036"}],"wp:featuredmedia":[{"embeddable":true,"href":"https:\/\/alessandrofois.com\/fr\/wp-json\/wp\/v2\/media\/8037"}],"wp:attachment":[{"href":"https:\/\/alessandrofois.com\/fr\/wp-json\/wp\/v2\/media?parent=8036"}],"wp:term":[{"taxonomy":"product_brand","embeddable":true,"href":"https:\/\/alessandrofois.com\/fr\/wp-json\/wp\/v2\/product_brand?post=8036"},{"taxonomy":"product_cat","embeddable":true,"href":"https:\/\/alessandrofois.com\/fr\/wp-json\/wp\/v2\/product_cat?post=8036"},{"taxonomy":"product_tag","embeddable":true,"href":"https:\/\/alessandrofois.com\/fr\/wp-json\/wp\/v2\/product_tag?post=8036"}],"curies":[{"name":"wp","href":"https:\/\/api.w.org\/{rel}","templated":true}]}}