{"id":8042,"date":"2024-12-20T19:44:38","date_gmt":"2024-12-20T19:44:38","guid":{"rendered":"http:\/\/alessandrofois.com\/prodotto\/christmas-piano-evergreens\/"},"modified":"2025-08-25T10:10:57","modified_gmt":"2025-08-25T10:10:57","slug":"piano-a-feuilles-persistantes-de-noel","status":"publish","type":"product","link":"https:\/\/alessandrofois.com\/fr\/prodotto\/christmas-piano-evergreens\/","title":{"rendered":"Piano de No\u00ebl Evergreens"},"content":{"rendered":"<hr \/>\n<h1>Piano de No\u00ebl Evergreens<\/h1>\n<hr \/>\n<p>Cinq classiques intemporels de No\u00ebl, jou\u00e9s dans un style jazz par un trio de piano, avec batterie et contrebasse. Les th\u00e8mes musicaux sont romantiques et ouverts, les improvisations jazzistiques brillantes. Doux mais pleins d'entrain, ils accompagnent parfaitement les f\u00eates de No\u00ebl, mais peuvent \u00e9galement \u00eatre \u00e9cout\u00e9s avec plaisir \u00e0 tout moment.<\/p>\n<hr \/>\n<h2>Spotify<\/h2>\n<p><iframe loading=\"lazy\" style=\"border-radius: 12px;\" src=\"https:\/\/open.spotify.com\/embed\/album\/4QlMNBf86UZuUdtCRWScx7?utm_source=generator\" width=\"1920\" height=\"500\" frameborder=\"0\" allowfullscreen=\"allowfullscreen\"><span data-mce-type=\"bookmark\" style=\"display: inline-block; width: 0px; overflow: hidden; line-height: 0;\" class=\"mce_SELRES_start\">\u00ef\u00bb\u00bf<\/span><span data-mce-type=\"bookmark\" style=\"display: inline-block; width: 0px; overflow: hidden; line-height: 0;\" class=\"mce_SELRES_start\">\u00ef\u00bb\u00bf<\/span><\/iframe><\/p>","protected":false},"excerpt":{"rendered":"<p><strong>Alessandro Fois Piano Trio<\/strong><\/p>\n<p><strong>Album musical \u2013 5 titres \u2013 <\/strong><strong>CD audio<\/strong><\/p>","protected":false},"featured_media":8043,"comment_status":"open","ping_status":"closed","template":"","meta":[],"product_brand":[],"product_cat":[77],"product_tag":[],"class_list":{"0":"post-8042","1":"product","2":"type-product","3":"status-publish","4":"has-post-thumbnail","6":"product_cat-musica","8":"first","9":"instock","10":"shipping-taxable","11":"product-type-simple"},"post_mailing_queue_ids":[],"_links":{"self":[{"href":"https:\/\/alessandrofois.com\/fr\/wp-json\/wp\/v2\/product\/8042","targetHints":{"allow":["GET"]}}],"collection":[{"href":"https:\/\/alessandrofois.com\/fr\/wp-json\/wp\/v2\/product"}],"about":[{"href":"https:\/\/alessandrofois.com\/fr\/wp-json\/wp\/v2\/types\/product"}],"replies":[{"embeddable":true,"href":"https:\/\/alessandrofois.com\/fr\/wp-json\/wp\/v2\/comments?post=8042"}],"wp:featuredmedia":[{"embeddable":true,"href":"https:\/\/alessandrofois.com\/fr\/wp-json\/wp\/v2\/media\/8043"}],"wp:attachment":[{"href":"https:\/\/alessandrofois.com\/fr\/wp-json\/wp\/v2\/media?parent=8042"}],"wp:term":[{"taxonomy":"product_brand","embeddable":true,"href":"https:\/\/alessandrofois.com\/fr\/wp-json\/wp\/v2\/product_brand?post=8042"},{"taxonomy":"product_cat","embeddable":true,"href":"https:\/\/alessandrofois.com\/fr\/wp-json\/wp\/v2\/product_cat?post=8042"},{"taxonomy":"product_tag","embeddable":true,"href":"https:\/\/alessandrofois.com\/fr\/wp-json\/wp\/v2\/product_tag?post=8042"}],"curies":[{"name":"wp","href":"https:\/\/api.w.org\/{rel}","templated":true}]}}