{"id":9059,"date":"2025-05-04T08:01:34","date_gmt":"2025-05-04T08:01:34","guid":{"rendered":"http:\/\/alessandrofois.com\/prodotto\/fabfilter-pro-l2-manuale-illustrato-in-pdf-in-inglese-italiano-francese-e-spagnolo\/"},"modified":"2025-08-25T10:10:58","modified_gmt":"2025-08-25T10:10:58","slug":"fabfilter-pro-l2-manuel-illustre-au-format-pdf-en-anglais-italien-francais-et-espagnol","status":"publish","type":"product","link":"https:\/\/alessandrofois.com\/fr\/prodotto\/fabfilter-pro-l2-manuale-illustrato-in-pdf-in-inglese-italiano-francese-e-spagnolo\/","title":{"rendered":"FabFilter Pro L2 - Manuel PDF illustr\u00e9 en anglais, italien, fran\u00e7ais et espagnol"},"content":{"rendered":"<h3 class=\"\" data-start=\"739\" data-end=\"759\">Pr\u00e9sentation<\/h3>\n<p class=\"\" data-start=\"761\" data-end=\"1074\">Le <strong data-start=\"764\" data-end=\"785\">FabFilter Pro-L 2<\/strong> est l'un des limiteurs les plus appr\u00e9ci\u00e9s dans le monde de la production audio professionnelle. Avec sa qualit\u00e9 sonore irr\u00e9prochable, ses options avanc\u00e9es de limitation des pics r\u00e9els, de dithering et de sur\u00e9chantillonnage, il constitue un outil indispensable tant pour le mastering que pour une utilisation cr\u00e9ative dans le mixage.<\/p>\n<p class=\"\" data-start=\"1076\" data-end=\"1395\">Ce manuel illustr\u00e9 a \u00e9t\u00e9 con\u00e7u pour accompagner les ing\u00e9nieurs du son, les producteurs et les passionn\u00e9s dans un parcours clair et progressif \u00e0 la d\u00e9couverte de toutes les fonctions du plug-in. Il est con\u00e7u pour \u00eatre accessible, visuellement ordonn\u00e9 et disponible en <strong data-start=\"1330\" data-end=\"1348\">Italien, anglais, fran\u00e7ais et espagnol<\/strong>, tout en conservant la pr\u00e9cision du texte original.<\/p>\n<hr class=\"\" data-start=\"1397\" data-end=\"1400\" \/>\n<h3 class=\"\" data-start=\"1402\" data-end=\"1434\">Ce que vous trouverez dans le manuel<\/h3>\n<ul data-start=\"1436\" data-end=\"2347\">\n<li class=\"\" data-start=\"1436\" data-end=\"1575\">\n<p class=\"\" data-start=\"1438\" data-end=\"1575\"><strong data-start=\"1438\" data-end=\"1478\">Aper\u00e7u complet de l&#039;interface<\/strong>: chaque section du plug-in est d\u00e9crite \u00e0 l'aide d'un texte et d'une capture d'\u00e9cran, pour une compr\u00e9hension imm\u00e9diate.<\/p>\n<\/li>\n<li class=\"\" data-start=\"1576\" data-end=\"1741\">\n<p class=\"\" data-start=\"1578\" data-end=\"1741\"><strong data-start=\"1578\" data-end=\"1602\">Modalit\u00e9s de limitation<\/strong>: explication d\u00e9taill\u00e9e des 8 modes disponibles, des pr\u00e9r\u00e9glages les plus transparents aux plus agressifs (tels que Modern, Aggressive, Bus, Safe\u2026)<\/p>\n<\/li>\n<li class=\"\" data-start=\"1742\" data-end=\"1855\">\n<p class=\"\" data-start=\"1744\" data-end=\"1855\"><strong data-start=\"1744\" data-end=\"1795\">Options de gain staging et de contr\u00f4le du niveau<\/strong>: utilisation du gain, du plafond de sortie, du pic r\u00e9el, de l'anticipation et plus encore<\/p>\n<\/li>\n<li class=\"\" data-start=\"1856\" data-end=\"2012\">\n<p class=\"\" data-start=\"1858\" data-end=\"2012\"><strong data-start=\"1858\" data-end=\"1879\">Fonctions avanc\u00e9es<\/strong>: d\u00e9tection des pics r\u00e9els, sur\u00e9chantillonnage jusqu'\u00e0 32x, dithering avec s\u00e9lection de la forme du bruit, LUFS cible, mode d'affichage<\/p>\n<\/li>\n<li class=\"\" data-start=\"2013\" data-end=\"2150\">\n<p class=\"\" data-start=\"2015\" data-end=\"2150\"><strong data-start=\"2015\" data-end=\"2040\">Applications pratiques<\/strong>: exemples d'utilisation dans des contextes r\u00e9els (mastering pour streaming, diffusion, vinyle ou utilisation sur le bus de batterie)<\/p>\n<\/li>\n<li class=\"\" data-start=\"2151\" data-end=\"2280\">\n<p class=\"\" data-start=\"2153\" data-end=\"2280\"><strong data-start=\"2153\" data-end=\"2175\">Conseils professionnels<\/strong>: comment \u00e9viter l'\u00e9cr\u00eatage, comment r\u00e9gler le volume souhait\u00e9, comment se conformer aux normes ITU et EBU<\/p>\n<\/li>\n<li class=\"\" data-start=\"2281\" data-end=\"2347\">\n<p class=\"\" data-start=\"2283\" data-end=\"2347\"><strong data-start=\"2283\" data-end=\"2304\">Glossaire visuel<\/strong>: terminologie technique expliqu\u00e9e visuellement<\/p>\n<\/li>\n<\/ul>\n<hr class=\"\" data-start=\"2349\" data-end=\"2352\" \/>\n<h3 class=\"\" data-start=\"2354\" data-end=\"2375\">Appel \u00e0 l&#039;action<\/h3>\n<p class=\"\" data-start=\"2377\" data-end=\"2760\">Que vous soyez d\u00e9butant dans le domaine du mastering ou d\u00e9j\u00e0 professionnel de l'audio, ce manuel vous fournira des outils clairs, fiables et imm\u00e9diatement utilisables.<br data-start=\"2554\" data-end=\"2557\" \/>\u00c9tudiez tranquillement, dans votre langue pr\u00e9f\u00e9r\u00e9e, sur n'importe quel appareil.<br data-start=\"2631\" data-end=\"2634\" \/>T\u00e9l\u00e9chargez d\u00e8s maintenant votre <strong data-start=\"2656\" data-end=\"2711\">Manuel illustr\u00e9 multilingue de FabFilter Pro-L 2<\/strong> et faites passer vos productions au niveau sup\u00e9rieur.<\/p>\n<hr class=\"\" data-start=\"2762\" data-end=\"2765\" \/>\n<h3 class=\"\" data-start=\"2767\" data-end=\"2845\">Approfondissement technique final \u2013 Caract\u00e9ristiques d'utilisation et contexte r\u00e9el<\/h3>\n<p class=\"\" data-start=\"2847\" data-end=\"3208\">Le <strong data-start=\"2850\" data-end=\"2871\">FabFilter Pro-L 2<\/strong> est un <em data-start=\"2877\" data-end=\"2896\">limiteur brickwall<\/em> haut de gamme, con\u00e7u pour garantir une transparence sonore maximale m\u00eame dans des conditions de compression extr\u00eame.<br data-start=\"3012\" data-end=\"3015\" \/>Prise en charge <strong data-start=\"3024\" data-end=\"3046\">limitation de cr\u00eate r\u00e9elle<\/strong> selon la norme ITU-R BS.1770-4, avec sur\u00e9chantillonnage jusqu'\u00e0 <strong data-start=\"3105\" data-end=\"3112\">32x<\/strong>, et comprend <strong data-start=\"3124\" data-end=\"3148\">options de tramage<\/strong> professionnels compatibles avec tous les formats d'exportation.<\/p>\n<p class=\"\" data-start=\"3210\" data-end=\"3294\">Ses modes de limitation sont con\u00e7us pour s'adapter \u00e0 chaque \u00e9tape de la production :<\/p>\n<ul data-start=\"3296\" data-end=\"3645\">\n<li class=\"\" data-start=\"3296\" data-end=\"3426\">\n<p class=\"\" data-start=\"3298\" data-end=\"3426\"><strong data-start=\"3298\" data-end=\"3329\">Transparent \/ Moderne \/ S\u00fbr<\/strong>: pour un mastering propre et coh\u00e9rent, adapt\u00e9 aux morceaux destin\u00e9s \u00e0 Spotify, Apple Music ou \u00e0 la diffusion<\/p>\n<\/li>\n<li class=\"\" data-start=\"3427\" data-end=\"3570\">\n<p class=\"\" data-start=\"3429\" data-end=\"3570\"><strong data-start=\"3429\" data-end=\"3458\">Agressif \/ Bus \/ Percutant<\/strong>: id\u00e9ales pour les groupes instrumentaux, comme les bus de batterie, ou les productions pop\/EDM o\u00f9 l'on souhaite un impact \u00e9vident.<\/p>\n<\/li>\n<li class=\"\" data-start=\"3571\" data-end=\"3645\">\n<p class=\"\" data-start=\"3573\" data-end=\"3645\"><strong data-start=\"3573\" data-end=\"3597\">Dynamique \/ Gain unitaire<\/strong>: pour une utilisation comme outil cr\u00e9atif dans le mixage<\/p>\n<\/li>\n<\/ul>\n<p class=\"\" data-start=\"3647\" data-end=\"3908\">Le plug-in int\u00e8gre \u00e9galement une <strong data-start=\"3676\" data-end=\"3709\">modes de mesure du volume sonore<\/strong> pr\u00e9cise (LUFS, RMS, Peak) et une s\u00e9rie de visualisations graphiques d\u00e9taill\u00e9es, parfaites pour comparer les entr\u00e9es\/sorties, contr\u00f4ler le comportement de la limitation et v\u00e9rifier la r\u00e9ponse en fr\u00e9quence.<\/p>\n<p class=\"\" data-start=\"3910\" data-end=\"3998\">Il est enti\u00e8rement compatible avec les flux de travail surround, Dolby Atmos et le mastering par stems.<\/p>\n<p class=\"\" data-start=\"4000\" data-end=\"4161\">Conna\u00eetre en profondeur le Pro-L 2 signifie <strong data-start=\"4039\" data-end=\"4074\">pouvoir modeler le son final<\/strong> avec contr\u00f4le chirurgical, en \u00e9vitant les artefacts et en optimisant chaque transition dynamique.<\/p>\n<p data-start=\"4000\" data-end=\"4161\">**<\/p>\n<p data-start=\"4000\" data-end=\"4161\"><strong data-start=\"205\" data-end=\"214\">Note:<\/strong><\/p>\n<p data-start=\"4000\" data-end=\"4161\">Les traductions des fichiers PDF ont \u00e9t\u00e9 r\u00e9alis\u00e9es \u00e0 l'aide d'outils avanc\u00e9s de traduction automatique de haute qualit\u00e9. Le contenu est enti\u00e8rement accessible, mais peut pr\u00e9senter des imperfections stylistiques ou des impr\u00e9cisions mineures.<\/p>\n<p data-start=\"4000\" data-end=\"4161\">Les informations textuelles dans les images ne peuvent pas \u00eatre traduites.<\/p>","protected":false},"excerpt":{"rendered":"<h3 class=\"title lines-2\"><strong data-start=\"394\" data-end=\"445\">Manuel illustr\u00e9 au format PDF pour FabFilter Pro-L 2<\/strong><\/h3>\n<p class=\"title lines-2\"><strong>\u2714 Langues disponibles : italien, anglais, fran\u00e7ais, espagnol<\/strong><br data-start=\"507\" data-end=\"510\" \/>\u2714 Format : PDF \u2013 environ 46 pages \u2013 3 Mo max.<br data-start=\"547\" data-end=\"550\" \/>\u2714 Compatible avec PC, Mac, tablettes et smartphones<br data-start=\"596\" data-end=\"599\" \/>\u2714 Id\u00e9al pour : mixage, mastering, home studio<br data-start=\"643\" data-end=\"646\" \/>???? T\u00e9l\u00e9chargeable imm\u00e9diatement apr\u00e8s l'achat<\/p>","protected":false},"featured_media":9060,"comment_status":"open","ping_status":"closed","template":"","meta":[],"product_brand":[],"product_cat":[78],"product_tag":[],"class_list":{"0":"post-9059","1":"product","2":"type-product","3":"status-publish","4":"has-post-thumbnail","6":"product_cat-manuali-di-audio-plugins-in-4-lingue-pdf-illustrati","8":"first","9":"instock","10":"shipping-taxable","11":"purchasable","12":"product-type-variable"},"post_mailing_queue_ids":[],"_links":{"self":[{"href":"https:\/\/alessandrofois.com\/fr\/wp-json\/wp\/v2\/product\/9059","targetHints":{"allow":["GET"]}}],"collection":[{"href":"https:\/\/alessandrofois.com\/fr\/wp-json\/wp\/v2\/product"}],"about":[{"href":"https:\/\/alessandrofois.com\/fr\/wp-json\/wp\/v2\/types\/product"}],"replies":[{"embeddable":true,"href":"https:\/\/alessandrofois.com\/fr\/wp-json\/wp\/v2\/comments?post=9059"}],"wp:featuredmedia":[{"embeddable":true,"href":"https:\/\/alessandrofois.com\/fr\/wp-json\/wp\/v2\/media\/9060"}],"wp:attachment":[{"href":"https:\/\/alessandrofois.com\/fr\/wp-json\/wp\/v2\/media?parent=9059"}],"wp:term":[{"taxonomy":"product_brand","embeddable":true,"href":"https:\/\/alessandrofois.com\/fr\/wp-json\/wp\/v2\/product_brand?post=9059"},{"taxonomy":"product_cat","embeddable":true,"href":"https:\/\/alessandrofois.com\/fr\/wp-json\/wp\/v2\/product_cat?post=9059"},{"taxonomy":"product_tag","embeddable":true,"href":"https:\/\/alessandrofois.com\/fr\/wp-json\/wp\/v2\/product_tag?post=9059"}],"curies":[{"name":"wp","href":"https:\/\/api.w.org\/{rel}","templated":true}]}}