{"id":9087,"date":"2025-05-04T08:07:40","date_gmt":"2025-05-04T08:07:40","guid":{"rendered":"http:\/\/alessandrofois.com\/prodotto\/fabfilter-pro-q4-manuale-illustrato-in-pdf-in-inglese-italiano-francese-e-spagnolo\/"},"modified":"2025-08-25T10:10:58","modified_gmt":"2025-08-25T10:10:58","slug":"manuel-illustre-de-fabfilter-pro-q4-au-format-pdf-en-anglais-italien-francais-et-espagnol","status":"publish","type":"product","link":"https:\/\/alessandrofois.com\/fr\/prodotto\/fabfilter-pro-q4-manuale-illustrato-in-pdf-in-inglese-italiano-francese-e-spagnolo\/","title":{"rendered":"FabFilter Pro Q4 - Manuel PDF illustr\u00e9 en anglais, italien, fran\u00e7ais et espagnol"},"content":{"rendered":"<h3>Pr\u00e9sentation du FabFilter Pro Q4<\/h3>\n<p class=\"\" data-start=\"741\" data-end=\"1097\">FabFilter Pro-Q 4 est l&#039;un des \u00e9galiseurs les plus complets et polyvalents du march\u00e9, pl\u00e9biscit\u00e9 par les professionnels du monde entier pour son interface intuitive, sa pr\u00e9cision chirurgicale et ses nombreuses fonctionnalit\u00e9s avanc\u00e9es. Ce guide illustr\u00e9 vous guide pas \u00e0 pas \u00e0 travers le plug-in, rendant accessibles m\u00eame les fonctionnalit\u00e9s les plus complexes.<\/p>\n<h3 data-start=\"1099\" data-end=\"1134\">Ce que vous trouverez dans le manuel<\/h3>\n<ul data-start=\"1135\" data-end=\"1709\">\n<li class=\"\" data-start=\"1135\" data-end=\"1175\">\n<p class=\"\" data-start=\"1137\" data-end=\"1175\">Aper\u00e7u complet de l&#039;interface<\/p>\n<\/li>\n<li class=\"\" data-start=\"1176\" data-end=\"1228\">\n<p class=\"\" data-start=\"1178\" data-end=\"1228\">Utilisation des bandes d&#039;\u00e9galisation dynamique et de la dynamique spectrale<\/p>\n<\/li>\n<li class=\"\" data-start=\"1229\" data-end=\"1282\">\n<p class=\"\" data-start=\"1231\" data-end=\"1282\">Contr\u00f4le de liste d&#039;instances pour les m\u00e9langes complexes<\/p>\n<\/li>\n<li class=\"\" data-start=\"1283\" data-end=\"1354\">\n<p class=\"\" data-start=\"1285\" data-end=\"1354\">Mode de traitement\u00a0: latence nulle, phase naturelle, phase lin\u00e9aire<\/p>\n<\/li>\n<li class=\"\" data-start=\"1355\" data-end=\"1428\">\n<p class=\"\" data-start=\"1357\" data-end=\"1428\">Utilisation avanc\u00e9e : EQ Match, Spectrum Grab, contr\u00f4le st\u00e9r\u00e9o\/mid-side<\/p>\n<\/li>\n<li class=\"\" data-start=\"1429\" data-end=\"1475\">\n<p class=\"\" data-start=\"1431\" data-end=\"1475\">Mode caract\u00e8re et saturation analogique<\/p>\n<\/li>\n<li class=\"\" data-start=\"1476\" data-end=\"1531\">\n<p class=\"\" data-start=\"1478\" data-end=\"1531\">EQ Sketch pour dessiner des courbes sonores en temps r\u00e9el<\/p>\n<\/li>\n<li class=\"\" data-start=\"1532\" data-end=\"1610\">\n<p class=\"\" data-start=\"1534\" data-end=\"1610\">Optimisation du flux de travail avec MIDI Learn, annuler\/r\u00e9tablir, gestion des pr\u00e9r\u00e9glages<\/p>\n<\/li>\n<li class=\"\" data-start=\"1611\" data-end=\"1656\">\n<p class=\"\" data-start=\"1613\" data-end=\"1656\">Utilisation dans les syst\u00e8mes surround et Dolby Atmos<\/p>\n<\/li>\n<li class=\"\" data-start=\"1657\" data-end=\"1709\">\n<p class=\"\" data-start=\"1659\" data-end=\"1709\">Conseils pratiques pour chaque section du plugin<\/p>\n<\/li>\n<\/ul>\n<h3 data-start=\"1711\" data-end=\"1735\">Appel \u00e0 l&#039;action<\/h3>\n<p class=\"\" data-start=\"1736\" data-end=\"2020\">Que vous soyez un ing\u00e9nieur du son exp\u00e9riment\u00e9 ou un passionn\u00e9 de production musicale, ce manuel vous aidera \u00e0 ma\u00eetriser FabFilter Pro-Q 4. Des illustrations d\u00e9taill\u00e9es rendent chaque fonction imm\u00e9diatement compr\u00e9hensible et applicable \u00e0 votre travail ou \u00e0 vos projets cr\u00e9atifs.<\/p>\n<p class=\"\" data-start=\"2022\" data-end=\"2105\"><em data-start=\"2025\" data-end=\"2103\">Achetez maintenant et am\u00e9liorez votre conception sonore avec conscience et pr\u00e9cision !<\/em><\/p>\n<h3 data-start=\"2107\" data-end=\"2140\">Informations techniques<\/h3>\n<p class=\"\" data-start=\"2141\" data-end=\"2457\">Pro-Q 4 a red\u00e9fini le concept d&#039;\u00e9galiseur num\u00e9rique avec des fonctionnalit\u00e9s avanc\u00e9es telles que <strong data-start=\"2224\" data-end=\"2245\">Dynamique spectrale<\/strong>, qui permet une \u00e9galisation adaptative sur des fr\u00e9quences sp\u00e9cifiques, et la <strong data-start=\"2317\" data-end=\"2334\">Liste d&#039;instances<\/strong>, qui vous permet de g\u00e9rer toutes les instances du plugin en une seule session avec un seul panneau de contr\u00f4le.<br data-start=\"2438\" data-end=\"2441\" \/>Parmi les nouveaut\u00e9s :<\/p>\n<ul data-start=\"2458\" data-end=\"2910\">\n<li class=\"\" data-start=\"2458\" data-end=\"2515\">\n<p class=\"\" data-start=\"2460\" data-end=\"2515\"><strong data-start=\"2460\" data-end=\"2473\">Croquis d&#039;\u00e9galisation<\/strong> pour dessiner des courbes d&#039;\u00e9galisation \u00e0 main lev\u00e9e<\/p>\n<\/li>\n<li class=\"\" data-start=\"2516\" data-end=\"2589\">\n<p class=\"\" data-start=\"2518\" data-end=\"2589\"><strong data-start=\"2518\" data-end=\"2543\">\u00c9galiseur dynamique am\u00e9lior\u00e9<\/strong> avec contr\u00f4le d&#039;attaque, de rel\u00e2chement et de seuil<\/p>\n<\/li>\n<li class=\"\" data-start=\"2590\" data-end=\"2669\">\n<p class=\"\" data-start=\"2592\" data-end=\"2669\"><strong data-start=\"2592\" data-end=\"2614\">Mode personnage<\/strong> (Propre, Subtil, Chaud) pour fa\u00e7onner la couleur du son<\/p>\n<\/li>\n<li class=\"\" data-start=\"2670\" data-end=\"2753\">\n<p class=\"\" data-start=\"2672\" data-end=\"2753\"><strong data-start=\"2672\" data-end=\"2714\">Vue sur le clavier du piano<\/strong> pour des interventions harmoniques plus musicales<\/p>\n<\/li>\n<li class=\"\" data-start=\"2754\" data-end=\"2839\">\n<p class=\"\" data-start=\"2756\" data-end=\"2839\"><strong data-start=\"2756\" data-end=\"2768\">Match EQ<\/strong> pour reproduire l&#039;\u00e9galisation d&#039;une source sonore de r\u00e9f\u00e9rence<\/p>\n<\/li>\n<li class=\"\" data-start=\"2840\" data-end=\"2910\">\n<p class=\"\" data-start=\"2842\" data-end=\"2910\">Compatibilit\u00e9 totale avec <strong data-start=\"2869\" data-end=\"2908\">Dolby Atmos et surround jusqu&#039;\u00e0 9.1.6<\/strong><\/p>\n<\/li>\n<\/ul>\n<p class=\"\" data-start=\"2912\" data-end=\"2992\">Un outil indispensable pour quiconque travaille sur des pistes st\u00e9r\u00e9o, mid-side ou immersives.<\/p>\n<hr class=\"\" data-start=\"2994\" data-end=\"2997\" \/>\n<h3>Note sur les traductions<\/h3>\n<ul>\n<li data-start=\"3030\" data-end=\"3250\">Les traductions ont \u00e9t\u00e9 r\u00e9alis\u00e9es \u00e0 l&#039;aide d&#039;outils de traduction automatique performants et performants. Le contenu est parfaitement exploitable, mais peut contenir des imperfections stylistiques ou des inexactitudes mineures.<\/li>\n<li data-start=\"4000\" data-end=\"4161\">Les informations textuelles dans les images ne peuvent pas \u00eatre traduites.<\/li>\n<\/ul>","protected":false},"excerpt":{"rendered":"<h3 data-start=\"349\" data-end=\"658\">Manuel PDF illustr\u00e9 pour FabFilter Pro-Q 4<\/h3>\n<p class=\"\" data-start=\"349\" data-end=\"658\"><strong>\u2714 Langues disponibles : italien, anglais, fran\u00e7ais, espagnol<\/strong><br data-start=\"458\" data-end=\"461\" \/>\u2714 Format : PDF \u2013 64 pages \u2013 6 Mo max<br data-start=\"498\" data-end=\"501\" \/>\u2714 Compatible avec PC, Mac, tablettes et smartphones<br data-start=\"547\" data-end=\"550\" \/>\u2714 Id\u00e9al pour : le mixage, le mastering, la conception sonore, la production musicale<br data-start=\"616\" data-end=\"619\" \/>T\u00e9l\u00e9chargeable imm\u00e9diatement apr\u00e8s l&#039;achat<\/p>","protected":false},"featured_media":9088,"comment_status":"open","ping_status":"closed","template":"","meta":[],"product_brand":[],"product_cat":[78],"product_tag":[],"class_list":{"0":"post-9087","1":"product","2":"type-product","3":"status-publish","4":"has-post-thumbnail","6":"product_cat-manuali-di-audio-plugins-in-4-lingue-pdf-illustrati","8":"first","9":"instock","10":"shipping-taxable","11":"purchasable","12":"product-type-variable"},"post_mailing_queue_ids":[],"_links":{"self":[{"href":"https:\/\/alessandrofois.com\/fr\/wp-json\/wp\/v2\/product\/9087","targetHints":{"allow":["GET"]}}],"collection":[{"href":"https:\/\/alessandrofois.com\/fr\/wp-json\/wp\/v2\/product"}],"about":[{"href":"https:\/\/alessandrofois.com\/fr\/wp-json\/wp\/v2\/types\/product"}],"replies":[{"embeddable":true,"href":"https:\/\/alessandrofois.com\/fr\/wp-json\/wp\/v2\/comments?post=9087"}],"wp:featuredmedia":[{"embeddable":true,"href":"https:\/\/alessandrofois.com\/fr\/wp-json\/wp\/v2\/media\/9088"}],"wp:attachment":[{"href":"https:\/\/alessandrofois.com\/fr\/wp-json\/wp\/v2\/media?parent=9087"}],"wp:term":[{"taxonomy":"product_brand","embeddable":true,"href":"https:\/\/alessandrofois.com\/fr\/wp-json\/wp\/v2\/product_brand?post=9087"},{"taxonomy":"product_cat","embeddable":true,"href":"https:\/\/alessandrofois.com\/fr\/wp-json\/wp\/v2\/product_cat?post=9087"},{"taxonomy":"product_tag","embeddable":true,"href":"https:\/\/alessandrofois.com\/fr\/wp-json\/wp\/v2\/product_tag?post=9087"}],"curies":[{"name":"wp","href":"https:\/\/api.w.org\/{rel}","templated":true}]}}